{"id":27,"date":"2025-04-09T15:16:43","date_gmt":"2025-04-09T18:16:43","guid":{"rendered":"https:\/\/www.ufpb.br\/inova\/?page_id=27"},"modified":"2025-09-08T08:51:52","modified_gmt":"2025-09-08T11:51:52","slug":"contato","status":"publish","type":"page","link":"https:\/\/www.ufpb.br\/inova\/contato\/","title":{"rendered":"Contato"},"content":{"rendered":"\n<p><strong>Ag\u00eancia UFPB de Inova\u00e7\u00e3o Tecnol\u00f3gica &#8211; INOVA UFPB<\/strong><\/p>\n\n\n\n<figure class=\"wp-block-image size-large\"><img loading=\"lazy\" decoding=\"async\" width=\"1024\" height=\"683\" src=\"http:\/\/www.ufpb.br\/inova\/wp-content\/uploads\/sites\/79\/sites\/285\/2025\/04\/inova-14-12-2023-foto-angelica-gouveia-4-1024x683.jpg\" alt=\"\" class=\"wp-image-124\" srcset=\"https:\/\/www.ufpb.br\/inova\/wp-content\/uploads\/sites\/79\/sites\/285\/2025\/04\/inova-14-12-2023-foto-angelica-gouveia-4-1024x683.jpg 1024w, https:\/\/www.ufpb.br\/inova\/wp-content\/uploads\/sites\/79\/sites\/285\/2025\/04\/inova-14-12-2023-foto-angelica-gouveia-4-300x200.jpg 300w, https:\/\/www.ufpb.br\/inova\/wp-content\/uploads\/sites\/79\/sites\/285\/2025\/04\/inova-14-12-2023-foto-angelica-gouveia-4-768x512.jpg 768w, https:\/\/www.ufpb.br\/inova\/wp-content\/uploads\/sites\/79\/sites\/285\/2025\/04\/inova-14-12-2023-foto-angelica-gouveia-4-1536x1024.jpg 1536w\" sizes=\"auto, (max-width: 1024px) 100vw, 1024px\" \/><\/figure>\n\n\n\n<p><\/p>\n\n\n\n<p>Localiza\u00e7\u00e3o: <a href=\"https:\/\/maps.app.goo.gl\/jgCTUo4AYewBt2Ei6\" target=\"_blank\" rel=\"noreferrer noopener\">Curva Sucupira, Campus I, Castelo Branco &#8211; Jo\u00e3o Pessoa\/PB<\/a><\/p>\n\n\n\n<p><\/p>\n\n\n\n<p><strong>Hor\u00e1rio de funcionamento:\u00a0<\/strong>07h00min \u00e0s 12h00min e 13h00min \u00e0s 17h00min<\/p>\n\n\n\n<p><em>E-mail: inova@reitoria.ufpb.br<\/em><\/p>\n\n\n\n<p><em>Telefone: (83) 3216.7558<\/em><\/p>\n\n\n\n<p><\/p>\n","protected":false},"excerpt":{"rendered":"<p>Ag\u00eancia UFPB de Inova\u00e7\u00e3o Tecnol\u00f3gica &#8211; INOVA UFPB Localiza\u00e7\u00e3o: Curva Sucupira, Campus I, Castelo Branco [&hellip;]<\/p>\n","protected":false},"author":47,"featured_media":0,"parent":0,"menu_order":0,"comment_status":"closed","ping_status":"closed","template":"","meta":{"footnotes":""},"class_list":["post-27","page","type-page","status-publish","hentry"],"_links":{"self":[{"href":"https:\/\/www.ufpb.br\/inova\/wp-json\/wp\/v2\/pages\/27","targetHints":{"allow":["GET"]}}],"collection":[{"href":"https:\/\/www.ufpb.br\/inova\/wp-json\/wp\/v2\/pages"}],"about":[{"href":"https:\/\/www.ufpb.br\/inova\/wp-json\/wp\/v2\/types\/page"}],"author":[{"embeddable":true,"href":"https:\/\/www.ufpb.br\/inova\/wp-json\/wp\/v2\/users\/47"}],"replies":[{"embeddable":true,"href":"https:\/\/www.ufpb.br\/inova\/wp-json\/wp\/v2\/comments?post=27"}],"version-history":[{"count":3,"href":"https:\/\/www.ufpb.br\/inova\/wp-json\/wp\/v2\/pages\/27\/revisions"}],"predecessor-version":[{"id":817,"href":"https:\/\/www.ufpb.br\/inova\/wp-json\/wp\/v2\/pages\/27\/revisions\/817"}],"wp:attachment":[{"href":"https:\/\/www.ufpb.br\/inova\/wp-json\/wp\/v2\/media?parent=27"}],"curies":[{"name":"wp","href":"https:\/\/api.w.org\/{rel}","templated":true}]}}