{"id":274,"date":"2025-04-29T11:08:51","date_gmt":"2025-04-29T14:08:51","guid":{"rendered":"https:\/\/www.ufpb.br\/inova\/?page_id=274"},"modified":"2025-09-08T17:15:58","modified_gmt":"2025-09-08T20:15:58","slug":"passo-a-passo-de-p-i","status":"publish","type":"page","link":"https:\/\/www.ufpb.br\/inova\/passo-a-passo-de-p-i\/","title":{"rendered":"Passo a passo de P.I."},"content":{"rendered":"\n<p><\/p>\n\n\n\n<p><\/p>\n\n\n\n<p><strong>Conhe\u00e7a os procedimentos para dep\u00f3sito de P.I. junto a Ag\u00eancia INOVA UFPB:<\/strong><\/p>\n\n\n\n<p><\/p>\n\n\n\n<p><a href=\"https:\/\/www.ufpb.br\/inova\/passo-a-passo-de-p-i\/como-proteger-uma-patente-e-ou-um-desenho-industrial\/\" data-type=\"link\" data-id=\"https:\/\/www.ufpb.br\/inova\/passo-a-passo-de-p-i\/como-proteger-uma-patente-e-ou-um-desenho-industrial\/\">Como proteger uma PATENTE e\/ou um DESENHO INDUSTRIAL?<\/a><\/p>\n\n\n\n<p><\/p>\n\n\n\n<p><a href=\"https:\/\/www.ufpb.br\/inova\/passo-a-passo-de-p-i\/como-proteger-um-programa-de-computador-ou-aplicativo\/\" data-type=\"link\" data-id=\"https:\/\/www.ufpb.br\/inova\/passo-a-passo-de-p-i\/como-proteger-um-programa-de-computador-ou-aplicativo\/\">Como proteger um PROGRAMA de COMPUTADOR ou APLICATIVO?<\/a><\/p>\n\n\n\n<p><\/p>\n\n\n\n<p><a href=\"https:\/\/www.ufpb.br\/inova\/passo-a-passo-de-p-i\/como-proteger-uma-topografia-de-circuito-integrado-chip\/\" data-type=\"link\" data-id=\"https:\/\/www.ufpb.br\/inova\/passo-a-passo-de-p-i\/como-proteger-uma-topografia-de-circuito-integrado-chip\/\">Como proteger uma TOPOGRAFIA DE CIRCUITO INTEGRADO (CHIP)?<\/a><\/p>\n\n\n\n<p><\/p>\n\n\n\n<p>A sigla &#8220;P.I.&#8221; pode ser usada para designar &#8220;Propriedade Intelectual&#8221;, &#8220;Propriedade Industrial&#8221; ou &#8220;Patente de Inven\u00e7\u00e3o&#8221;. Propriedade Intelectual \u00e9 a soma dos direitos relativos \u00e0s obras liter\u00e1rias, art\u00edsticas e cient\u00edficas, \u00e0s interpreta\u00e7\u00f5es dos art\u00edstas int\u00e9rpretes e \u00e0s execu\u00e7\u00f5es dos art\u00edstas executantes, aos fonogramas e \u00e0s emiss\u00f5es de radiodifus\u00e3o, \u00e0s inven\u00e7\u00f5es em todos os dom\u00ednios da atividade humana, \u00e0s descobertas cient\u00edficas, aos desenhos e modelos industriais, \u00e0s marcas industriais, comerciais e de servi\u00e7o, bem como \u00e0s firmas comerciais e denomina\u00e7\u00f5es comerciais, \u00e0 prote\u00e7\u00e3o contra a concorr\u00eancia desleal e todos os outros direitos inerentes \u00e0 atividade intelectual nos dom\u00ednios industrial, cient\u00edfico, liter\u00e1rio e art\u00edstico (JUNGMAN, 2010).&nbsp;<\/p>\n\n\n\n<p>Em suma, a Propriedade Intelectual est\u00e1 dividida em tr\u00eas categorias, s\u00e3o elas: o direito autoral (<a href=\"https:\/\/www.gov.br\/pt-br\/servicos\/registrar-ou-averbar-direitos-autorais\" target=\"_blank\" rel=\"noreferrer noopener\">aqui<\/a>&nbsp;explica como proteger, averbar ou registrar no Brasil, na Biblioteca Nacional; mas se for conte\u00fado \u00e1udio-visual \u00e9 poss\u00edvel proteger via&nbsp;<a href=\"https:\/\/sad.ancine.gov.br\/controleacesso\/menuSistema\/menuSistema.seam\" target=\"_blank\" rel=\"noreferrer noopener\">ANCINE<\/a>.; se for letra, partitura etc. de cunho musical pode ser pela&nbsp;<a href=\"https:\/\/musica.ufrj.br\/registro-autoral\/como-registrar\" target=\"_blank\" rel=\"noreferrer noopener\">Escola de M\u00fasica da UFRJ<\/a>), a propriedade industrial e as prote\u00e7\u00f5es&nbsp;<em>Sui Generis<\/em>. O direito autoral envolve o direito de autor, os direitos conexos e os programas de computador. Sendo, ent\u00e3o, &#8220;registr\u00e1veis&#8221;. Caso voc\u00ea tenha produzido um livro, e-book ou equivalente a op\u00e7\u00e3o \u00e9 registrar na&nbsp;<a href=\"https:\/\/www.gov.br\/bn\/pt-br\/servicos\/direitos-autorais-1\/como-solicitar-o-registro-de-sua-obra\" target=\"_blank\" rel=\"noreferrer noopener\">Funda\u00e7\u00e3o Biblioteca Nacional<\/a>.<\/p>\n\n\n\n<p>A Propriedade Industrial envolve: a marca, a patente (que pode ser do tipo Patente de Inven\u00e7\u00e3o ou Modelo de Utilidade), o desenho industrial, a indica\u00e7\u00e3o geogr\u00e1fica, o segredo industrial e a repress\u00e3o \u00e0 concorr\u00eancia desleal.&nbsp;<\/p>\n\n\n\n<p>Por fim, a prote\u00e7\u00e3o&nbsp;<em>Sui Generis&nbsp;<\/em>envolve a topografia de circuito integrado, a cultivar e o conhecimento tradicional.&nbsp;<a href=\"https:\/\/www.ufpb.br\/inova\/wp-content\/uploads\/sites\/79\/sites\/285\/2025\/06\/Conheca-mais-clicando-aqui.-CNI-sobre-PI.pdf\" data-type=\"attachment\" data-id=\"572\">Conhe\u00e7a mais clicando&nbsp;aqui.<\/a><\/p>\n\n\n\n<p><\/p>\n","protected":false},"excerpt":{"rendered":"<p>Conhe\u00e7a os procedimentos para dep\u00f3sito de P.I. junto a Ag\u00eancia INOVA UFPB: Como proteger uma [&hellip;]<\/p>\n","protected":false},"author":270,"featured_media":0,"parent":0,"menu_order":0,"comment_status":"closed","ping_status":"closed","template":"","meta":{"footnotes":""},"class_list":["post-274","page","type-page","status-publish","hentry"],"_links":{"self":[{"href":"https:\/\/www.ufpb.br\/inova\/wp-json\/wp\/v2\/pages\/274","targetHints":{"allow":["GET"]}}],"collection":[{"href":"https:\/\/www.ufpb.br\/inova\/wp-json\/wp\/v2\/pages"}],"about":[{"href":"https:\/\/www.ufpb.br\/inova\/wp-json\/wp\/v2\/types\/page"}],"author":[{"embeddable":true,"href":"https:\/\/www.ufpb.br\/inova\/wp-json\/wp\/v2\/users\/270"}],"replies":[{"embeddable":true,"href":"https:\/\/www.ufpb.br\/inova\/wp-json\/wp\/v2\/comments?post=274"}],"version-history":[{"count":12,"href":"https:\/\/www.ufpb.br\/inova\/wp-json\/wp\/v2\/pages\/274\/revisions"}],"predecessor-version":[{"id":822,"href":"https:\/\/www.ufpb.br\/inova\/wp-json\/wp\/v2\/pages\/274\/revisions\/822"}],"wp:attachment":[{"href":"https:\/\/www.ufpb.br\/inova\/wp-json\/wp\/v2\/media?parent=274"}],"curies":[{"name":"wp","href":"https:\/\/api.w.org\/{rel}","templated":true}]}}