{"id":276,"date":"2025-04-29T11:14:47","date_gmt":"2025-04-29T14:14:47","guid":{"rendered":"https:\/\/www.ufpb.br\/inova\/?page_id=276"},"modified":"2025-09-16T12:00:53","modified_gmt":"2025-09-16T15:00:53","slug":"acordos-de-parceria-e-cooperacao-para-pdi","status":"publish","type":"page","link":"https:\/\/www.ufpb.br\/inova\/acordos-de-parceria-e-cooperacao-para-pdi\/","title":{"rendered":"Acordos de parceria e coopera\u00e7\u00e3o para PD&amp;I"},"content":{"rendered":"\n<p>Orienta\u00e7\u00f5es sobre a formaliza\u00e7\u00e3o das pesquisas cient\u00edficas da UFPB que gerar\u00e3o inova\u00e7\u00e3o.<\/p>\n\n\n\n<p><\/p>\n\n\n\n<p>Acordo de Parceria&nbsp;(e coopera\u00e7\u00e3o) de Pesquisa, Desenvolvimento e Inova\u00e7\u00e3o (PD&amp;I) \u00e9 o instrumento jur\u00eddico envolvendo institui\u00e7\u00f5es p\u00fablicas e privadas para realiza\u00e7\u00e3o de atividades conjuntas de pesquisa cient\u00edfica e tecnol\u00f3gica e de desenvolvimento de tecnologia, produto, servi\u00e7o ou processo para inova\u00e7\u00e3o (Artigo 9\u00ba da Lei n\u00ba 10.973\/04). Tamb\u00e9m pode ser utilizado quando houver transfer\u00eancia de recursos financeiros do parceiro privado para o p\u00fablico, facultada a intermedia\u00e7\u00e3o por Funda\u00e7\u00e3o de Apoio (\u00a7\u00a7 6\u00ba e 7\u00ba do Artigo 35 do Decreto n\u00ba 9.283\/18).&nbsp;Base Legal: 9\u00ba da Lei n\u00ba 10.973\/04 e artigos 35 a 37 do Decreto n\u00ba 9.283\/2018.<\/p>\n\n\n\n<p>1. Obtenha o&nbsp;<a href=\"http:\/\/plone.ufpb.br\/inova\/contents\/documentos\/acordo-de-parceria-de-pd-i.pdf\">CHECK-LIST<\/a>&nbsp;para firmar o seu acordo de parceria de PD&amp;I.<\/p>\n\n\n\n<p>2. Siga as orienta\u00e7\u00f5es da Advocacia-Geral da Uni\u00e3o (AGU) sobre o tema no&nbsp;<a href=\"http:\/\/plone.ufpb.br\/inova\/contents\/documentos\/parecer-sobre-pd-i.pdf\">Parecer N\u00ba 01\/2019\/CPCTI\/PGF\/AGU<\/a>.<\/p>\n\n\n\n<p>3. Observe os modelos de contratos\/conv\u00eanios seja para parcerias de PD&amp;I&nbsp;<a href=\"http:\/\/plone.ufpb.br\/inova\/contents\/documentos\/modelo-contrato-com-repasse-de-recursos.pdf\"><strong>com<\/strong>&nbsp;repasses de recursos<\/a>&nbsp;ou&nbsp;<a href=\"http:\/\/plone.ufpb.br\/inova\/contents\/documentos\/modelo-contrato-sem-repasse-de-recursos.pdf\"><strong>sem<\/strong>&nbsp;repasses de recursos<\/a>.&nbsp; &nbsp;<\/p>\n\n\n\n<p>4. Confira se h\u00e1&nbsp;<strong><a href=\"http:\/\/plone.ufpb.br\/inova\/contents\/documentos\/bs_40-2023-portaria-de-conflito-de-interesses-ufpb.pdf\">CONFLITO DE INTERESSE<\/a><\/strong>.&nbsp;<\/p>\n\n\n\n<p>5. De posse de todos os documentos, inclusive a minuta do contrato\/conv\u00eanio, confirme o tr\u00e2mite na\u00a0<a href=\"https:\/\/www.proplan.ufpb.br\/coordenacao-de-convenios-codecon\/\" data-type=\"link\" data-id=\"https:\/\/www.proplan.ufpb.br\/coordenacao-de-convenios-codecon\/\"><strong>Coordena\u00e7\u00e3o de Conv\u00eanios\u00a0<\/strong>(CODECON)<\/a><strong>\u00a0<\/strong>da Pr\u00f3-Reitoria de Planejamento e Desenvolvimento (PROPLAN) da UFPB.\u00a0Inclusive \u00e9 poss\u00edvel <a href=\"https:\/\/www.proplan.ufpb.br\/procedimentos\/\" data-type=\"link\" data-id=\"https:\/\/www.proplan.ufpb.br\/procedimentos\/\">verificar alguns\u00a0procedimentos jur\u00eddicos<\/a>\u00a0que dever\u00e3o ser adotados no \u00e2mbito espec\u00edfico da UFPB at\u00e9 serem\u00a0<a href=\"https:\/\/www.proplan.ufpb.br\/instrumentos-celebrados\/\" data-type=\"link\" data-id=\"https:\/\/www.proplan.ufpb.br\/instrumentos-celebrados\/\">celebrados<\/a>.\u00a0<\/p>\n\n\n\n<p>6. Sobre as cl\u00e1usulas de propriedade intelectual e transfer\u00eancia tecnol\u00f3gica em acordos que tem por objeto o desenvolvimento de inova\u00e7\u00e3o, sugerimos que agendem uma conversa com a equipe da Diretoria de Propriedade Intelectual da INOVA-UFPB (inova@reitoria.ufpb.br) para que possamos auxiliar na negocia\u00e7\u00e3o, na avalia\u00e7\u00e3o e\/ou na valora\u00e7\u00e3o dos referidos resultados (ex. poss\u00edveis co-titularidades, direitos e deveres das partes).<\/p>\n\n\n\n<p>7. D\u00favidas entrar em contato com\u00a0a CODECON\/PROPLAN: codecon@proplan.ufpb.br <\/p>\n\n\n\n<p><\/p>\n","protected":false},"excerpt":{"rendered":"<p>Orienta\u00e7\u00f5es sobre a formaliza\u00e7\u00e3o das pesquisas cient\u00edficas da UFPB que gerar\u00e3o inova\u00e7\u00e3o. Acordo de Parceria&nbsp;(e [&hellip;]<\/p>\n","protected":false},"author":270,"featured_media":0,"parent":0,"menu_order":0,"comment_status":"closed","ping_status":"closed","template":"","meta":{"footnotes":""},"class_list":["post-276","page","type-page","status-publish","hentry"],"_links":{"self":[{"href":"https:\/\/www.ufpb.br\/inova\/wp-json\/wp\/v2\/pages\/276","targetHints":{"allow":["GET"]}}],"collection":[{"href":"https:\/\/www.ufpb.br\/inova\/wp-json\/wp\/v2\/pages"}],"about":[{"href":"https:\/\/www.ufpb.br\/inova\/wp-json\/wp\/v2\/types\/page"}],"author":[{"embeddable":true,"href":"https:\/\/www.ufpb.br\/inova\/wp-json\/wp\/v2\/users\/270"}],"replies":[{"embeddable":true,"href":"https:\/\/www.ufpb.br\/inova\/wp-json\/wp\/v2\/comments?post=276"}],"version-history":[{"count":3,"href":"https:\/\/www.ufpb.br\/inova\/wp-json\/wp\/v2\/pages\/276\/revisions"}],"predecessor-version":[{"id":866,"href":"https:\/\/www.ufpb.br\/inova\/wp-json\/wp\/v2\/pages\/276\/revisions\/866"}],"wp:attachment":[{"href":"https:\/\/www.ufpb.br\/inova\/wp-json\/wp\/v2\/media?parent=276"}],"curies":[{"name":"wp","href":"https:\/\/api.w.org\/{rel}","templated":true}]}}