{"id":30,"date":"2025-04-09T15:19:36","date_gmt":"2025-04-09T18:19:36","guid":{"rendered":"https:\/\/www.ufpb.br\/inova\/?page_id=30"},"modified":"2025-09-10T16:30:12","modified_gmt":"2025-09-10T19:30:12","slug":"equipe","status":"publish","type":"page","link":"https:\/\/www.ufpb.br\/inova\/apresentacao\/equipe\/","title":{"rendered":"Equipe"},"content":{"rendered":"\n<p class=\" \"><\/p>\n\n\n\n<h2 class=\"wp-block-heading\"><div class=\"linha-header\"><strong>Diretora-Presidente<\/strong><\/div><\/h2>\n\n\n\n<div class=\"wp-block-media-text is-stacked-on-mobile\" style=\"grid-template-columns:17% auto\"><figure class=\"wp-block-media-text__media\"><img loading=\"lazy\" decoding=\"async\" width=\"510\" height=\"495\" src=\"https:\/\/www.ufpb.br\/inova\/wp-content\/uploads\/sites\/79\/sites\/285\/2025\/08\/Captura-de-tela-de-2025-08-22-08-55-51.png\" alt=\"\" class=\"wp-image-669 size-full\" srcset=\"https:\/\/www.ufpb.br\/inova\/wp-content\/uploads\/sites\/79\/sites\/285\/2025\/08\/Captura-de-tela-de-2025-08-22-08-55-51.png 510w, https:\/\/www.ufpb.br\/inova\/wp-content\/uploads\/sites\/79\/sites\/285\/2025\/08\/Captura-de-tela-de-2025-08-22-08-55-51-300x291.png 300w\" sizes=\"auto, (max-width: 510px) 100vw, 510px\" \/><\/figure><div class=\"wp-block-media-text__content\">\n<p>Prof\u00aa. Dra. Bagn\u00f3lia Ara\u00fajo Costa<br>E-mail:&nbsp;bagnolia@ltf.ufpb.br<\/p>\n\n\n\n<p><a href=\"http:\/\/lattes.cnpq.br\/2569484428391315\" data-type=\"link\" data-id=\"http:\/\/lattes.cnpq.br\/2569484428391315\" target=\"_blank\" rel=\"noreferrer noopener\">Curr\u00edculo Lattes<\/a><\/p>\n<\/div><\/div>\n\n\n\n<p class=\" \"><\/p>\n\n\n\n<h2 class=\"wp-block-heading\"><div class=\"linha-header\"><strong>Diretor de Propriedade Intelectual (DPI)<\/strong><\/div><\/h2>\n\n\n\n<div class=\"wp-block-media-text is-stacked-on-mobile\" style=\"grid-template-columns:17% auto\"><figure class=\"wp-block-media-text__media\"><img loading=\"lazy\" decoding=\"async\" width=\"644\" height=\"840\" src=\"https:\/\/www.ufpb.br\/inova\/wp-content\/uploads\/sites\/79\/sites\/285\/2025\/09\/WhatsApp-Image-2025-09-09-at-17.47.50.jpeg\" alt=\"\" class=\"wp-image-827 size-full\" srcset=\"https:\/\/www.ufpb.br\/inova\/wp-content\/uploads\/sites\/79\/sites\/285\/2025\/09\/WhatsApp-Image-2025-09-09-at-17.47.50.jpeg 644w, https:\/\/www.ufpb.br\/inova\/wp-content\/uploads\/sites\/79\/sites\/285\/2025\/09\/WhatsApp-Image-2025-09-09-at-17.47.50-230x300.jpeg 230w\" sizes=\"auto, (max-width: 644px) 100vw, 644px\" \/><\/figure><div class=\"wp-block-media-text__content\">\n<p>Me. Hilton Vin\u00edcius Maia Lins Fialho<br>Email:&nbsp;inova@reitoria.ufpb.br<\/p>\n\n\n\n<p><a href=\"http:\/\/lattes.cnpq.br\/8668148239841910\" data-type=\"link\" data-id=\"http:\/\/lattes.cnpq.br\/8668148239841910\">Curr\u00edculo Lattes<\/a><\/p>\n<\/div><\/div>\n\n\n\n<p class=\" \"><\/p>\n\n\n\n<h2 class=\"wp-block-heading\"><div class=\"linha-header\"><strong>Diretor de Transfer\u00eancia Tecnol\u00f3gica (DTLT)<\/strong><\/div><\/h2>\n\n\n\n<div class=\"wp-block-media-text is-stacked-on-mobile\" style=\"grid-template-columns:17% auto\"><figure class=\"wp-block-media-text__media\"><img loading=\"lazy\" decoding=\"async\" width=\"997\" height=\"1024\" src=\"http:\/\/www.ufpb.br\/inova\/wp-content\/uploads\/sites\/79\/sites\/285\/2025\/08\/IMG_20250509_162849902_-997x1024.jpg\" alt=\"\" class=\"wp-image-686 size-full\" srcset=\"https:\/\/www.ufpb.br\/inova\/wp-content\/uploads\/sites\/79\/sites\/285\/2025\/08\/IMG_20250509_162849902_-997x1024.jpg 997w, https:\/\/www.ufpb.br\/inova\/wp-content\/uploads\/sites\/79\/sites\/285\/2025\/08\/IMG_20250509_162849902_-292x300.jpg 292w, https:\/\/www.ufpb.br\/inova\/wp-content\/uploads\/sites\/79\/sites\/285\/2025\/08\/IMG_20250509_162849902_-768x789.jpg 768w, https:\/\/www.ufpb.br\/inova\/wp-content\/uploads\/sites\/79\/sites\/285\/2025\/08\/IMG_20250509_162849902_-1495x1536.jpg 1495w, https:\/\/www.ufpb.br\/inova\/wp-content\/uploads\/sites\/79\/sites\/285\/2025\/08\/IMG_20250509_162849902_-1993x2048.jpg 1993w\" sizes=\"auto, (max-width: 997px) 100vw, 997px\" \/><\/figure><div class=\"wp-block-media-text__content\">\n<p>Me. Jos\u00e9 Bezerra Hon\u00f3rio<br>E-mail:&nbsp;josebezerra@reitoria.ufpb.br<\/p>\n\n\n\n<p><a href=\"http:\/\/lattes.cnpq.br\/2344320814205442\" data-type=\"link\" data-id=\"http:\/\/lattes.cnpq.br\/2344320814205442\" target=\"_blank\" rel=\"noreferrer noopener\">Curr\u00edculo Lattes<\/a><\/p>\n<\/div><\/div>\n\n\n\n<p class=\" \"><\/p>\n\n\n\n<h2 class=\"wp-block-heading\"><div class=\"linha-header\"><strong><strong>Diretor de Incuba\u00e7\u00e3o Empresarial (DIEBT)<\/strong><\/strong><\/div><\/h2>\n\n\n\n<div class=\"wp-block-media-text is-stacked-on-mobile\" style=\"grid-template-columns:17% auto\"><figure class=\"wp-block-media-text__media\"><img loading=\"lazy\" decoding=\"async\" width=\"660\" height=\"742\" src=\"http:\/\/www.ufpb.br\/inova\/wp-content\/uploads\/sites\/79\/sites\/285\/2025\/08\/cleverton-2.png\" alt=\"\" class=\"wp-image-682 size-full\" srcset=\"https:\/\/www.ufpb.br\/inova\/wp-content\/uploads\/sites\/79\/sites\/285\/2025\/08\/cleverton-2.png 660w, https:\/\/www.ufpb.br\/inova\/wp-content\/uploads\/sites\/79\/sites\/285\/2025\/08\/cleverton-2-267x300.png 267w\" sizes=\"auto, (max-width: 660px) 100vw, 660px\" \/><\/figure><div class=\"wp-block-media-text__content\">\n<p>Dr.&nbsp;Cleverton Rodrigues Fernandes<br>Email:&nbsp;inova@reitoria.ufpb.br<\/p>\n\n\n\n<p><a href=\"http:\/\/lattes.cnpq.br\/5353045743874895\" data-type=\"link\" data-id=\"http:\/\/lattes.cnpq.br\/5353045743874895\" target=\"_blank\" rel=\"noreferrer noopener\">Curr\u00edculo Lattes<\/a><\/p>\n<\/div><\/div>\n\n\n\n<p class=\" \"><\/p>\n\n\n\n<h2 class=\"wp-block-heading\"><div class=\"linha-header\"><strong><strong>Equipe INOVA UFPB<\/strong><\/strong><\/div><\/h2>\n\n\n\n<div class=\"wp-block-media-text is-stacked-on-mobile\" style=\"grid-template-columns:17% auto\"><figure class=\"wp-block-media-text__media\"><img loading=\"lazy\" decoding=\"async\" width=\"640\" height=\"640\" src=\"http:\/\/www.ufpb.br\/inova\/wp-content\/uploads\/sites\/79\/sites\/285\/2025\/08\/girley.jpeg\" alt=\"\" class=\"wp-image-677 size-full\" srcset=\"https:\/\/www.ufpb.br\/inova\/wp-content\/uploads\/sites\/79\/sites\/285\/2025\/08\/girley.jpeg 640w, https:\/\/www.ufpb.br\/inova\/wp-content\/uploads\/sites\/79\/sites\/285\/2025\/08\/girley-300x300.jpeg 300w, https:\/\/www.ufpb.br\/inova\/wp-content\/uploads\/sites\/79\/sites\/285\/2025\/08\/girley-150x150.jpeg 150w\" sizes=\"auto, (max-width: 640px) 100vw, 640px\" \/><\/figure><div class=\"wp-block-media-text__content\">\n<p>Esp. Girley Gileno dos Santos Monteiro<\/p>\n<\/div><\/div>\n\n\n\n<div class=\"wp-block-media-text is-stacked-on-mobile\" style=\"grid-template-columns:17% auto\"><figure class=\"wp-block-media-text__media\"><img loading=\"lazy\" decoding=\"async\" width=\"640\" height=\"787\" src=\"https:\/\/www.ufpb.br\/inova\/wp-content\/uploads\/sites\/79\/sites\/285\/2025\/09\/estevam.png\" alt=\"\" class=\"wp-image-837 size-full\" srcset=\"https:\/\/www.ufpb.br\/inova\/wp-content\/uploads\/sites\/79\/sites\/285\/2025\/09\/estevam.png 640w, https:\/\/www.ufpb.br\/inova\/wp-content\/uploads\/sites\/79\/sites\/285\/2025\/09\/estevam-244x300.png 244w\" sizes=\"auto, (max-width: 640px) 100vw, 640px\" \/><\/figure><div class=\"wp-block-media-text__content\">\n<p>Esp.\u00a0Iungue Estevam de Ara\u00fajo Brand\u00e3o<\/p>\n<\/div><\/div>\n\n\n\n<div class=\"wp-block-media-text is-stacked-on-mobile\" style=\"grid-template-columns:17% auto\"><figure class=\"wp-block-media-text__media\"><img loading=\"lazy\" decoding=\"async\" width=\"557\" height=\"782\" src=\"https:\/\/www.ufpb.br\/inova\/wp-content\/uploads\/sites\/79\/sites\/285\/2025\/09\/tamara.png\" alt=\"\" class=\"wp-image-835 size-full\" srcset=\"https:\/\/www.ufpb.br\/inova\/wp-content\/uploads\/sites\/79\/sites\/285\/2025\/09\/tamara.png 557w, https:\/\/www.ufpb.br\/inova\/wp-content\/uploads\/sites\/79\/sites\/285\/2025\/09\/tamara-214x300.png 214w\" sizes=\"auto, (max-width: 557px) 100vw, 557px\" \/><\/figure><div class=\"wp-block-media-text__content\">\n<p>Me. Tamara Mayara Rodrigues Burgos<\/p>\n\n\n\n<p><a href=\"http:\/\/lattes.cnpq.br\/7212688058123524\" data-type=\"link\" data-id=\"http:\/\/lattes.cnpq.br\/7212688058123524\">Curr\u00edculo Lattes<\/a><\/p>\n<\/div><\/div>\n\n\n\n<p class=\" \"><\/p>\n\n\n\n<p><\/p>\n","protected":false},"excerpt":{"rendered":"<p>Diretora-Presidente Prof\u00aa. Dra. Bagn\u00f3lia Ara\u00fajo CostaE-mail:&nbsp;bagnolia@ltf.ufpb.br Curr\u00edculo Lattes Diretor de Propriedade Intelectual (DPI) Me. Hilton [&hellip;]<\/p>\n","protected":false},"author":47,"featured_media":0,"parent":10,"menu_order":0,"comment_status":"closed","ping_status":"closed","template":"","meta":{"footnotes":""},"class_list":["post-30","page","type-page","status-publish","hentry"],"_links":{"self":[{"href":"https:\/\/www.ufpb.br\/inova\/wp-json\/wp\/v2\/pages\/30","targetHints":{"allow":["GET"]}}],"collection":[{"href":"https:\/\/www.ufpb.br\/inova\/wp-json\/wp\/v2\/pages"}],"about":[{"href":"https:\/\/www.ufpb.br\/inova\/wp-json\/wp\/v2\/types\/page"}],"author":[{"embeddable":true,"href":"https:\/\/www.ufpb.br\/inova\/wp-json\/wp\/v2\/users\/47"}],"replies":[{"embeddable":true,"href":"https:\/\/www.ufpb.br\/inova\/wp-json\/wp\/v2\/comments?post=30"}],"version-history":[{"count":23,"href":"https:\/\/www.ufpb.br\/inova\/wp-json\/wp\/v2\/pages\/30\/revisions"}],"predecessor-version":[{"id":839,"href":"https:\/\/www.ufpb.br\/inova\/wp-json\/wp\/v2\/pages\/30\/revisions\/839"}],"up":[{"embeddable":true,"href":"https:\/\/www.ufpb.br\/inova\/wp-json\/wp\/v2\/pages\/10"}],"wp:attachment":[{"href":"https:\/\/www.ufpb.br\/inova\/wp-json\/wp\/v2\/media?parent=30"}],"curies":[{"name":"wp","href":"https:\/\/api.w.org\/{rel}","templated":true}]}}