{"id":313,"date":"2025-04-30T17:00:47","date_gmt":"2025-04-30T20:00:47","guid":{"rendered":"https:\/\/www.ufpb.br\/inova\/?page_id=313"},"modified":"2025-05-26T15:01:32","modified_gmt":"2025-05-26T18:01:32","slug":"acordo-de-confidencialidade","status":"publish","type":"page","link":"https:\/\/www.ufpb.br\/inova\/acordo-de-confidencialidade\/","title":{"rendered":"Acordo de confidencialidade"},"content":{"rendered":"\n<p><\/p>\n\n\n\n<p>O Acordo de Confidencialidade \u00e9 um instrumento jur\u00eddico comumente utilizado no \u00e2mbito da propriedade industrial e do mundo empresarial para prote\u00e7\u00e3o de informa\u00e7\u00f5es estrat\u00e9gicas, confidenciais, sens\u00edveis e segredo industriais. O Acordo permite que as partes troquem informa\u00e7\u00f5es com mais seguran\u00e7a em projetos de desenvolvimento conjunto ou para iniciar parcerias de pesquisa, desenvolvimento e inova\u00e7\u00e3o. Desta forma, as partes podem preservar informa\u00e7\u00f5es estrat\u00e9gicas, impedindo ou controlando sua divulga\u00e7\u00e3o ou sua utiliza\u00e7\u00e3o indevida.<\/p>\n\n\n\n<p>A Ag\u00eancia INOVA UFPB estimula que os pesquisadores e inventores vinculados a Universidade fa\u00e7am uso de Acordos de Confidencialidade em negocia\u00e7\u00f5es e estrutura\u00e7\u00e3o de projeto e parcerias que envolvam Propriedade Industriais ou know-how da Institui\u00e7\u00e3o. Dispomos de modelo de minuta de Acordo de Confidencialidade a ser disponibilizada mediante solicita\u00e7\u00e3o por e-mail (inova@reitoria.ufpb.br) e demais canais de contato da Ag\u00eancia.<\/p>\n","protected":false},"excerpt":{"rendered":"<p>O Acordo de Confidencialidade \u00e9 um instrumento jur\u00eddico comumente utilizado no \u00e2mbito da propriedade industrial [&hellip;]<\/p>\n","protected":false},"author":270,"featured_media":0,"parent":0,"menu_order":0,"comment_status":"closed","ping_status":"closed","template":"","meta":{"footnotes":""},"class_list":["post-313","page","type-page","status-publish","hentry"],"_links":{"self":[{"href":"https:\/\/www.ufpb.br\/inova\/wp-json\/wp\/v2\/pages\/313","targetHints":{"allow":["GET"]}}],"collection":[{"href":"https:\/\/www.ufpb.br\/inova\/wp-json\/wp\/v2\/pages"}],"about":[{"href":"https:\/\/www.ufpb.br\/inova\/wp-json\/wp\/v2\/types\/page"}],"author":[{"embeddable":true,"href":"https:\/\/www.ufpb.br\/inova\/wp-json\/wp\/v2\/users\/270"}],"replies":[{"embeddable":true,"href":"https:\/\/www.ufpb.br\/inova\/wp-json\/wp\/v2\/comments?post=313"}],"version-history":[{"count":2,"href":"https:\/\/www.ufpb.br\/inova\/wp-json\/wp\/v2\/pages\/313\/revisions"}],"predecessor-version":[{"id":498,"href":"https:\/\/www.ufpb.br\/inova\/wp-json\/wp\/v2\/pages\/313\/revisions\/498"}],"wp:attachment":[{"href":"https:\/\/www.ufpb.br\/inova\/wp-json\/wp\/v2\/media?parent=313"}],"curies":[{"name":"wp","href":"https:\/\/api.w.org\/{rel}","templated":true}]}}