{"id":315,"date":"2025-04-30T17:01:15","date_gmt":"2025-04-30T20:01:15","guid":{"rendered":"https:\/\/www.ufpb.br\/inova\/?page_id=315"},"modified":"2026-04-08T16:33:59","modified_gmt":"2026-04-08T19:33:59","slug":"licenciamento-e-cessao","status":"publish","type":"page","link":"https:\/\/www.ufpb.br\/inova\/licenciamento-e-cessao\/","title":{"rendered":"Licenciamento e cess\u00e3o"},"content":{"rendered":"\n<p><\/p>\n\n\n\n<p>A Ag\u00eancia INOVA UFPB \u00e9 respons\u00e1vel pela gest\u00e3o das Propriedades Intelectuais de (co)titularidade da Universidade Federal da Para\u00edba (UFPB). Por autoriza\u00e7\u00e3o legal, \u00e9 poss\u00edvel ceder ou licenciar tais Propriedades para terceiros com objetivo de viabilizar sua explora\u00e7\u00e3o econ\u00f4mica.<\/p>\n\n\n\n<p>As tenologias protegidas e de titularidade da UFPB dispon\u00edveis em buscadores de patentes (Google Patents, Espacenet, sistema de busca INPI, WIPO etc) e na Vitrine Tecnol\u00f3gica deste p\u00e1gina s\u00e3o pass\u00edveis de licenciamento sem exclusividade, mediante negocia\u00e7\u00e3o direta com a INOVA UFPB. Caso haja interesse, contatar por e-mail: <a href=\"mailto:inova@reitoria.ufpb.br\">inova@reitoria.ufpb.br<\/a><\/p>\n\n\n\n<p>O licenciamento permite que empresas, organiza\u00e7\u00f5es sociais ou institui\u00e7\u00f5es p\u00fablicas fa\u00e7am o uso ou explora\u00e7\u00e3o econ\u00f4mica destas tecnologias. Com esta autoriza\u00e7\u00e3o contratual, os interessados ter\u00e3o direitos para uso, desenvolvimento, produ\u00e7\u00e3o, explora\u00e7\u00e3o comercial, presta\u00e7\u00e3o de servi\u00e7os ou obten\u00e7\u00e3o de qualquer vantagem econ\u00f4mica relacionada \u00e0 tecnologia, ainda, poder\u00e3o utiliz\u00e1-las para o desenvolvimento ou obten\u00e7\u00e3o de outras tecnologias comercializ\u00e1veis.<\/p>\n\n\n\n<p><a href=\"https:\/\/www.ufpb.br\/inova\/vitrine\/\" data-type=\"link\" data-id=\"https:\/\/www.ufpb.br\/inova\/vitrine\/\">Clique aqui e consulte nossa Vitrine Tecnol\u00f3gica. <\/a><\/p>\n\n\n\n<p>Consulte a base de dados de propriedades industriais do INPI &#8211; Instituto Nacional da Propriedade Industrial. No campo \u201ccontenha\u201d, insira o CNPJ da UFPB (24098477000110) para visualizar nossas patentes e softwares.<\/p>\n\n\n\n<p><a href=\"https:\/\/busca.inpi.gov.br\/pePI\/servlet\/LoginController?action=login\" data-type=\"link\" data-id=\"https:\/\/busca.inpi.gov.br\/pePI\/servlet\/LoginController?action=login\">Buscador de Propriedade Industrial do INPI. Clique aqui. <\/a><\/p>\n\n\n\n<p><\/p>\n\n\n\n<p><\/p>\n\n\n\n<p class=\"has-text-align-center has-large-font-size\"><strong>Tecnologias com licenciamento ativo<\/strong><\/p>\n\n\n\n<p><\/p>\n\n\n\n<div class=\"wp-block-columns is-layout-flex wp-container-core-columns-is-layout-9d6595d7 wp-block-columns-is-layout-flex\">\n<div class=\"wp-block-column is-layout-flow wp-block-column-is-layout-flow\" style=\"flex-basis:66.66%\">\n<p>As tecnologias tratam do recobrimento superficial impermeabilizante de materiais e produtos atrav\u00e9s da deposi\u00e7\u00e3o de nanopart\u00edculas superhidrof\u00f3bicas, que promove o aumento da durabilidade e funcionalidade dos produtos e possui diversas aplica\u00e7\u00f5es, a exemplo da m\u00e1scara cir\u00fargica superhidrof\u00f3bica e produtos m\u00e9dicos entre outras possibilidades.<\/p>\n\n\n\n<p>Possui interesse? Contate a empresa licenciada:<\/p>\n\n\n\n<ul class=\"wp-block-list\">\n<li><a href=\"https:\/\/br.linkedin.com\/company\/nanomondelabs\" data-type=\"link\" data-id=\"https:\/\/br.linkedin.com\/company\/nanomondelabs\">Nanomonde Labs<\/a><\/li>\n<\/ul>\n<\/div>\n\n\n\n<div class=\"wp-block-column is-layout-flow wp-block-column-is-layout-flow\" style=\"flex-basis:33.33%\">\n<figure class=\"wp-block-image size-full\"><img loading=\"lazy\" decoding=\"async\" width=\"489\" height=\"739\" src=\"https:\/\/www.ufpb.br\/inova\/wp-content\/uploads\/sites\/79\/sites\/285\/2026\/04\/Recobrimento.png\" alt=\"\" class=\"wp-image-1491\" srcset=\"https:\/\/www.ufpb.br\/inova\/wp-content\/uploads\/sites\/79\/sites\/285\/2026\/04\/Recobrimento.png 489w, https:\/\/www.ufpb.br\/inova\/wp-content\/uploads\/sites\/79\/sites\/285\/2026\/04\/Recobrimento-199x300.png 199w\" sizes=\"auto, (max-width: 489px) 100vw, 489px\" \/><\/figure>\n<\/div>\n<\/div>\n\n\n\n<p><\/p>\n\n\n\n<div class=\"wp-block-media-text has-media-on-the-right is-stacked-on-mobile is-vertically-aligned-center\" style=\"grid-template-columns:auto 30%\"><div class=\"wp-block-media-text__content\">\n<p>A tecnologia conjuga as fun\u00e7\u00f5es de receber o esgoto dom\u00e9stico das resid\u00eancias e ao fim do tratamento dispor de um efluente de boa qualidade relativa, pass\u00edvel de ser armazenado e ter m\u00faltiplos destinos de reuso. O referido sistema, assim, traz uma nova concep\u00e7\u00e3o do esgotamento sanit\u00e1rio, apontando para a descentraliza\u00e7\u00e3o dos sistemas convencionais, proporcionando a baixo custo, e al\u00e9m do tratamento dos esgotos, a produ\u00e7\u00e3o de alimentos em sua estrutura. Por fim, o sistema contribui com os nove objetivos do desenvolvimento sustent\u00e1vel.<\/p>\n\n\n\n<p>Possui interesse? Contate as empresas licenciadas:<\/p>\n\n\n\n<ul class=\"wp-block-list\">\n<li><a href=\"https:\/\/www.instagram.com\/orbis.ea\" data-type=\"link\" data-id=\"https:\/\/www.instagram.com\/orbis.ea\">Orbis<\/a><\/li>\n\n\n\n<li><a href=\"https:\/\/www.instagram.com\/orquestrabsb\/\" data-type=\"link\" data-id=\"https:\/\/www.instagram.com\/orquestrabsb\/\">Orquestra<\/a><\/li>\n<\/ul>\n<\/div><figure class=\"wp-block-media-text__media\"><img loading=\"lazy\" decoding=\"async\" width=\"712\" height=\"334\" src=\"https:\/\/www.ufpb.br\/inova\/wp-content\/uploads\/sites\/79\/sites\/285\/2025\/08\/ecofossa-2.png\" alt=\"\" class=\"wp-image-651 size-full\" srcset=\"https:\/\/www.ufpb.br\/inova\/wp-content\/uploads\/sites\/79\/sites\/285\/2025\/08\/ecofossa-2.png 712w, https:\/\/www.ufpb.br\/inova\/wp-content\/uploads\/sites\/79\/sites\/285\/2025\/08\/ecofossa-2-300x141.png 300w\" sizes=\"auto, (max-width: 712px) 100vw, 712px\" \/><\/figure><\/div>\n\n\n\n<p><\/p>\n\n\n\n<div class=\"wp-block-media-text has-media-on-the-right is-stacked-on-mobile is-vertically-aligned-center\" style=\"grid-template-columns:auto 30%\"><div class=\"wp-block-media-text__content\">\n<p>A tecnologia desenvolvida em parceria com a RNP &#8211; Rede Nacional de Ensino e Pesquisa e a Dynav\u00eddeo, oferece seguran\u00e7a e acessibilidade para a gest\u00e3o de videoconfer\u00eancias e teleatendimentos em sa\u00fade digital. O registro de v\u00eddeos na Blockchain garante a integridade e imutabilidade dos dados.<\/p>\n\n\n\n<p>Possui interesse? Contate a empresa licenciada:<\/p>\n\n\n\n<ul class=\"wp-block-list\">\n<li><a href=\"https:\/\/wisecare.com.br\/\" data-type=\"link\" data-id=\"https:\/\/wisecare.com.br\/\">Wisecare<\/a><\/li>\n<\/ul>\n<\/div><figure class=\"wp-block-media-text__media\"><img loading=\"lazy\" decoding=\"async\" width=\"491\" height=\"497\" src=\"https:\/\/www.ufpb.br\/inova\/wp-content\/uploads\/sites\/79\/sites\/285\/2025\/08\/wisecare.png\" alt=\"\" class=\"wp-image-657 size-full\" srcset=\"https:\/\/www.ufpb.br\/inova\/wp-content\/uploads\/sites\/79\/sites\/285\/2025\/08\/wisecare.png 491w, https:\/\/www.ufpb.br\/inova\/wp-content\/uploads\/sites\/79\/sites\/285\/2025\/08\/wisecare-296x300.png 296w\" sizes=\"auto, (max-width: 491px) 100vw, 491px\" \/><\/figure><\/div>\n\n\n\n<p><\/p>\n\n\n\n<div class=\"wp-block-media-text has-media-on-the-right is-stacked-on-mobile is-vertically-aligned-center\" style=\"grid-template-columns:auto 30%\"><div class=\"wp-block-media-text__content\">\n<p>A tecnologia desenvolvida em parceria com a UnB \u2013 Universidade de Bras\u00edlia, \u00e9 um sistema de custos aplicado ao setor p\u00fablico (SICGESP), que transforma informa\u00e7\u00f5es cont\u00e1beis complexas em relat\u00f3rios audit\u00e1veis e compar\u00e1veis. As ferramentas oferecem aos gestores vis\u00e3o clara dos custos e da produtividade na administra\u00e7\u00e3o p\u00fablica ao reunir dados cont\u00e1beis de v\u00e1rios \u00f3rg\u00e3os do governo no mesmo local. O modelo dialoga com as leis de Responsabilidade Fiscal e de Acesso \u00e0 Informa\u00e7\u00e3o.<\/p>\n\n\n\n<p>Possui interesse? Contate a empresa licenciada:<\/p>\n\n\n\n<ul class=\"wp-block-list\">\n<li><a href=\"https:\/\/ibage.com.br\/\" data-type=\"link\" data-id=\"https:\/\/ibage.com.br\/\">IBAGE<\/a><\/li>\n<\/ul>\n<\/div><figure class=\"wp-block-media-text__media\"><img loading=\"lazy\" decoding=\"async\" width=\"620\" height=\"400\" src=\"https:\/\/www.ufpb.br\/inova\/wp-content\/uploads\/sites\/79\/sites\/285\/2025\/08\/software_SICGESP-01.jpg\" alt=\"\" class=\"wp-image-660 size-full\" srcset=\"https:\/\/www.ufpb.br\/inova\/wp-content\/uploads\/sites\/79\/sites\/285\/2025\/08\/software_SICGESP-01.jpg 620w, https:\/\/www.ufpb.br\/inova\/wp-content\/uploads\/sites\/79\/sites\/285\/2025\/08\/software_SICGESP-01-300x194.jpg 300w\" sizes=\"auto, (max-width: 620px) 100vw, 620px\" \/><\/figure><\/div>\n\n\n\n<p><\/p>\n","protected":false},"excerpt":{"rendered":"<p>A Ag\u00eancia INOVA UFPB \u00e9 respons\u00e1vel pela gest\u00e3o das Propriedades Intelectuais de (co)titularidade da Universidade [&hellip;]<\/p>\n","protected":false},"author":270,"featured_media":0,"parent":0,"menu_order":0,"comment_status":"closed","ping_status":"closed","template":"","meta":{"footnotes":""},"class_list":["post-315","page","type-page","status-publish","hentry"],"_links":{"self":[{"href":"https:\/\/www.ufpb.br\/inova\/wp-json\/wp\/v2\/pages\/315","targetHints":{"allow":["GET"]}}],"collection":[{"href":"https:\/\/www.ufpb.br\/inova\/wp-json\/wp\/v2\/pages"}],"about":[{"href":"https:\/\/www.ufpb.br\/inova\/wp-json\/wp\/v2\/types\/page"}],"author":[{"embeddable":true,"href":"https:\/\/www.ufpb.br\/inova\/wp-json\/wp\/v2\/users\/270"}],"replies":[{"embeddable":true,"href":"https:\/\/www.ufpb.br\/inova\/wp-json\/wp\/v2\/comments?post=315"}],"version-history":[{"count":14,"href":"https:\/\/www.ufpb.br\/inova\/wp-json\/wp\/v2\/pages\/315\/revisions"}],"predecessor-version":[{"id":1495,"href":"https:\/\/www.ufpb.br\/inova\/wp-json\/wp\/v2\/pages\/315\/revisions\/1495"}],"wp:attachment":[{"href":"https:\/\/www.ufpb.br\/inova\/wp-json\/wp\/v2\/media?parent=315"}],"curies":[{"name":"wp","href":"https:\/\/api.w.org\/{rel}","templated":true}]}}