{"id":332,"date":"2025-05-07T15:14:32","date_gmt":"2025-05-07T18:14:32","guid":{"rendered":"https:\/\/www.ufpb.br\/inova\/?page_id=332"},"modified":"2026-02-03T14:37:08","modified_gmt":"2026-02-03T17:37:08","slug":"como-proteger-um-programa-de-computador-ou-aplicativo","status":"publish","type":"page","link":"https:\/\/www.ufpb.br\/inova\/passo-a-passo-de-p-i\/como-proteger-um-programa-de-computador-ou-aplicativo\/","title":{"rendered":"Como proteger um PROGRAMA de COMPUTADOR ou APLICATIVO?"},"content":{"rendered":"\n<p>Aqui est\u00e1 o passo a passo para depositar um pedido de registro de Programa de Computador.<\/p>\n\n\n\n<p><\/p>\n\n\n\n<p>Um &#8220;Registro de Programa de Computador&#8221; se refere a um direito autoral, que possui finalidade predominantemente de reconhecimento do autor que desenvolveu determinado programa, o que \u00e9, segundo a Lei N\u00ba 9.609\/98, a express\u00e3o de um conjunto organizado de instru\u00e7\u00f5es em linguagem natural ou codificada, contida em suporte f\u00edsico de qualquer natureza, de emprego necess\u00e1rio em m\u00e1quinas autom\u00e1ticas de tratamento da informa\u00e7\u00e3o, dispositivos, instrumentos ou equipamentos perif\u00e9ricos, baseados em t\u00e9cnica digital ou an\u00e1loga, para faz\u00ea-lo funcionar de modo e para fins determinados (UNICAMP, 2011, p. 14).&nbsp;<\/p>\n\n\n\n<p>O custo para depositar um pedido de programa de computador \u00e9, atualmente, R$ 185,00 (cento e oitenta e cinco reais).&nbsp;<\/p>\n\n\n\n<p>Para depositar, precisa-se:<\/p>\n\n\n\n<p><strong>1.<\/strong>&nbsp;<strong>Abrir&nbsp;<a href=\"https:\/\/www.youtube.com\/watch?v=fx2slJ63c4c\" target=\"_blank\" rel=\"noreferrer noopener\">processo via SIPAC<\/a>&nbsp;(OSTENSIVO)<\/strong>, tipo do processo &#8220;solicita\u00e7\u00e3o&#8221;, assunto &#8220;251.1&#8221;, assunto detalhado &#8220;requer an\u00e1lise de pedido de registro de programa de computador denominado &#8216;T\u00cdTULO DO PROGRAMA DE COMPUTADOR'&#8221;, incluir os documentos (podem ser&nbsp;RESTRITOS) e enviar a requisi\u00e7\u00e3o de registro para a Diretoria de Propriedade Intelectual da INOVA-UFPB (11.00.46.19).&nbsp;<\/p>\n\n\n\n<p><strong>2.<\/strong>\u00a0O processo deve conter, al\u00e9m da requisi\u00e7\u00e3o ou memorando (elaborado pelo pr\u00f3prio requisitante) com a\u00a0indica\u00e7\u00e3o do Centro\/Departamento\/Programa que cada autor est\u00e1 (ou estava) vinculado, <strong>o\u00a0novo modelo de <a href=\"https:\/\/www.ufpb.br\/inova\/wp-content\/uploads\/sites\/79\/sites\/285\/2026\/02\/EVTE-NOVO-Modelo-2.doc\" data-type=\"attachment\" data-id=\"1275\">Estudo de Viabilidade T\u00e9cnica e Econ\u00f4mica\u00a0(EVTE)<\/a> <\/strong>para aprecia\u00e7\u00e3o da DTLT, um resumo informativo sobre o programa de computador (para qual \u00e1rea \u00e9 destinado, qual a fun\u00e7\u00e3o, o que visa sanar ou facilitar, etc.<strong>), <a href=\"http:\/\/www.ufpb.br\/inova\/wp-content\/uploads\/sites\/79\/sites\/285\/2025\/12\/Novo_formulario_pedido_de_registro-NOVO.docx\" data-type=\"link\" data-id=\"http:\/\/www.ufpb.br\/inova\/wp-content\/uploads\/sites\/79\/sites\/285\/2025\/12\/Novo_formulario_pedido_de_registro-NOVO.docx\">o\u00a0formul\u00e1rio\u00a0de &#8220;pedido de registro&#8221;<\/a> (com as informa\u00e7\u00f5es dos\u00a0<a href=\"https:\/\/www.ufpb.br\/inova\/wp-content\/uploads\/sites\/79\/sites\/285\/2025\/06\/formulario_pedido_anexoiv-demais-autores.docx\" data-type=\"attachment\" data-id=\"535\">demais autores\u00a0em anexo)<\/a><\/strong> destacando o tipo de programa e o campo de aplica\u00e7\u00e3o (<a href=\"https:\/\/www.ufpb.br\/inova\/wp-content\/uploads\/sites\/79\/sites\/285\/2025\/06\/Tabela-com-tipos-de-programa.pdf\" data-type=\"attachment\" data-id=\"532\">Tabela com tipos de programas<\/a>\u00a0e\u00a0<a href=\"https:\/\/www.ufpb.br\/inova\/wp-content\/uploads\/sites\/79\/sites\/285\/2025\/06\/Campo-de-aplicacao.pdf\" data-type=\"attachment\" data-id=\"529\">Campo de aplica\u00e7\u00e3o<\/a>),<strong>\u00a0<a href=\"https:\/\/www.ufpb.br\/inova\/wp-content\/uploads\/sites\/79\/sites\/285\/2025\/09\/Termo-de-Cessao-de-direitos-Modelo-Software.docx\" data-type=\"attachment\" data-id=\"824\">termos\u00a0de\u00a0cess\u00e3o\u00a0dos\u00a0autores<\/a>\u00a0(ceder a t\u00edtulo gratuito e sem restri\u00e7\u00f5es!)<\/strong> assinados \u00a0e o resumo em c\u00f3digo\u00a0<em>Secure Hash Algorithm<\/em>\u00a0(SHA) ou\u00a0c\u00f3digo\u00a0<em>hash\u00a0<\/em>(SHA-512)<em>\u00a0<\/em>que pode ser apresentado, inclusive, na pr\u00f3pria requisi\u00e7\u00e3o (mais detalhes na OBS 3, no final), e <a href=\"https:\/\/www.ufpb.br\/inova\/wp-content\/uploads\/sites\/79\/sites\/285\/2025\/06\/banner-patente-exemplo.pdf\" data-type=\"attachment\" data-id=\"579\">um\u00a0<em>banner<\/em><\/a>\u00a0(baseado nesse modelo usado nos pedidos de patentes). Em caso de co-titularidade (de outras Institui\u00e7\u00f5es envolvidas na cria\u00e7\u00e3o do programa de computador) <strong>incluir\u00a0<a href=\"https:\/\/www.ufpb.br\/inova\/wp-content\/uploads\/sites\/79\/sites\/285\/2025\/06\/nota-tecnica-justificativa-de-cotitularidade.docx\" data-type=\"attachment\" data-id=\"552\">Nota\u00a0justificando a co-titularidade<\/a>, termo de cess\u00e3o geral e <a href=\"https:\/\/www.ufpb.br\/inova\/wp-content\/uploads\/sites\/79\/sites\/285\/2025\/06\/contrato-de-cotitularidade-modelo-ufpb-2025.docx\" data-type=\"attachment\" data-id=\"577\">contrato\u00a0de\u00a0co-titularidade<\/a>.<\/strong><\/p>\n\n\n\n<p>3.&nbsp;O processo, enviado via SIPAC, dever\u00e1 ser todo virtual&nbsp;(contendo&nbsp;assinaturas&nbsp;e demais&nbsp;carimbos, conforme o caso),&nbsp;contudo,&nbsp;ser\u00e1 necess\u00e1ria a entrega excepcional dos seguintes documentos f\u00edsicos na sede da INOVA-UFPB: 01 (um) envelope SEDEX (n\u00e3o lacrado) m\u00e9dio ou grande; 01 (um) CD (ou DVD ou PENDRIVE ou HD ou SSD ou alternativa equivalente) gravado com os c\u00f3digos-fontes, imagens das telas funcionais, fluxograma, manual,&nbsp;resumo&nbsp;<em>hash<\/em>&nbsp;(obrigat\u00f3rio!) e os demais documentos do processo (em formato digital) entre outras informa\u00e7\u00f5es adicionais, se necess\u00e1rias, do respectivo programa de computador; e&nbsp;01 (uma) capa, preferivelmente acr\u00edlica, para proteger o CD\/etc. (<a href=\"https:\/\/www.ufpb.br\/inova\/wp-content\/uploads\/sites\/79\/sites\/285\/2025\/06\/embalagem-do-programa-de-computador.pdf\" data-type=\"attachment\" data-id=\"530\">vide mais informa\u00e7\u00f5es&nbsp;aqui<\/a>).<\/p>\n\n\n\n<p><strong>4.<\/strong>&nbsp;Ap\u00f3s a INOVA recepcionar o processo, eletronicamente e dos demais documentos f\u00edsicos, a GRU ser\u00e1 emitida para pagamento.<\/p>\n\n\n\n<p><strong>5.<\/strong>&nbsp;O processo ser\u00e1 enviado da INOVA para a DPI (11.00.46.19) que revisar\u00e1 a requisi\u00e7\u00e3o e <strong>emitir\u00e1 a &#8220;<a href=\"https:\/\/www.ufpb.br\/inova\/wp-content\/uploads\/sites\/79\/sites\/285\/2025\/06\/Autorizacao-para-a-Copia-do-Programa.pdf\" data-type=\"attachment\" data-id=\"528\">Autoriza\u00e7\u00e3o para a C\u00f3pia do Programa<\/a>&#8220;.<\/strong><\/p>\n\n\n\n<p><strong>6.<\/strong>&nbsp;Realizado o pagamento da GRU, ser\u00e1 necess\u00e1rio o arquivo do comprovante original digitalizado para que seja feito o dep\u00f3sito (pode-se enviar para o e-mail &#8220;inova@reitoria.ufpb.br&#8221;).<\/p>\n\n\n\n<p><strong>7.<\/strong>&nbsp;A DPI far\u00e1 a submiss\u00e3o do pedido de registro de programa de computador ao INPI contendo: comprovante de pagamento, dados do formul\u00e1rio preenchido pelos autores, resumo&nbsp;<em>hash&nbsp;<\/em>(SHA-512)&nbsp;e &#8220;Declara\u00e7\u00e3o de Veracidade&#8221; certificado digitalmente pela INOVA.<\/p>\n\n\n\n<p><strong>8.<\/strong>&nbsp;O CD (ou DVD ou PENDRIVE ou HD ou SSD ou alternativa equivalente), ap\u00f3s verifica\u00e7\u00e3o da DPI, ser\u00e1 acondicionado no envelope SEDEX e imediatamente lacrado.<\/p>\n\n\n\n<p><strong>9.<\/strong>&nbsp;O envelope ser\u00e1 arquivado por 50 anos na INOVA\/UFPB para poss\u00edveis verifica\u00e7\u00f5es\/confirma\u00e7\u00f5es legais de veracidade e de originalidade, conforme a legisla\u00e7\u00e3o vigente.<\/p>\n\n\n\n<ul class=\"wp-block-list\">\n<li>OBS 1:&nbsp;No formul\u00e1rio utilizar os seguintes dados para o titular: N\u00ba de Titulares &#8211;&nbsp;01, CPF\/CNPJ &#8211;&nbsp;24098477000110, Nacionalidade &#8211;&nbsp;Brasileira, E-mail &#8211;&nbsp;inova@reitoria.ufpb.br, Nome\/Raz\u00e3o Social &#8211;&nbsp;Universidade Federal da Para\u00edba (UFPB), Endere\u00e7o &#8211;&nbsp;Cidade Universit\u00e1ria, Reitoria, 3\u00ba andar, INOVA-UFPB, Castelo Branco, Cidade &#8211;&nbsp;Jo\u00e3o Pessoa, UF &#8211;&nbsp;PB, Pa\u00eds &#8211;&nbsp;Brasil, CEP &#8211;&nbsp;58051-900, Telefone &#8211;&nbsp;(83) 3216.7558. Nos termos de cess\u00e3o utilizar os seguintes dados para a cession\u00e1ria:&nbsp;Universidade Federal da Para\u00edba, CNPJ: 24098477000110, Cidade Universit\u00e1ria, Reitoria, 3\u00ba andar, INOVA-UFPB, Castelo Branco, Jo\u00e3o Pessoa-PB, CEP: 58.051-900.<\/li>\n\n\n\n<li>OBS 2:&nbsp;A INOVA n\u00e3o disponibiliza envelopes tipo SEDEX (pl\u00e1stico com lacre inviol\u00e1vel). Isso deve ser responsabilidade dos autores. Os envelopes&nbsp;apenas dever\u00e3o ser lacrados pelos representantes da DPI da INOVA!<\/li>\n\n\n\n<li>OBS 3:&nbsp;A fun\u00e7\u00e3o criptogr\u00e1fica&nbsp;<em>hash<\/em>&nbsp;\u00e9 um algoritmo utilizado para garantir a integridade de um documento eletr\u00f4nico de modo que um perito t\u00e9cnico possa comprovar que n\u00e3o houve altera\u00e7\u00e3o neste documento desde a \u00e9poca em que este foi criado. Assim uma simples altera\u00e7\u00e3o neste documento acarretar\u00e1 em uma altera\u00e7\u00e3o do resumo&nbsp;<em>hash&nbsp;<\/em>original, desconstituindo assim a prova de integridade do dep\u00f3sito do programa de computador.&nbsp;A apresenta\u00e7\u00e3o da informa\u00e7\u00e3o de&nbsp; resumo&nbsp;<em>hash<\/em>&nbsp;no formul\u00e1rio eletr\u00f4nico e-RPC, no ato do registro, garantir\u00e1 que o objeto n\u00e3o foi alterado ao&nbsp; longo do tempo desta guarda. Esta documenta\u00e7\u00e3o t\u00e9cnica \u00e9 fundamental para caracterizar a originalidade do programa de computador junto ao Poder Judici\u00e1rio, quando for o caso.&nbsp;O resumo&nbsp;<em>hash&nbsp;<\/em>pode ser obtido por meio de um &#8220;texto&#8221; (ex. c\u00f3digo-fonte), um \u00fanico arquivo de entrada (ex. PDF, TXT etc.) ou de v\u00e1rios arquivos compactados (ex. ZIP, RAR etc.).&nbsp; Em qualquer um dos casos \u00e9 de fundamental import\u00e2ncia que este mesmo arquivo utilizado para gerar o c\u00f3digo&nbsp;<em>hash&nbsp;<\/em>seja mantido \u00edntegro pelo interessado (al\u00e9m da UFPB), preferencialmente em mais de um meio digital de armazenamento (CD&nbsp;ou DVD ou PENDRIVE ou HD ou SSD ou alternativa equivalente). A transforma\u00e7\u00e3o do programa de computador, de seus arquivos etc., em resumo&nbsp;<em>hash<\/em>&nbsp;ser\u00e1 de responsabilidade do(s) autor(es) do referido&nbsp;<em>software<\/em>.&nbsp;Ser\u00e3o aceitos os algoritmos SHA-224<strong>,&nbsp;<\/strong>SHA-256 ou, preferencialmente,&nbsp;SHA-512&nbsp;para a obten\u00e7\u00e3o do resumo digital&nbsp;<em>hash<\/em><strong>.&nbsp;<\/strong>&nbsp;Na Internet \u00e9 poss\u00edvel encontrar artigos explicando em detalhes como gerar esse c\u00f3digo&nbsp;<em>hash<\/em>&nbsp;conforme a necessidade de cada interessado como, por exemplo, a alternativa da &#8220;<em>BouncyCastle<\/em>&#8221; ou as op\u00e7\u00f5es de passos para realizar isso em sistemas operacionais Linux, Microsoft Windows etc. Mais informa\u00e7\u00f5es e sugest\u00f5es para <strong>gerar esse <a href=\"https:\/\/www.ufpb.br\/inova\/wp-content\/uploads\/sites\/79\/sites\/285\/2025\/06\/Procedimentos-para-obter-o-codigo-hash.pdf\" data-type=\"attachment\" data-id=\"525\">c\u00f3digo&nbsp;clique aqui<\/a>.<\/strong><\/li>\n\n\n\n<li>OBS 4:&nbsp;\u00c9 recomend\u00e1vel fazer e manter c\u00f3pias de seguran\u00e7a em outros dispositivos de armazenamento dos autores de direito, a fim de garantir provas adicionais de integridade do arquivo ao longo do tempo (cinquenta anos&nbsp;contados da data de cria\u00e7\u00e3o do programa de computador).<\/li>\n<\/ul>\n\n\n\n<p><\/p>\n","protected":false},"excerpt":{"rendered":"<p>Aqui est\u00e1 o passo a passo para depositar um pedido de registro de Programa de [&hellip;]<\/p>\n","protected":false},"author":270,"featured_media":0,"parent":274,"menu_order":0,"comment_status":"closed","ping_status":"closed","template":"","meta":{"footnotes":""},"class_list":["post-332","page","type-page","status-publish","hentry"],"_links":{"self":[{"href":"https:\/\/www.ufpb.br\/inova\/wp-json\/wp\/v2\/pages\/332","targetHints":{"allow":["GET"]}}],"collection":[{"href":"https:\/\/www.ufpb.br\/inova\/wp-json\/wp\/v2\/pages"}],"about":[{"href":"https:\/\/www.ufpb.br\/inova\/wp-json\/wp\/v2\/types\/page"}],"author":[{"embeddable":true,"href":"https:\/\/www.ufpb.br\/inova\/wp-json\/wp\/v2\/users\/270"}],"replies":[{"embeddable":true,"href":"https:\/\/www.ufpb.br\/inova\/wp-json\/wp\/v2\/comments?post=332"}],"version-history":[{"count":10,"href":"https:\/\/www.ufpb.br\/inova\/wp-json\/wp\/v2\/pages\/332\/revisions"}],"predecessor-version":[{"id":1276,"href":"https:\/\/www.ufpb.br\/inova\/wp-json\/wp\/v2\/pages\/332\/revisions\/1276"}],"up":[{"embeddable":true,"href":"https:\/\/www.ufpb.br\/inova\/wp-json\/wp\/v2\/pages\/274"}],"wp:attachment":[{"href":"https:\/\/www.ufpb.br\/inova\/wp-json\/wp\/v2\/media?parent=332"}],"curies":[{"name":"wp","href":"https:\/\/api.w.org\/{rel}","templated":true}]}}