{"id":34,"date":"2025-04-09T15:25:18","date_gmt":"2025-04-09T18:25:18","guid":{"rendered":"https:\/\/www.ufpb.br\/inova\/?page_id=34"},"modified":"2025-04-16T11:36:32","modified_gmt":"2025-04-16T14:36:32","slug":"boletim-conexoes","status":"publish","type":"page","link":"https:\/\/www.ufpb.br\/inova\/boletim-conexoes\/","title":{"rendered":"Boletim Conex\u00f5es"},"content":{"rendered":"\n<p>Veja abaixo as edi\u00e7\u00f5es do nosso Boletim Conex\u00f5es INOVA-UFPB.<\/p>\n\n\n\n<p>Para ter acesso antecipado aos Boletins fa\u00e7a seu cadastro em \u201c<a href=\"http:\/\/plone.ufpb.br\/inova\/contents\/menu\/institucional\/seja-um-parceiro\">Seja um parceiro<\/a>\u201d. Boa leitura!<\/p>\n\n\n\n<p><a href=\"http:\/\/plone.ufpb.br\/inova\/contents\/documentos\/boletim-conexoes-inova-ufpb-n1-2020.pdf\">1. Boletim Conex\u00f5es INOVA-UFPB n\u00ba 1 (Abril 2020);<\/a><\/p>\n\n\n\n<p><a href=\"http:\/\/plone.ufpb.br\/inova\/contents\/documentos\/boletim-conexoes-inova-ufpb-n2-2020.pdf\">2. Boletim Conex\u00f5es INOVA-UFPB n\u00ba 2 (Maio 2020);<\/a><\/p>\n\n\n\n<p><a href=\"http:\/\/plone.ufpb.br\/inova\/contents\/documentos\/boletim-conexoes-inova-ufpb-n3-2020.pdf\">3. Boletim Conex\u00f5es INOVA-UFPB n\u00ba 3 (Junho 2020);<\/a><\/p>\n\n\n\n<p><a href=\"http:\/\/plone.ufpb.br\/inova\/contents\/documentos\/boletim-conexoes-inova-ufpb-n4-2020.pdf\">4. Boletim Conex\u00f5es INOVA-UFPB n\u00ba 4 (Julho 2020);<\/a><\/p>\n\n\n\n<p><a href=\"http:\/\/plone.ufpb.br\/inova\/contents\/documentos\/boletim-conexoes-inova-ufpb-n5-2020.pdf\">5. Boletim Conex\u00f5es INOVA-UFPB n\u00ba 5 (Setembro 2020);<\/a><\/p>\n\n\n\n<p><a href=\"http:\/\/plone.ufpb.br\/inova\/contents\/documentos\/boletim-conexoes-inova-ufpb-n6-2021.pdf\">6. Boletim Conex\u00f5es INOVA-UFPB n\u00ba 6 (Outubro 2020);<\/a><\/p>\n\n\n\n<p><a href=\"http:\/\/plone.ufpb.br\/inova\/contents\/documentos\/boletim-conexoes-inova-ufpb-n7-2020.pdf\">7. Boletim Conex\u00f5es INOVA-UFPB n\u00ba 7 (Dezembro 2020);<\/a><\/p>\n\n\n\n<p><a href=\"http:\/\/plone.ufpb.br\/inova\/contents\/documentos\/boletim-conexoes-inova-ufpb-n8-2021.pdf\">8. Boletim Conex\u00f5es INOVA-UFPB n\u00ba 8 (Janeiro 2021);<\/a><\/p>\n\n\n\n<p><a href=\"http:\/\/plone.ufpb.br\/inova\/contents\/documentos\/boletim-conexoes-inova-ufpb-n9-2021.pdf\">9. Boletim Conex\u00f5es INOVA-UFPB n\u00ba 9 (Mar\u00e7o 2021);<\/a><\/p>\n\n\n\n<p><a href=\"http:\/\/plone.ufpb.br\/inova\/contents\/documentos\/boletim-conexoes-inova-ufpb-n10-2021.pdf\">10. Boletim Conex\u00f5es INOVA-UFPB n\u00ba 10 (Maio 2021);<\/a><\/p>\n\n\n\n<p><a href=\"http:\/\/plone.ufpb.br\/inova\/contents\/documentos\/BoletimConexoesINOVAUFPBN11.2021.pdf\">11. Boletim Conex\u00f5es INOVA-UFPB n\u00ba 11 (Julho 2021);<\/a><\/p>\n\n\n\n<p><a href=\"http:\/\/plone.ufpb.br\/inova\/contents\/documentos\/boletim-conexoes-inova-ufpb-n-12.pdf\">12. Boletim Conex\u00f5es INOVA-UFPB n\u00ba 12 (Agosto 2021);<\/a><\/p>\n\n\n\n<p><a href=\"http:\/\/plone.ufpb.br\/inova\/contents\/documentos\/boletim-conexoes-inova-ufpb-n-13.pdf\">13. Boletim Conex\u00f5es INOVA-UFPB n\u00ba 13 (Outubro 2021).<\/a><\/p>\n\n\n\n<figure class=\"wp-block-gallery has-nested-images columns-1 is-cropped wp-block-gallery-1 is-layout-flex wp-block-gallery-is-layout-flex\"><\/figure>\n","protected":false},"excerpt":{"rendered":"<p>Veja abaixo as edi\u00e7\u00f5es do nosso Boletim Conex\u00f5es INOVA-UFPB. Para ter acesso antecipado aos Boletins [&hellip;]<\/p>\n","protected":false},"author":47,"featured_media":0,"parent":0,"menu_order":0,"comment_status":"closed","ping_status":"closed","template":"","meta":{"footnotes":""},"class_list":["post-34","page","type-page","status-publish","hentry"],"_links":{"self":[{"href":"https:\/\/www.ufpb.br\/inova\/wp-json\/wp\/v2\/pages\/34","targetHints":{"allow":["GET"]}}],"collection":[{"href":"https:\/\/www.ufpb.br\/inova\/wp-json\/wp\/v2\/pages"}],"about":[{"href":"https:\/\/www.ufpb.br\/inova\/wp-json\/wp\/v2\/types\/page"}],"author":[{"embeddable":true,"href":"https:\/\/www.ufpb.br\/inova\/wp-json\/wp\/v2\/users\/47"}],"replies":[{"embeddable":true,"href":"https:\/\/www.ufpb.br\/inova\/wp-json\/wp\/v2\/comments?post=34"}],"version-history":[{"count":3,"href":"https:\/\/www.ufpb.br\/inova\/wp-json\/wp\/v2\/pages\/34\/revisions"}],"predecessor-version":[{"id":100,"href":"https:\/\/www.ufpb.br\/inova\/wp-json\/wp\/v2\/pages\/34\/revisions\/100"}],"wp:attachment":[{"href":"https:\/\/www.ufpb.br\/inova\/wp-json\/wp\/v2\/media?parent=34"}],"curies":[{"name":"wp","href":"https:\/\/api.w.org\/{rel}","templated":true}]}}