{"id":36,"date":"2025-04-09T15:29:03","date_gmt":"2025-04-09T18:29:03","guid":{"rendered":"https:\/\/www.ufpb.br\/inova\/?page_id=36"},"modified":"2025-04-09T15:29:04","modified_gmt":"2025-04-09T18:29:04","slug":"comunicacao-de-criacao-inovacao","status":"publish","type":"page","link":"https:\/\/www.ufpb.br\/inova\/comunicacao-de-criacao-inovacao\/","title":{"rendered":"Comunica\u00e7\u00e3o de cria\u00e7\u00e3o\/inova\u00e7\u00e3o"},"content":{"rendered":"\n<p>Os pesquisadores dever\u00e3o comunicar suas cria\u00e7\u00f5es ou inova\u00e7\u00f5es com potencial tecnol\u00f3gico para a INOVA-UFPB antes de divulgar, noticiar ou publicar qualquer aspecto de cria\u00e7\u00f5es ou inova\u00e7\u00f5es de cujo desenvolvimento tenha participado diretamente ou tenha tomado conhecimento.<\/p>\n\n\n\n<figure class=\"wp-block-image size-full is-resized\"><img loading=\"lazy\" decoding=\"async\" width=\"400\" height=\"300\" src=\"http:\/\/www.ufpb.br\/inova\/wp-content\/uploads\/sites\/79\/sites\/285\/2025\/04\/Harley.jpg\" alt=\"\" class=\"wp-image-37\" style=\"width:740px;height:auto\" srcset=\"https:\/\/www.ufpb.br\/inova\/wp-content\/uploads\/sites\/79\/sites\/285\/2025\/04\/Harley.jpg 400w, https:\/\/www.ufpb.br\/inova\/wp-content\/uploads\/sites\/79\/sites\/285\/2025\/04\/Harley-300x225.jpg 300w\" sizes=\"auto, (max-width: 400px) 100vw, 400px\" \/><\/figure>\n\n\n\n<p>Conforme o Art. 4\u00ba da&nbsp;&nbsp;<a href=\"https:\/\/sigrh.ufpb.br\/sigrh\/downloadArquivo?idArquivo=674168&amp;key=6214995de7b626926dbf2f3af0d5e3b8\" target=\"_blank\" rel=\"noreferrer noopener\">Resolu\u00e7\u00e3o CONSUNI n\u00ba 018\/2017<\/a> os criadores (ou pesquisadores) dever\u00e3o comunicar suas cria\u00e7\u00f5es* ou inova\u00e7\u00f5es** com potencial tecnol\u00f3gico para a INOVA-UFPB antes de divulgar, noticiar ou publicar qualquer aspecto de cria\u00e7\u00f5es ou inova\u00e7\u00f5es de cujo desenvolvimento tenha participado diretamente ou tenha tomado conhecimento.&nbsp;<\/p>\n\n\n\n<p>O potencial tecnol\u00f3gico aludido dever\u00e1 considerar as defini\u00e7\u00f5es da <a href=\"http:\/\/www.planalto.gov.br\/ccivil_03\/Leis\/L9279.htm\" target=\"_blank\" rel=\"noreferrer noopener\">Lei n\u00ba 9.279\/1996<\/a> (Lei de Propriedade Industrial), da&nbsp;<a href=\"http:\/\/www.planalto.gov.br\/ccivil_03\/leis\/l9609.htm\" target=\"_blank\" rel=\"noreferrer noopener\">Lei n\u00ba 9.609\/1998<\/a> (Programa de Computador), da&nbsp;<a href=\"http:\/\/www.planalto.gov.br\/ccivil_03\/leis\/L9456.htm\" target=\"_blank\" rel=\"noreferrer noopener\">Lei n\u00ba 9.456\/1997<\/a> (Lei de Cultivares) e da&nbsp;<a href=\"http:\/\/www.planalto.gov.br\/ccivil_03\/_ato2007-2010\/2007\/lei\/l11484.htm\" target=\"_blank\" rel=\"noreferrer noopener\">Lei n\u00ba 11.484\/2007<\/a> (Lei de Topografias de Circuitos Integrados).&nbsp;<\/p>\n\n\n\n<p><strong>Assim, caso a sua pesquisa cient\u00edfica tenha resultado em uma cria\u00e7\u00e3o tecnol\u00f3gica, ou inova\u00e7\u00e3o, favor comunicar por <\/strong><strong>e-mail (inova@reitoria.ufpb.br)&nbsp;e\/ou abrir processo seguindo o nosso Manual do Inventor:&nbsp;<a href=\"http:\/\/plone.ufpb.br\/inova\/contents\/manual-do-inventor\">aqui<\/a>.<\/strong><\/p>\n\n\n\n<p>Caso prefira apenas uma consulta por e-mail e, ap\u00f3s an\u00e1lise preliminar, a INOVA-UFPB poder\u00e1 solicitar mais informa\u00e7\u00f5es sobre o resultado comunicado ou sugerir que os criadores (ou pesquisadores) sigam o <a href=\"http:\/\/plone.ufpb.br\/inova\/contents\/manual-do-inventor\">Passo a passo P.I<\/a>.&nbsp;<\/p>\n\n\n\n<p>Por outro lado, se o resultado da pesquisa comunicada n\u00e3o for pass\u00edvel de prote\u00e7\u00e3o pelo Direito da Propriedade Industrial (<a href=\"http:\/\/www.planalto.gov.br\/ccivil_03\/Leis\/L9279.htm\" target=\"_blank\" rel=\"noreferrer noopener\">Lei n\u00ba 9.279\/1996<\/a>), os criadores (ou pesquisadores) ser\u00e3o informados pela INOVA-UFPB e poder\u00e3o, por sua conta, tomar provid\u00eancias para resguardar os Direitos Autorais de suas obras (diretamente via Biblioteca Nacional ou por meio de publica\u00e7\u00f5es via artigos, livros, manuais etc.). Ou seja, a INOVA-UFPB, ap\u00f3s ouvido os criadores (ou pesquisadores), emitir\u00e1 uma <strong>\u201cnegativa\u201d<\/strong> e sugerir\u00e1 outras formas de prote\u00e7\u00e3o do resultado da pesquisa cient\u00edfica.<\/p>\n\n\n\n<p>&#8212;&#8212;<\/p>\n\n\n\n<p><em>* &#8211; Cria\u00e7\u00e3o: <a href=\"http:\/\/plone.ufpb.br\/inova\/contents\/manual-do-inventor\/como-proteger-uma-patente\">inven\u00e7\u00e3o<\/a>, <a href=\"http:\/\/plone.ufpb.br\/inova\/contents\/manual-do-inventor\/como-proteger-uma-patente\">modelo de utilidade<\/a>, <a href=\"http:\/\/plone.ufpb.br\/inova\/contents\/manual-do-inventor\/como-proteger-uma-patente\">desenho industrial<\/a>, <a href=\"http:\/\/plone.ufpb.br\/inova\/contents\/manual-do-inventor\/como-proteger-um-programa-de-computador\">programa de computador<\/a>, <a href=\"http:\/\/plone.ufpb.br\/inova\/contents\/manual-do-inventor\/como-proteger-uma-topografia-de-circuito-integrado-chip\">topografia de circuito integrado<\/a>, nova cultivar ou cultivar essencialmente derivada e qualquer outro desenvolvimento tecnol\u00f3gico que acarrete ou possa acarretar o surgimento de novo produto, processo ou aperfei\u00e7oamento incremental, obtida por um ou mais criadores.<\/em><\/p>\n\n\n\n<p><em>** &#8211; Inova\u00e7\u00e3o: introdu\u00e7\u00e3o de novidade ou aperfei\u00e7oamento no ambiente produtivo ou social que resulte em novos produtos, processos ou servi\u00e7os.<\/em><\/p>\n","protected":false},"excerpt":{"rendered":"<p>Os pesquisadores dever\u00e3o comunicar suas cria\u00e7\u00f5es ou inova\u00e7\u00f5es com potencial tecnol\u00f3gico para a INOVA-UFPB antes [&hellip;]<\/p>\n","protected":false},"author":47,"featured_media":0,"parent":0,"menu_order":0,"comment_status":"closed","ping_status":"closed","template":"","meta":{"footnotes":""},"class_list":["post-36","page","type-page","status-publish","hentry"],"_links":{"self":[{"href":"https:\/\/www.ufpb.br\/inova\/wp-json\/wp\/v2\/pages\/36","targetHints":{"allow":["GET"]}}],"collection":[{"href":"https:\/\/www.ufpb.br\/inova\/wp-json\/wp\/v2\/pages"}],"about":[{"href":"https:\/\/www.ufpb.br\/inova\/wp-json\/wp\/v2\/types\/page"}],"author":[{"embeddable":true,"href":"https:\/\/www.ufpb.br\/inova\/wp-json\/wp\/v2\/users\/47"}],"replies":[{"embeddable":true,"href":"https:\/\/www.ufpb.br\/inova\/wp-json\/wp\/v2\/comments?post=36"}],"version-history":[{"count":1,"href":"https:\/\/www.ufpb.br\/inova\/wp-json\/wp\/v2\/pages\/36\/revisions"}],"predecessor-version":[{"id":38,"href":"https:\/\/www.ufpb.br\/inova\/wp-json\/wp\/v2\/pages\/36\/revisions\/38"}],"wp:attachment":[{"href":"https:\/\/www.ufpb.br\/inova\/wp-json\/wp\/v2\/media?parent=36"}],"curies":[{"name":"wp","href":"https:\/\/api.w.org\/{rel}","templated":true}]}}