{"id":364,"date":"2025-05-08T10:46:02","date_gmt":"2025-05-08T13:46:02","guid":{"rendered":"https:\/\/www.ufpb.br\/inova\/?page_id=364"},"modified":"2025-05-20T16:00:09","modified_gmt":"2025-05-20T19:00:09","slug":"editais-de-fomento","status":"publish","type":"page","link":"https:\/\/www.ufpb.br\/inova\/editais-de-fomento\/","title":{"rendered":"Editais externos de fomento"},"content":{"rendered":"\n<p><\/p>\n\n\n\n<p>A Ag\u00eancia Inova UFPB incentiva \u00e0s startups da Universidade a participarem dos editais de fomento a inova\u00e7\u00e3o lan\u00e7ados por diversas institui\u00e7\u00f5es, a exemplo do SENAI, CENTELHA, BNB, FINEP e PETROBR\u00c1S. Importante consultar a INOVA UFPB antes da submiss\u00e3o das propostas.<\/p>\n\n\n\n<p>Os editais objetivam fomentar o desenvolvimento de solu\u00e7\u00f5es inovadoras, visando aumentar a competitividade e sustentabilidade das micro e pequenas empresas e empresas de pequeno-m\u00e9dio porte, com recursos n\u00e3o reembols\u00e1veis.<\/p>\n\n\n\n<p>Os projetos a serem apresentados pelas startups e empresas dever\u00e3o ter como finalidade o desenvolvimento de novos produtos, servi\u00e7os ou processos e\/ou a agrega\u00e7\u00e3o de novas funcionalidades ou caracter\u00edsticas a produtos, servi\u00e7os ou processos j\u00e1 existentes.<\/p>\n\n\n\n<p>A UFPB poder\u00e1 ser indicada como Institui\u00e7\u00e3o part\u00edcipe na execu\u00e7\u00e3o do projeto, por meio da disponibiliza\u00e7\u00e3o de infraestrutura, de recursos humanos, equipamentos etc.<\/p>\n\n\n\n<p>Links dos Editais:<\/p>\n\n\n\n<p>FAROL DIGITAL &#8211; EDITAIS<\/p>\n\n\n\n<p>A Universidade Federal da Para\u00edba integra o Farol Digital por meio da assinatura do Pacto pela Inova\u00e7\u00e3o da Cidade de Jo\u00e3o Pessoa. No site do Farol Digital h\u00e1 not\u00edcias e divulga\u00e7\u00e3o de diversos editais de fomento e capacita\u00e7\u00e3o:<\/p>\n\n\n\n<p><a href=\"https:\/\/faroldigital.org.br\/editais\">https:\/\/faroldigital.org.br\/editais<\/a><\/p>\n\n\n\n<p>SENAI &#8211; EDITAIS<\/p>\n\n\n\n<p><a href=\"http:\/\/www.portaldaindustria.com.br\/canais\/plataforma-inovacao-para-a-industria\/\">http:\/\/www.portaldaindustria.com.br\/canais\/plataforma-inovacao-para-a-industria\/<\/a><\/p>\n\n\n\n<p>CENTELHA &#8211; EDITAIS<\/p>\n\n\n\n<p><a href=\"https:\/\/programacentelha. com.br\/pb\">https:\/\/programacentelha.com.br\/pb<\/a><\/p>\n\n\n\n<p>BNB &#8211; EDITAIS<\/p>\n\n\n\n<p><a href=\"https:\/\/www.bnb.gov.br\/fundeci\/editais\">https:\/\/www.bnb.gov.br\/fundeci\/editais<\/a><\/p>\n\n\n\n<p>FINEP &#8211; EDITAIS<\/p>\n\n\n\n<p><a href=\"http:\/\/www.finep.gov.br\/chamadas-publicas?situacao=aberta\">http:\/\/www.finep.gov.br\/chamadas-publicas?situacao=aberta<\/a><\/p>\n\n\n\n<p>PETROBRAS &#8211; EDITAIS<\/p>\n\n\n\n<p><a href=\"https:\/\/tecnologia.petrobras.com.br\/modulo-startups.html\">https:\/\/tecnologia.petrobras.com.br\/modulo-startups.html<\/a><\/p>\n","protected":false},"excerpt":{"rendered":"<p>A Ag\u00eancia Inova UFPB incentiva \u00e0s startups da Universidade a participarem dos editais de fomento [&hellip;]<\/p>\n","protected":false},"author":270,"featured_media":0,"parent":0,"menu_order":0,"comment_status":"closed","ping_status":"closed","template":"","meta":{"footnotes":""},"class_list":["post-364","page","type-page","status-publish","hentry"],"_links":{"self":[{"href":"https:\/\/www.ufpb.br\/inova\/wp-json\/wp\/v2\/pages\/364","targetHints":{"allow":["GET"]}}],"collection":[{"href":"https:\/\/www.ufpb.br\/inova\/wp-json\/wp\/v2\/pages"}],"about":[{"href":"https:\/\/www.ufpb.br\/inova\/wp-json\/wp\/v2\/types\/page"}],"author":[{"embeddable":true,"href":"https:\/\/www.ufpb.br\/inova\/wp-json\/wp\/v2\/users\/270"}],"replies":[{"embeddable":true,"href":"https:\/\/www.ufpb.br\/inova\/wp-json\/wp\/v2\/comments?post=364"}],"version-history":[{"count":2,"href":"https:\/\/www.ufpb.br\/inova\/wp-json\/wp\/v2\/pages\/364\/revisions"}],"predecessor-version":[{"id":474,"href":"https:\/\/www.ufpb.br\/inova\/wp-json\/wp\/v2\/pages\/364\/revisions\/474"}],"wp:attachment":[{"href":"https:\/\/www.ufpb.br\/inova\/wp-json\/wp\/v2\/media?parent=364"}],"curies":[{"name":"wp","href":"https:\/\/api.w.org\/{rel}","templated":true}]}}