{"id":367,"date":"2025-05-08T10:48:09","date_gmt":"2025-05-08T13:48:09","guid":{"rendered":"https:\/\/www.ufpb.br\/inova\/?page_id=367"},"modified":"2025-05-20T15:51:47","modified_gmt":"2025-05-20T18:51:47","slug":"cursos-para-startups","status":"publish","type":"page","link":"https:\/\/www.ufpb.br\/inova\/cursos-para-startups\/","title":{"rendered":"Trilha de incuba\u00e7\u00e3o"},"content":{"rendered":"\n<p><\/p>\n\n\n\n<p><em>1. Cria\u00e7\u00e3o de Startups: Como desenvolver neg\u00f3cios inovadores<br><\/em>Esse \u00e9 um curso introdut\u00f3rio sobre cria\u00e7\u00e3o de\u00a0<em>startups<\/em>, ele \u00e9 composto por aulas te\u00f3ricas que abordam m\u00e9todos como\u00a0<em>Customer Development<\/em>\u00a0e\u00a0<em>Lean Startup<\/em>, e aulas pr\u00e1ticas com empreendedores das maiores\u00a0<em>startups<\/em>\u00a0brasileiras\u00a0compartilhando suas experi\u00eancias sobre o assunto. Neste curso ser\u00e3o abordados os seguintes temas:<\/p>\n\n\n\n<p>1) Comportamento de um empreendedor;<br>2) Como analisar e explorar o mercado para a sua ideia;<br>3) Como interagir e entender o usu\u00e1rio;<br>4) como validar a sua ideia;<br>5) t\u00f3picos em marketing digital, opera\u00e7\u00f5es, produto, investimentos e ecossistema.<\/p>\n\n\n\n<p>Ao final desse curso, esperamos que voc\u00ea esteja familiarizado com os principais conceitos e metodologias de cria\u00e7\u00e3o de&nbsp;<em>startups<\/em>. Para melhorar o seu aprendizado, trabalhe com uma ideia ou um projeto e tente trabalhar nas entregas&nbsp;opcionais ao final de cada m\u00f3dulo.<\/p>\n\n\n\n<p>Acesso ao curso:<br><a href=\"https:\/\/www.coursera.org\/learn\/criacao-startups#syllabus\" target=\"_blank\" rel=\"noreferrer noopener\">https:\/\/www.coursera.org\/learn\/criacao-startups#syllabus<\/a><\/p>\n\n\n\n<p><em>2. Consolidando empresas: Estrutura jur\u00eddica e financeira<br><\/em>Com a presen\u00e7a de profissionais nas \u00e1reas de direito, contabilidade e investimento, aprenda como oficializar a sua&nbsp;empresa. Entenda mais sobre como conseguir um CNPJ, como oficializar uma sociedade e as min\u00facias de capital SA,&nbsp;LTDA e EIRELI. Aprenda os diferentes tipos de contrata\u00e7\u00e3o, regulamenta\u00e7\u00e3o, como funcionam investimentos e&nbsp;<em>valuation<\/em>&nbsp;para&nbsp;<em>startups<\/em>, b\u00e1sicos em planejamento fiscal e gest\u00e3o financeira, como funciona a prote\u00e7\u00e3o intelectual, entre&nbsp;outros temas importantes para dar o pr\u00f3ximo passo no seu neg\u00f3cio.&nbsp;Neste curso ser\u00e3o abordados os seguintes temas:<\/p>\n\n\n\n<p>1) Primeiros passos para abrir a sua&nbsp;<em>startup<\/em>;<br>2) Direito Trabalhista;<br>3) Regulamenta\u00e7\u00f5es;<br>4)&nbsp;<em>Valuation<\/em>&nbsp;e Investimentos (o que s\u00e3o e quando buscar);<br>5) Direito tribut\u00e1rio;<br>6) M&amp;A (<em>Mergers and Acquisitions<\/em>);<br>7) Modelos de neg\u00f3cios;<br>8) Gest\u00e3o financeira;<br>9) Prote\u00e7\u00e3o intelectual.<\/p>\n\n\n\n<p>Ao final desse curso, esperamos que voc\u00ea esteja familiarizado com os principais conceitos, ferramentas e princ\u00edpios de&nbsp;como regulamentar a sua empresa, como geri-la financeiramente, como encontrar o seu modelo de neg\u00f3cio e como lidar&nbsp;com investimentos e investidores.<\/p>\n\n\n\n<p>Acesso ao curso:<br><a href=\"https:\/\/www.coursera.org\/learn\/consolidando-empresas#syllabus\" target=\"_blank\" rel=\"noreferrer noopener\">https:\/\/www.coursera.org\/learn\/consolidando-empresas#syllabus<\/a><\/p>\n\n\n\n<p><em>3. Disciplina de empreendedorismo e inova\u00e7\u00e3o<\/em><\/p>\n\n\n\n<p>Sobre o curso:&nbsp;<\/p>\n\n\n\n<p>1) Empreendedorismo: Come\u00e7ando do come\u00e7o;<br>2) Atitude empreendedora;<br>3) Potencializando o poder criativo;<br>4) Inspira\u00e7\u00e3o inovadora;<br>5) Ferramentas: Problema x Solu\u00e7\u00e3o;<br>6) Validando hip\u00f3teses;<br>7) Proposta de valor e segmentos de clientes;<br>8) Modelagem: Gerando receita;<br>9) Conseguindo investimento.<\/p>\n\n\n\n<p>Acesso ao curso:<br>https:\/\/sebrae.com.br\/sites\/PortalSebrae\/cursosonline\/disciplina-de-empreendedorismo-e-inovacao,f7b44d80c0949710VgnVCM100000d701210aRCRD<\/p>\n\n\n\n<p><em>4. Propriedade intelectual para Startups<\/em><\/p>\n\n\n\n<p>Objetivo:&nbsp;Marcas, patentes e alternativas de apoio na busca de financiamento para projetos de pesquisa e desenvolvimento.<\/p>\n\n\n\n<p>Acesso ao curso:<br>https:\/\/sebrae.com.br\/sites\/PortalSebrae\/cursosonline\/propriedade-intelectual-para-startups,fecfb71da3b00710VgnVCM1000004c00210aRCRD<\/p>\n\n\n\n<p><\/p>\n","protected":false},"excerpt":{"rendered":"<p>1. Cria\u00e7\u00e3o de Startups: Como desenvolver neg\u00f3cios inovadoresEsse \u00e9 um curso introdut\u00f3rio sobre cria\u00e7\u00e3o de\u00a0startups, [&hellip;]<\/p>\n","protected":false},"author":270,"featured_media":0,"parent":0,"menu_order":0,"comment_status":"closed","ping_status":"closed","template":"","meta":{"footnotes":""},"class_list":["post-367","page","type-page","status-publish","hentry"],"_links":{"self":[{"href":"https:\/\/www.ufpb.br\/inova\/wp-json\/wp\/v2\/pages\/367","targetHints":{"allow":["GET"]}}],"collection":[{"href":"https:\/\/www.ufpb.br\/inova\/wp-json\/wp\/v2\/pages"}],"about":[{"href":"https:\/\/www.ufpb.br\/inova\/wp-json\/wp\/v2\/types\/page"}],"author":[{"embeddable":true,"href":"https:\/\/www.ufpb.br\/inova\/wp-json\/wp\/v2\/users\/270"}],"replies":[{"embeddable":true,"href":"https:\/\/www.ufpb.br\/inova\/wp-json\/wp\/v2\/comments?post=367"}],"version-history":[{"count":2,"href":"https:\/\/www.ufpb.br\/inova\/wp-json\/wp\/v2\/pages\/367\/revisions"}],"predecessor-version":[{"id":475,"href":"https:\/\/www.ufpb.br\/inova\/wp-json\/wp\/v2\/pages\/367\/revisions\/475"}],"wp:attachment":[{"href":"https:\/\/www.ufpb.br\/inova\/wp-json\/wp\/v2\/media?parent=367"}],"curies":[{"name":"wp","href":"https:\/\/api.w.org\/{rel}","templated":true}]}}