{"id":388,"date":"2025-05-08T11:40:48","date_gmt":"2025-05-08T14:40:48","guid":{"rendered":"https:\/\/www.ufpb.br\/inova\/?page_id=388"},"modified":"2026-01-22T16:57:55","modified_gmt":"2026-01-22T19:57:55","slug":"premiados-em-2016","status":"publish","type":"page","link":"https:\/\/www.ufpb.br\/inova\/premio-delby-medeiros\/premiados-em-2016\/","title":{"rendered":"Premiados em 2016"},"content":{"rendered":"\n<p>Premia\u00e7\u00e3o referente \u00e0s cria\u00e7\u00f5es protegidas em 2015 pela INOVA-UFPB.<\/p>\n\n\n\n<figure class=\"wp-block-gallery has-nested-images columns-default is-cropped wp-block-gallery-1 is-layout-flex wp-block-gallery-is-layout-flex\">\n<figure class=\"wp-block-image size-large\"><img loading=\"lazy\" decoding=\"async\" width=\"748\" height=\"456\" data-id=\"391\" src=\"https:\/\/www.ufpb.br\/inova\/wp-content\/uploads\/sites\/79\/sites\/285\/2025\/05\/2016-1.jpeg\" alt=\"\" class=\"wp-image-391\" srcset=\"https:\/\/www.ufpb.br\/inova\/wp-content\/uploads\/sites\/79\/sites\/285\/2025\/05\/2016-1.jpeg 748w, https:\/\/www.ufpb.br\/inova\/wp-content\/uploads\/sites\/79\/sites\/285\/2025\/05\/2016-1-300x183.jpeg 300w\" sizes=\"auto, (max-width: 748px) 100vw, 748px\" \/><\/figure>\n\n\n\n<figure class=\"wp-block-image size-large\"><img loading=\"lazy\" decoding=\"async\" width=\"684\" height=\"513\" data-id=\"389\" src=\"https:\/\/www.ufpb.br\/inova\/wp-content\/uploads\/sites\/79\/sites\/285\/2025\/05\/2016-2.jpeg\" alt=\"\" class=\"wp-image-389\" srcset=\"https:\/\/www.ufpb.br\/inova\/wp-content\/uploads\/sites\/79\/sites\/285\/2025\/05\/2016-2.jpeg 684w, https:\/\/www.ufpb.br\/inova\/wp-content\/uploads\/sites\/79\/sites\/285\/2025\/05\/2016-2-300x225.jpeg 300w\" sizes=\"auto, (max-width: 684px) 100vw, 684px\" \/><\/figure>\n\n\n\n<figure class=\"wp-block-image size-large\"><img loading=\"lazy\" decoding=\"async\" width=\"684\" height=\"513\" data-id=\"390\" src=\"https:\/\/www.ufpb.br\/inova\/wp-content\/uploads\/sites\/79\/sites\/285\/2025\/05\/2016-3.jpeg\" alt=\"\" class=\"wp-image-390\" srcset=\"https:\/\/www.ufpb.br\/inova\/wp-content\/uploads\/sites\/79\/sites\/285\/2025\/05\/2016-3.jpeg 684w, https:\/\/www.ufpb.br\/inova\/wp-content\/uploads\/sites\/79\/sites\/285\/2025\/05\/2016-3-300x225.jpeg 300w\" sizes=\"auto, (max-width: 684px) 100vw, 684px\" \/><\/figure>\n<\/figure>\n\n\n\n<p><strong>CATEGORIA PATENTES:<\/strong><\/p>\n\n\n\n<p>1.&#8221;PRODUTO NUTRAC\u00caUTICO LIOFILIZADO DE&nbsp;<em>SOLANUM TUBEROSUM<\/em>&nbsp;PARA TRATAR \u00daLCERAS P\u00c9PTICAS G\u00c1STRICAS&#8221; (BR102015005251-0) &#8211; Inventores:&nbsp;Carolina Leal de Albuquerque,&nbsp;Carlos Alberto de Almeida Gadelha,&nbsp;Tatiane Santi Gadelha,&nbsp;Vicente de Paulo Teixeira Pinto<strong>,&nbsp;<\/strong>Gerardo Cristino Filho,&nbsp;Hell\u00edada Vasconcelos Chaves,&nbsp;Antonio Alfredo Rodrigues e Silva,&nbsp;Gerly Anne de Castro Brito,&nbsp;Mirna Marques Bezerra,&nbsp;Isabela Ribeiro Pinto,&nbsp;Samuel Mateus Pereira Filho.<\/p>\n\n\n\n<p>2.&#8221;MECANISMO DE MANEJO DE COLHEITADEIRA DE CANA-DE-A\u00c7\u00daCAR INTEIRA&#8221; (<strong><\/strong>BR102015005814-4) &#8211; Inventores:&nbsp;Danilo Carlos Bastos da Silva,&nbsp;Renan Aversari C\u00e2mara.<\/p>\n\n\n\n<p>3.&#8221;COMPOSTO FARMAC\u00caUTICO DERIVADO DO \u00c1CIDO SELENOGLIC\u00d3LICO PARA TRATAMENTO DO C\u00c2NCER&#8221; (BR102015005553-6)&nbsp; &#8211;&nbsp; Inventor:&nbsp;Manoel Adri\u00e3o Gomes Filho.<\/p>\n\n\n\n<p>4.&#8221;PROCESSO E ADITIVO PARA AUMENTAR A CETANAGEM DE COMBUST\u00cdVEIS L\u00cdQUIDOS&#8221; (BR102015010092-2) &#8211; Inventores:&nbsp;Maria Cl\u00e1udia Rodrigues Brand\u00e3o,&nbsp;Petr\u00f4nio Filgueiras de Athayde Filho,&nbsp;Jos\u00e9 Maria Barbosa Filho.<\/p>\n\n\n\n<p>5.&#8221;DISPOSITIVO PARA RECONHECIMENTO DE CHORO DE BEB\u00ca ATRAV\u00c9S DE PROCESSAMENTO DIGITAL DE SINAIS COM UNIDADE VIBRAT\u00d3RIA PARA ALERTA DE RESPONS\u00c1VEIS&#8221; (BR102015012753-7) &#8211; Inventores:&nbsp;Ana Caline Escari\u00e3o de Oliveira,&nbsp;Antonio Augusto Lisboa de Sousa,&nbsp;Cain\u00e3 Naz\u00e1rio Costa,&nbsp;Kl\u00e9ber da Silva Barros,&nbsp;Higo Thaian Pereira da Silva,&nbsp;Jonathan Jefferson Pareira Moura,&nbsp;Juan Moises Mauricio Villanueva.<\/p>\n\n\n\n<p>6.&#8221;DERIVADOS 2-AMINO-TIOF\u00caNICOS E SEUS USOS PARA O TRATAMENTO DAS LEISHMANIOSES&#8221; (BR102015012750-2) &#8211; Inventores:&nbsp;M\u00e1rcia Rosa de Oliveira,&nbsp;Klinger Antonio de Franca Rodrigues,&nbsp;Ricardo Ol\u00edmpio de Moura,&nbsp;Francisco Jaime Bezerra Mendon\u00e7a Junior.<\/p>\n\n\n\n<p>7.&#8221;QUEIJO COALHO DE LEITE DE CABRA (ISOLADO OU EM MISTURA COM LEITE DE VACA) MATURADO&#8221; (BR102015016208-1) &#8211; Inventores:&nbsp;B\u00e1rbara Melo Santos do Nascimento, Rita de C\u00e1ssia Ramos do Egypto Queiroga,&nbsp;Maria Manuela Estevez Pintado,&nbsp;Ana Maria Pereira Gomes.<\/p>\n\n\n\n<p>8.&#8221;PROCESSO SEQUENCIAL DE OBTEN\u00c7\u00c3O DE MANOPROTEINA E \u03b2-GLUCANA E A PARTIR DE LEVEDURA DESCARTADA EM CERVEJARIA&#8221; (BR102015016211-1) &#8211; Inventores:&nbsp;Marciane Magnani,&nbsp;Raul Jorge Hernan Castro Gomez,&nbsp;Evandro Leite de Souza,&nbsp;Adma Nadja Ferreira de Melo,&nbsp;Vilma Barbosa da Silva Ara\u00fajo,&nbsp;Robson Cavalcante Veras.<\/p>\n\n\n\n<p>9.&#8221;M\u00c9TODO DE PRODU\u00c7\u00c3O DE QUEIJO CAPRINO TIPO RICOTA PROBI\u00d3TICO&#8221;&nbsp;<strong>(<\/strong>BR102015016223-5) &#8211; Inventores:&nbsp;Qu\u00eania Gramile Silva Meira,&nbsp;Evandro Leite Souza,&nbsp;Marciane Magnani,&nbsp;Rita de C\u00e1ssia Ramos do Egypto Queiroga.<\/p>\n\n\n\n<p>10.&#8221;PROCESSO DE OBTEN\u00c7\u00c3O DE UM EXTRATO AQUOSO COM A\u00c7\u00c3O BRONCODILATADORA, ANTIAL\u00c9RGICA E ANTI-INFLAMAT\u00d3RIAA PARTIR DO SACH\u00ca DAS FOLHAS CISSAMPELOS SYMPODIALIS UTILIZADO EM ESTUDO CL\u00cdNICO&#8221; (<strong><\/strong>BR102015017007-6) &#8211; Inventores:&nbsp;Liane Franco Barros Mangueira,&nbsp;Margareth de F\u00e1tima Formiga Melo Diniz.<\/p>\n\n\n\n<p>11.&#8221;GEL ANTIBACTERIANO CONTENDO CINAMALDEIDO ENCAPSULADO EM BETA-CICLODEXTRINA&#8221; (BR102015017325-3) &#8211; Inventores:&nbsp;Allan de Jesus dos Reis Albuquerque,&nbsp;F\u00e1bio Correia Sampaio,&nbsp;Raimundo Aprigio de Menezes Junior,&nbsp;Carlos Christiano Lima dos Santos,&nbsp;Juliano Elvis Oliveira,&nbsp;Roberta Ferreti Bonan Dantas Batista,&nbsp;Horacinna Maria de Medeiros Cavalvante,&nbsp;Hilzeth de Luna Freire Pessoa.<\/p>\n\n\n\n<p>12.&#8221;PROCESSO PARA A OBTEN\u00c7\u00c3O DE COMP\u00d3SITOS DE MATRIZ MET\u00c1LICA \u00c0 BASE N\u00cdQUEL CARBONILA COM A ADI\u00c7\u00c3O DE TAC E\/OU NBC&#8221;&nbsp;<strong>(<\/strong>BR102015019780-2) &#8211; Inventores:&nbsp;Maria Roseane de Pontes Fernandes,&nbsp;Nelmo Klein,&nbsp;Antonio Eduardo Martinelli,&nbsp;Gisele Hammes,&nbsp;Cristiano Binder,&nbsp;Rubens Maribondo do Nascimento.<\/p>\n\n\n\n<p>13.&#8221;PROCESSO DE OBTEN\u00c7\u00c3O DE HIDROLISADO PROT\u00c9ICO FRACIONADO PREPARADO A PARTIR DE V\u00cdSCERAS CAPRINAS&#8221; (BR102015023135-0) &#8211; Inventores:&nbsp;Marta Suely Madruga,&nbsp;Angela Lima Men\u00eases de Queiroz,&nbsp;Maria Teresa Bertoldo Pachedo,&nbsp;Maria Manuela Estevez Pintado.<\/p>\n\n\n\n<p>14.&#8221;PROCESSO DE PRODU\u00c7\u00c3O DE POLIHIDROXIBUTIRATO POR BACT\u00c9RIA DO G\u00caNERO BACILLUS UTILIZANDO CALDO&nbsp;DE CANA-DE-A\u00c7UCAR&#8221; (BR102015027786-5) &#8211; Inventores:&nbsp;Demetrius Antonio Machado de Ara\u00fajo,&nbsp;&nbsp;Priscilla Anne Castro de Assis,&nbsp;Teresa Cristina Soares de Lima Grisi,&nbsp;Wagner Andr\u00e9 Vieira da Silva,&nbsp;F\u00e1bio Pedrosa Lins Silva,&nbsp;M\u00e1rio Luiz de Almeida Ara\u00fajo Vasconcellos,&nbsp;&nbsp;Juliana Alves Vale.<\/p>\n\n\n\n<p>15.&#8221;PRODUTO PLASTIFICANTE E RETARDADOR DE TEMPO DE PEGA \u00c1 BASE DA MUCILAGEM DA OPUNTA FICUS-INDICA E NOPALEA COCHENILLIFERA PARA PASTAS DE GESSO&#8221; (BR102015027784-9) &#8211; Inventores:&nbsp;Aline Gomes de Sousa Monteiro,&nbsp;Normando Perazzo Barbosa.<\/p>\n\n\n\n<p>16.&#8221;INSTRUMENTO DE VERIFICA\u00c7\u00c3O DE LEGIBILIDADE DE CARACTERES ALFANUM\u00c9RICOS EM DOCUMENTOS&#8221; (BR102015027783-0) &#8211; Inventores:&nbsp;Isaac Newton Cesarino da N\u00f3brega Alves,&nbsp;Guilherme Ataide Dias.<\/p>\n\n\n\n<p>17.&#8221;ANALISADOR ELETR\u00d4NICO DE COMPONENTES DE MISTURA PELA POLARIZA\u00c7\u00c3O DIPOLAR PARA LABORAT\u00d3RIO E CONTROLE DE PROCESSOS&#8221; (BR102015029741-6) &#8211;&nbsp; Inventores:&nbsp;Abel Cavalcante Lima Filho,&nbsp;Francisco Ant\u00f4nio Belo,&nbsp;T\u00e1ssio Alessandro Borges da Silva,&nbsp;Jobson Francisco da Silva,&nbsp;Pedro Granville Gon\u00e7alves,&nbsp;Marc\u00e9u Oliveira Adissi,&nbsp;Di\u00f3genes Montenegro Gomes de Brito Silva,&nbsp;Ruan Delgado Gomes.<\/p>\n\n\n\n<p>18.&#8221;FITA INDIVIDUALIZADA DA RAZ\u00c3O CINTURA\/ESTATURA PARA PREVEN\u00c7\u00c3O DE DOEN\u00c7AS CARDIOMETAB\u00d3LICAS&#8221; (BR102015029742-4) &#8211; Inventor:&nbsp;Caroline de Oliveira Martins.<\/p>\n\n\n\n<p>19.&#8221;TRANSPORTADOR BORBOLETA PARA COLETA DE MATERIAL RECICL\u00c1VEL&#8221; (BR102015029744-0) &#8211; Inventor:&nbsp;Tatiana Rita de Lima Nascimento.<\/p>\n\n\n\n<p>20.&#8221;PROCESSO ENZIM\u00c1TICO PARA OBTEN\u00c7\u00c3O DE HIDROLISADO COM POTENCIAL ANTIOXIDANTE A PARTIR DO CONCENTRADO PROTEICO DE QUIABO (Abelmoschus esculentus L. Moench)&#8221; (BR102015030806-0) &#8211; Inventores:&nbsp;Edilza Silva do Nascimento,&nbsp;Carlos Alberto de Almeida Gadelha, Maria Teresa Bertoldo Pacheco,&nbsp;Fl\u00e1vio Luiz Honorato da Silva,&nbsp;Tatiane Santi Gadelha.<\/p>\n\n\n\n<p>21.&#8221;DISPOSITIVO INTRA-ORAL PARA CONTEN\u00c7\u00c3O E PERMAN\u00caNCIA DE ESTRUTURAS MEDICAMENTOSAS EM CAVIDADES ORAIS DE ANIMAIS PARA PESQUISAS&#8221; (BR102015030803-5) &#8211; Inventor:&nbsp;Ant\u00f4nio Carlos Lopes Branco.<\/p>\n\n\n\n<p>22.&#8221;PROCESSO DE OBTEN\u00c7\u00c3O DE ZE\u00d3LITAS SINT\u00c9TICAS ORGANOF\u00cdLICAS PARA APLICA\u00c7\u00c3O COMO AGENTE VISCOSIFICANTE EM FLUIDOS DE PERFURA\u00c7\u00c3O BASE \u00d3LEO&#8221; (BR102015030808-6) &#8211; Inventores:&nbsp;Fabiana Kelly de Medeiros,&nbsp;Camila Tavares Brasileiro,&nbsp;Ayane Maria Teixeira Rodrigues,&nbsp;Hevair Castro Silva,&nbsp;Heber Sivini Ferreira.<\/p>\n\n\n\n<p><strong>CATEGORIA PROGRAMA DE COMPUTADOR:<\/strong><\/p>\n\n\n\n<p>1.&#8221;SISTEMAT X&#8221; (BR512015000073-0) &#8211; Inventores:&nbsp;Marcus Tullius Scotti,&nbsp;Ricardo Stefani, Fernando Batista da Costa,&nbsp;\u00c1lisson de Lima Farias,&nbsp;Patrick Herbeth Guimar\u00e3es Azevedo,&nbsp;Fagner Silva Martins,&nbsp;Leonardo Rodrigues de Almeida,&nbsp;Silas Yudi Konno de Oliveira Santos,&nbsp;Rodrigo Andr\u00e9s de Barros Rojas,&nbsp;Luciana Scotti.<\/p>\n\n\n\n<p>2.&#8221;RASTREIO DE C\u00c2NCER DE BOCA&#8221;&nbsp;<strong>(<\/strong>BR512015000682-7) &#8211; Inventores: Paulo Rog\u00e9rio Ferreti Bonan,&nbsp;Mayra Sousa Gomes.<\/p>\n\n\n\n<p>3.&#8221;SIMCEC- SIMULADOR COLABORATIVO PARA EDUCA\u00c7\u00c3O CIR\u00daRGICA&#8221; (BR512015001253-3) &#8211;&nbsp;Inventores: Liliane dos Santos Machado,&nbsp;Ana Maria Gondim Valen\u00e7a,&nbsp;Ronei Marcos de Moraes, Paulo Vin\u00edcius de Farias Paiva,&nbsp;Thiago Vin\u00edcius Vieira Batista.<\/p>\n\n\n\n<p>4.&#8221;CALIBRADOR H\u00c1PTICO&#8221;&nbsp;<strong>(<\/strong>BR512015001433-1) &#8211;&nbsp;Inventores: Liliane dos Santos Machado,&nbsp;Davi Campos Gomes.<\/p>\n\n\n\n<p>5.&#8221;REDE GAUNB &#8211; PAR\u00c2METROS FUZZY&#8221; (BR512015001434-0) &#8211; Inventores: Ronei Marcos de Moraes,&nbsp;Jodavid de Ara\u00fajo Ferreira.<\/p>\n\n\n\n<p>6.&#8221;UMA AVENTURA NA FLORESTA DA DENTOL\u00c2NDIA&#8221; (BR512015001512-5) &#8211; Inventores: Liliane dos Santos Machado,&nbsp;Ana Maria Gondim Valen\u00e7a,&nbsp;Ives Fernando Martins Santos de Moura,&nbsp;Alana Marques de Morais.<\/p>\n\n\n\n<p>7.&#8221;SIMTAMI &#8211; SIMULADOR DE TREINAMENTO DA ADMINISTRA\u00c7\u00c3O DE MEDICAMENTOS INJET\u00c1VEIS&#8221;&nbsp; (BR512015001513-3) &#8211;&nbsp;Inventores: Liliane dos Santos Machado,&nbsp;Eline Raquel de Macedo,&nbsp;Ronei Marcos de Moraes,&nbsp;Thiago Vin\u00edcius Vieira Batista,&nbsp;Tamela Costa.<\/p>\n\n\n\n<p><strong>CATEGORIA&nbsp;DESENHO INDUSTRIAL:<\/strong><\/p>\n\n\n\n<p>1.&#8221;CONFIGURA\u00c7\u00c3O ORNAMENTAL APLICADA EM BAB\u00c1 ELETR\u00d4NICA&#8221; (BR302015002055-5) &#8211; inventores:&nbsp;Ana Caline Escari\u00e3o de Oliveira,&nbsp;Cain\u00e3 Naz\u00e1rio Costa,&nbsp;Kl\u00e9ber da Silva Barros.<\/p>\n\n\n\n<p><\/p>\n","protected":false},"excerpt":{"rendered":"<p>Premia\u00e7\u00e3o referente \u00e0s cria\u00e7\u00f5es protegidas em 2015 pela INOVA-UFPB. CATEGORIA PATENTES: 1.&#8221;PRODUTO NUTRAC\u00caUTICO LIOFILIZADO DE&nbsp;SOLANUM [&hellip;]<\/p>\n","protected":false},"author":270,"featured_media":0,"parent":79,"menu_order":1,"comment_status":"closed","ping_status":"closed","template":"","meta":{"footnotes":""},"class_list":["post-388","page","type-page","status-publish","hentry"],"_links":{"self":[{"href":"https:\/\/www.ufpb.br\/inova\/wp-json\/wp\/v2\/pages\/388","targetHints":{"allow":["GET"]}}],"collection":[{"href":"https:\/\/www.ufpb.br\/inova\/wp-json\/wp\/v2\/pages"}],"about":[{"href":"https:\/\/www.ufpb.br\/inova\/wp-json\/wp\/v2\/types\/page"}],"author":[{"embeddable":true,"href":"https:\/\/www.ufpb.br\/inova\/wp-json\/wp\/v2\/users\/270"}],"replies":[{"embeddable":true,"href":"https:\/\/www.ufpb.br\/inova\/wp-json\/wp\/v2\/comments?post=388"}],"version-history":[{"count":1,"href":"https:\/\/www.ufpb.br\/inova\/wp-json\/wp\/v2\/pages\/388\/revisions"}],"predecessor-version":[{"id":392,"href":"https:\/\/www.ufpb.br\/inova\/wp-json\/wp\/v2\/pages\/388\/revisions\/392"}],"up":[{"embeddable":true,"href":"https:\/\/www.ufpb.br\/inova\/wp-json\/wp\/v2\/pages\/79"}],"wp:attachment":[{"href":"https:\/\/www.ufpb.br\/inova\/wp-json\/wp\/v2\/media?parent=388"}],"curies":[{"name":"wp","href":"https:\/\/api.w.org\/{rel}","templated":true}]}}