{"id":79,"date":"2025-04-16T11:12:07","date_gmt":"2025-04-16T14:12:07","guid":{"rendered":"https:\/\/www.ufpb.br\/inova\/?page_id=79"},"modified":"2026-02-25T16:10:00","modified_gmt":"2026-02-25T19:10:00","slug":"premio-delby-medeiros","status":"publish","type":"page","link":"https:\/\/www.ufpb.br\/inova\/premio-delby-medeiros\/","title":{"rendered":"Pr\u00eamio Delby Medeiros"},"content":{"rendered":"\n<p>O Pr\u00eamio de Inova\u00e7\u00e3o Tecnol\u00f3gica Professor Delby Fernandes de Medeiros visa reconhecer os esfor\u00e7os de pesquisa tecnol\u00f3gica aplicada dos docentes, discentes e\/ou t\u00e9cnico-administrativos realizados no ano base anterior ao evento de premia\u00e7\u00e3o.<\/p>\n\n\n\n<figure class=\"wp-block-image size-full\"><img loading=\"lazy\" decoding=\"async\" width=\"748\" height=\"343\" src=\"https:\/\/www.ufpb.br\/inova\/wp-content\/uploads\/sites\/79\/sites\/285\/2025\/04\/130febc0-1c6e-49e0-9f40-a0cabf6b6171.png\" alt=\"\" class=\"wp-image-80\" srcset=\"https:\/\/www.ufpb.br\/inova\/wp-content\/uploads\/sites\/79\/sites\/285\/2025\/04\/130febc0-1c6e-49e0-9f40-a0cabf6b6171.png 748w, https:\/\/www.ufpb.br\/inova\/wp-content\/uploads\/sites\/79\/sites\/285\/2025\/04\/130febc0-1c6e-49e0-9f40-a0cabf6b6171-300x138.png 300w\" sizes=\"auto, (max-width: 748px) 100vw, 748px\" \/><\/figure>\n\n\n\n<p>O professor Delby Fernandes de Medeiros foi um abnegado em nome da Farm\u00e1cia. Dedicou toda sua vida profissional \u00e0 cria\u00e7\u00e3o e manuten\u00e7\u00e3o do Laborat\u00f3rio de Tecnologia Farmac\u00eautica (LTF) da Universidade Federal da Para\u00edba (UFPB). Esteve presente no LTF desde o lan\u00e7amento da pedra fundamental, tendo trabalhado com afinco em todas as etapas da constru\u00e7\u00e3o. Foi seu Diretor por 25 anos.&nbsp;<\/p>\n\n\n\n<p>Sua ideia de fundar o LTF se baseou na sua vis\u00e3o de que o estudante deveria &#8220;aprender fazendo&#8221;. Lutou bravamente para que os m\u00e9dicos e hospitais regionais aceitassem e utilizassem os medicamentos ali produzidos. Ao cabo de alguns anos o LTF j\u00e1 contava com uma linha de produ\u00e7\u00e3o de mais de 200 medicamentos, cosm\u00e9ticos e saneantes distribu\u00eddos por uma grande parte da rede de hospitais p\u00fablicos do Estado da Para\u00edba, atendendo tamb\u00e9m a alguns hospitais particulares.&nbsp;<\/p>\n\n\n\n<p><\/p>\n\n\n<div class=\"wp-block-image\">\n<figure class=\"aligncenter size-full is-resized\"><img loading=\"lazy\" decoding=\"async\" width=\"594\" height=\"717\" src=\"http:\/\/www.ufpb.br\/inova\/wp-content\/uploads\/sites\/79\/sites\/285\/2025\/08\/Delby.jpg\" alt=\"\" class=\"wp-image-636\" style=\"width:287px;height:auto\" srcset=\"https:\/\/www.ufpb.br\/inova\/wp-content\/uploads\/sites\/79\/sites\/285\/2025\/08\/Delby.jpg 594w, https:\/\/www.ufpb.br\/inova\/wp-content\/uploads\/sites\/79\/sites\/285\/2025\/08\/Delby-249x300.jpg 249w\" sizes=\"auto, (max-width: 594px) 100vw, 594px\" \/><\/figure>\n<\/div>\n\n\n<p><\/p>\n\n\n\n<p>Vision\u00e1rios, o Prof. Delby,&nbsp;como era conhecido por todos que o admiravam, resolveu, ent\u00e3o, criar um programa de p\u00f3s-gradua\u00e7\u00e3o na UFPB. Tratava-se do Mestrado em Produtos Naturais &#8211; Farmacologia e Qu\u00edmica (atualmente Programa de P\u00f3s-Gradua\u00e7\u00e3o em Produtos Naturais e Sint\u00e9ticos Bioativos), uma inova\u00e7\u00e3o na \u00e1rea, pois todos os outros programas de produtos naturais tratavam de uma das duas \u00e1reas isoladamente.&nbsp;<\/p>\n\n\n\n<p>Por falta de Doutores que se dispusessem a vir trabalhar no Nordeste, resolveu lan\u00e7ar convites internacionais e, dessa forma, &#8220;importou&#8221; alguns Professores de fora do Pa\u00eds para desenvolverem suas atividades aqui. Como resultado, o programa cresceu rapidamente e alcan\u00e7ou n\u00fameros surpreendentes para toda a comunidade acad\u00eamica da Farm\u00e1cia Brasileira.&nbsp;<\/p>\n\n\n\n<p>O Prof. Delby nunca se preocupou em se p\u00f3s-graduar. Ao inv\u00e9s disso, com uma imensa demonstra\u00e7\u00e3o de desprendimento preferiu doar tudo de si no sentido de prover os jovens com um excelente programa de p\u00f3s-gradua\u00e7\u00e3o, tendo, portanto, sido direta ou indiretamente respons\u00e1vel pela forma\u00e7\u00e3o de centenas de mestres e doutores. Como reconhecimento a esse ato de desprendimento, a UFPB lhe concedeu o t\u00edtulo de &#8220;Doutor Honoris Causa&#8221;, por ocasi\u00e3o do Simp\u00f3sio de Plantas Medicinais do Brasil realizado em Jo\u00e3o Pessoa no ano de 2010.&nbsp;<\/p>\n\n\n<div class=\"wp-block-image\">\n<figure class=\"aligncenter size-full\"><img loading=\"lazy\" decoding=\"async\" width=\"400\" height=\"359\" src=\"http:\/\/www.ufpb.br\/inova\/wp-content\/uploads\/sites\/79\/sites\/285\/2026\/02\/image-22.png\" alt=\"\" class=\"wp-image-1386\" srcset=\"https:\/\/www.ufpb.br\/inova\/wp-content\/uploads\/sites\/79\/sites\/285\/2026\/02\/image-22.png 400w, https:\/\/www.ufpb.br\/inova\/wp-content\/uploads\/sites\/79\/sites\/285\/2026\/02\/image-22-300x269.png 300w\" sizes=\"auto, (max-width: 400px) 100vw, 400px\" \/><\/figure>\n<\/div>\n\n\n<p>No dia 09 de Julho de 2011 o Prof. Delby veio a falecer (2 Jun 1929 &#8211; 9 Jul 2011), deixando seu legado para a Farmacologia Brasileira. Devemos nos espelhar no seu grandioso exemplo de vida e dignidade e nos orgulharmos por ter tido o grande privil\u00e9gio de sua conviv\u00eancia.&nbsp;<\/p>\n\n\n\n<p class=\"has-text-align-right\">Por&nbsp;<strong>Em\u00eddio Vasconcelos Leit\u00e3o da Cunha<\/strong><\/p>\n\n\n\n<p>Nesse sentido, a Ag\u00eancia UFPB de Inova\u00e7\u00e3o Tecnol\u00f3gica (INOVA-UFPB) criou o Pr\u00eamio de Inova\u00e7\u00e3o Tecnol\u00f3gica Professor Delby Fernandes de Medeiros. O referido pr\u00eamio foi institu\u00eddo em 2015 por meio da Resolu\u00e7\u00e3o CONSUNI N\u00ba&nbsp;<strong><a href=\"https:\/\/sigrh.ufpb.br\/sigrh\/downloadArquivo?idArquivo=100175&amp;key=c31d1cea47919fe20fdb6219de7f028c\" target=\"_blank\" rel=\"noreferrer noopener\">004\/2015<\/a>.<\/strong><\/p>\n\n\n\n<p>O Pr\u00eamio de Inova\u00e7\u00e3o Tecnol\u00f3gica Professor Delby Fernandes de Medeiros visa reconhecer os esfor\u00e7os de pesquisa tecnol\u00f3gica aplicada dos docentes, discentes e\/ou t\u00e9cnico-administrativos realizados&nbsp;<strong>no ano base anterior ao evento de premia\u00e7\u00e3o<\/strong>. Por exemplo, a primeira premia\u00e7\u00e3o ocorreu em 2015 e premiou os inventores de 2014. A seguir est\u00e3o os links com a lista dos premiados, divididos nas duas categorias &#8220;programa de computador&#8221; e &#8220;patentes&#8221;:&nbsp;<\/p>\n\n\n\n<p><\/p>\n\n\n\n<p><a href=\"https:\/\/www.ufpb.br\/inova\/premio-delby-medeiros\/premiados-2025\/\" data-type=\"link\" data-id=\"https:\/\/www.ufpb.br\/inova\/premio-delby-medeiros\/premiados-2025\/\">8\u00aa Premia\u00e7\u00e3o &#8211; Lista dos premiados em 2025<\/a>&nbsp;(ref. 2023\/24)&nbsp;<\/p>\n\n\n\n<p><a href=\"https:\/\/www.ufpb.br\/inova\/premio-delby-medeiros\/premiados-2024\/\" data-type=\"page\" data-id=\"436\">7\u00aa Premia\u00e7\u00e3o &#8211; Lista dos premiados em 2024<\/a>&nbsp;(ref. 2020\/21\/22)<strong>&nbsp;<\/strong><\/p>\n\n\n\n<p><a href=\"https:\/\/www.ufpb.br\/inova\/premio-delby-medeiros\/premiados-2022\/\" data-type=\"page\" data-id=\"423\">6\u00aa Premia\u00e7\u00e3o &#8211; Lista dos premiados em 2022<\/a>&nbsp;(ref. 2019)<\/p>\n\n\n\n<p><a href=\"https:\/\/www.ufpb.br\/inova\/premio-delby-medeiros\/premiados-em-2019-2\/\" data-type=\"page\" data-id=\"416\">5\u00aa Premia\u00e7\u00e3o &#8211; Lista dos premiados em 2019.2<\/a>&nbsp;(ref. 2018)<\/p>\n\n\n\n<p><a href=\"https:\/\/www.ufpb.br\/inova\/premio-delby-medeiros\/premiados-em-2019-1\/\" data-type=\"page\" data-id=\"411\">5\u00aa Premia\u00e7\u00e3o &#8211; Lista dos premiados em 2019.1<\/a>&nbsp;(ref. 2018)<\/p>\n\n\n\n<p><a href=\"https:\/\/www.ufpb.br\/inova\/premio-delby-medeiros\/premiados-em-2018\/\" data-type=\"page\" data-id=\"398\">4\u00aa Premia\u00e7\u00e3o &#8211; Lista dos premiados em 2018<\/a>&nbsp;(ref. 2017)<\/p>\n\n\n\n<p><a href=\"https:\/\/www.ufpb.br\/inova\/premio-delby-medeiros\/premiados-em-2017\/\" data-type=\"page\" data-id=\"393\">3\u00aa Premia\u00e7\u00e3o &#8211; Lista dos premiados em 2017<\/a>&nbsp;(ref. 2016)<\/p>\n\n\n\n<p><a href=\"https:\/\/www.ufpb.br\/inova\/premio-delby-medeiros\/premiados-em-2016\/\" data-type=\"page\" data-id=\"388\">2\u00aa Premia\u00e7\u00e3o &#8211; Lista dos premiados em 2016<\/a>&nbsp;(ref. 2015)<\/p>\n\n\n\n<p><a href=\"https:\/\/www.ufpb.br\/inova\/premio-delby-medeiros\/premiados-em-2015\/\" data-type=\"page\" data-id=\"83\">1\u00aa Premia\u00e7\u00e3o &#8211; Lista dos premiados em 2015<\/a>&nbsp;(ref. 2014)<\/p>\n\n\n\n<p><\/p>\n\n\n\n<p><\/p>\n\n\n\n<p><\/p>\n\n\n\n<p><\/p>\n\n\n\n<p><\/p>\n\n\n\n<p><\/p>\n\n\n\n<p><\/p>\n\n\n\n<p><\/p>\n","protected":false},"excerpt":{"rendered":"<p>O Pr\u00eamio de Inova\u00e7\u00e3o Tecnol\u00f3gica Professor Delby Fernandes de Medeiros visa reconhecer os esfor\u00e7os de [&hellip;]<\/p>\n","protected":false},"author":47,"featured_media":0,"parent":0,"menu_order":0,"comment_status":"closed","ping_status":"closed","template":"","meta":{"footnotes":""},"class_list":["post-79","page","type-page","status-publish","hentry"],"_links":{"self":[{"href":"https:\/\/www.ufpb.br\/inova\/wp-json\/wp\/v2\/pages\/79","targetHints":{"allow":["GET"]}}],"collection":[{"href":"https:\/\/www.ufpb.br\/inova\/wp-json\/wp\/v2\/pages"}],"about":[{"href":"https:\/\/www.ufpb.br\/inova\/wp-json\/wp\/v2\/types\/page"}],"author":[{"embeddable":true,"href":"https:\/\/www.ufpb.br\/inova\/wp-json\/wp\/v2\/users\/47"}],"replies":[{"embeddable":true,"href":"https:\/\/www.ufpb.br\/inova\/wp-json\/wp\/v2\/comments?post=79"}],"version-history":[{"count":10,"href":"https:\/\/www.ufpb.br\/inova\/wp-json\/wp\/v2\/pages\/79\/revisions"}],"predecessor-version":[{"id":1389,"href":"https:\/\/www.ufpb.br\/inova\/wp-json\/wp\/v2\/pages\/79\/revisions\/1389"}],"wp:attachment":[{"href":"https:\/\/www.ufpb.br\/inova\/wp-json\/wp\/v2\/media?parent=79"}],"curies":[{"name":"wp","href":"https:\/\/api.w.org\/{rel}","templated":true}]}}