{"id":83,"date":"2015-04-16T11:14:00","date_gmt":"2015-04-16T14:14:00","guid":{"rendered":"https:\/\/www.ufpb.br\/inova\/?page_id=83"},"modified":"2025-04-16T11:20:38","modified_gmt":"2025-04-16T14:20:38","slug":"premiados-em-2015","status":"publish","type":"page","link":"https:\/\/www.ufpb.br\/inova\/premio-delby-medeiros\/premiados-em-2015\/","title":{"rendered":"Premiados em 2015"},"content":{"rendered":"\n<p><strong>CATEGORIA PATENTES:<\/strong><\/p>\n\n\n\n<p>1.\u201cCABO DE ENERGIA EL\u00c9TRICA INSTRUMENTADO\u201d (BR102014016701-3) \u2013 Inventores: Cleonilson Prot\u00e1sio de Souza, Yuri Percy Molina Rodriguez, Fabricio Braga Soares de Carvalho.<\/p>\n\n\n\n<p>2.\u201cELETROCARDIOGRAMA VIA SERVI\u00c7O DE MENSAGEM CURTA DE TEXTO (SMS)\u201d&nbsp;(BR102014022447-5) \u2013 Inventores: Cleonilson Protasio de Souza, Janyelison Rodrigo Marques Ferreira, Victor Miranda Fernandes, Denivaldo Cicero Pav\u00e3o Lopes.<\/p>\n\n\n\n<p>3.\u201cCOMPOSI\u00c7\u00c3O DE MICROEMULS\u00c3O A BASE DE GLICERINA PARA FLUIDO DE PERFURA\u00c7\u00c3O\u201d (BR102014029918-1) \u2013&nbsp;Inventores: Fabiola Dias da Silva Curbelo,&nbsp;Alfredo Ismael Curbelo Garnica, J\u00falio C\u00e9zar&nbsp;de Oliveira Freitas, Dulce Maria&nbsp;de Ara\u00fajo Melo, Marcus Ant\u00f4nio&nbsp;de Freitas Melo.<\/p>\n\n\n\n<p>4.\u201cSISTEMA MAGN\u00c9TICO DE MEDI\u00c7\u00c3O E CONTROLE DIN\u00c2MICO DE TORQUE EM EIXOS EM ROTA\u00c7\u00c3O\u201d&nbsp;(BR102014029920-3) \u2013 Inventores: Abel Cavalcante Lima Filho, Francisco Ant\u00f4nio Belo, Jacques Cousteau da Silva Borges.<\/p>\n\n\n\n<p>5.\u201cBIORREATOR DO TIPO IMERS\u00c3O PARA CULTIVO DE BIOFILME BACTERIANO\u201d&nbsp;(BR102014030727-3) \u2013 Inventores: Raimundo Apr\u00edgio de Menezes J\u00fanior, Allan de Jesus dos Reis Albuquerque, Fabio Correia Sampaio, Giancarlo Brand\u00e3o de Sousa, Carlos Christiano Lima dos Santos.<\/p>\n\n\n\n<p>6.\u201cSISTEMA DE BOMBEAMENTO FLUTUANTE ALIMENTADO POR PAIN\u00c9IS FOTOVOLTAICOS\u201d&nbsp;(BR102014030725-7) \u2013 Inventores: Raimundo Apr\u00edgio de Menezes J\u00fanior, Moises Meneses Salvino, Nickson Eduardo de Oliveira Louren\u00e7o, Giancarlo Brand\u00e3o de Sousa.<\/p>\n\n\n\n<p>7.\u201cCONTAS-GOTAS COM AVISO SONORO VIABILIZADO PELA DETEC\u00c7\u00c3O DE GOTAS ATRAV\u00c9S DE UM SENSOR \u00d3PTICO\u201d&nbsp;(BR102014031461-0) \u2013 Inventores: Jo\u00e3o Victor Pedrosa Nogueira, Luciano Carlos Azevedo da Costa, Luciano Fernandes Acioli Cabral e Silva, Rosiane Agapito da Silva, Euler C\u00e1ssio Tavares de Macedo, F\u00e1bio Morais Borges.<\/p>\n\n\n\n<p>8.\u201cDERIVADOS GUANILHIDRAZ\u00d4NICOS COMO POTENCIALIZADORES DA A\u00c7\u00c3O ANTIBI\u00d3TICA POR A\u00c7\u00c3O MODULADORA DE BOMBAS DE EFLUXO\u201d&nbsp;(BR102014033128-0) \u2013 Inventores: Jos\u00e9 Pinto de Siqueira J\u00fanior, Natalina Dantas, Francisco Jaime Bezerra Mendon\u00e7a J\u00fanior, Thiago Mendon\u00e7a de Aquino, Jo\u00e3o Xavier de Ara\u00fajo J\u00fanior, Maria Lysete de Assis Basto, Regina C\u00e9lia Sales Santos, Thais Hon\u00f3rio Lins Bernardo, \u00caurica Ad\u00e9lia Nogueira Ribeiro, Edeildo Ferreira da Silva J\u00fanior, Paulo Henrique Barcellos Fran\u00e7a, Magna Suzana Alexandre Moreira, Mariana da Silva Santos.<\/p>\n\n\n\n<p>9.\u201cDISPOSITIVO DIN\u00c2MICO DE VARREDURA MAGN\u00c9TICA PARA CARACTERIZA\u00c7\u00c3O DO GRAU DA CORROS\u00c3O SOB TENS\u00c3O EM PARAFUSOS E PE\u00c7AS CIL\u00cdNDRICAS\u201d (BR102014033129-8) \u2013 Inventores: David Domingos Soares da Silva,&nbsp;Ewerton Freitas de Medeiros,&nbsp;Lipson Douglas&nbsp;de Oliveira Silva,&nbsp;Melquisedeque Shaloon Bento&nbsp;da Silva Gomes, Alberdan Santiago&nbsp;de Aquino,&nbsp;Heber Sivini Ferreira.<\/p>\n\n\n\n<p><strong>CATEGORIA PROGRAMA DE COMPUTADOR:<\/strong><\/p>\n\n\n\n<p>1.\u201cJCOLLAB\u201d (BR512014000186-5) \u2013 Inventores: Fernando Santos de Mattos Brito, Guido Lemos de Souza Filho, Kellyanne Carvalho Alves.<\/p>\n\n\n\n<p>2. \u201cSIMULADOR DO SISTEMA INTERAMERICANO DE DIREITOS HUMANOS (SIDH)\u201d (BR512014000772-3) \u2013 Inventores: David Leite Guilherme, Felipe Lins dos Santos, Fernando Santos de Mattos Brito, Maria Luiza Pereira de Alencar Mayer Feitosa.<\/p>\n\n\n\n<p>3.\u201cFOGO CAPTURE \u2013 SISTEMA DE CAPTURA PARA ARMAZENAMENTO E TRANSMISS\u00c3O DE CONTE\u00daDOS UHD\u201d (BR512014000815-0) \u2013 Inventores: Alexandre Nobrega Duarte,Guido Lemos de Souza Filho, Jos\u00e9 Ivan Bezerra Vilarouca Filho, Lucenildo Lins de Aquino Junior, Manoel Gomes da Silva Neto, Ruan Delgado Gomes, Yuri Gonzaga Gon\u00e7alves da Costa.<\/p>\n\n\n\n<p>4.\u201cFOGO STREAM \u2013 SISTEMA DE TRANSMISS\u00c3O DE CONTE\u00daDOS UHD PREVIAMENTE ARMAZENADOS\u201d (BR512014000814-2) \u2013 Inventores: Alexandre Nobrega Duarte, Guido Lemos de Souza Filho, Jos\u00e9 Ivan Bezerra Vilarouca Filho, Lucenildo Lins de Aquino Junior, Manoel Gomes da Silva Neto, Ruan Delgado Gomes, Yuri Gonzaga Gon\u00e7alves da Costa.<\/p>\n\n\n\n<p>5.\u201cFOGO PLAYER \u2013 SISTEMA DE REPRODU\u00c7\u00c3O DE CONTE\u00daDOS UHD\u201d (BR512014000816-9) \u2013 Inventores: Alexandre Nobrega Duarte, Guido Lemos de Souza Filho, Jos\u00e9 Ivan Bezerra Vilarouca Filho, Lucenildo Lins de Aquino Junior, Manoel Gomes da Silva Neto, Ruan Delgado Gomes, Thiago Vinicius Freire de Ara\u00fajo Ribeiro.<\/p>\n\n\n\n<p>6.\u201cAMATE &#8211; SISTEMA DE ANALISE MATRICIAL DE ESTRUTURAS\u201d&nbsp;(BR512014001099-6) \u2013 Inventores:&nbsp;Mois\u00e9s Menezes Savino, Raimundo Apr\u00edgio&nbsp;de Menezes J\u00fanior.<\/p>\n\n\n\n<p>7.\u201cSAPROMS &#8211; SISTEMA DE AN\u00c1LISE DE PROBLEMAS EM MEC\u00c2NICA DOS S\u00d3LIDOS\u201d (BR512014001098-8) \u2013 Inventores:&nbsp;Mois\u00e9s Menezes Savino, Raimundo Apr\u00edgio&nbsp;de Menezes J\u00fanior.<\/p>\n","protected":false},"excerpt":{"rendered":"<p>CATEGORIA PATENTES: 1.\u201cCABO DE ENERGIA EL\u00c9TRICA INSTRUMENTADO\u201d (BR102014016701-3) \u2013 Inventores: Cleonilson Prot\u00e1sio de Souza, Yuri [&hellip;]<\/p>\n","protected":false},"author":47,"featured_media":0,"parent":79,"menu_order":0,"comment_status":"closed","ping_status":"closed","template":"","meta":{"footnotes":""},"class_list":["post-83","page","type-page","status-publish","hentry"],"_links":{"self":[{"href":"https:\/\/www.ufpb.br\/inova\/wp-json\/wp\/v2\/pages\/83","targetHints":{"allow":["GET"]}}],"collection":[{"href":"https:\/\/www.ufpb.br\/inova\/wp-json\/wp\/v2\/pages"}],"about":[{"href":"https:\/\/www.ufpb.br\/inova\/wp-json\/wp\/v2\/types\/page"}],"author":[{"embeddable":true,"href":"https:\/\/www.ufpb.br\/inova\/wp-json\/wp\/v2\/users\/47"}],"replies":[{"embeddable":true,"href":"https:\/\/www.ufpb.br\/inova\/wp-json\/wp\/v2\/comments?post=83"}],"version-history":[{"count":1,"href":"https:\/\/www.ufpb.br\/inova\/wp-json\/wp\/v2\/pages\/83\/revisions"}],"predecessor-version":[{"id":84,"href":"https:\/\/www.ufpb.br\/inova\/wp-json\/wp\/v2\/pages\/83\/revisions\/84"}],"up":[{"embeddable":true,"href":"https:\/\/www.ufpb.br\/inova\/wp-json\/wp\/v2\/pages\/79"}],"wp:attachment":[{"href":"https:\/\/www.ufpb.br\/inova\/wp-json\/wp\/v2\/media?parent=83"}],"curies":[{"name":"wp","href":"https:\/\/api.w.org\/{rel}","templated":true}]}}