{"id":11,"date":"2025-06-03T18:13:02","date_gmt":"2025-06-03T21:13:02","guid":{"rendered":"https:\/\/www.ufpb.br\/ipe\/?page_id=11"},"modified":"2025-06-03T18:14:23","modified_gmt":"2025-06-03T21:14:23","slug":"quem-somos","status":"publish","type":"page","link":"https:\/\/www.ufpb.br\/ipe\/quem-somos\/","title":{"rendered":"Quem Somos?"},"content":{"rendered":"\n<p>O Instituto Paraibano de Envelhecimento da Universidade Federal da Para\u00edba (IPE\/UFPB) \u00e9 um \u00f3rg\u00e3o suplementar vinculado \u00e0 Reitoria com car\u00e1ter executivo tem\u00e1tico, consultivo, formador e de assessoramento, com autonomia t\u00e9cnico-administrativa e cient\u00edfico-acad\u00eamica.<\/p>\n\n\n\n<p>O IPE\/UFPB visa formar, habilitar profissionais nas \u00e1reas de sa\u00fade e afins sobre Envelhecimento; produzir conhecimentos neste campo do saber e, ao mesmo tempo, contribuir para o desenvolvimento de estudos, pesquisas e atividades de extens\u00e3o neste eixo tem\u00e1tico, oferecendo qualifica\u00e7\u00e3o em ensino de p\u00f3s-gradua\u00e7\u00e3o.<\/p>\n\n\n\n<p>Foi inaugurado no dia 26 de abril de 2019, sendo o primeiro instituto tem\u00e1tico dessa modalidade na Am\u00e9rica Latina, no \u00e2mbito das universidades p\u00fablicas. O \u00f3rg\u00e3o funciona no campus I (no pr\u00e9dio da antiga Prefeitura Universit\u00e1ria), em Jo\u00e3o Pessoa. Idealizado pela pesquisadora Ant\u00f4nia L\u00eada Oliveira Silva, o Instituto foi criado em 2015 com aprova\u00e7\u00e3o do Conselho Universit\u00e1rio (CONSUNI) da UFPB.<\/p>\n\n\n\n<p>At\u00e9 2023, participam das atividades do IPE uma diversidade de pessoas idosas de Jo\u00e3o Pessoa, dentre os quais docentes e servidores aposentados da UFPB. Temos 435&nbsp;pessoas idosas&nbsp;com cadastro que permaneceram ativas p\u00f3s-pandemia, com um total de 1022&nbsp;pessoas idosas&nbsp;cadastradas no Instituto desde sua inaugura\u00e7\u00e3o, todas com idade de 60 anos ou mais.<\/p>\n\n\n\n<h3 class=\"wp-block-heading\"><strong>Estrutura organizacional<\/strong><\/h3>\n\n\n\n<p class=\" \">O IPE \u00e9 constitu\u00eddo pela Presid\u00eancia; Conselho Cient\u00edfico-Tecnol\u00f3gico e Administrativo; Secretaria; Assessoria de Comunica\u00e7\u00e3o; Divis\u00e3o de Pesquisa, Divis\u00e3o de Forma\u00e7\u00e3o Profissional e Divis\u00e3o de Aten\u00e7\u00e3o \u00e0 Pessoa Idosa; Departamento de Gerontologia e Departamento de Atividades Socioeducativas \u00e0 Pessoa.<\/p>\n\n\n\n<h3 class=\"wp-block-heading\"><strong>Laborat\u00f3rios de pesquisas<\/strong><\/h3>\n\n\n\n<p>As atividades do IPE\/UFPB tamb\u00e9m envolvem o funcionamento de cinco laborat\u00f3rios de pesquisas, com a participa\u00e7\u00e3o de professores, alunos de p\u00f3s-gradua\u00e7\u00e3o e alunos de inicia\u00e7\u00e3o cient\u00edfica e de extens\u00e3o.<\/p>\n\n\n\n<p>O Laborat\u00f3rio de Sa\u00fade, Envelhecimento e Sociedade (LASES), onde funciona o Grupo Interdisciplinar de Estudos e Pesquisas sobre Envelhecimento e Representa\u00e7\u00f5es Sociais (GIEPERS), cadastrado no Conselho Nacional de Desenvolvimento Cient\u00edfico e Tecnol\u00f3gico (CNPq). O LASES mant\u00e9m conv\u00eanios de coopera\u00e7\u00e3o com v\u00e1rios centros de investiga\u00e7\u00f5es em institui\u00e7\u00f5es de ensino superior &nbsp;nacional e internacional. O Instituto conta ainda com o Laborat\u00f3rio de Funcionalidade, Dor e Tecnologia (LAFDTec), Laborat\u00f3rio de Mem\u00f3ria e Cogni\u00e7\u00e3o (LAMC); Laborat\u00f3rio de Ensaios Pr\u00e9-Cl\u00ednico em Envelhecimento (LEPEN); e o Laborat\u00f3rio de Gerotecnologia (LABGEROTEC).&nbsp;<\/p>\n\n\n\n<h3 class=\"wp-block-heading\"><strong>P\u00f3s-Gradua\u00e7\u00e3o<\/strong><\/h3>\n\n\n\n<p>O Instituto Paraibano de Envelhecimento agrega o Programa de Mestrado Profissional em Gerontologia (PMPG) aprovado em 2015 pela Coordena\u00e7\u00e3o de Aperfei\u00e7oamento de Pessoal de N\u00edvel Superior (Capes), em parceria com o Centro de Ci\u00eancias da Sa\u00fade (CCS) da UFPB.<\/p>\n\n\n\n<p>Iniciado em 2016, o PMPG oferece duas linhas de pesquisa: \u201cEnvelhecimento e tecnologias inovadoras para o cuidado \u00e0 pessoa idosa\u201d e \u201cPol\u00edticas e pr\u00e1ticas na aten\u00e7\u00e3o \u00e0 sa\u00fade e envelhecimento junto \u00e0 Covid-19\u201d. At\u00e9 agora, tem registrados 51 produtos tecnol\u00f3gicos, provenientes das disserta\u00e7\u00f5es. Essa produ\u00e7\u00e3o \u00e9 oriunda das tr\u00eas turmas concluintes.<\/p>\n\n\n\n<h3 class=\"wp-block-heading\"><strong>Preven\u00e7\u00e3o e promo\u00e7\u00e3o de sa\u00fade \u00e0 pessoa idosa<\/strong><\/h3>\n\n\n\n<p>Visando promover a sa\u00fade das&nbsp;pessoas idosas, por meio da aten\u00e7\u00e3o b\u00e1sica e atividades socioeducativas e intergeracionais gratuitas, o IPE\/UFPB tem procurado parcerias com a Prefeitura Municipal de Jo\u00e3o Pessoa, Governo do Estado da Para\u00edba e outras \u00f3rg\u00e3os nacionais e internacionais. Oferece atividades de preven\u00e7\u00e3o e promo\u00e7\u00e3o da sa\u00fade \u00e0 pessoa idosa como foco no envelhecimento saud\u00e1vel e ativo, tais como: arteterapia; tai chi chuan; yoga; nata\u00e7\u00e3o; biodan\u00e7a; curso de Inform\u00e1tica; curso de idiomas; palestras sobre cuidados com a automedica\u00e7\u00e3o; orienta\u00e7\u00e3o postural; orienta\u00e7\u00e3o nutricional; terapias alternativas e complementares.<\/p>\n\n\n\n<p>Professores, estudantes e t\u00e9cnico-administrativos dos Centros de Ensino dos quatro campi da UFPB e do Hospital Universit\u00e1rio Lauro Wanderley (HULW) est\u00e3o envolvidos com o IPE que une ensino, pesquisa e extens\u00e3o.<\/p>\n\n\n\n<p>Idealizado pela pesquisadora Ant\u00f4nia Leda Oliveira Silva, o Instituto foi criado em 2015 com aprova\u00e7\u00e3o do Conselho Universit\u00e1rio (CONSUNI) da UFPB.<\/p>\n","protected":false},"excerpt":{"rendered":"<p>O Instituto Paraibano de Envelhecimento da Universidade Federal da Para\u00edba (IPE\/UFPB) \u00e9 um \u00f3rg\u00e3o suplementar [&hellip;]<\/p>\n","protected":false},"author":47,"featured_media":0,"parent":0,"menu_order":0,"comment_status":"closed","ping_status":"closed","template":"","meta":{"footnotes":""},"class_list":["post-11","page","type-page","status-publish","hentry"],"_links":{"self":[{"href":"https:\/\/www.ufpb.br\/ipe\/wp-json\/wp\/v2\/pages\/11","targetHints":{"allow":["GET"]}}],"collection":[{"href":"https:\/\/www.ufpb.br\/ipe\/wp-json\/wp\/v2\/pages"}],"about":[{"href":"https:\/\/www.ufpb.br\/ipe\/wp-json\/wp\/v2\/types\/page"}],"author":[{"embeddable":true,"href":"https:\/\/www.ufpb.br\/ipe\/wp-json\/wp\/v2\/users\/47"}],"replies":[{"embeddable":true,"href":"https:\/\/www.ufpb.br\/ipe\/wp-json\/wp\/v2\/comments?post=11"}],"version-history":[{"count":2,"href":"https:\/\/www.ufpb.br\/ipe\/wp-json\/wp\/v2\/pages\/11\/revisions"}],"predecessor-version":[{"id":14,"href":"https:\/\/www.ufpb.br\/ipe\/wp-json\/wp\/v2\/pages\/11\/revisions\/14"}],"wp:attachment":[{"href":"https:\/\/www.ufpb.br\/ipe\/wp-json\/wp\/v2\/media?parent=11"}],"curies":[{"name":"wp","href":"https:\/\/api.w.org\/{rel}","templated":true}]}}