{"id":17,"date":"2025-06-03T18:15:12","date_gmt":"2025-06-03T21:15:12","guid":{"rendered":"https:\/\/www.ufpb.br\/ipe\/?page_id=17"},"modified":"2025-07-23T13:44:21","modified_gmt":"2025-07-23T16:44:21","slug":"producao-cientifica","status":"publish","type":"page","link":"https:\/\/www.ufpb.br\/ipe\/producao-cientifica\/","title":{"rendered":"Produ\u00e7\u00e3o Cient\u00edfica"},"content":{"rendered":"\n<p class=\"has-text-align-left\">A produ\u00e7\u00e3o cient\u00edfica do IPE pode ser encontrada no <a href=\"http:\/\/ufpb.br\/pos\/pmpg\" data-type=\"link\" data-id=\"ufpb.br\/pos\/pmpg\">site oficial do Programa de P\u00f3s-Gradua\u00e7\u00e3o Profissional em Gerontologia (PPPGeronto)<\/a>.<\/p>\n\n\n\n<p><\/p>\n","protected":false},"excerpt":{"rendered":"<p>A produ\u00e7\u00e3o cient\u00edfica do IPE pode ser encontrada no site oficial do Programa de P\u00f3s-Gradua\u00e7\u00e3o [&hellip;]<\/p>\n","protected":false},"author":47,"featured_media":9,"parent":0,"menu_order":0,"comment_status":"closed","ping_status":"closed","template":"","meta":{"footnotes":""},"class_list":["post-17","page","type-page","status-publish","has-post-thumbnail","hentry"],"_links":{"self":[{"href":"https:\/\/www.ufpb.br\/ipe\/wp-json\/wp\/v2\/pages\/17","targetHints":{"allow":["GET"]}}],"collection":[{"href":"https:\/\/www.ufpb.br\/ipe\/wp-json\/wp\/v2\/pages"}],"about":[{"href":"https:\/\/www.ufpb.br\/ipe\/wp-json\/wp\/v2\/types\/page"}],"author":[{"embeddable":true,"href":"https:\/\/www.ufpb.br\/ipe\/wp-json\/wp\/v2\/users\/47"}],"replies":[{"embeddable":true,"href":"https:\/\/www.ufpb.br\/ipe\/wp-json\/wp\/v2\/comments?post=17"}],"version-history":[{"count":5,"href":"https:\/\/www.ufpb.br\/ipe\/wp-json\/wp\/v2\/pages\/17\/revisions"}],"predecessor-version":[{"id":70,"href":"https:\/\/www.ufpb.br\/ipe\/wp-json\/wp\/v2\/pages\/17\/revisions\/70"}],"wp:featuredmedia":[{"embeddable":true,"href":"https:\/\/www.ufpb.br\/ipe\/wp-json\/wp\/v2\/media\/9"}],"wp:attachment":[{"href":"https:\/\/www.ufpb.br\/ipe\/wp-json\/wp\/v2\/media?parent=17"}],"curies":[{"name":"wp","href":"https:\/\/api.w.org\/{rel}","templated":true}]}}