{"id":129,"date":"2025-05-19T14:10:35","date_gmt":"2025-05-19T17:10:35","guid":{"rendered":"https:\/\/www.ufpb.br\/ipefarm2\/?page_id=129"},"modified":"2025-06-28T21:09:15","modified_gmt":"2025-06-29T00:09:15","slug":"diretoria-de-pesquisa-clinica","status":"publish","type":"page","link":"https:\/\/www.ufpb.br\/ipefarm\/diretoria-de-pesquisa-clinica\/","title":{"rendered":"Diretoria de Pesquisa Cl\u00ednica"},"content":{"rendered":"\n<h2 class=\"wp-block-heading\"><div class=\"linha-header\">A Diretoria de Pesquisa Cl\u00ednica do IPeFarM\/UFPB: Impulsionando a Inova\u00e7\u00e3o em Sa\u00fade<\/div><\/h2>\n\n\n\n<p>A Diretoria de Pesquisa Cl\u00ednica (DPC) do Instituto de Pesquisa em F\u00e1rmacos e Medicamentos da Universidade Federal da Para\u00edba (IPeFarM\/UFPB) desempenha um papel crucial no avan\u00e7o da ci\u00eancia e na melhoria da sa\u00fade da popula\u00e7\u00e3o. Ela \u00e9 o n\u00facleo estrat\u00e9gico respons\u00e1vel por planejar, coordenar, executar e monitorar os estudos cl\u00ednicos conduzidos no \u00e2mbito do Instituto.<\/p>\n\n\n\n<p>Em sua ess\u00eancia, a DPC atua como uma ponte entre a pesquisa b\u00e1sica e a aplica\u00e7\u00e3o pr\u00e1tica de novas terapias, medicamentos e abordagens diagn\u00f3sticas. Seu trabalho envolve desde a concep\u00e7\u00e3o e o desenho dos estudos cl\u00ednicos, seguindo rigorosos padr\u00f5es \u00e9ticos e metodol\u00f3gicos, at\u00e9 a an\u00e1lise e divulga\u00e7\u00e3o dos resultados obtidos.<\/p>\n\n\n\n<p><\/p>\n","protected":false},"excerpt":{"rendered":"<p>A Diretoria de Pesquisa Cl\u00ednica do IPeFarM\/UFPB: Impulsionando a Inova\u00e7\u00e3o em Sa\u00fade A Diretoria de [&hellip;]<\/p>\n","protected":false},"author":286,"featured_media":0,"parent":0,"menu_order":0,"comment_status":"closed","ping_status":"closed","template":"","meta":{"footnotes":""},"class_list":["post-129","page","type-page","status-publish","hentry"],"_links":{"self":[{"href":"https:\/\/www.ufpb.br\/ipefarm\/wp-json\/wp\/v2\/pages\/129","targetHints":{"allow":["GET"]}}],"collection":[{"href":"https:\/\/www.ufpb.br\/ipefarm\/wp-json\/wp\/v2\/pages"}],"about":[{"href":"https:\/\/www.ufpb.br\/ipefarm\/wp-json\/wp\/v2\/types\/page"}],"author":[{"embeddable":true,"href":"https:\/\/www.ufpb.br\/ipefarm\/wp-json\/wp\/v2\/users\/286"}],"replies":[{"embeddable":true,"href":"https:\/\/www.ufpb.br\/ipefarm\/wp-json\/wp\/v2\/comments?post=129"}],"version-history":[{"count":4,"href":"https:\/\/www.ufpb.br\/ipefarm\/wp-json\/wp\/v2\/pages\/129\/revisions"}],"predecessor-version":[{"id":276,"href":"https:\/\/www.ufpb.br\/ipefarm\/wp-json\/wp\/v2\/pages\/129\/revisions\/276"}],"wp:attachment":[{"href":"https:\/\/www.ufpb.br\/ipefarm\/wp-json\/wp\/v2\/media?parent=129"}],"curies":[{"name":"wp","href":"https:\/\/api.w.org\/{rel}","templated":true}]}}