{"id":134,"date":"2025-02-25T17:04:56","date_gmt":"2025-02-25T20:04:56","guid":{"rendered":"https:\/\/www.ufpb.br\/ipefarm2\/?page_id=134"},"modified":"2025-07-08T19:06:57","modified_gmt":"2025-07-08T22:06:57","slug":"reservas-do-auditorio","status":"publish","type":"page","link":"https:\/\/www.ufpb.br\/ipefarm\/reservas-do-auditorio\/","title":{"rendered":"Reservas do Audit\u00f3rio"},"content":{"rendered":"\n<p><strong>Reservas do Audit\u00f3rio &#8211; IPeFarM<\/strong><\/p>\n\n\n\n<p>O Instituto de Pesquisa em F\u00e1rmacos e Medicamentos disp\u00f5e de um audit\u00f3rio com capacidade m\u00e1xima para aproximadamente 40 pessoas&nbsp;e est\u00e1 \u00e0 disposi\u00e7\u00e3o para a comunidade acad\u00eamica da UFPB que deve observar o&nbsp;&nbsp;Plano de Biosseguran\u00e7a Institucional.<\/p>\n\n\n\n<p>Orienta\u00e7\u00f5es para realizar a reserva do Audit\u00f3rio do IPeFarM:<\/p>\n\n\n\n<p>1. Consultar a disponibilidade de hor\u00e1rios atrav\u00e9s da agenda abaixo.<br>2. Preencher Formul\u00e1rio de Reserva do Audit\u00f3rio:&nbsp;<a href=\"http:\/\/docs.google.com\/forms\/d\/e\/1FAIpQLSdJyCT0U7GIZ16U0YDj7b6u9oQma0URJCvzGWPfK_66J_LbpQ\/viewform\">Clique aqui.<\/a><\/p>\n\n\n\n<iframe loading=\"lazy\" \n  src=\"https:\/\/calendar.google.com\/calendar\/u\/0\/embed?height=600&#038;wkst=1&#038;bgcolor=%23ffffff&#038;ctz=America\/Fortaleza&#038;showTitle=0&#038;showPrint=0&#038;showTz=1&#038;showCalendars=0&#038;src=YWdlbmRhaXBlZmFybUBnbWFpbC5jb20&#038;src=YWRkcmVzc2Jvb2sjY29udGFjdHNAZ3JvdXAudi5jYWxlbmRhci5nb29nbGUuY29t&#038;src=cHQtYnIuYnJhemlsaWFuI2hvbGlkYXlAZ3JvdXAudi5jYWxlbmRhci5nb29nbGUuY29t&#038;color=%23039BE5&#038;color=%2333B679&#038;color=%230B8043\"\n  style=\"border: solid 1px #777\"\n  width=\"700\"\n  height=\"600\"\n  frameborder=\"0\"\n  scrolling=\"no\">\n<\/iframe>\n\n\n\n\n<p><strong>Aten\u00e7\u00e3o!<\/strong>&nbsp;<br>1. O preenchimento do formul\u00e1rio n\u00e3o garante o uso do espa\u00e7o nos dias e hor\u00e1rios solicitados.<br>2. Ser\u00e3o avaliadas as reservas de acordo com a ordem das solicita\u00e7\u00f5es enviadas.<br>3. A confirma\u00e7\u00e3o da reserva ser\u00e1 encaminhada, exclusivamente, para o endere\u00e7o de e-mail informado no campo &#8220;Respons\u00e1vel pela Reserva&#8221;.<\/p>\n\n\n\n<p>4.&nbsp;O IPeFarM n\u00e3o se responsabiliza por objetos deixados em qualquer parte de suas depend\u00eancias.<\/p>\n\n\n\n<p>Para mais informa\u00e7\u00f5es, por gentileza, contactar a Diretoria Administrativa e Financeira do IPeFarM atrav\u00e9s do e-mail&nbsp;<a href=\"mailto:administracao@ipefarm.ufpb.br\">administracao@ipefarm.ufpb.br<\/a>.<\/p>\n\n\n\n<p><strong>Informa\u00e7\u00f5es gerais sobre o Audit\u00f3rio:<\/strong><\/p>\n\n\n\n<p class=\" \">1. Capacidade m\u00e1xima: aproximadamente 40 pessoas, segundo o Plano de Biosseguran\u00e7a desta Institui\u00e7\u00e3o;<\/p>\n\n\n\n<p class=\" \">2. N\u00e3o \u00e9 permitido o consumo e entrada de alimentos no audit\u00f3rio do IPeFarM;<\/p>\n\n\n\n<p class=\" \">3. Desligar as l\u00e2mpadas, equipamentos e aparelhos de ar-condicionado ap\u00f3s o uso do espa\u00e7o;<\/p>\n\n\n\n<p class=\" \">4. Ao t\u00e9rmino do evento deve-se fechar a porta do audit\u00f3rio com cadeado.<\/p>\n\n\n\n<p>Em caso de desist\u00eancia, solicitamos a gentileza de comunicar atrav\u00e9s dos contatos abaixo:<br>Tel.: (83) 3048-8540<br>E-mail:&nbsp;<a href=\"mailto:administracao@ipefarm.ufpb.br\">administracao@ipefarm.ufpb.br<\/a><\/p>\n\n\n\n\n\n<p><\/p>\n","protected":false},"excerpt":{"rendered":"<p>Reservas do Audit\u00f3rio &#8211; IPeFarM O Instituto de Pesquisa em F\u00e1rmacos e Medicamentos disp\u00f5e de [&hellip;]<\/p>\n","protected":false},"author":286,"featured_media":0,"parent":0,"menu_order":0,"comment_status":"closed","ping_status":"closed","template":"","meta":{"footnotes":""},"class_list":["post-134","page","type-page","status-publish","hentry"],"_links":{"self":[{"href":"https:\/\/www.ufpb.br\/ipefarm\/wp-json\/wp\/v2\/pages\/134","targetHints":{"allow":["GET"]}}],"collection":[{"href":"https:\/\/www.ufpb.br\/ipefarm\/wp-json\/wp\/v2\/pages"}],"about":[{"href":"https:\/\/www.ufpb.br\/ipefarm\/wp-json\/wp\/v2\/types\/page"}],"author":[{"embeddable":true,"href":"https:\/\/www.ufpb.br\/ipefarm\/wp-json\/wp\/v2\/users\/286"}],"replies":[{"embeddable":true,"href":"https:\/\/www.ufpb.br\/ipefarm\/wp-json\/wp\/v2\/comments?post=134"}],"version-history":[{"count":4,"href":"https:\/\/www.ufpb.br\/ipefarm\/wp-json\/wp\/v2\/pages\/134\/revisions"}],"predecessor-version":[{"id":291,"href":"https:\/\/www.ufpb.br\/ipefarm\/wp-json\/wp\/v2\/pages\/134\/revisions\/291"}],"wp:attachment":[{"href":"https:\/\/www.ufpb.br\/ipefarm\/wp-json\/wp\/v2\/media?parent=134"}],"curies":[{"name":"wp","href":"https:\/\/api.w.org\/{rel}","templated":true}]}}