{"id":142,"date":"2025-02-25T17:12:41","date_gmt":"2025-02-25T20:12:41","guid":{"rendered":"https:\/\/www.ufpb.br\/ipefarm2\/?page_id=142"},"modified":"2025-10-08T15:36:49","modified_gmt":"2025-10-08T18:36:49","slug":"requisicao-de-transporte","status":"publish","type":"page","link":"https:\/\/www.ufpb.br\/ipefarm\/requisicao-de-transporte\/","title":{"rendered":"Requisi\u00e7\u00e3o de Transporte"},"content":{"rendered":"\n<p><\/p>\n\n\n\n<p><strong>Requisi\u00e7\u00e3o de Transporte para as Diretorias e Unidades do IPeFarM<\/strong><\/p>\n\n\n\n<p>O Instituto de Pesquisa em F\u00e1rmacos e Medicamentos informa que as requisi\u00e7\u00f5es de transporte das unidades e diretorias do Instituto que n\u00e3o possuem servidor habilitado no m\u00f3dulo Transporte do SIPAC poder\u00e3o ser realizadas pela Diretoria Administrativa e Financeira por meio do Formul\u00e1rio de Solicita\u00e7\u00e3o, abaixo.<\/p>\n\n\n\n<ul class=\"wp-block-list\">\n<li>Formul\u00e1rio para Requisi\u00e7\u00e3o de Transporte:&nbsp;<a href=\"https:\/\/bit.ly\/3DcXDDw\">Clique aqui<\/a>.<\/li>\n<\/ul>\n\n\n\n<p>Aten\u00e7\u00e3o!<\/p>\n\n\n\n<ol class=\"wp-block-list\">\n<li>A presid\u00eancia do Instituto dever\u00e1 ser previamente comunicada por meio de processo SIPAC para an\u00e1lise e viabilidade da necessidade da atividade\/viagem.<\/li>\n\n\n\n<li>De acordo com o <a href=\"https:\/\/drive.ufpb.br\/s\/PK5Tz8wyH3HZzM6\" target=\"_blank\" rel=\"noreferrer noopener\">Of\u00edcio Circular n. 6\/2025-SULT<\/a>, a requisi\u00e7\u00e3o deve ser realizada com no m\u00ednimo 7 (sete) dias \u00fateis de anteced\u00eancia da atividade\/viagem. Se a solicita\u00e7\u00e3o estiver fora deste prazo deve-se entrar em contato com a Superintend\u00eancia de Log\u00edstica de Transporte (83 99911-3805) para verificar a disponibilidade do ve\u00edculo e do motorista.<\/li>\n\n\n\n<li>No Formul\u00e1rio de Requisi\u00e7\u00e3o de Transporte deve ser informado o total de km da atividade\/viagem (ida e volta). A dist\u00e2ncia pode ser consultada no Google Maps.<\/li>\n\n\n\n<li>\u00c9 imprescind\u00edvel a indica\u00e7\u00e3o no Formul\u00e1rio de Requisi\u00e7\u00e3o de Transporte da Fonte do recurso para custeio de combust\u00edvel da atividade\/viagem com o n\u00famero da Nota de Empenho e a unidade gestora respons\u00e1vel.<\/li>\n\n\n\n<li>O preenchimento deste formul\u00e1rio n\u00e3o garante a reserva do transporte nos dias e hor\u00e1rios solicitados.<\/li>\n\n\n\n<li>As solicita\u00e7\u00f5es depender\u00e3o da disponibilidade da SULT\/UFPB.<\/li>\n\n\n\n<li>N\u00e3o havendo disponibilidade no dia e hor\u00e1rio solicitado, a requisi\u00e7\u00e3o ser\u00e1 retornada para adequa\u00e7\u00e3o.<\/li>\n<\/ol>\n\n\n\n<p>\u00c9 importante o preenchimento do formul\u00e1rio com clareza a fim de que se solicite o ve\u00edculo mais adequado para o transporte desejado.<\/p>\n\n\n\n<p>Para mais informa\u00e7\u00f5es, por gentileza, contactar a Diretoria Administrativa e Financeira do IPeFarM atrav\u00e9s dos contatos abaixo:<\/p>\n\n\n\n<p>Tel.: (83) 3216-7380<br>E-mail:&nbsp;<a href=\"mailto:administracao@ipefarm.ufpb.br\">administracao@ipefarm.ufpb.br<\/a><\/p>\n","protected":false},"excerpt":{"rendered":"<p>Requisi\u00e7\u00e3o de Transporte para as Diretorias e Unidades do IPeFarM O Instituto de Pesquisa em [&hellip;]<\/p>\n","protected":false},"author":286,"featured_media":0,"parent":0,"menu_order":0,"comment_status":"closed","ping_status":"closed","template":"","meta":{"footnotes":""},"class_list":["post-142","page","type-page","status-publish","hentry"],"_links":{"self":[{"href":"https:\/\/www.ufpb.br\/ipefarm\/wp-json\/wp\/v2\/pages\/142","targetHints":{"allow":["GET"]}}],"collection":[{"href":"https:\/\/www.ufpb.br\/ipefarm\/wp-json\/wp\/v2\/pages"}],"about":[{"href":"https:\/\/www.ufpb.br\/ipefarm\/wp-json\/wp\/v2\/types\/page"}],"author":[{"embeddable":true,"href":"https:\/\/www.ufpb.br\/ipefarm\/wp-json\/wp\/v2\/users\/286"}],"replies":[{"embeddable":true,"href":"https:\/\/www.ufpb.br\/ipefarm\/wp-json\/wp\/v2\/comments?post=142"}],"version-history":[{"count":2,"href":"https:\/\/www.ufpb.br\/ipefarm\/wp-json\/wp\/v2\/pages\/142\/revisions"}],"predecessor-version":[{"id":371,"href":"https:\/\/www.ufpb.br\/ipefarm\/wp-json\/wp\/v2\/pages\/142\/revisions\/371"}],"wp:attachment":[{"href":"https:\/\/www.ufpb.br\/ipefarm\/wp-json\/wp\/v2\/media?parent=142"}],"curies":[{"name":"wp","href":"https:\/\/api.w.org\/{rel}","templated":true}]}}