{"id":145,"date":"2025-02-25T17:15:04","date_gmt":"2025-02-25T20:15:04","guid":{"rendered":"https:\/\/www.ufpb.br\/ipefarm2\/?page_id=145"},"modified":"2025-07-03T11:05:35","modified_gmt":"2025-07-03T14:05:35","slug":"lista-de-contatos","status":"publish","type":"page","link":"https:\/\/www.ufpb.br\/ipefarm\/lista-de-contatos\/","title":{"rendered":"Lista de Contatos"},"content":{"rendered":"\n<p><\/p>\n\n\n\n<p><strong>INSTITUTO DE PESQUISA EM F\u00c1RMACOS E MEDICAMENTOS &#8211; IPeFarM\/UFPB<\/strong><\/p>\n\n\n\n<figure class=\"wp-block-table\"><table class=\"has-fixed-layout\"><tbody><tr><td>Recep\u00e7\u00e3o Geral:<\/td><td>(83) 3048-8540<\/td><\/tr><tr><td>Presid\u00eancia:<\/td><td>(83) 3216-7380<\/td><\/tr><tr><td>Endere\u00e7o Eletr\u00f4nico:<\/td><td>administracao@ipefarm.ufpb.br<\/td><\/tr><\/tbody><\/table><\/figure>\n\n\n\n<figure class=\"wp-block-table\"><table class=\"has-fixed-layout\"><tbody><tr><td>Diretoria Administrativa Financeira<\/td><td>(83) 3048-8448<\/td><\/tr><tr><td>Diretoria de Pesquisa Tecnol\u00f3gica<\/td><td>(83) 3216-7114<\/td><\/tr><tr><td>Diretoria de Pesquisa Cl\u00ednica<\/td><td>(83) 3048-8102<\/td><\/tr><tr><td>Diretoria de Pesquisa em Farmacologia e Toxicologia <\/td><td>(83) 3216-7353<\/td><\/tr><tr><td>Diretoria de Pesquisa Qu\u00edmica<\/td><td>(83) 3216-7427<\/td><\/tr><tr><td>Unidade de Produ\u00e7\u00e3o Animal<\/td><td>(83) 3216-7353<\/td><\/tr><\/tbody><\/table><\/figure>\n","protected":false},"excerpt":{"rendered":"<p>INSTITUTO DE PESQUISA EM F\u00c1RMACOS E MEDICAMENTOS &#8211; IPeFarM\/UFPB Recep\u00e7\u00e3o Geral: (83) 3048-8540 Presid\u00eancia: (83) [&hellip;]<\/p>\n","protected":false},"author":286,"featured_media":0,"parent":0,"menu_order":0,"comment_status":"closed","ping_status":"closed","template":"","meta":{"footnotes":""},"class_list":["post-145","page","type-page","status-publish","hentry"],"_links":{"self":[{"href":"https:\/\/www.ufpb.br\/ipefarm\/wp-json\/wp\/v2\/pages\/145","targetHints":{"allow":["GET"]}}],"collection":[{"href":"https:\/\/www.ufpb.br\/ipefarm\/wp-json\/wp\/v2\/pages"}],"about":[{"href":"https:\/\/www.ufpb.br\/ipefarm\/wp-json\/wp\/v2\/types\/page"}],"author":[{"embeddable":true,"href":"https:\/\/www.ufpb.br\/ipefarm\/wp-json\/wp\/v2\/users\/286"}],"replies":[{"embeddable":true,"href":"https:\/\/www.ufpb.br\/ipefarm\/wp-json\/wp\/v2\/comments?post=145"}],"version-history":[{"count":5,"href":"https:\/\/www.ufpb.br\/ipefarm\/wp-json\/wp\/v2\/pages\/145\/revisions"}],"predecessor-version":[{"id":220,"href":"https:\/\/www.ufpb.br\/ipefarm\/wp-json\/wp\/v2\/pages\/145\/revisions\/220"}],"wp:attachment":[{"href":"https:\/\/www.ufpb.br\/ipefarm\/wp-json\/wp\/v2\/media?parent=145"}],"curies":[{"name":"wp","href":"https:\/\/api.w.org\/{rel}","templated":true}]}}