{"id":19,"date":"2025-02-25T15:36:14","date_gmt":"2025-02-25T18:36:14","guid":{"rendered":"https:\/\/www.ufpb.br\/ipefarm2\/?page_id=19"},"modified":"2025-07-03T11:06:16","modified_gmt":"2025-07-03T14:06:16","slug":"o-ipefarm","status":"publish","type":"page","link":"https:\/\/www.ufpb.br\/ipefarm\/o-ipefarm\/","title":{"rendered":"O IPeFarM"},"content":{"rendered":"\n<p><\/p>\n\n\n\n<figure class=\"wp-block-image size-large\"><img loading=\"lazy\" decoding=\"async\" width=\"1024\" height=\"768\" src=\"https:\/\/www.ufpb.br\/ipefarm\/wp-content\/uploads\/sites\/79\/sites\/265\/2025\/02\/IPeFarM-1-1024x768.jpeg\" alt=\"\" class=\"wp-image-20\" srcset=\"https:\/\/www.ufpb.br\/ipefarm\/wp-content\/uploads\/sites\/79\/sites\/265\/2025\/02\/IPeFarM-1-1024x768.jpeg 1024w, https:\/\/www.ufpb.br\/ipefarm\/wp-content\/uploads\/sites\/79\/sites\/265\/2025\/02\/IPeFarM-1-300x225.jpeg 300w, https:\/\/www.ufpb.br\/ipefarm\/wp-content\/uploads\/sites\/79\/sites\/265\/2025\/02\/IPeFarM-1-768x576.jpeg 768w, https:\/\/www.ufpb.br\/ipefarm\/wp-content\/uploads\/sites\/79\/sites\/265\/2025\/02\/IPeFarM-1-1536x1152.jpeg 1536w, https:\/\/www.ufpb.br\/ipefarm\/wp-content\/uploads\/sites\/79\/sites\/265\/2025\/02\/IPeFarM-1.jpeg 1600w\" sizes=\"auto, (max-width: 1024px) 100vw, 1024px\" \/><\/figure>\n\n\n\n<p><\/p>\n\n\n\n<p><strong>Bem-vindo ao IPeFarM<\/strong><\/p>\n\n\n\n<p class=\" \">O Instituto de Pesquisa em F\u00e1rmacos e Medicamentos (IPeFarM) \u00e9 \u00f3rg\u00e3o suplementar da&nbsp;<a href=\"https:\/\/www.ufpb.br\/\" target=\"_blank\" rel=\"noreferrer noopener\">Universidade Federal da Para\u00edba (UFPB)<\/a>, criado pela Resolu\u00e7\u00e3o 15\/2014, do Conselho Universit\u00e1rio (CONSUNI-UFPB). Com sede e foro na cidade de Jo\u00e3o Pessoa-PB, o IPeFarM foi suced\u00e2neo do antigo Laborat\u00f3rio de Tecnologia Farmac\u00eautica (LTF), criado em 1968, e sua infraestrutura f\u00edsica incorporou as instala\u00e7\u00f5es do LTF acrescidas das novas estruturas dos Laborat\u00f3rios Integrados de Ensaios Biol\u00f3gicos, dos Laborat\u00f3rios de Caracteriza\u00e7\u00e3o e An\u00e1lises de F\u00e1rmacos e do Centro de Pesquisa Cl\u00ednica e Farmacoterapia.<\/p>\n\n\n\n<p><\/p>\n\n\n\n<p><strong>Nossa Miss\u00e3o<\/strong><\/p>\n\n\n\n<p class=\" \">Produzir, disseminar e promover a aplica\u00e7\u00e3o de conhecimentos cient\u00edfico-tecnol\u00f3gicos, integrados ao desenvolvimento e produ\u00e7\u00e3o de f\u00e1rmacos e medicamentos naturais e sint\u00e9ticos; desenvolver ensaios e medicamentos; realizar estudos cl\u00ednicos de medicamentos e de outros produtos para a sa\u00fade; e oferecer suporte \u00e0s atividades de ensino, pesquisa e extens\u00e3o da UFPB, configurando-se como um centro de excel\u00eancia na forma\u00e7\u00e3o de recursos humanos especializados na pesquisa e produ\u00e7\u00e3o de produtos e insumos farmac\u00eauticos ativos sint\u00e9ticos e fitoter\u00e1picos.<\/p>\n\n\n\n<p><\/p>\n\n\n\n<p><strong>Mestrado e Doutorado<\/strong><\/p>\n\n\n\n<p>O IPeFarM oferece suporte aos cursos do Programa de P\u00f3s-Gradua\u00e7\u00e3o em Produtos Naturais e Sint\u00e9ticos Bioativos (PgPNSB) N\u00edveis Mestrado e Doutorado e o Programa de P\u00f3s-Gradua\u00e7\u00e3o em Desenvolvimento e Inova\u00e7\u00e3o Tecnol\u00f3gica de Medicamentos N\u00edvel Doutorado do Centro de Ci\u00eancias da Sa\u00fade (CCS) da UFPB.<\/p>\n\n\n\n<p><\/p>\n\n\n\n<p><strong>Objetivos do IPeFarM<\/strong><\/p>\n\n\n\n<p>S\u00e3o objetivos do Instituto de Pesquisa em F\u00e1rmacos e Medicamentos (IPeFarM\/UFPB):<\/p>\n\n\n\n<ul class=\"wp-block-list\">\n<li>Aprofundar os estudos de desenvolvimento dos f\u00e1rmacos naturais da flora brasileira em conson\u00e2ncia com o Programa Nacional de Plantas Medicinais e Fitoter\u00e1picos e Resolu\u00e7\u00f5es pertinentes emanadas pela ANVISA;<\/li>\n\n\n\n<li>Desenvolver pesquisas tecnol\u00f3gicas fitoqu\u00edmicas para produ\u00e7\u00e3o e caracteriza\u00e7\u00e3o de padr\u00f5es fitoqu\u00edmicos e fitoter\u00e1picos;<\/li>\n\n\n\n<li>Desenvolver pesquisas farmacol\u00f3gicas e toxicol\u00f3gicas com os f\u00e1rmacos naturais da flora nacional;<\/li>\n\n\n\n<li>Desenvolver tecnologias sint\u00e9ticas para obten\u00e7\u00e3o de f\u00e1rmacos fitoqu\u00edmicos quimicamente modificados;<\/li>\n\n\n\n<li>Desenvolver pesquisas farmacol\u00f3gicas e toxicol\u00f3gicas com f\u00e1rmacos sint\u00e9ticos;<\/li>\n\n\n\n<li>Desenvolver tecnologias de produ\u00e7\u00e3o com f\u00e1rmacos naturais fitoter\u00e1picos, sint\u00e9ticos, biol\u00f3gicos e fitoqu\u00edmicos;<\/li>\n\n\n\n<li>Desenvolver e validar tecnologias anal\u00edticas para f\u00e1rmacos e medicamentos naturais e sint\u00e9ticos;<\/li>\n\n\n\n<li>Desenvolver estudos cl\u00ednicos de Fase I, II, III e IV com medicamentos fitoter\u00e1picos, biol\u00f3gicos e sint\u00e9ticos;<\/li>\n\n\n\n<li>Consolidar a inser\u00e7\u00e3o da UFPB dentro de um cen\u00e1rio internacional de pesquisa de ponta em F\u00e1rmacos e Medicamentos;<\/li>\n\n\n\n<li>Dar suporte de infraestrutura aos Programas de P\u00f3s-Gradua\u00e7\u00e3o em Produtos Naturais e Sint\u00e9ticos Bioativos e de Desenvolvimento e Inova\u00e7\u00e3o Tecnol\u00f3gica em Medicamentos;<\/li>\n\n\n\n<li>Dar suporte de infraestrutura aos estudantes de gradua\u00e7\u00e3o em Farm\u00e1cia e de outras \u00e1reas afins aos objetivos do IPeFarM.<\/li>\n\n\n\n<li>Promover o interc\u00e2mbio de estudantes e pesquisadores entre as diferentes institui\u00e7\u00f5es colaboradoras do IPeFarM, tanto nacionais quanto internacionais.<\/li>\n<\/ul>\n\n\n\n<p><\/p>\n\n\n\n<figure class=\"wp-block-image size-full\"><img loading=\"lazy\" decoding=\"async\" width=\"1021\" height=\"388\" src=\"https:\/\/www.ufpb.br\/ipefarm\/wp-content\/uploads\/sites\/79\/sites\/265\/2025\/02\/Ipefarmfototratada.png\" alt=\"\" class=\"wp-image-21\" srcset=\"https:\/\/www.ufpb.br\/ipefarm\/wp-content\/uploads\/sites\/79\/sites\/265\/2025\/02\/Ipefarmfototratada.png 1021w, https:\/\/www.ufpb.br\/ipefarm\/wp-content\/uploads\/sites\/79\/sites\/265\/2025\/02\/Ipefarmfototratada-300x114.png 300w, https:\/\/www.ufpb.br\/ipefarm\/wp-content\/uploads\/sites\/79\/sites\/265\/2025\/02\/Ipefarmfototratada-768x292.png 768w\" sizes=\"auto, (max-width: 1021px) 100vw, 1021px\" \/><\/figure>\n","protected":false},"excerpt":{"rendered":"<p>Bem-vindo ao IPeFarM O Instituto de Pesquisa em F\u00e1rmacos e Medicamentos (IPeFarM) \u00e9 \u00f3rg\u00e3o suplementar [&hellip;]<\/p>\n","protected":false},"author":286,"featured_media":20,"parent":0,"menu_order":0,"comment_status":"closed","ping_status":"closed","template":"","meta":{"footnotes":""},"class_list":["post-19","page","type-page","status-publish","has-post-thumbnail","hentry"],"_links":{"self":[{"href":"https:\/\/www.ufpb.br\/ipefarm\/wp-json\/wp\/v2\/pages\/19","targetHints":{"allow":["GET"]}}],"collection":[{"href":"https:\/\/www.ufpb.br\/ipefarm\/wp-json\/wp\/v2\/pages"}],"about":[{"href":"https:\/\/www.ufpb.br\/ipefarm\/wp-json\/wp\/v2\/types\/page"}],"author":[{"embeddable":true,"href":"https:\/\/www.ufpb.br\/ipefarm\/wp-json\/wp\/v2\/users\/286"}],"replies":[{"embeddable":true,"href":"https:\/\/www.ufpb.br\/ipefarm\/wp-json\/wp\/v2\/comments?post=19"}],"version-history":[{"count":2,"href":"https:\/\/www.ufpb.br\/ipefarm\/wp-json\/wp\/v2\/pages\/19\/revisions"}],"predecessor-version":[{"id":286,"href":"https:\/\/www.ufpb.br\/ipefarm\/wp-json\/wp\/v2\/pages\/19\/revisions\/286"}],"wp:featuredmedia":[{"embeddable":true,"href":"https:\/\/www.ufpb.br\/ipefarm\/wp-json\/wp\/v2\/media\/20"}],"wp:attachment":[{"href":"https:\/\/www.ufpb.br\/ipefarm\/wp-json\/wp\/v2\/media?parent=19"}],"curies":[{"name":"wp","href":"https:\/\/api.w.org\/{rel}","templated":true}]}}