{"id":26,"date":"2025-02-25T15:41:29","date_gmt":"2025-02-25T18:41:29","guid":{"rendered":"https:\/\/www.ufpb.br\/ipefarm2\/?page_id=26"},"modified":"2025-07-03T10:59:31","modified_gmt":"2025-07-03T13:59:31","slug":"historia","status":"publish","type":"page","link":"https:\/\/www.ufpb.br\/ipefarm\/historia\/","title":{"rendered":"Hist\u00f3ria"},"content":{"rendered":"\n<p><\/p>\n\n\n\n<figure class=\"wp-block-image size-large\"><img loading=\"lazy\" decoding=\"async\" width=\"1024\" height=\"576\" src=\"https:\/\/www.ufpb.br\/ipefarm\/wp-content\/uploads\/sites\/79\/sites\/265\/2025\/02\/IPeFarM2-1024x576.jpeg\" alt=\"\" class=\"wp-image-27\" srcset=\"https:\/\/www.ufpb.br\/ipefarm\/wp-content\/uploads\/sites\/79\/sites\/265\/2025\/02\/IPeFarM2-1024x576.jpeg 1024w, https:\/\/www.ufpb.br\/ipefarm\/wp-content\/uploads\/sites\/79\/sites\/265\/2025\/02\/IPeFarM2-300x169.jpeg 300w, https:\/\/www.ufpb.br\/ipefarm\/wp-content\/uploads\/sites\/79\/sites\/265\/2025\/02\/IPeFarM2-768x432.jpeg 768w, https:\/\/www.ufpb.br\/ipefarm\/wp-content\/uploads\/sites\/79\/sites\/265\/2025\/02\/IPeFarM2-1536x864.jpeg 1536w, https:\/\/www.ufpb.br\/ipefarm\/wp-content\/uploads\/sites\/79\/sites\/265\/2025\/02\/IPeFarM2-2048x1152.jpeg 2048w\" sizes=\"auto, (max-width: 1024px) 100vw, 1024px\" \/><\/figure>\n\n\n\n<p><\/p>\n\n\n\n<p><strong>Hist\u00f3ria da pesquisa em f\u00e1rmacos e medicamentos na UFPB<\/strong><\/p>\n\n\n\n<p><br>O Laborat\u00f3rio de Tecnologia Farmac\u00eautica (LTF) foi fundado em 1968 com o objetivo de ser um laborat\u00f3rio oficial de produ\u00e7\u00e3o de medicamentos no Brasil. Seu lema, &#8220;Ensinar Fazendo&#8221;, refletia a miss\u00e3o universit\u00e1ria de formar farmac\u00eauticos industriais com experi\u00eancia pr\u00e1tica em ch\u00e3o de f\u00e1brica, especialmente na regi\u00e3o Nordeste do pa\u00eds. O idealizador e primeiro diretor do LTF foi o Professor Delby Fernandes Medeiros, que esteve \u00e0 frente da institui\u00e7\u00e3o at\u00e9 o in\u00edcio da d\u00e9cada de 1990.<\/p>\n\n\n\n<p>Em 1978, a Universidade Federal da Para\u00edba (UFPB) se destacou no cen\u00e1rio acad\u00eamico brasileiro ao criar o <strong>primeiro Mestrado em Farmacologia e Qu\u00edmica de Produtos Naturais do Brasil<\/strong>. Essa iniciativa pioneira foi proposta pelo Professor Delby Fernandes Medeiros, marcando o in\u00edcio de uma trajet\u00f3ria de excel\u00eancia na pesquisa.<\/p>\n\n\n\n<p>Duas d\u00e9cadas depois, em 1998, o programa evoluiu e se transformou no <strong>Programa de P\u00f3s-Gradua\u00e7\u00e3o em Produtos Naturais e Sint\u00e9ticos Bioativos<\/strong>, passando a oferecer cursos de <strong>Mestrado e Doutorado<\/strong>. Atualmente, esse programa \u00e9 o <strong>\u00fanico no Nordeste na \u00e1rea farmac\u00eautica<\/strong> a ser classificado com nota <strong>6 pela Capes<\/strong>, um reconhecimento que atesta sua <strong>qualidade internacional<\/strong>.<\/p>\n\n\n\n<p>Em 2011, uma decis\u00e3o da administra\u00e7\u00e3o da Reitoria resultou na <strong>extin\u00e7\u00e3o do Laborat\u00f3rio de Tecnologia Farmac\u00eautica (LTF)<\/strong>, causando um preju\u00edzo significativo para a pesquisa farmac\u00eautica tanto na Para\u00edba quanto no Brasil.<\/p>\n\n\n\n<p>Contudo, para restaurar o legado e a solidez da pesquisa farmac\u00eautica na UFPB, o <strong>Instituto de Pesquisa em F\u00e1rmacos e Medicamentos da UFPB (IPeFarM-UFPB)<\/strong> foi estabelecido em 2014, por meio da Resolu\u00e7\u00e3o 15\/2014 do CONSUNI. O IPeFarM-UFPB n\u00e3o s\u00f3 integrou toda a infraestrutura do antigo LTF, mas tamb\u00e9m adicionou novas estruturas criadas ap\u00f3s a desativa\u00e7\u00e3o do laborat\u00f3rio.<\/p>\n\n\n\n<p><br><strong>IPeFarM<\/strong><\/p>\n\n\n\n<p><br>O&nbsp;<a href=\"https:\/\/www.ufpb.br\/ipefarm\/contents\/menu\/institucional\">IPeFarM-UFPB<\/a>&nbsp;tem como miss\u00e3o pesquisar, desenvolver e produzir f\u00e1rmacos naturais e sint\u00e9ticos, medicamentos naturais e sint\u00e9ticos, desenvolver tecnologias anal\u00edticas e de produ\u00e7\u00e3o de medicamentos\/fitoprodutos e realizar estudos cl\u00ednicos de medicamentos e produtos para sa\u00fade destinados ao consumo humano.<\/p>\n\n\n\n<p><strong>Estrutura do IPeFarM<\/strong><\/p>\n\n\n\n<p>O&nbsp;<a href=\"https:\/\/www.ufpb.br\/ipefarm\/contents\/menu\/estrutura-organizacional-1\">organograma<\/a>&nbsp;do IPeFarM mostra a sua infraestrutura f\u00edsica e de pessoal para a pesquisa e produ\u00e7\u00e3o farmac\u00eautica no Estado da Para\u00edba\/Nordeste\/Brasil.<\/p>\n\n\n\n<p>A Resolu\u00e7\u00e3o 15\/2014-CONSUNI que disp\u00f5e sobre a Cria\u00e7\u00e3o do Instituto de Pesquisa em F\u00e1rmacos e Medicamentos mostrou a firme decis\u00e3o da Universidade Federal da Para\u00edba de reconhecer as compet\u00eancias dos diferentes pesquisadores da \u00e1rea farmac\u00eautica integrantes da UFPB e de permitir que as diferentes infraestruturas f\u00edsicas fossem integradas em um \u00fanico \u00f3rg\u00e3o, viabilizando, assim, a elabora\u00e7\u00e3o de projetos integrados com vistas aos estudos da planta ao medicamento para consolidar a expertise dos grupos de pesquisa da \u00e1rea farmac\u00eautica na Universidade Federal da Para\u00edba.<\/p>\n\n\n\n<p><\/p>\n\n\n\n<figure class=\"wp-block-image size-full\"><img loading=\"lazy\" decoding=\"async\" width=\"766\" height=\"686\" src=\"https:\/\/www.ufpb.br\/ipefarm\/wp-content\/uploads\/sites\/79\/sites\/265\/2025\/02\/image-1.png\" alt=\"\" class=\"wp-image-28\" srcset=\"https:\/\/www.ufpb.br\/ipefarm\/wp-content\/uploads\/sites\/79\/sites\/265\/2025\/02\/image-1.png 766w, https:\/\/www.ufpb.br\/ipefarm\/wp-content\/uploads\/sites\/79\/sites\/265\/2025\/02\/image-1-300x269.png 300w\" sizes=\"auto, (max-width: 766px) 100vw, 766px\" \/><\/figure>\n\n\n\n<p><\/p>\n\n\n\n<p><strong>Programas de P\u00f3s Gradua\u00e7\u00e3o com atividades no IPeFarM<\/strong><\/p>\n\n\n\n<ul class=\"wp-block-list\">\n<li>Programa de P\u00f3s-Gradua\u00e7\u00e3o em Produtos Naturais e Sint\u00e9ticos Bioativos \u2013 N\u00edveis Mestrado e Doutorado \u2013 Conceito 6 na CAPES \u2013 O \u00fanico na \u00e1rea de Farm\u00e1cia no Nordeste \u2013 Norte.<\/li>\n\n\n\n<li>Programa de P\u00f3s-Gradua\u00e7\u00e3o em Desenvolvimento e Inova\u00e7\u00e3o Tecnol\u00f3gica em Medicamentos \u2013 N\u00edvel Doutorado \u2013 Conceito 4 na CAPES \u2013 Programa em associa\u00e7\u00e3o\/rede entre a UFPB \u2013 UFRN \u2013 UFC \u2013 UFRPE.<\/li>\n<\/ul>\n\n\n\n<p><strong>Associa\u00e7\u00e3o em entidades<\/strong><\/p>\n\n\n\n<p>O Instituto de Pesquisa em F\u00e1rmacos e Medicamentos resgatou a sua participa\u00e7\u00e3o como Associado, perdida quando da extin\u00e7\u00e3o do LTF, na ASSOCIA\u00c7\u00c3O DOS LABORAT\u00d3RIOS FARMAC\u00caUTICOS OFICIAIS DO BRASIL \u2013 ALFOB, entidade que congrega todos os laborat\u00f3rios oficiais de produ\u00e7\u00e3o farmac\u00eautica no Brasil e parceira do Minist\u00e9rio da Sa\u00fade \u2013 Secretaria de Ci\u00eancia e Tecnologia e Insumos Estrat\u00e9gicos.&nbsp;<\/p>\n\n\n\n<p><\/p>\n\n\n\n<p><strong>Projetos em Execu\u00e7\u00e3o no IPeFarM<\/strong><\/p>\n\n\n\n<p><strong>REDE NORTE NORDESTE DE FITOPRODUTOS<\/strong><\/p>\n\n\n\n<p>Ap\u00f3s a cria\u00e7\u00e3o do <strong>IPeFarM (Instituto de Pesquisa em F\u00e1rmacos e Medicamentos)<\/strong>, o <strong>Minist\u00e9rio da Ci\u00eancia, Tecnologia, Inova\u00e7\u00f5es e Comunica\u00e7\u00f5es (MCTIC)<\/strong>, em parceria com o <strong>Conselho Nacional de Desenvolvimento Cient\u00edfico e Tecnol\u00f3gico (CNPq)<\/strong>,<sup><\/sup> a <strong>Coordena\u00e7\u00e3o de Aperfei\u00e7oamento de Pessoal de N\u00edvel Superior (CAPES)<\/strong> e as <strong>Funda\u00e7\u00f5es de Amparo \u00e0 Pesquisa (FAPs)<\/strong>,<sup><\/sup> lan\u00e7aram uma chamada p\u00fablica. O objetivo era selecionar institui\u00e7\u00f5es cient\u00edficas e tecnol\u00f3gicas com projetos de reconhecimento internacional para se tornarem <strong>Institutos Nacionais de Ci\u00eancia e Tecnologia (INCTs)<\/strong>.<\/p>\n\n\n\n<p>O IPeFarM, que j\u00e1 apoia programas de p\u00f3s-gradua\u00e7\u00e3o na \u00e1rea farmac\u00eautica com foco em <strong>plantas medicinais<\/strong>, elaborou uma proposta ambiciosa. Essa proposta visava a estrutura\u00e7\u00e3o de uma <strong>Rede Norte-Nordeste de Fitoprodutos<\/strong>, com o IPeFarM atuando como sede, beneficiando-se de mais de 40 anos de experi\u00eancia e infraestrutura acumulada.<\/p>\n\n\n\n<p>A iniciativa foi submetida \u00e0 Chamada INCT \u2013 MCTI\/CNPq\/CAPES\/FAPs N\u00ba 16\/2014, com o prop\u00f3sito de otimizar os estudos sobre plantas medicinais para o desenvolvimento de <strong>fitoprodutos<\/strong>. A proposta foi aprovada e seu financiamento liberado no final de 2016, marcando um avan\u00e7o significativo para a pesquisa farmac\u00eautica nas regi\u00f5es Norte e Nordeste do Brasil.<\/p>\n\n\n\n<p><strong>CENTRO NACIONAL MULTIUSU\u00c1RIO<\/strong><\/p>\n\n\n\n<p>A <strong>Diretoria de Pesquisas em Qu\u00edmica<\/strong> da UFPB incorporou a estrutura do <strong>Laborat\u00f3rio Multiusu\u00e1rio de An\u00e1lise e Caracteriza\u00e7\u00e3o (LMCA)<\/strong>, que foi financiado por diversos projetos CTINFRA. Em 2016, o professor <strong>Marcelo Sobral da Silva<\/strong>, ent\u00e3o coordenador do LMCA, apresentou \u00e0 FINEP uma proposta para o edital do <strong>Centro Nacional Multiusu\u00e1rio (CNM)<\/strong>. A proposta foi aprovada, e o projeto encontra-se atualmente em execu\u00e7\u00e3o.<\/p>\n\n\n\n<p>Com equipamentos anal\u00edticos de grande porte, o CNM oferece servi\u00e7os essenciais para a UFPB e para diversos usu\u00e1rios na Para\u00edba e em toda a regi\u00e3o Nordeste, realizando an\u00e1lises de <strong>Resson\u00e2ncia Magn\u00e9tica Nuclear (RMN)<\/strong>, <strong>Espectrometrias de Massa<\/strong> e <strong>Cromatografias<\/strong>.<\/p>\n\n\n\n<p><strong>PLATAFORMA DE PESQUISA E PRODU\u00c7\u00c3O INDUSTRIAL DE INSUMOS FARMAC\u00caUTICOS ATIVOS VEGETAIS<\/strong><\/p>\n\n\n\n<p>Em 2016, a Associa\u00e7\u00e3o Nacional de Laborat\u00f3rios Farmac\u00eauticos Oficiais do Brasil &#8211; ALFOB iniciou um importante debate entre seus laborat\u00f3rios associados para identificar as principais \u00e1reas de atua\u00e7\u00e3o e, assim, definir as prioridades de uma rede colaborativa.<\/p>\n\n\n\n<p>Nesse contexto, o Instituto de Pesquisa em F\u00e1rmacos e Medicamentos &#8211; IpeFarm prop\u00f4s a cria\u00e7\u00e3o de uma plataforma de fitoter\u00e1picos. Essa iniciativa foi apresentada ao Minist\u00e9rio da Sa\u00fade, por meio da Secretaria de Ci\u00eancia, Tecnologia e Inova\u00e7\u00e3o em Sa\u00fade &#8211; SCTIE, durante a primeira reuni\u00e3o com o ent\u00e3o Ministro Ricardo Barros, ainda em 2016.<\/p>\n\n\n\n<p>A proposta foi muito bem recebida e, no mesmo ano, a plataforma de fitoter\u00e1picos foi oficialmente aprovada pelo Grupo Executivo do Complexo Industrial da Sa\u00fade.<\/p>\n\n\n\n<p>No ano de 2018, o IPeFarM apresentou \u00e0 SCTIE\/DECIIS uma proposta para implementar a Plataforma de Produ\u00e7\u00e3o Industrial de Insumos Farmac\u00eauticos Ativos Vegetais. Esse projeto foi aprovado, recebendo um financiamento inicial que possibilitou a aquisi\u00e7\u00e3o de equipamentos e a adequa\u00e7\u00e3o da infraestrutura j\u00e1 existente no IPeFarM<\/p>\n\n\n\n<p><strong>PLATAFORMA DE PESQUISA E PRODU\u00c7\u00c3O INDUSTRIAL DE INSUMOS FARMAC\u00caUTICOS ATIVOS PEPT\u00cdDICOS<\/strong><\/p>\n\n\n\n<p>A colabora\u00e7\u00e3o entre o IPeFarM e a Embrapa Recursos Gen\u00e9ticos e Biotecnologia come\u00e7ou em <strong>2016<\/strong>. Eles discutiram uma parceria de transfer\u00eancia de tecnologia focada na produ\u00e7\u00e3o de pept\u00eddeos. O objetivo inicial era produzir a <strong>octreotida<\/strong>, um insumo farmac\u00eautico ativo de alto custo para o Minist\u00e9rio da Sa\u00fade. Essas discuss\u00f5es progrediram e resultaram em um acordo de Coopera\u00e7\u00e3o T\u00e9cnica.<\/p>\n\n\n\n<p>Em <strong>2018<\/strong>, o IPeFarM submeteu um projeto \u00e0 SCTIE\/DECIIS para criar uma Plataforma de Produ\u00e7\u00e3o Industrial de Insumos Farmac\u00eauticos Ativos Pept\u00eddicos. O projeto foi aprovado, recebendo financiamento inicial para adquirir equipamentos e adaptar a \u00e1rea f\u00edsica j\u00e1 existente no IPeFarM..<\/p>\n\n\n\n<p><strong>PESQUISA CL\u00cdNICA<\/strong><\/p>\n\n\n\n<p>A Diretoria de Pesquisas Cl\u00ednicas do IPeFarM assumiu a responsabilidade pela conclus\u00e3o do Edif\u00edcio do Centro de Pesquisa Cl\u00ednica e Farmacoterapia, que estava em constru\u00e7\u00e3o e foi inicialmente financiado com recursos do CTINFRA 2008. O IPeFarM se empenhou na finaliza\u00e7\u00e3o da obra utilizando recursos pr\u00f3prios.<\/p>\n\n\n\n<p>Atualmente, a estrutura cl\u00ednica est\u00e1 sendo organizada com recursos de diversos projetos para se tornar um grande centro de pesquisa cl\u00ednica.<\/p>\n\n\n\n<p>Em 2018, o IPeFarM obteve aprova\u00e7\u00e3o na Plataforma Brasil para o projeto &#8220;Perfil Termogr\u00e1fico dos Pacientes com Queixas Inflamat\u00f3rias&#8221;. O convite para a inclus\u00e3o de pacientes neste estudo est\u00e1 dispon\u00edvel na p\u00e1gina do IPeFarM.<\/p>\n\n\n\n<p>Para 2019, o IPeFarM est\u00e1 em processo de discuss\u00e3o para implantar uma nova linha de pesquisa focada em doen\u00e7as raras inflamat\u00f3rias. Esta iniciativa abranger\u00e1 atividades de diagn\u00f3stico e monitoramento da efic\u00e1cia terap\u00eautica em pacientes em tratamento. A pesquisa contar\u00e1 com a colabora\u00e7\u00e3o de pesquisadores do Centro de Ci\u00eancias M\u00e9dicas da Universidade Federal da Para\u00edba, al\u00e9m de especialistas de outras institui\u00e7\u00f5es nacionais com experi\u00eancia na \u00e1rea.<\/p>\n\n\n\n<p><\/p>\n","protected":false},"excerpt":{"rendered":"<p>Hist\u00f3ria da pesquisa em f\u00e1rmacos e medicamentos na UFPB O Laborat\u00f3rio de Tecnologia Farmac\u00eautica (LTF) [&hellip;]<\/p>\n","protected":false},"author":286,"featured_media":0,"parent":0,"menu_order":0,"comment_status":"closed","ping_status":"closed","template":"","meta":{"footnotes":""},"class_list":["post-26","page","type-page","status-publish","hentry"],"_links":{"self":[{"href":"https:\/\/www.ufpb.br\/ipefarm\/wp-json\/wp\/v2\/pages\/26","targetHints":{"allow":["GET"]}}],"collection":[{"href":"https:\/\/www.ufpb.br\/ipefarm\/wp-json\/wp\/v2\/pages"}],"about":[{"href":"https:\/\/www.ufpb.br\/ipefarm\/wp-json\/wp\/v2\/types\/page"}],"author":[{"embeddable":true,"href":"https:\/\/www.ufpb.br\/ipefarm\/wp-json\/wp\/v2\/users\/286"}],"replies":[{"embeddable":true,"href":"https:\/\/www.ufpb.br\/ipefarm\/wp-json\/wp\/v2\/comments?post=26"}],"version-history":[{"count":5,"href":"https:\/\/www.ufpb.br\/ipefarm\/wp-json\/wp\/v2\/pages\/26\/revisions"}],"predecessor-version":[{"id":194,"href":"https:\/\/www.ufpb.br\/ipefarm\/wp-json\/wp\/v2\/pages\/26\/revisions\/194"}],"wp:attachment":[{"href":"https:\/\/www.ufpb.br\/ipefarm\/wp-json\/wp\/v2\/media?parent=26"}],"curies":[{"name":"wp","href":"https:\/\/api.w.org\/{rel}","templated":true}]}}