{"id":30,"date":"2025-02-25T15:51:10","date_gmt":"2025-02-25T18:51:10","guid":{"rendered":"https:\/\/www.ufpb.br\/ipefarm2\/?page_id=30"},"modified":"2025-07-03T11:06:35","modified_gmt":"2025-07-03T14:06:35","slug":"portarias","status":"publish","type":"page","link":"https:\/\/www.ufpb.br\/ipefarm\/portarias\/","title":{"rendered":"Portarias"},"content":{"rendered":"\n<p><\/p>\n\n\n\n<div class=\"wp-block-file\"><a id=\"wp-block-file--media-0479022c-36ef-4817-83ce-f30f4639c580\" href=\"https:\/\/www.ufpb.br\/ipefarm\/wp-content\/uploads\/sites\/79\/sites\/265\/2025\/02\/Portaria-001_2020_Presidencia_IPeFarM-Aprova-os-criterios-de-funcionamento-do-IPeFarM-durante-o-periodo-de-pandemia.pdf\" target=\"_blank\" rel=\"noreferrer noopener\">Portaria 001_2020_Presid\u00eancia_IPeFarM &#8211; Aprova os crit\u00e9rios de funcionamento do IPeFarM durante o per\u00edodo de pandemia<\/a><a href=\"https:\/\/www.ufpb.br\/ipefarm\/wp-content\/uploads\/sites\/79\/sites\/265\/2025\/02\/Portaria-001_2020_Presidencia_IPeFarM-Aprova-os-criterios-de-funcionamento-do-IPeFarM-durante-o-periodo-de-pandemia.pdf\" class=\"wp-block-file__button wp-element-button\" download aria-describedby=\"wp-block-file--media-0479022c-36ef-4817-83ce-f30f4639c580\">Baixar<\/a><\/div>\n\n\n\n<p><\/p>\n\n\n\n<div class=\"wp-block-file\"><a id=\"wp-block-file--media-de1f1529-002d-48d3-b7df-7dddeb2ae4d3\" href=\"https:\/\/www.ufpb.br\/ipefarm\/wp-content\/uploads\/sites\/79\/sites\/265\/2025\/02\/Portaria-001-2021-Retorno-Presencial.pdf\" target=\"_blank\" rel=\"noreferrer noopener\">Portaria 001-2021 &#8211; Retorno Presencial<\/a><a href=\"https:\/\/www.ufpb.br\/ipefarm\/wp-content\/uploads\/sites\/79\/sites\/265\/2025\/02\/Portaria-001-2021-Retorno-Presencial.pdf\" class=\"wp-block-file__button wp-element-button\" download aria-describedby=\"wp-block-file--media-de1f1529-002d-48d3-b7df-7dddeb2ae4d3\">Baixar<\/a><\/div>\n\n\n\n<p><\/p>\n\n\n\n<div class=\"wp-block-file\"><a id=\"wp-block-file--media-7bd93bd5-a932-4aff-8f91-990de2a347b5\" href=\"https:\/\/www.ufpb.br\/ipefarm\/wp-content\/uploads\/sites\/79\/sites\/265\/2025\/02\/Portaria-001-2022-Disciplina-o-retorno-seguro-ao-trabalho-presencial.pdf\" target=\"_blank\" rel=\"noreferrer noopener\">Portaria 001-2022 &#8211; Disciplina o retorno seguro ao trabalho presencial<\/a><a href=\"https:\/\/www.ufpb.br\/ipefarm\/wp-content\/uploads\/sites\/79\/sites\/265\/2025\/02\/Portaria-001-2022-Disciplina-o-retorno-seguro-ao-trabalho-presencial.pdf\" class=\"wp-block-file__button wp-element-button\" download aria-describedby=\"wp-block-file--media-7bd93bd5-a932-4aff-8f91-990de2a347b5\">Baixar<\/a><\/div>\n\n\n\n<p><\/p>\n\n\n\n<div class=\"wp-block-file\"><a id=\"wp-block-file--media-69e197c1-c6a1-44f3-abb7-370b5ffc5650\" href=\"https:\/\/www.ufpb.br\/ipefarm\/wp-content\/uploads\/sites\/79\/sites\/265\/2025\/02\/Portaria-002_2022-Dispoe-sobre-retorno-presencial-a-partir-de-06-de-junho-de-2022.pdf\" target=\"_blank\" rel=\"noreferrer noopener\">Portaria 002_2022 &#8211; Disp\u00f5e sobre retorno presencial a partir de 06 de junho de 2022<\/a><a href=\"https:\/\/www.ufpb.br\/ipefarm\/wp-content\/uploads\/sites\/79\/sites\/265\/2025\/02\/Portaria-002_2022-Dispoe-sobre-retorno-presencial-a-partir-de-06-de-junho-de-2022.pdf\" class=\"wp-block-file__button wp-element-button\" download aria-describedby=\"wp-block-file--media-69e197c1-c6a1-44f3-abb7-370b5ffc5650\">Baixar<\/a><\/div>\n\n\n\n<p><\/p>\n\n\n\n<div class=\"wp-block-file\"><a id=\"wp-block-file--media-eba391f3-8bfd-44c2-b8fb-5ddc3d4097a2\" href=\"https:\/\/www.ufpb.br\/ipefarm\/wp-content\/uploads\/sites\/79\/sites\/265\/2025\/02\/Portaria-003_2022_Indicacao-do-Comite-Gestor-do-Laboratorio-Multiusuario-de-Pesquisa-da-Unidade-de-Producao-Animal-\u2013-UPA.pdf\" target=\"_blank\" rel=\"noreferrer noopener\">Portaria 003_2022_Indica\u00e7\u00e3o do Comit\u00ea Gestor do Laborat\u00f3rio Multiusu\u00e1rio de Pesquisa da Unidade de Produ\u00e7\u00e3o Animal \u2013 UPA<\/a><a href=\"https:\/\/www.ufpb.br\/ipefarm\/wp-content\/uploads\/sites\/79\/sites\/265\/2025\/02\/Portaria-003_2022_Indicacao-do-Comite-Gestor-do-Laboratorio-Multiusuario-de-Pesquisa-da-Unidade-de-Producao-Animal-\u2013-UPA.pdf\" class=\"wp-block-file__button wp-element-button\" download aria-describedby=\"wp-block-file--media-eba391f3-8bfd-44c2-b8fb-5ddc3d4097a2\">Baixar<\/a><\/div>\n\n\n\n<p><\/p>\n\n\n\n<div class=\"wp-block-file\"><a id=\"wp-block-file--media-e7a4d82c-9b6a-4d5d-8d8b-0b5ff52b64c6\" href=\"https:\/\/www.ufpb.br\/ipefarm\/wp-content\/uploads\/sites\/79\/sites\/265\/2025\/02\/Portaria-004_2022_Indicacao-do-Comite-Gestor-do-Laboratorio-Multiusuario-de-Caracterizacao-e-Analise-\u2013-LMCA_DPQ.pdf\" target=\"_blank\" rel=\"noreferrer noopener\">Portaria 004_2022_Indica\u00e7\u00e3o do Comit\u00ea Gestor do Laborat\u00f3rio Multiusu\u00e1rio de Caracteriza\u00e7\u00e3o e An\u00e1lise \u2013 LMCA_DPQ<\/a><a href=\"https:\/\/www.ufpb.br\/ipefarm\/wp-content\/uploads\/sites\/79\/sites\/265\/2025\/02\/Portaria-004_2022_Indicacao-do-Comite-Gestor-do-Laboratorio-Multiusuario-de-Caracterizacao-e-Analise-\u2013-LMCA_DPQ.pdf\" class=\"wp-block-file__button wp-element-button\" download aria-describedby=\"wp-block-file--media-e7a4d82c-9b6a-4d5d-8d8b-0b5ff52b64c6\">Baixar<\/a><\/div>\n\n\n\n<p><\/p>\n\n\n\n<div class=\"wp-block-file\"><a id=\"wp-block-file--media-c8491748-d3e1-4a0c-8ba1-e102dc68115c\" href=\"https:\/\/www.ufpb.br\/ipefarm\/wp-content\/uploads\/sites\/79\/sites\/265\/2025\/02\/Anexo-I-Planilha-Portaria-005_2022_IPeFarM_DAF.pdf\" target=\"_blank\" rel=\"noreferrer noopener\">Anexo I &#8211; Planilha &#8211; Portaria 005_2022_IPeFarM_DAF<\/a><a href=\"https:\/\/www.ufpb.br\/ipefarm\/wp-content\/uploads\/sites\/79\/sites\/265\/2025\/02\/Anexo-I-Planilha-Portaria-005_2022_IPeFarM_DAF.pdf\" class=\"wp-block-file__button wp-element-button\" download aria-describedby=\"wp-block-file--media-c8491748-d3e1-4a0c-8ba1-e102dc68115c\">Baixar<\/a><\/div>\n\n\n\n<p><\/p>\n\n\n\n<div class=\"wp-block-file\"><a id=\"wp-block-file--media-f4c1fd6f-c13f-4a16-bafe-c4bca784d234\" href=\"https:\/\/www.ufpb.br\/ipefarm\/wp-content\/uploads\/sites\/79\/sites\/265\/2025\/02\/Portaria-005_2022_Indicacao-dos-Coordenadores-Supervisores-e-laboratorios-vinculados-as-Diretorias-e-aos-Laboratorios-do-IPeFarM.pdf\" target=\"_blank\" rel=\"noreferrer noopener\">Portaria 005_2022_Indica\u00e7\u00e3o dos Coordenadores, Supervisores e laborat\u00f3rios vinculados as Diretorias e aos Laborat\u00f3rios do IPeFarM<\/a><a href=\"https:\/\/www.ufpb.br\/ipefarm\/wp-content\/uploads\/sites\/79\/sites\/265\/2025\/02\/Portaria-005_2022_Indicacao-dos-Coordenadores-Supervisores-e-laboratorios-vinculados-as-Diretorias-e-aos-Laboratorios-do-IPeFarM.pdf\" class=\"wp-block-file__button wp-element-button\" download aria-describedby=\"wp-block-file--media-f4c1fd6f-c13f-4a16-bafe-c4bca784d234\">Baixar<\/a><\/div>\n\n\n\n<p><\/p>\n","protected":false},"excerpt":{"rendered":"","protected":false},"author":286,"featured_media":0,"parent":0,"menu_order":0,"comment_status":"closed","ping_status":"closed","template":"","meta":{"footnotes":""},"class_list":["post-30","page","type-page","status-publish","hentry"],"_links":{"self":[{"href":"https:\/\/www.ufpb.br\/ipefarm\/wp-json\/wp\/v2\/pages\/30","targetHints":{"allow":["GET"]}}],"collection":[{"href":"https:\/\/www.ufpb.br\/ipefarm\/wp-json\/wp\/v2\/pages"}],"about":[{"href":"https:\/\/www.ufpb.br\/ipefarm\/wp-json\/wp\/v2\/types\/page"}],"author":[{"embeddable":true,"href":"https:\/\/www.ufpb.br\/ipefarm\/wp-json\/wp\/v2\/users\/286"}],"replies":[{"embeddable":true,"href":"https:\/\/www.ufpb.br\/ipefarm\/wp-json\/wp\/v2\/comments?post=30"}],"version-history":[{"count":1,"href":"https:\/\/www.ufpb.br\/ipefarm\/wp-json\/wp\/v2\/pages\/30\/revisions"}],"predecessor-version":[{"id":39,"href":"https:\/\/www.ufpb.br\/ipefarm\/wp-json\/wp\/v2\/pages\/30\/revisions\/39"}],"wp:attachment":[{"href":"https:\/\/www.ufpb.br\/ipefarm\/wp-json\/wp\/v2\/media?parent=30"}],"curies":[{"name":"wp","href":"https:\/\/api.w.org\/{rel}","templated":true}]}}