{"id":84,"date":"2025-02-25T16:17:00","date_gmt":"2025-02-25T19:17:00","guid":{"rendered":"https:\/\/www.ufpb.br\/ipefarm2\/?page_id=84"},"modified":"2025-07-03T12:14:55","modified_gmt":"2025-07-03T15:14:55","slug":"resolucoes","status":"publish","type":"page","link":"https:\/\/www.ufpb.br\/ipefarm\/resolucoes\/","title":{"rendered":"Resolu\u00e7\u00f5es"},"content":{"rendered":"\n<p><\/p>\n\n\n\n<div class=\"wp-block-file\"><a id=\"wp-block-file--media-24674fe8-bdf0-41fc-ae71-6505ee1fcfe1\" href=\"https:\/\/www.ufpb.br\/ipefarm\/wp-content\/uploads\/sites\/79\/sites\/265\/2025\/02\/resolucao-02-2023-CCTA-Comite-Indicacao-IPeFarM.pdf\" target=\"_blank\" rel=\"noreferrer noopener\">Resolu\u00e7\u00e3o n\u00b0 02\/2023 CCTA<br><br>Disp\u00f5e sobre a cria\u00e7\u00e3o do Comit\u00ea de Indica\u00e7\u00e3o do IPeFarM e define os crit\u00e9rios para sua composi\u00e7\u00e3o, o processo de indica\u00e7\u00e3o das Diretorias e d\u00e1 outras provid\u00eancias.<\/a><a href=\"https:\/\/www.ufpb.br\/ipefarm\/wp-content\/uploads\/sites\/79\/sites\/265\/2025\/02\/resolucao-02-2023-CCTA-Comite-Indicacao-IPeFarM.pdf\" class=\"wp-block-file__button wp-element-button\" download aria-describedby=\"wp-block-file--media-24674fe8-bdf0-41fc-ae71-6505ee1fcfe1\">Baixar<\/a><\/div>\n\n\n\n<p><\/p>\n\n\n\n<p><\/p>\n\n\n\n<div class=\"wp-block-file\"><a id=\"wp-block-file--media-517c1052-300d-4711-98c2-35f450c5fc99\" href=\"https:\/\/www.ufpb.br\/ipefarm\/wp-content\/uploads\/sites\/79\/sites\/265\/2025\/02\/resolucao-01-2023-CCTA_CCRD.pdf\" target=\"_blank\" rel=\"noreferrer noopener\">Resolucao n\u00b0 01\/2023 CCTA<br><br>Disp\u00f5e sobre os crit\u00e9rios para credenciamento, recredenciamento e descredenciamento de pesquisadores que desenvolvem atividades de pesquisa no IPeFarM.<\/a><a href=\"https:\/\/www.ufpb.br\/ipefarm\/wp-content\/uploads\/sites\/79\/sites\/265\/2025\/02\/resolucao-01-2023-CCTA_CCRD.pdf\" class=\"wp-block-file__button wp-element-button\" download aria-describedby=\"wp-block-file--media-517c1052-300d-4711-98c2-35f450c5fc99\">Baixar<\/a><\/div>\n\n\n\n<p><\/p>\n\n\n\n<p><\/p>\n\n\n\n<div class=\"wp-block-file\"><a id=\"wp-block-file--media-ceb3ce94-b413-425a-8e50-fdac8793da48\" href=\"https:\/\/www.ufpb.br\/ipefarm\/wp-content\/uploads\/sites\/79\/sites\/265\/2025\/02\/Resolucao-001_2022_CCTA-Aprova-a-revisao-1-do-Regulamento-e-adota-outras-providencias.pdf\" target=\"_blank\" rel=\"noreferrer noopener\">Resolu\u00e7\u00e3o 001_2022_CCTA &#8211; Aprova a revis\u00e3o 1 do Regulamento e adota outras provid\u00eancias.pdf<br><br>Aprova a Revis\u00e3o 1 do RI e adota outras provid\u00eancias<\/a><a href=\"https:\/\/www.ufpb.br\/ipefarm\/wp-content\/uploads\/sites\/79\/sites\/265\/2025\/02\/Resolucao-001_2022_CCTA-Aprova-a-revisao-1-do-Regulamento-e-adota-outras-providencias.pdf\" class=\"wp-block-file__button wp-element-button\" download aria-describedby=\"wp-block-file--media-ceb3ce94-b413-425a-8e50-fdac8793da48\">Baixar<\/a><\/div>\n\n\n\n<p><\/p>\n\n\n\n<p><\/p>\n\n\n\n<div class=\"wp-block-file\"><a id=\"wp-block-file--media-46c4522e-69b6-4fef-8e1d-4bc234eb9707\" href=\"https:\/\/www.ufpb.br\/ipefarm\/wp-content\/uploads\/sites\/79\/sites\/265\/2025\/02\/Resolucao-001_2022_CCTA_Anexo_Manual-da-Qualidade-IPeFarM-Revisao-1.pdf\" target=\"_blank\" rel=\"noreferrer noopener\">Resolu\u00e7\u00e3o 001_2022_CCTA_Anexo_Manual da Qualidade &#8211; IPeFarM &#8211; Revis\u00e3o 1<br><br>Anexo &#8211; Resolu\u00e7\u00e3o 001\/2022-CCTA &#8211; Manual da Qualidade &#8211; Revis\u00e3o 1<\/a><a href=\"https:\/\/www.ufpb.br\/ipefarm\/wp-content\/uploads\/sites\/79\/sites\/265\/2025\/02\/Resolucao-001_2022_CCTA_Anexo_Manual-da-Qualidade-IPeFarM-Revisao-1.pdf\" class=\"wp-block-file__button wp-element-button\" download aria-describedby=\"wp-block-file--media-46c4522e-69b6-4fef-8e1d-4bc234eb9707\">Baixar<\/a><\/div>\n\n\n\n<p><\/p>\n\n\n\n<p><\/p>\n\n\n\n<div class=\"wp-block-file\"><a id=\"wp-block-file--media-3660df02-bd84-4f2a-acd3-50c85a7ca28e\" href=\"https:\/\/www.ufpb.br\/ipefarm\/wp-content\/uploads\/sites\/79\/sites\/265\/2025\/02\/Resolucao_001_2018_CCTA_e_Anexos_BS_39_2018.pdf\" target=\"_blank\" rel=\"noreferrer noopener\">Resolu\u00e7\u00e3o 001 &#8211; 2018 &#8211; CCTA e Anexos &#8211; BS 39_2018<br><br>Aprova o Regulamento de Funcionamento do IPeFarM &#8211; Manual da Qualidade<\/a><a href=\"https:\/\/www.ufpb.br\/ipefarm\/wp-content\/uploads\/sites\/79\/sites\/265\/2025\/02\/Resolucao_001_2018_CCTA_e_Anexos_BS_39_2018.pdf\" class=\"wp-block-file__button wp-element-button\" download aria-describedby=\"wp-block-file--media-3660df02-bd84-4f2a-acd3-50c85a7ca28e\">Baixar<\/a><\/div>\n\n\n\n<p><\/p>\n\n\n\n<p><\/p>\n\n\n\n<div class=\"wp-block-file\"><a id=\"wp-block-file--media-49164d94-d618-49ae-b065-d5d432217198\" href=\"https:\/\/www.ufpb.br\/ipefarm\/wp-content\/uploads\/sites\/79\/sites\/265\/2025\/02\/Resolucao-no-18-2015_CONSUNI-IPeFarM-Altera-o-RI-do-IPeFarM.pdf\" target=\"_blank\" rel=\"noreferrer noopener\">Resolu\u00e7\u00e3o n\u00ba 18-2015_CONSUNI &#8211; IPeFarM &#8211; Altera o RI do IPeFarM.pdf<\/a><a href=\"https:\/\/www.ufpb.br\/ipefarm\/wp-content\/uploads\/sites\/79\/sites\/265\/2025\/02\/Resolucao-no-18-2015_CONSUNI-IPeFarM-Altera-o-RI-do-IPeFarM.pdf\" class=\"wp-block-file__button wp-element-button\" download aria-describedby=\"wp-block-file--media-49164d94-d618-49ae-b065-d5d432217198\">Baixar<\/a><\/div>\n\n\n\n<p><\/p>\n\n\n\n<p><\/p>\n\n\n\n<div class=\"wp-block-file\"><a id=\"wp-block-file--media-921a75ab-24e4-408c-85fb-098bc2d7eae0\" href=\"https:\/\/www.ufpb.br\/ipefarm\/wp-content\/uploads\/sites\/79\/sites\/265\/2025\/02\/Resolucao-no-15-2014_CONSUNI-Cria-e-Estrutura-o-IPeFarM.pdf\" target=\"_blank\" rel=\"noreferrer noopener\">Resolu\u00e7\u00e3o n\u00ba 15-2014_CONSUNI &#8211; Cria e Estrutura o IPeFarM<\/a><a href=\"https:\/\/www.ufpb.br\/ipefarm\/wp-content\/uploads\/sites\/79\/sites\/265\/2025\/02\/Resolucao-no-15-2014_CONSUNI-Cria-e-Estrutura-o-IPeFarM.pdf\" class=\"wp-block-file__button wp-element-button\" download aria-describedby=\"wp-block-file--media-921a75ab-24e4-408c-85fb-098bc2d7eae0\">Baixar<\/a><\/div>\n\n\n\n<p><\/p>\n\n\n\n<p><\/p>\n\n\n\n<div class=\"wp-block-file\"><a id=\"wp-block-file--media-a5f1b271-45f6-4cc6-8d3b-514c9d1dce43\" href=\"https:\/\/www.ufpb.br\/ipefarm\/wp-content\/uploads\/sites\/79\/sites\/265\/2025\/02\/Resolucao-no-29-2014_CONSUNI-IPeFarM-Aprova-o-Regimento-Interno-do-IPeFarM.pdf\" target=\"_blank\" rel=\"noreferrer noopener\">Resolu\u00e7\u00e3o n\u00ba 29-2014_CONSUNI &#8211; IPeFarM &#8211; Aprova o Regimento Interno do IPeFarM<\/a><a href=\"https:\/\/www.ufpb.br\/ipefarm\/wp-content\/uploads\/sites\/79\/sites\/265\/2025\/02\/Resolucao-no-29-2014_CONSUNI-IPeFarM-Aprova-o-Regimento-Interno-do-IPeFarM.pdf\" class=\"wp-block-file__button wp-element-button\" download aria-describedby=\"wp-block-file--media-a5f1b271-45f6-4cc6-8d3b-514c9d1dce43\">Baixar<\/a><\/div>\n","protected":false},"excerpt":{"rendered":"","protected":false},"author":286,"featured_media":0,"parent":0,"menu_order":0,"comment_status":"closed","ping_status":"closed","template":"","meta":{"footnotes":""},"class_list":["post-84","page","type-page","status-publish","hentry"],"_links":{"self":[{"href":"https:\/\/www.ufpb.br\/ipefarm\/wp-json\/wp\/v2\/pages\/84","targetHints":{"allow":["GET"]}}],"collection":[{"href":"https:\/\/www.ufpb.br\/ipefarm\/wp-json\/wp\/v2\/pages"}],"about":[{"href":"https:\/\/www.ufpb.br\/ipefarm\/wp-json\/wp\/v2\/types\/page"}],"author":[{"embeddable":true,"href":"https:\/\/www.ufpb.br\/ipefarm\/wp-json\/wp\/v2\/users\/286"}],"replies":[{"embeddable":true,"href":"https:\/\/www.ufpb.br\/ipefarm\/wp-json\/wp\/v2\/comments?post=84"}],"version-history":[{"count":2,"href":"https:\/\/www.ufpb.br\/ipefarm\/wp-json\/wp\/v2\/pages\/84\/revisions"}],"predecessor-version":[{"id":96,"href":"https:\/\/www.ufpb.br\/ipefarm\/wp-json\/wp\/v2\/pages\/84\/revisions\/96"}],"wp:attachment":[{"href":"https:\/\/www.ufpb.br\/ipefarm\/wp-json\/wp\/v2\/media?parent=84"}],"curies":[{"name":"wp","href":"https:\/\/api.w.org\/{rel}","templated":true}]}}