{"id":14,"date":"2025-02-11T11:12:13","date_gmt":"2025-02-11T14:12:13","guid":{"rendered":"https:\/\/www.ufpb.br\/lambda\/?page_id=14"},"modified":"2026-04-23T09:24:56","modified_gmt":"2026-04-23T12:24:56","slug":"apresentacao","status":"publish","type":"page","link":"https:\/\/www.ufpb.br\/lambda\/apresentacao\/","title":{"rendered":"Apresenta\u00e7\u00e3o"},"content":{"rendered":"\n<p>O Laborat\u00f3rio Multiusu\u00e1rio de Bioinform\u00e1tica e An\u00e1lise de Dados (LAMBDA) trabalhar com atividades de ensino e pesquisa na \u00e1rea de Bioinform\u00e1tica, disponibilizando adicionalmente, recursos computacionais para processamento e an\u00e1lise de dados.<\/p>\n\n\n\n<h2 class=\"wp-block-heading\"><div class=\"linha-header\">Hist\u00f3rico<\/div><\/h2>\n\n\n\n<p>O Laborat\u00f3rio Multiusu\u00e1rio de Bioinform\u00e1tica e An\u00e1lise de Dados (LAMBDA) foi criado atrav\u00e9s do processo 23074.094525\/2021-59, cadastrado em 15\/09\/2021.<\/p>\n\n\n\n<h2 class=\"wp-block-heading\"><div class=\"linha-header\">Estrutura<\/div><\/h2>\n\n\n\n<div data-wp-interactive=\"core\/file\" class=\"wp-block-file\"><object data-wp-bind--hidden=\"!state.hasPdfPreview\" hidden class=\"wp-block-file__embed\" data=\"http:\/\/www.ufpb.br\/lambda\/wp-content\/uploads\/sites\/79\/sites\/254\/2026\/04\/planta-baixa.pdf\" type=\"application\/pdf\" style=\"width:100%;height:600px\" aria-label=\"Incorporado de planta-baixa.\"><\/object><a id=\"wp-block-file--media-4cd0d35b-a164-476a-9fe5-601c42697676\" href=\"http:\/\/www.ufpb.br\/lambda\/wp-content\/uploads\/sites\/79\/sites\/254\/2026\/04\/planta-baixa.pdf\">planta-baixa<\/a><a href=\"http:\/\/www.ufpb.br\/lambda\/wp-content\/uploads\/sites\/79\/sites\/254\/2026\/04\/planta-baixa.pdf\" class=\"wp-block-file__button wp-element-button\" download aria-describedby=\"wp-block-file--media-4cd0d35b-a164-476a-9fe5-601c42697676\">Baixar<\/a><\/div>\n\n\n\n<figure class=\"wp-block-image size-large\"><img loading=\"lazy\" decoding=\"async\" width=\"1024\" height=\"724\" src=\"http:\/\/www.ufpb.br\/lambda\/wp-content\/uploads\/sites\/79\/sites\/254\/2026\/04\/planta-baixa-1024x724.png\" alt=\"\" class=\"wp-image-91\" srcset=\"https:\/\/www.ufpb.br\/lambda\/wp-content\/uploads\/sites\/79\/sites\/254\/2026\/04\/planta-baixa-1024x724.png 1024w, https:\/\/www.ufpb.br\/lambda\/wp-content\/uploads\/sites\/79\/sites\/254\/2026\/04\/planta-baixa-300x212.png 300w, https:\/\/www.ufpb.br\/lambda\/wp-content\/uploads\/sites\/79\/sites\/254\/2026\/04\/planta-baixa-768x543.png 768w, https:\/\/www.ufpb.br\/lambda\/wp-content\/uploads\/sites\/79\/sites\/254\/2026\/04\/planta-baixa-1536x1086.png 1536w, https:\/\/www.ufpb.br\/lambda\/wp-content\/uploads\/sites\/79\/sites\/254\/2026\/04\/planta-baixa-2048x1448.png 2048w\" sizes=\"auto, (max-width: 1024px) 100vw, 1024px\" \/><\/figure>\n\n\n\n<p><\/p>\n","protected":false},"excerpt":{"rendered":"<p>O Laborat\u00f3rio Multiusu\u00e1rio de Bioinform\u00e1tica e An\u00e1lise de Dados (LAMBDA) trabalhar com atividades de ensino [&hellip;]<\/p>\n","protected":false},"author":47,"featured_media":0,"parent":0,"menu_order":0,"comment_status":"closed","ping_status":"closed","template":"","meta":{"footnotes":""},"class_list":["post-14","page","type-page","status-publish","hentry"],"_links":{"self":[{"href":"https:\/\/www.ufpb.br\/lambda\/wp-json\/wp\/v2\/pages\/14","targetHints":{"allow":["GET"]}}],"collection":[{"href":"https:\/\/www.ufpb.br\/lambda\/wp-json\/wp\/v2\/pages"}],"about":[{"href":"https:\/\/www.ufpb.br\/lambda\/wp-json\/wp\/v2\/types\/page"}],"author":[{"embeddable":true,"href":"https:\/\/www.ufpb.br\/lambda\/wp-json\/wp\/v2\/users\/47"}],"replies":[{"embeddable":true,"href":"https:\/\/www.ufpb.br\/lambda\/wp-json\/wp\/v2\/comments?post=14"}],"version-history":[{"count":8,"href":"https:\/\/www.ufpb.br\/lambda\/wp-json\/wp\/v2\/pages\/14\/revisions"}],"predecessor-version":[{"id":94,"href":"https:\/\/www.ufpb.br\/lambda\/wp-json\/wp\/v2\/pages\/14\/revisions\/94"}],"wp:attachment":[{"href":"https:\/\/www.ufpb.br\/lambda\/wp-json\/wp\/v2\/media?parent=14"}],"curies":[{"name":"wp","href":"https:\/\/api.w.org\/{rel}","templated":true}]}}