{"id":48,"date":"2026-04-22T11:26:01","date_gmt":"2026-04-22T14:26:01","guid":{"rendered":"https:\/\/www.ufpb.br\/lambda\/?page_id=48"},"modified":"2026-04-22T14:48:23","modified_gmt":"2026-04-22T17:48:23","slug":"linhas-de-pesquisa","status":"publish","type":"page","link":"https:\/\/www.ufpb.br\/lambda\/linhas-de-pesquisa\/","title":{"rendered":"Linhas de pesquisa"},"content":{"rendered":"\n<h2 class=\"wp-block-heading\"><div class=\"linha-header\">Prospec\u00e7\u00e3o de f\u00e1rmaco com uso de triagem virtual<\/div><\/h2>\n\n\n\n<ul class=\"wp-block-list\">\n<li>Identificar a \u00e1rea de liga\u00e7\u00e3o (docking) entre prote\u00ednas<\/li>\n\n\n\n<li>Avaliar a afinidade de liga\u00e7\u00e3o entre compostos e prote\u00ednas alvo<\/li>\n\n\n\n<li>Descrever as intera\u00e7\u00f5es f\u00edsico-qu\u00edmicas entre compostos e prote\u00edna alvo<\/li>\n\n\n\n<li>Prospectar mol\u00e9culas com potencial para inibir prote\u00edna<\/li>\n\n\n\n<li>Prospectar prote\u00ednas com potencial a alvo n\u00e3o convencional<\/li>\n\n\n\n<li>Identificar mol\u00e9culas inibidoras de intera\u00e7\u00e3o prote\u00edna-prote\u00edna<\/li>\n\n\n\n<li>Avaliar as propriedades farmacocin\u00e9tica das mol\u00e9culas candidatas a f\u00e1rmaco<\/li>\n<\/ul>\n\n\n\n<h2 class=\"wp-block-heading\"><div class=\"linha-header\">Desenvolvimento de aplica\u00e7\u00f5es de Bioinform\u00e1tica para \u00e1rea cient\u00edfica<\/div><\/h2>\n\n\n\n<ul class=\"wp-block-list\">\n<li>Desenvolver aplicativos, servi\u00e7os, p\u00e1gina web ou bancos de dados para serem utilizados pela comunidade acad\u00eamica\/cient\u00edfica.<\/li>\n<\/ul>\n\n\n\n<h2 class=\"wp-block-heading\"><div class=\"linha-header\">Predi\u00e7\u00e3o de redes de Intera\u00e7\u00e3o prote\u00edna-prote\u00edna por m\u00e9todos <em>in silico<\/em><\/div><\/h2>\n\n\n\n<ul class=\"wp-block-list\">\n<li>Desenvolver e validar m\u00e9todos de predi\u00e7\u00e3o in silico de rede de intera\u00e7\u00e3o prote\u00edna-prote\u00edna.<\/li>\n\n\n\n<li>Predizer redes de intera\u00e7\u00e3o prote\u00edna-prote\u00edna em organismos procariotos.<\/li>\n\n\n\n<li>Predizer redes de intera\u00e7\u00e3o prote\u00edna pat\u00f3geno-hospedeiro.<\/li>\n\n\n\n<li>Predizer prote\u00ednas hubs importantes ou essenciais.<\/li>\n\n\n\n<li>Identificar prote\u00ednas com potencial para uso como alvo para drogas.<\/li>\n<\/ul>\n","protected":false},"excerpt":{"rendered":"<p>Prospec\u00e7\u00e3o de f\u00e1rmaco com uso de triagem virtual Desenvolvimento de aplica\u00e7\u00f5es de Bioinform\u00e1tica para \u00e1rea [&hellip;]<\/p>\n","protected":false},"author":445,"featured_media":0,"parent":0,"menu_order":0,"comment_status":"closed","ping_status":"closed","template":"","meta":{"footnotes":""},"class_list":["post-48","page","type-page","status-publish","hentry"],"_links":{"self":[{"href":"https:\/\/www.ufpb.br\/lambda\/wp-json\/wp\/v2\/pages\/48","targetHints":{"allow":["GET"]}}],"collection":[{"href":"https:\/\/www.ufpb.br\/lambda\/wp-json\/wp\/v2\/pages"}],"about":[{"href":"https:\/\/www.ufpb.br\/lambda\/wp-json\/wp\/v2\/types\/page"}],"author":[{"embeddable":true,"href":"https:\/\/www.ufpb.br\/lambda\/wp-json\/wp\/v2\/users\/445"}],"replies":[{"embeddable":true,"href":"https:\/\/www.ufpb.br\/lambda\/wp-json\/wp\/v2\/comments?post=48"}],"version-history":[{"count":4,"href":"https:\/\/www.ufpb.br\/lambda\/wp-json\/wp\/v2\/pages\/48\/revisions"}],"predecessor-version":[{"id":72,"href":"https:\/\/www.ufpb.br\/lambda\/wp-json\/wp\/v2\/pages\/48\/revisions\/72"}],"wp:attachment":[{"href":"https:\/\/www.ufpb.br\/lambda\/wp-json\/wp\/v2\/media?parent=48"}],"curies":[{"name":"wp","href":"https:\/\/api.w.org\/{rel}","templated":true}]}}