{"id":22,"date":"2024-04-25T02:40:32","date_gmt":"2024-04-25T02:40:32","guid":{"rendered":"https:\/\/www.ufpb.br\/maidai\/?page_id=22"},"modified":"2025-04-14T02:07:36","modified_gmt":"2025-04-14T02:07:36","slug":"dai-2018","status":"publish","type":"page","link":"https:\/\/www.ufpb.br\/maidai\/dai-2018\/","title":{"rendered":"DAI 2018"},"content":{"rendered":"\n<div class=\"wp-block-columns is-layout-flex wp-container-core-columns-is-layout-9d6595d7 wp-block-columns-is-layout-flex\">\n<div class=\"wp-block-column is-layout-flow wp-block-column-is-layout-flow\" style=\"flex-basis:100%\">\n<p><\/p>\n\n\n\n<div class=\"wp-block-columns are-vertically-aligned-top is-layout-flex wp-container-core-columns-is-layout-9d6595d7 wp-block-columns-is-layout-flex\">\n<div class=\"wp-block-column is-vertically-aligned-top is-layout-flow wp-block-column-is-layout-flow\" style=\"flex-basis:100%\">\n<div class=\"wp-block-columns is-layout-flex wp-container-core-columns-is-layout-9d6595d7 wp-block-columns-is-layout-flex\">\n<div class=\"wp-block-column is-layout-flow wp-block-column-is-layout-flow\" style=\"flex-basis:100%\">\n<figure class=\"wp-block-table\"><table><tbody><tr><td class=\"has-text-align-center\" data-align=\"center\">Discente<\/td><td>Orientador<\/td><td class=\"has-text-align-center\" data-align=\"center\">Empresa Parceira<\/td><td class=\"has-text-align-center\" data-align=\"center\">Bolsa de Doutorado<\/td><td class=\"has-text-align-center\" data-align=\"center\">Programa de P\u00f3s-gradua\u00e7\u00e3o<\/td><td class=\"has-text-align-center\" data-align=\"center\">Titulo do Trabalho<\/td><\/tr><tr><td class=\"has-text-align-center\" data-align=\"center\">Andr\u00e9a <br>Willa Rodrigues Villarim<\/td><td>C\u00edcero <br>da Rocha <br>Souto<\/td><td class=\"has-text-align-center\" data-align=\"center\">CAGEPA<\/td><td class=\"has-text-align-center\" data-align=\"center\">CNPq<\/td><td class=\"has-text-align-center\" data-align=\"center\">PPGEM<\/td><td class=\"has-text-align-center\" data-align=\"center\">Estudo do desempenho <br>da transmiss\u00e3o<br>subterr\u00e2nea via<br> LoRa para<br> o monitoramento<br>de sistemas subterr\u00e2neos<br> visando aplica\u00e7\u00f5es em <br>sistemas de <br>distribui\u00e7\u00e3o <br>de \u00e1gua (<a href=\"http:\/\/www.ufpb.br\/maidai\/wp-content\/uploads\/sites\/79\/sites\/171\/2025\/04\/AndreaWillaRodriguesVillarim_Tese.pdf\" target=\"_blank\" rel=\"noreferrer noopener\">Link<\/a>)<\/td><\/tr><tr><td class=\"has-text-align-center\" data-align=\"center\">Leandro <br>Saraiva <br>Dantas de Oliveira<\/td><td>Josedilton Alves <br>Diniz<\/td><td class=\"has-text-align-center\" data-align=\"center\">PB SOFT<\/td><td class=\"has-text-align-center\" data-align=\"center\">CNPq<\/td><td class=\"has-text-align-center\" data-align=\"center\">PPGCC<\/td><td class=\"has-text-align-center\" data-align=\"center\">AN\u00c1LISE DAS <br>RELA\u00c7\u00d5ES ENTRE <br>A EXECU\u00c7\u00c3O DOS <br>RECURSOS <br>VINCULADOS E<br>AS EFICI\u00caNCIAS<br>T\u00c9CNICAS <br>MUNICIPAIS SOB <br>A \u00d3TICA DO <br>FEDERALISMO<br>FISCAL (<a href=\"http:\/\/www.ufpb.br\/maidai\/wp-content\/uploads\/sites\/79\/sites\/171\/2025\/04\/LeandroSaraivaDantasDeOliveira_Tese.pdf\" target=\"_blank\" rel=\"noreferrer noopener\">Link<\/a>)<\/td><\/tr><tr><td class=\"has-text-align-center\" data-align=\"center\">Ricardo<br>Soares <br>Gomez<\/td><td>Kelly Gomes<\/td><td class=\"has-text-align-center\" data-align=\"center\">DECA<\/td><td class=\"has-text-align-center\" data-align=\"center\">CNPq<\/td><td class=\"has-text-align-center\" data-align=\"center\">PPGEM<\/td><td class=\"has-text-align-center\" data-align=\"center\">ESTUDO TE\u00d3RICO E<br> EXPERIMENTAL DA <br>SECAGEM DE LOU\u00c7AS <br>SANIT\u00c1RIAS EM BAIXAS TEMPERATURAS (<a href=\"http:\/\/www.ufpb.br\/maidai\/wp-content\/uploads\/sites\/79\/sites\/171\/2025\/04\/RicardoSoaresGomez_Tese-1.pdf\" target=\"_blank\" rel=\"noreferrer noopener\">Link<\/a>)<\/td><\/tr><tr><td class=\"has-text-align-center\" data-align=\"center\">Thamirys <br>de Sousa <br>Correia<\/td><td>Wenner Lucena<\/td><td class=\"has-text-align-center\" data-align=\"center\">CAGEPA<\/td><td class=\"has-text-align-center\" data-align=\"center\">CNPq<\/td><td class=\"has-text-align-center\" data-align=\"center\">PPGCC<\/td><td class=\"has-text-align-center\" data-align=\"center\">ESTRUTURA TARIF\u00c1RIA E<br>CUSTOS NO SETOR DE SANEAMENTO: UMA <br>ABORDAGEM A PARTIR DA<br>GEST\u00c3O DA \u00c1GUA E <br>DESEMPENHO (<a href=\"http:\/\/www.ufpb.br\/maidai\/wp-content\/uploads\/sites\/79\/sites\/171\/2025\/04\/THAMIRYS_CORREIA-1.pdf\" target=\"_blank\" rel=\"noreferrer noopener\">Link<\/a>)<\/td><\/tr><tr><td class=\"has-text-align-center\" data-align=\"center\">Viviano de Sousa <br>Medeiros<\/td><td>Moises Dantas<\/td><td class=\"has-text-align-center\" data-align=\"center\">CAGEPA<\/td><td class=\"has-text-align-center\" data-align=\"center\">CNPq<\/td><td class=\"has-text-align-center\" data-align=\"center\">PPGEM<\/td><td class=\"has-text-align-center\" data-align=\"center\">Estudo de caso <br>para predi\u00e7\u00e3o de <br>falhas em redes de <br>abastecimento<br>de \u00e1gua utilizando <br>Redes Neurais (<a href=\"http:\/\/www.ufpb.br\/maidai\/wp-content\/uploads\/sites\/79\/sites\/171\/2025\/04\/viviano_medeiros_com_assinaturas_Template_PPGEM_Latex-2.pdf\" target=\"_blank\" rel=\"noreferrer noopener\">Link<\/a>)<\/td><\/tr><\/tbody><\/table><\/figure>\n<\/div>\n<\/div>\n<\/div>\n<\/div>\n<\/div>\n<\/div>\n\n\n\n<div class=\"wp-block-columns is-layout-flex wp-container-core-columns-is-layout-9d6595d7 wp-block-columns-is-layout-flex\">\n<div class=\"wp-block-column is-layout-flow wp-block-column-is-layout-flow\"><\/div>\n<\/div>\n\n\n\n<p class=\"has-medium-font-size\"><strong>CNPQ &#8211; Relat\u00f3rio Anal\u00edtico Programa DAI\/2018<\/strong> (<a href=\"http:\/\/www.ufpb.br\/maidai\/wp-content\/uploads\/sites\/79\/sites\/171\/2025\/04\/Relatrio_Analtico_Programa_DAI_2018-CNPq.pdf\" target=\"_blank\" rel=\"noreferrer noopener\">Link<\/a>)<\/p>\n\n\n\n<p>AG\u00caNCIA BRASILEIRA DE DESENVOLVIMENTO INDUSTRIAL (ABDI)<\/p>\n","protected":false},"excerpt":{"rendered":"<p>Discente Orientador Empresa Parceira Bolsa de Doutorado Programa de P\u00f3s-gradua\u00e7\u00e3o Titulo do Trabalho Andr\u00e9a Willa Rodrigues Villarim C\u00edcero da Rocha Souto CAGEPA CNPq PPGEM Estudo do desempenho da transmiss\u00e3osubterr\u00e2nea via LoRa para o monitoramentode sistemas subterr\u00e2neos visando aplica\u00e7\u00f5es em sistemas de distribui\u00e7\u00e3o de \u00e1gua (Link) Leandro Saraiva Dantas de Oliveira Josedilton Alves Diniz PB SOFT [&hellip;]<\/p>\n","protected":false},"author":52,"featured_media":0,"parent":0,"menu_order":0,"comment_status":"closed","ping_status":"closed","template":"","meta":{"footnotes":""},"class_list":["post-22","page","type-page","status-publish","hentry"],"_links":{"self":[{"href":"https:\/\/www.ufpb.br\/maidai\/wp-json\/wp\/v2\/pages\/22","targetHints":{"allow":["GET"]}}],"collection":[{"href":"https:\/\/www.ufpb.br\/maidai\/wp-json\/wp\/v2\/pages"}],"about":[{"href":"https:\/\/www.ufpb.br\/maidai\/wp-json\/wp\/v2\/types\/page"}],"author":[{"embeddable":true,"href":"https:\/\/www.ufpb.br\/maidai\/wp-json\/wp\/v2\/users\/52"}],"replies":[{"embeddable":true,"href":"https:\/\/www.ufpb.br\/maidai\/wp-json\/wp\/v2\/comments?post=22"}],"version-history":[{"count":25,"href":"https:\/\/www.ufpb.br\/maidai\/wp-json\/wp\/v2\/pages\/22\/revisions"}],"predecessor-version":[{"id":352,"href":"https:\/\/www.ufpb.br\/maidai\/wp-json\/wp\/v2\/pages\/22\/revisions\/352"}],"wp:attachment":[{"href":"https:\/\/www.ufpb.br\/maidai\/wp-json\/wp\/v2\/media?parent=22"}],"curies":[{"name":"wp","href":"https:\/\/api.w.org\/{rel}","templated":true}]}}