{"id":26,"date":"2024-04-25T02:41:05","date_gmt":"2024-04-25T02:41:05","guid":{"rendered":"https:\/\/www.ufpb.br\/maidai\/?page_id=26"},"modified":"2025-09-21T02:38:13","modified_gmt":"2025-09-21T02:38:13","slug":"maidai-2022","status":"publish","type":"page","link":"https:\/\/www.ufpb.br\/maidai\/maidai-2022\/","title":{"rendered":"MAIDAI 2022"},"content":{"rendered":"\n<p>Programa de Mestrado e Doutorado Acad\u00eamico para Inova\u00e7\u00e3o (MAI\/DAI)<br>Chamada CNPq N\u00b0 68\/2022<br>Foram indicadas 08 (oito) bolsas de Mestrado e 03 (tr\u00eas) bolsas de Doutorado.<\/p>\n\n\n\n<p>(1) Edital N\u00b0 02\/2023 MAI\/DAI\/UFPB<br>(2) Edital N\u00b0 03\/2023 MAI\/DAI\/PPGEE<br>(3) Edital N\u00b0 07\/2023 MAI\/DAI\/PPGEM<br>(4) Edital N\u00ba 04\/2023 MAI\/DAI\/PGPCI<br>(5) Edital N\u00b0 03\/2023 MAI\/DAI\/PPGMCF<\/p>\n\n\n\n<figure class=\"wp-block-table\"><table><tbody><tr><td class=\"has-text-align-center\" data-align=\"center\">Discente<\/td><td class=\"has-text-align-center\" data-align=\"center\">Orientador<\/td><td class=\"has-text-align-center\" data-align=\"center\">Empresa<\/td><td class=\"has-text-align-center\" data-align=\"center\">Bolsa<\/td><td class=\"has-text-align-center\" data-align=\"center\">Programa<\/td><td>T\u00edtulo do Trabalho<\/td><\/tr><tr><td class=\"has-text-align-center\" data-align=\"center\">Beatriz Rodrigues de Almeida<\/td><td class=\"has-text-align-center\" data-align=\"center\">Gustavo Charles Peixoto de Oliveira<\/td><td class=\"has-text-align-center\" data-align=\"center\">WayCarbon<\/td><td class=\"has-text-align-center\" data-align=\"center\">Mestrado CNPq (1)<\/td><td class=\"has-text-align-center\" data-align=\"center\">PPGEM<\/td><td>Modelagem Multifatorial para Triagem e Sele\u00e7\u00e3o de Clusters e Hubs Industriais de CCS no Contexto Brasileiro (<a href=\"http:\/\/www.ufpb.br\/maidai\/wp-content\/uploads\/sites\/79\/sites\/171\/2025\/09\/msc_beatriz_2025_final.pdf\" target=\"_blank\" rel=\"noreferrer noopener\">Link<\/a>)<\/td><\/tr><tr><td class=\"has-text-align-center\" data-align=\"center\">Luis Fellipe Alves da Silva<\/td><td class=\"has-text-align-center\" data-align=\"center\">Josiane de Campos Cruz \/<br>Fabiola da Cruz Nunes<\/td><td class=\"has-text-align-center\" data-align=\"center\">APEPI \u2013 Apoio A Pesquisa e Pacientes de Cannabis Medicinal<\/td><td class=\"has-text-align-center\" data-align=\"center\">Mestrado CNPq (1)<\/td><td class=\"has-text-align-center\" data-align=\"center\">PMPGCF<\/td><td><\/td><\/tr><tr><td class=\"has-text-align-center\" data-align=\"center\">Valdemir Martins Galdino Junior<\/td><td class=\"has-text-align-center\" data-align=\"center\">James Batista Vieira<\/td><td class=\"has-text-align-center\" data-align=\"center\">CAGEPA &#8211; Companhia de \u00c1gua e Esgotos da Para\u00edba<\/td><td class=\"has-text-align-center\" data-align=\"center\">Mestrado CNPq (1)<\/td><td class=\"has-text-align-center\" data-align=\"center\">PGPCI<\/td><td><\/td><\/tr><tr><td class=\"has-text-align-center\" data-align=\"center\">Luiz Felipe Rodrigues Gon\u00e7alves<\/td><td class=\"has-text-align-center\" data-align=\"center\">Juan Moises Mauricio Villanueva<\/td><td class=\"has-text-align-center\" data-align=\"center\">CAGEPA &#8211; Companhia de \u00c1gua e Esgotos da Para\u00edba<\/td><td class=\"has-text-align-center\" data-align=\"center\">Mestrado CNPq (1)<\/td><td class=\"has-text-align-center\" data-align=\"center\">PPGEE<\/td><td><\/td><\/tr><tr><td class=\"has-text-align-center\" data-align=\"center\">Jos\u00e9 Leandro da Silva<\/td><td class=\"has-text-align-center\" data-align=\"center\">Yuri Percy Molina Rodriguez<\/td><td class=\"has-text-align-center\" data-align=\"center\">ECOSOL Energia Solar e Tecnologia<\/td><td class=\"has-text-align-center\" data-align=\"center\">Mestrado CNPq (1)<\/td><td class=\"has-text-align-center\" data-align=\"center\">PPGEE<\/td><td><\/td><\/tr><tr><td class=\"has-text-align-center\" data-align=\"center\">Jos\u00e9 H\u00e9lio Bento da Silva<\/td><td class=\"has-text-align-center\" data-align=\"center\">Juan Moises Mauricio Villanueva<\/td><td class=\"has-text-align-center\" data-align=\"center\">CAGEPA &#8211; Companhia de \u00c1gua e Esgotos da Para\u00edba<\/td><td class=\"has-text-align-center\" data-align=\"center\">Mestrado CNPq (2)<\/td><td class=\"has-text-align-center\" data-align=\"center\">PPGEE<\/td><td><\/td><\/tr><tr><td class=\"has-text-align-center\" data-align=\"center\">Lucas Cavalcanti Silva<\/td><td class=\"has-text-align-center\" data-align=\"center\">Gustavo Charles Peixoto de Oliveira<\/td><td class=\"has-text-align-center\" data-align=\"center\">Deep Seed Solutions<\/td><td class=\"has-text-align-center\" data-align=\"center\">Mestrado CNPq (3)<\/td><td class=\"has-text-align-center\" data-align=\"center\">PPGEM<\/td><td><\/td><\/tr><tr><td class=\"has-text-align-center\" data-align=\"center\">Anna Elysa da SIlva Lima<\/td><td class=\"has-text-align-center\" data-align=\"center\">James Batista Vieira<\/td><td class=\"has-text-align-center\" data-align=\"center\">CAGEPA &#8211; Companhia de \u00c1gua e Esgotos da Para\u00edba<\/td><td class=\"has-text-align-center\" data-align=\"center\">Mestrado CNPq (4)<\/td><td class=\"has-text-align-center\" data-align=\"center\">PGPCI<\/td><td><\/td><\/tr><tr><td class=\"has-text-align-center\" data-align=\"center\">D\u00e9bora Karenine Lacerda Gerv\u00e1sio<\/td><td class=\"has-text-align-center\" data-align=\"center\">Rui Oliveira Mac\u00eado<\/td><td class=\"has-text-align-center\" data-align=\"center\">FUNBITS &#8211; Funda\u00e7\u00e3o de Apoio a Biotecnologia e Inova\u00e7\u00e3o Tecnol\u00f3gica em Sa\u00fade<\/td><td class=\"has-text-align-center\" data-align=\"center\">Doutorado CNPq (1)<\/td><td class=\"has-text-align-center\" data-align=\"center\">PPgDITM<\/td><td><\/td><\/tr><tr><td class=\"has-text-align-center\" data-align=\"center\">Aline da Silva Oliveira<\/td><td class=\"has-text-align-center\" data-align=\"center\">Kelly Cristiane Gomes da Silva<\/td><td class=\"has-text-align-center\" data-align=\"center\">CAGEPA &#8211; Companhia de \u00c1gua e Esgotos da Para\u00edba<\/td><td class=\"has-text-align-center\" data-align=\"center\">Doutorado CNPq (3)<\/td><td class=\"has-text-align-center\" data-align=\"center\">PPGEM<\/td><td><\/td><\/tr><tr><td class=\"has-text-align-center\" data-align=\"center\">Jos\u00e9 Rodrigo Nascimento Martins<\/td><td class=\"has-text-align-center\" data-align=\"center\">Josiane de Campos Cruz <\/td><td class=\"has-text-align-center\" data-align=\"center\">APEPI \u2013 Apoio A Pesquisa e Pacientes de Cannabis Medicinal<\/td><td class=\"has-text-align-center\" data-align=\"center\">Doutorado CNPq (5)<\/td><td class=\"has-text-align-center\" data-align=\"center\">PPGMCF<\/td><td><\/td><\/tr><\/tbody><\/table><\/figure>\n\n\n\n<p><\/p>\n\n\n\n<p><\/p>\n\n\n\n<p><\/p>\n\n\n\n<p><\/p>\n\n\n\n<p><\/p>\n","protected":false},"excerpt":{"rendered":"<p>Programa de Mestrado e Doutorado Acad\u00eamico para Inova\u00e7\u00e3o (MAI\/DAI)Chamada CNPq N\u00b0 68\/2022Foram indicadas 08 (oito) bolsas de Mestrado e 03 (tr\u00eas) bolsas de Doutorado. (1) Edital N\u00b0 02\/2023 MAI\/DAI\/UFPB(2) Edital N\u00b0 03\/2023 MAI\/DAI\/PPGEE(3) Edital N\u00b0 07\/2023 MAI\/DAI\/PPGEM(4) Edital N\u00ba 04\/2023 MAI\/DAI\/PGPCI(5) Edital N\u00b0 03\/2023 MAI\/DAI\/PPGMCF Discente Orientador Empresa Bolsa Programa T\u00edtulo do Trabalho Beatriz Rodrigues [&hellip;]<\/p>\n","protected":false},"author":52,"featured_media":0,"parent":0,"menu_order":0,"comment_status":"closed","ping_status":"closed","template":"","meta":{"footnotes":""},"class_list":["post-26","page","type-page","status-publish","hentry"],"_links":{"self":[{"href":"https:\/\/www.ufpb.br\/maidai\/wp-json\/wp\/v2\/pages\/26","targetHints":{"allow":["GET"]}}],"collection":[{"href":"https:\/\/www.ufpb.br\/maidai\/wp-json\/wp\/v2\/pages"}],"about":[{"href":"https:\/\/www.ufpb.br\/maidai\/wp-json\/wp\/v2\/types\/page"}],"author":[{"embeddable":true,"href":"https:\/\/www.ufpb.br\/maidai\/wp-json\/wp\/v2\/users\/52"}],"replies":[{"embeddable":true,"href":"https:\/\/www.ufpb.br\/maidai\/wp-json\/wp\/v2\/comments?post=26"}],"version-history":[{"count":49,"href":"https:\/\/www.ufpb.br\/maidai\/wp-json\/wp\/v2\/pages\/26\/revisions"}],"predecessor-version":[{"id":357,"href":"https:\/\/www.ufpb.br\/maidai\/wp-json\/wp\/v2\/pages\/26\/revisions\/357"}],"wp:attachment":[{"href":"https:\/\/www.ufpb.br\/maidai\/wp-json\/wp\/v2\/media?parent=26"}],"curies":[{"name":"wp","href":"https:\/\/api.w.org\/{rel}","templated":true}]}}