{"id":28,"date":"2024-04-25T02:41:36","date_gmt":"2024-04-25T02:41:36","guid":{"rendered":"https:\/\/www.ufpb.br\/maidai\/?page_id=28"},"modified":"2024-05-07T15:51:37","modified_gmt":"2024-05-07T15:51:37","slug":"contato","status":"publish","type":"page","link":"https:\/\/www.ufpb.br\/maidai\/contato\/","title":{"rendered":"MAIDAI 2024"},"content":{"rendered":"\n<p><strong>CONSULTA INTERNA PARA PROSPECTAR O INTERESSE DE DOCENTES DOS PROGRAMAS DE P\u00d3S-GRADUA\u00c7\u00c3O DA UFPB NA CHAMADA MAI-DAI CNPq N\u00b0 009\/2024<\/strong><\/p>\n\n\n\n<p class=\"has-vivid-red-color has-text-color has-link-color wp-elements-d25def07dac621f07fe6391d0d926c52\"><a href=\"http:\/\/www.ufpb.br\/maidai\/wp-content\/uploads\/sites\/79\/sites\/171\/2024\/05\/MAI-DAI_2024_CHAMADA_PESQUISADORES-Prorrogado.pdf\" target=\"_blank\" rel=\"noreferrer noopener\"><strong>Data Prorrogada at\u00e9 15 de maio de 2024<\/strong> (Link)<\/a><\/p>\n\n\n\n<figure class=\"wp-block-table\"><table><tbody><tr><td class=\"has-text-align-left\" data-align=\"left\">EVENTO<\/td><td class=\"has-text-align-center\" data-align=\"center\">DATA<\/td><\/tr><tr><td class=\"has-text-align-left\" data-align=\"left\">Prazo de candidaturas dos pesquisadores e prospec\u00e7\u00e3o por eles de poss\u00edveis empresas parceiras.<br><br>Entrega das cartas de compromisso das empresas na participa\u00e7\u00e3o da chamada CNPq MAI\/DAI N\u00ba 009\/2024<\/td><td class=\"has-text-align-center\" data-align=\"center\"><strong>at\u00e9 15 de maio de 2024<\/strong><\/td><\/tr><tr><td class=\"has-text-align-left\" data-align=\"left\">Consolida\u00e7\u00e3o e resultado dessa primeira prospec\u00e7\u00e3o de propostas<\/td><td class=\"has-text-align-center\" data-align=\"center\">16 a 18 de maio de 2024<\/td><\/tr><tr><td class=\"has-text-align-left\" data-align=\"left\">Prazo de Recurso <\/td><td class=\"has-text-align-center\" data-align=\"center\">20 a 21 de maio de 2024<\/td><\/tr><tr><td class=\"has-text-align-left\" data-align=\"left\">Publica\u00e7\u00e3o do Resultado Final dos projetos aprovados<\/td><td class=\"has-text-align-center\" data-align=\"center\">22 de maio de 2024<\/td><\/tr><tr><td class=\"has-text-align-left\" data-align=\"left\">Prazo para concluir e submeter o projeto ao CNPq<\/td><td class=\"has-text-align-center\" data-align=\"center\">at\u00e9 28 de maio de 2024<\/td><\/tr><\/tbody><\/table><\/figure>\n\n\n\n<p><\/p>\n\n\n\n<hr class=\"wp-block-separator has-alpha-channel-opacity\" \/>\n\n\n\n<p><\/p>\n\n\n\n<p>Edital MAI-DAI CNPq N\u00b0 009\/2024 (<a href=\"http:\/\/www.ufpb.br\/maidai\/wp-content\/uploads\/sites\/79\/sites\/171\/2024\/04\/MAIDAI_2024___Chamada_Publica_009_2024.pdf\" target=\"_blank\" rel=\"noreferrer noopener\">Link<\/a>)<\/p>\n\n\n\n<hr class=\"wp-block-separator has-alpha-channel-opacity\" \/>\n\n\n\n<p><\/p>\n","protected":false},"excerpt":{"rendered":"<p>CONSULTA INTERNA PARA PROSPECTAR O INTERESSE DE DOCENTES DOS PROGRAMAS DE P\u00d3S-GRADUA\u00c7\u00c3O DA UFPB NA CHAMADA MAI-DAI CNPq N\u00b0 009\/2024 Data Prorrogada at\u00e9 15 de maio de 2024 (Link) EVENTO DATA Prazo de candidaturas dos pesquisadores e prospec\u00e7\u00e3o por eles de poss\u00edveis empresas parceiras. Entrega das cartas de compromisso das empresas na participa\u00e7\u00e3o da chamada [&hellip;]<\/p>\n","protected":false},"author":52,"featured_media":0,"parent":0,"menu_order":0,"comment_status":"closed","ping_status":"closed","template":"","meta":{"footnotes":""},"class_list":["post-28","page","type-page","status-publish","hentry"],"_links":{"self":[{"href":"https:\/\/www.ufpb.br\/maidai\/wp-json\/wp\/v2\/pages\/28","targetHints":{"allow":["GET"]}}],"collection":[{"href":"https:\/\/www.ufpb.br\/maidai\/wp-json\/wp\/v2\/pages"}],"about":[{"href":"https:\/\/www.ufpb.br\/maidai\/wp-json\/wp\/v2\/types\/page"}],"author":[{"embeddable":true,"href":"https:\/\/www.ufpb.br\/maidai\/wp-json\/wp\/v2\/users\/52"}],"replies":[{"embeddable":true,"href":"https:\/\/www.ufpb.br\/maidai\/wp-json\/wp\/v2\/comments?post=28"}],"version-history":[{"count":19,"href":"https:\/\/www.ufpb.br\/maidai\/wp-json\/wp\/v2\/pages\/28\/revisions"}],"predecessor-version":[{"id":255,"href":"https:\/\/www.ufpb.br\/maidai\/wp-json\/wp\/v2\/pages\/28\/revisions\/255"}],"wp:attachment":[{"href":"https:\/\/www.ufpb.br\/maidai\/wp-json\/wp\/v2\/media?parent=28"}],"curies":[{"name":"wp","href":"https:\/\/api.w.org\/{rel}","templated":true}]}}