{"id":30,"date":"2024-04-25T02:41:52","date_gmt":"2024-04-25T02:41:52","guid":{"rendered":"https:\/\/www.ufpb.br\/maidai\/?page_id=30"},"modified":"2024-04-27T04:55:26","modified_gmt":"2024-04-27T04:55:26","slug":"sobre-o-programa","status":"publish","type":"page","link":"https:\/\/www.ufpb.br\/maidai\/sobre-o-programa\/","title":{"rendered":"Sobre o Programa"},"content":{"rendered":"\n<p>O Programa MAI\/DAI busca fortalecer a pesquisa, o empreendedorismo e a inova\u00e7\u00e3o nas Institui\u00e7\u00f5es Cient\u00edficas, Tecnol\u00f3gicas e de Inova\u00e7\u00e3o (ICT), por meio do envolvimento de estudantes de gradua\u00e7\u00e3o e p\u00f3s-gradua\u00e7\u00e3o em projetos de interesse do setor empresarial, mediante parceria com empresas, doravante chamadas Empresas Parceiras.<\/p>\n\n\n\n<p>No Programa MAI\/DAI, os bolsistas de mestrado e doutorado desenvolver\u00e3o seus projetos como estudantes regulares em curso de p\u00f3s-gradua\u00e7\u00e3o existente, devendo ter um orientador acad\u00eamico e um supervisor junto \u00e0 Empresa Parceira, \u00e0 qual o projeto de mestrado\/doutorado estar\u00e1 relacionado.<\/p>\n\n\n\n<p>Todos os bolsistas de inicia\u00e7\u00e3o tecnol\u00f3gica industrial (ITI-A) dever\u00e3o estar matriculados em cursos de gradua\u00e7\u00e3o e estar envolvidos com projetos de mestrado\/doutorado vinculados \u00e0 proposta MAI\/DAI.<\/p>\n\n\n\n<p>A implanta\u00e7\u00e3o do Programa MAI\/DAI n\u00e3o implica na cria\u00e7\u00e3o de novos cursos de p\u00f3s-gradua\u00e7\u00e3o junto \u00e0 ICT. Trata-se de um Programa Institucional, n\u00e3o devendo ser, necessariamente, vinculado a um Programa de P\u00f3s-Gradua\u00e7\u00e3o (PPG) espec\u00edfico.<\/p>\n\n\n\n<p class=\"has-text-align-left\"><\/p>\n","protected":false},"excerpt":{"rendered":"<p>O Programa MAI\/DAI busca fortalecer a pesquisa, o empreendedorismo e a inova\u00e7\u00e3o nas Institui\u00e7\u00f5es Cient\u00edficas, Tecnol\u00f3gicas e de Inova\u00e7\u00e3o (ICT), por meio do envolvimento de estudantes de gradua\u00e7\u00e3o e p\u00f3s-gradua\u00e7\u00e3o em projetos de interesse do setor empresarial, mediante parceria com empresas, doravante chamadas Empresas Parceiras. No Programa MAI\/DAI, os bolsistas de mestrado e doutorado desenvolver\u00e3o [&hellip;]<\/p>\n","protected":false},"author":52,"featured_media":0,"parent":0,"menu_order":0,"comment_status":"closed","ping_status":"closed","template":"","meta":{"footnotes":""},"class_list":["post-30","page","type-page","status-publish","hentry"],"_links":{"self":[{"href":"https:\/\/www.ufpb.br\/maidai\/wp-json\/wp\/v2\/pages\/30","targetHints":{"allow":["GET"]}}],"collection":[{"href":"https:\/\/www.ufpb.br\/maidai\/wp-json\/wp\/v2\/pages"}],"about":[{"href":"https:\/\/www.ufpb.br\/maidai\/wp-json\/wp\/v2\/types\/page"}],"author":[{"embeddable":true,"href":"https:\/\/www.ufpb.br\/maidai\/wp-json\/wp\/v2\/users\/52"}],"replies":[{"embeddable":true,"href":"https:\/\/www.ufpb.br\/maidai\/wp-json\/wp\/v2\/comments?post=30"}],"version-history":[{"count":9,"href":"https:\/\/www.ufpb.br\/maidai\/wp-json\/wp\/v2\/pages\/30\/revisions"}],"predecessor-version":[{"id":229,"href":"https:\/\/www.ufpb.br\/maidai\/wp-json\/wp\/v2\/pages\/30\/revisions\/229"}],"wp:attachment":[{"href":"https:\/\/www.ufpb.br\/maidai\/wp-json\/wp\/v2\/media?parent=30"}],"curies":[{"name":"wp","href":"https:\/\/api.w.org\/{rel}","templated":true}]}}