{"id":32,"date":"2024-04-25T02:42:17","date_gmt":"2024-04-25T02:42:17","guid":{"rendered":"https:\/\/www.ufpb.br\/maidai\/?page_id=32"},"modified":"2024-04-27T05:00:10","modified_gmt":"2024-04-27T05:00:10","slug":"empresas-parceiras","status":"publish","type":"page","link":"https:\/\/www.ufpb.br\/maidai\/empresas-parceiras\/","title":{"rendered":"Empresas Parceiras"},"content":{"rendered":"\n<p>F\u00e1brica de Vidros Planos VIVIX<br>GLOBALTEC Tecnologias Educacionais<br>ABRACE<br>FUNBITS \u2013 Funda\u00e7\u00e3o de Apoio a Biotecnologia e Inova\u00e7\u00e3o Tecnol\u00f3gica em Sa\u00fade<br>ECOSOLO<br>VSOFT<br>Deep Seed Solutions<br>APEPI \u2013 Apoio A Pesquisa e Pacientes de Cannabis Medicinal<br>CAGEPA \u2013 Companhia de \u00c1gua e Esgotos da Para\u00edba<br>ECOSOL Energia Solar e Tecnologia<\/p>\n","protected":false},"excerpt":{"rendered":"<p>F\u00e1brica de Vidros Planos VIVIXGLOBALTEC Tecnologias EducacionaisABRACEFUNBITS \u2013 Funda\u00e7\u00e3o de Apoio a Biotecnologia e Inova\u00e7\u00e3o Tecnol\u00f3gica em Sa\u00fadeECOSOLOVSOFTDeep Seed SolutionsAPEPI \u2013 Apoio A Pesquisa e Pacientes de Cannabis MedicinalCAGEPA \u2013 Companhia de \u00c1gua e Esgotos da Para\u00edbaECOSOL Energia Solar e Tecnologia<\/p>\n","protected":false},"author":52,"featured_media":0,"parent":0,"menu_order":0,"comment_status":"closed","ping_status":"closed","template":"","meta":{"footnotes":""},"class_list":["post-32","page","type-page","status-publish","hentry"],"_links":{"self":[{"href":"https:\/\/www.ufpb.br\/maidai\/wp-json\/wp\/v2\/pages\/32","targetHints":{"allow":["GET"]}}],"collection":[{"href":"https:\/\/www.ufpb.br\/maidai\/wp-json\/wp\/v2\/pages"}],"about":[{"href":"https:\/\/www.ufpb.br\/maidai\/wp-json\/wp\/v2\/types\/page"}],"author":[{"embeddable":true,"href":"https:\/\/www.ufpb.br\/maidai\/wp-json\/wp\/v2\/users\/52"}],"replies":[{"embeddable":true,"href":"https:\/\/www.ufpb.br\/maidai\/wp-json\/wp\/v2\/comments?post=32"}],"version-history":[{"count":3,"href":"https:\/\/www.ufpb.br\/maidai\/wp-json\/wp\/v2\/pages\/32\/revisions"}],"predecessor-version":[{"id":233,"href":"https:\/\/www.ufpb.br\/maidai\/wp-json\/wp\/v2\/pages\/32\/revisions\/233"}],"wp:attachment":[{"href":"https:\/\/www.ufpb.br\/maidai\/wp-json\/wp\/v2\/media?parent=32"}],"curies":[{"name":"wp","href":"https:\/\/api.w.org\/{rel}","templated":true}]}}