{"id":36,"date":"2024-04-25T02:42:41","date_gmt":"2024-04-25T02:42:41","guid":{"rendered":"https:\/\/www.ufpb.br\/maidai\/?page_id=36"},"modified":"2025-04-09T16:51:12","modified_gmt":"2025-04-09T16:51:12","slug":"publicacoes","status":"publish","type":"page","link":"https:\/\/www.ufpb.br\/maidai\/publicacoes\/","title":{"rendered":"Publica\u00e7\u00f5es"},"content":{"rendered":"\n<p class=\"has-text-align-center has-cyan-bluish-gray-background-color has-background has-medium-font-size\"><strong>Publica\u00e7\u00f5es 202<\/strong>5<\/p>\n\n\n\n<p>1.<\/p>\n\n\n\n<p class=\"has-text-align-center has-cyan-bluish-gray-background-color has-background has-medium-font-size\"><strong>Publica\u00e7\u00f5es 2024<\/strong><\/p>\n\n\n\n<p>[2024] Jos\u00e9 Vin\u00edcius Santos de Ara\u00fajo. <strong>Development of a Digital Twin to estimate flow in a water supply network<\/strong>.&nbsp;<em>Congresso Brasileiro de Autom\u00e1tica \u2013 CBA 2024<\/em>&nbsp;\u2013 Rio de Janeiro \u2013 Brasil&nbsp;(<a href=\"http:\/\/www.ufpb.br\/maidai\/wp-content\/uploads\/sites\/79\/sites\/171\/2024\/12\/MESTRADO-JOSE-VINICIUS-2024-2.pdf\" target=\"_blank\" rel=\"noreferrer noopener\">Link<\/a>)<\/p>\n\n\n\n<p>[2024] Igino Giordani da Silva Guerra. <strong>Avalia\u00e7\u00e3o da Efetividade de Trocadores de Calor Utilizando Aprendizado de M\u00e1quina<\/strong>.&nbsp;<em>Congresso Brasileiro de Autom\u00e1tica \u2013 CBA 2024<\/em>&nbsp;\u2013 Rio de Janeiro \u2013 Brasil (<a href=\"http:\/\/www.ufpb.br\/maidai\/wp-content\/uploads\/sites\/79\/sites\/171\/2024\/12\/CBA-2024-paper_3349-Igino.pdf\" target=\"_blank\" rel=\"noreferrer noopener\">Link<\/a>)<\/p>\n\n\n\n<p>[2024] PREVIS\u00c3O DE FALHAS RECORRENTES EM REDES DE ABASTECIMENTO DE \u00c1GUA, UMA ABORDAGEM BASEADA EM DADOS, Viviano de Sousa Medeiros, Mois\u00e9s Dantas dos Santos e Alisson Vasconcelos de Brito, XII Congresso Nacional de Engenharia Mec\u00e2nica, 2024.<br><br>[2024] Medeiros, V.d.S.; dos Santos, M.D.; Brito, A.V. Case Study for Predicting Failures in Water Supply Networks Using Neural Networks.\u00a0Water\u00a02024,\u00a016, 1455. <a href=\"https:\/\/doi.org\/10.3390\/w16101455\">https:\/\/doi.org\/10.3390\/w16101455<\/a><\/p>\n\n\n\n<p class=\"has-text-align-center has-cyan-bluish-gray-background-color has-background has-medium-font-size\"><strong>Publica\u00e7\u00f5es 202<\/strong>3<\/p>\n\n\n\n<p>[2023] <span style=\"font-size: 1rem\"><span style=\"font-size: 1rem\">GOMEZ, R. S.; GOMES, K. C.; GURGEL, J. M. A. M.; ALVES, L. B.; MAGALH\u00c3ES, H. L. F.; QUEIROGA, R. A.; SOUSA, G. C. P.; OLIVEIRA, A. S.; VILELA, A.F.; SILVA, B. T. A.; VASCONCELOS, D. B. T.; BRITO, G. R. F.; LIMA, A. G. B. Investigating the Drying Process of Ceramic Sanitary Ware at Low Temperature. Energies, v. 16, p. 4242, 2023.<\/span><\/span><\/p>\n\n\n\n<p>[2023] <span style=\"font-size: 1rem\"><span style=\"font-size: 1rem\">GOMEZ, R. S.; GOMES, K. C.; GURGEL, J. M. A. M.; ALVES, L. B.; QUEIROGA, R. A.; MAGALH\u00c3ES, H. L. F.; PINHEIRO, L. S. S.; SILVA, E. J. C.; OLIVEIRA, D. S.; MOREIRA, H. W. D.; BRITO, H. C.; DELGADO, J. M. P. Q.; LIMA, A. G. B. Investigating the Drying Process of Ceramic Sanitary Ware at Low Temperature. Processes, 2023.<\/span><\/span><\/p>\n\n\n\n<p>[2023] <span style=\"font-size: 1rem\"><span style=\"font-size: 1rem\">GOMEZ, R. S.; GOMES, K. C.; GURGEL, J. M. A. M.; ALVES, L. B.; MAGALH\u00c3ES, H. L. F.; LIMA, A. G. B. Drying of Industrial Sanitary Ware at Low Temperature: A Theoretical and Experimental Investigation. DEFECT AND DIFFUSION FORUM, v. 429, p. 152-161, 2023.<\/span><\/span><\/p>\n\n\n\n<p>[2023] GOMEZ, R. S.; GOMES, K. C.; GURGEL, J. M. A. M.; ALVES, L. B.; MAGALH\u00c3ES, H. L. F.; LIMA, A. G. B. Drying of Industrial Sanitary Ware at Low Temperature: A Theoretical and Experimental Investigation. DEFECT AND DIFFUSION FORUM, v. 429, p. 152-161, 2023.<\/p>\n\n\n\n<p>[2023] Villarim, A.W.R., Souto, C. da R. e Villarim, M.R. 2023. An\u00e1lise experimental da comunica\u00e7\u00e3o LoRa em ambientes subterr\u00e2neos para aplica\u00e7\u00f5es IoT.&nbsp;Revista Brasileira de Computa\u00e7\u00e3o Aplicada. 15, 3 (nov. 2023), 38-47. DOI:https:\/\/doi.org\/10.5335\/rbca.v15i3.14758.<\/p>\n\n\n\n<p>[2023] Autonomous monitoring system for water supply networks: A theoretical concept. in Technical proceedings of the I seminary on Scientific Writing, F. U. of Para\u00edba, Ed., Jo\u00e3o Pessoa, PB: Graduate Program in Mechanical Engineering, 2023, ch. 1, pp. 13\u201334<\/p>\n\n\n\n<ol class=\"wp-block-list\"><\/ol>\n\n\n\n<p class=\"has-text-align-center has-cyan-bluish-gray-background-color has-background has-medium-font-size\"><strong>Publica\u00e7\u00f5es 2022<\/strong><\/p>\n\n\n\n<p>[2022] W. R. Villarim, C. R. Souto, A. J. V. Santos and M. R. Villarim, &#8220;Evaluation of low-power wireless communication technology in underground environments for smart cities applications,&#8221;\u00a02022 IEEE Asia Pacific Conference on Wireless and Mobile (APWiMob), Bandung, Indonesia, 2022, pp. 1-5, doi: 10.1109\/APWiMob56856.2022.10014189. keywords: {Performance evaluation; Wireless communication; Wireless sensor networks; Transmitters; Smart cities; Receivers; Sensor systems; LoRa technology; Underground communication; Wireless Sensor Networks; Smart Cities},<\/p>\n\n\n\n<p>[2022] Thamirys de Sousa Correia, Rayane Farias dos Santos e Simone Bastos Paiva ISOMORFISMO INSTITUCIONAL: AN\u00c1LISE DE RELATOS INTEGRADOS DE EMPRESAS ABERTAS NA IT\u00c1LIA E NOS ESTADOS UNIDOS DOI:&nbsp; <a href=\"https:\/\/doi.org\/10.9771\/rcufba.v16i1.43533\">https:\/\/doi.org\/10.9771\/rcufba.v16i1.43533<\/a>, Revista de Contabilidade da UFBA, &nbsp;v. 16 n. 1 (2022): Publica\u00e7\u00e3o Cont\u00ednua;<\/p>\n\n\n\n<p>[2022] Thamirys Correia, Risolene Ara\u00fajo, Wenner Lucena, EFEITO DA SUSTENTABILIDADE CORPORATIVA NO VALOR DA EMPRESA E DESEMPENHO FINANCEIRO: ESTUDO NOS PRINCIPAIS MERCADOS DE CAPITAIS DA AM\u00c9RICA LATINA, XVI Congresso Anpcont realizado no per\u00edodo de 03 a 06 de dezembro de 2022, em Foz do Igua\u00e7u\/PR.<\/p>\n\n\n\n<p class=\"has-text-align-center has-cyan-bluish-gray-background-color has-background has-medium-font-size\"><strong>Publica\u00e7\u00f5es 202<\/strong>1<\/p>\n\n\n\n<p>[2021] Thamirys de Sousa Correia, Risolene Alves de Macena Ara\u00fajo &amp; Renata Paes de Barros Camara &#8220;INFLU\u00caNCIA DA INOVA\u00c7\u00c3O AMBIENTAL NA SUSTENTABILIDADE CORPORATIVA NOS PRINCIPAIS MERCADOS DE CAPITAIS DA AM\u00c9RICA LATINA&#8221;, XX Confer\u00eancia GRUDIS e Doctoral Colloquium, realizada nos dias 22 e 23 de janeiro de 2021, na Escola Superior de Tecnologia e Gest\u00e3o do Instituto Polit\u00e9cnico da Guarda, Portugal;<\/p>\n\n\n\n<p class=\"has-text-align-center has-cyan-bluish-gray-background-color has-background has-medium-font-size\"><strong>Publica\u00e7\u00f5es 2020<\/strong><\/p>\n\n\n\n<p>[2020] GOMEZ, R. S.; MAGALH\u00c3ES, H. L. F.; PORTO, T. R. N.; LIMA, E. S.; SANTANA, R. A. C.; GOMES, K. C.; LIMA, W. M. P. B.; LIMA, A. G. B. Processo de secagem de materiais cer\u00e2micos argilosos: uma revis\u00e3o. Research, Society and Development, v. 9, p. e78591110300, 2020. DOI: 10.33448\/rsd-v9i11.10300. Dispon\u00edvel em: https:\/\/rsdjournal.org\/index.php\/rsd\/article\/view\/10300.<\/p>\n\n\n\n<p>[2020] <span style=\"font-size: 1rem\">GOMEZ, R. S.; PORTO, T. R. N.; GOMES, K. C.; LIMA, J. A.; GURGEL, J. M. A. M.; MAGALH\u00c3ES, H. L. F.; LIMA, E. S.; LIMA, W. M. P. B.; LIMA, A. G. B. Thermal analysis in an air conditioning duct: An experimental design approach. Research, Society and Development, v. 9, p. e20291211140, 2020. DOI: 10.33448\/rsd-v9i12.11140. Dispon\u00edvel em: <\/span><a style=\"font-size: 1rem\" href=\"https:\/\/rsdjournal.org\/index.php\/rsd\/article\/view\/11140\">https:\/\/rsdjournal.org\/index.php\/rsd\/article\/view\/11140<\/a><span style=\"font-size: 1rem\">.<\/span><\/p>\n\n\n\n<p>[2020] <span style=\"font-size: 1rem\"><span style=\"font-size: 1rem\">GOMEZ, R. S.; PORTO, T. R. N.; MAGALH\u00c3ES, H. L. F.; SANTOS, A. C. Q.; VIANA, V. H. V.; GOMES, K. C.; LIMA, A. G. B. Thermo-Fluid Dynamics Analysis of Fire Smoke Dispersion and Control Strategy in Buildings. Energies, v. 13, p. 6000, 2020.<\/span><\/span><\/p>\n\n\n\n<p>[2020] Thamirys de Sousa Correia, DESEMPENHO, GEST\u00c3O DAS PERDAS T\u00c9CNICAS E EFICI\u00caNCIA ENERG\u00c9TICA DO SETOR DE SANEAMENTO apresentado no XXVII Congresso Brasileiro de Custos, 09-11 de novembro de 2020;<\/p>\n\n\n\n<p>[2020] Thamirys de Sousa Correia, DESEMPENHO INOVADOR, INOVA\u00c7\u00c3O E MODELOS DE NEG\u00d3CIOS: UM ESTUDO COM MPES no XIV Congresso ANPCONT, realizado em On-line, Brasil, no per\u00edodo de 11 a 15 de dezembro de 2020;<\/p>\n\n\n\n<p><\/p>\n\n\n\n<p><\/p>\n\n\n\n<p><\/p>\n\n\n\n<p><\/p>\n\n\n\n<ol class=\"wp-block-list\"><\/ol>\n","protected":false},"excerpt":{"rendered":"<p>Publica\u00e7\u00f5es 2025 1. Publica\u00e7\u00f5es 2024 [2024] Jos\u00e9 Vin\u00edcius Santos de Ara\u00fajo. Development of a Digital Twin to estimate flow in a water supply network.&nbsp;Congresso Brasileiro de Autom\u00e1tica \u2013 CBA 2024&nbsp;\u2013 Rio de Janeiro \u2013 Brasil&nbsp;(Link) [2024] Igino Giordani da Silva Guerra. Avalia\u00e7\u00e3o da Efetividade de Trocadores de Calor Utilizando Aprendizado de M\u00e1quina.&nbsp;Congresso Brasileiro de Autom\u00e1tica [&hellip;]<\/p>\n","protected":false},"author":52,"featured_media":0,"parent":0,"menu_order":0,"comment_status":"closed","ping_status":"closed","template":"","meta":{"footnotes":""},"class_list":["post-36","page","type-page","status-publish","hentry"],"_links":{"self":[{"href":"https:\/\/www.ufpb.br\/maidai\/wp-json\/wp\/v2\/pages\/36","targetHints":{"allow":["GET"]}}],"collection":[{"href":"https:\/\/www.ufpb.br\/maidai\/wp-json\/wp\/v2\/pages"}],"about":[{"href":"https:\/\/www.ufpb.br\/maidai\/wp-json\/wp\/v2\/types\/page"}],"author":[{"embeddable":true,"href":"https:\/\/www.ufpb.br\/maidai\/wp-json\/wp\/v2\/users\/52"}],"replies":[{"embeddable":true,"href":"https:\/\/www.ufpb.br\/maidai\/wp-json\/wp\/v2\/comments?post=36"}],"version-history":[{"count":11,"href":"https:\/\/www.ufpb.br\/maidai\/wp-json\/wp\/v2\/pages\/36\/revisions"}],"predecessor-version":[{"id":349,"href":"https:\/\/www.ufpb.br\/maidai\/wp-json\/wp\/v2\/pages\/36\/revisions\/349"}],"wp:attachment":[{"href":"https:\/\/www.ufpb.br\/maidai\/wp-json\/wp\/v2\/media?parent=36"}],"curies":[{"name":"wp","href":"https:\/\/api.w.org\/{rel}","templated":true}]}}