{"id":26,"date":"2024-04-03T23:42:54","date_gmt":"2024-04-03T23:42:54","guid":{"rendered":"https:\/\/www.ufpb.br\/ndihr2\/?page_id=26"},"modified":"2025-10-08T15:23:54","modified_gmt":"2025-10-08T18:23:54","slug":"normas-regulamentadoras","status":"publish","type":"page","link":"https:\/\/www.ufpb.br\/ndihr\/normas-regulamentadoras\/","title":{"rendered":"Documentos"},"content":{"rendered":"\n<p>&nbsp;<\/p>\n\n\n\n<div class=\"wp-block-file\"><a id=\"wp-block-file--media-b71b3243-d335-4fc4-90e0-4ec8dbff57d8\" href=\"https:\/\/www.ufpb.br\/ndihr2\/wp-content\/uploads\/sites\/79\/sites\/166\/2024\/09\/estatuto-da-ufpb.pdf\">Estatuto da UFPB<\/a><a href=\"https:\/\/www.ufpb.br\/ndihr2\/wp-content\/uploads\/sites\/79\/sites\/166\/2024\/09\/estatuto-da-ufpb.pdf\" class=\"wp-block-file__button wp-element-button\" download aria-describedby=\"wp-block-file--media-b71b3243-d335-4fc4-90e0-4ec8dbff57d8\">Baixar<\/a><\/div>\n\n\n\n<div class=\"wp-block-file\"><a id=\"wp-block-file--media-c4b37a72-d68d-4597-bee8-1012eba09514\" href=\"https:\/\/www.ufpb.br\/ndihr2\/wp-content\/uploads\/sites\/79\/sites\/166\/2024\/09\/regimento-geral-da-ufpb.pdf\">Regimento Geral da UFPB<\/a><a href=\"https:\/\/www.ufpb.br\/ndihr2\/wp-content\/uploads\/sites\/79\/sites\/166\/2024\/09\/regimento-geral-da-ufpb.pdf\" class=\"wp-block-file__button wp-element-button\" download aria-describedby=\"wp-block-file--media-c4b37a72-d68d-4597-bee8-1012eba09514\">Baixar<\/a><\/div>\n\n\n\n<div class=\"wp-block-file\"><a id=\"wp-block-file--media-238af2b3-19d6-4cee-848f-46fbc432a808\" href=\"https:\/\/www.ufpb.br\/ndihr2\/wp-content\/uploads\/sites\/79\/sites\/166\/2024\/09\/RES._N26-1996.pdf\">Resolu\u00e7\u00e3o N\u00ba 26\/96 do CONSEPE\u00a0&#8211; Regulamenta os N\u00facleos de Pesquisa e Extens\u00e3o na UFPB<\/a><a href=\"https:\/\/www.ufpb.br\/ndihr2\/wp-content\/uploads\/sites\/79\/sites\/166\/2024\/09\/RES._N26-1996.pdf\" class=\"wp-block-file__button wp-element-button\" download aria-describedby=\"wp-block-file--media-238af2b3-19d6-4cee-848f-46fbc432a808\">Baixar<\/a><\/div>\n\n\n\n<p>&#8211;&nbsp;Resolu\u00e7\u00e3o N\u00ba 07\/97 do CONSEPE&nbsp;&#8211; Regulamenta o Art. 20 da Resolu\u00e7\u00e3o n\u00ba 26\/96 do CONSEPE<\/p>\n\n\n\n<div class=\"wp-block-file\"><a id=\"wp-block-file--media-dfa2e781-27d5-4758-8ec5-407f48189fed\" href=\"https:\/\/www.ufpb.br\/ndihr2\/wp-content\/uploads\/sites\/79\/sites\/166\/2024\/09\/regulamento-interno-do-ndihr.pdf\">Resolu\u00e7\u00e3o N\u00ba 20\/97 do CONSUNI\u00a0&#8211; Aprova o Regulamento &#8211; NDIRH<\/a><a href=\"https:\/\/www.ufpb.br\/ndihr2\/wp-content\/uploads\/sites\/79\/sites\/166\/2024\/09\/regulamento-interno-do-ndihr.pdf\" class=\"wp-block-file__button wp-element-button\" download aria-describedby=\"wp-block-file--media-dfa2e781-27d5-4758-8ec5-407f48189fed\">Baixar<\/a><\/div>\n\n\n\n<div class=\"wp-block-file\"><a id=\"wp-block-file--media-62d6c9ca-c376-49eb-80f5-d56f18623a6d\" href=\"https:\/\/www.ufpb.br\/ndihr2\/wp-content\/uploads\/sites\/79\/sites\/166\/2024\/09\/resolucao-24_2018.pdf\">Resolu\u00e7\u00e3o N\u00ba 24\/2018 do CONSUNI\u00a0&#8211; Fixa normas para a cria\u00e7\u00e3o e funcionamento de N\u00facleo de Pesquisa e Extens\u00e3o e revoga as Resolu\u00e7\u00f5es 26\/96 e 07\/97, do CONSEPE<\/a><a href=\"https:\/\/www.ufpb.br\/ndihr2\/wp-content\/uploads\/sites\/79\/sites\/166\/2024\/09\/resolucao-24_2018.pdf\" class=\"wp-block-file__button wp-element-button\" download aria-describedby=\"wp-block-file--media-62d6c9ca-c376-49eb-80f5-d56f18623a6d\">Baixar<\/a><\/div>\n\n\n\n<p><\/p>\n","protected":false},"excerpt":{"rendered":"<p>&nbsp; &#8211;&nbsp;Resolu\u00e7\u00e3o N\u00ba 07\/97 do CONSEPE&nbsp;&#8211; Regulamenta o Art. 20 da Resolu\u00e7\u00e3o n\u00ba 26\/96 do [&hellip;]<\/p>\n","protected":false},"author":47,"featured_media":0,"parent":0,"menu_order":0,"comment_status":"closed","ping_status":"closed","template":"","meta":{"footnotes":""},"class_list":["post-26","page","type-page","status-publish","hentry"],"_links":{"self":[{"href":"https:\/\/www.ufpb.br\/ndihr\/wp-json\/wp\/v2\/pages\/26","targetHints":{"allow":["GET"]}}],"collection":[{"href":"https:\/\/www.ufpb.br\/ndihr\/wp-json\/wp\/v2\/pages"}],"about":[{"href":"https:\/\/www.ufpb.br\/ndihr\/wp-json\/wp\/v2\/types\/page"}],"author":[{"embeddable":true,"href":"https:\/\/www.ufpb.br\/ndihr\/wp-json\/wp\/v2\/users\/47"}],"replies":[{"embeddable":true,"href":"https:\/\/www.ufpb.br\/ndihr\/wp-json\/wp\/v2\/comments?post=26"}],"version-history":[{"count":5,"href":"https:\/\/www.ufpb.br\/ndihr\/wp-json\/wp\/v2\/pages\/26\/revisions"}],"predecessor-version":[{"id":420,"href":"https:\/\/www.ufpb.br\/ndihr\/wp-json\/wp\/v2\/pages\/26\/revisions\/420"}],"wp:attachment":[{"href":"https:\/\/www.ufpb.br\/ndihr\/wp-json\/wp\/v2\/media?parent=26"}],"curies":[{"name":"wp","href":"https:\/\/api.w.org\/{rel}","templated":true}]}}