{"id":28,"date":"2024-04-03T23:43:43","date_gmt":"2024-04-03T23:43:43","guid":{"rendered":"https:\/\/www.ufpb.br\/ndihr2\/?page_id=28"},"modified":"2026-02-09T15:08:21","modified_gmt":"2026-02-09T18:08:21","slug":"arquivo","status":"publish","type":"page","link":"https:\/\/www.ufpb.br\/ndihr\/arquivo\/","title":{"rendered":"Arquivo"},"content":{"rendered":"<h2>Arquivo Permanente do NDIHR<\/h2>\n<p>O Arquivo Permanente do NDIHR encontra-se em fase de organiza\u00e7\u00e3o. A documenta\u00e7\u00e3o foi higienizada, acondicionada e classificada, estando no est\u00e1gio de revis\u00e3o e descri\u00e7\u00e3o. O projeto de organiza\u00e7\u00e3o do arquivo contou, inicialmente, com o apoio do CNPq, atrav\u00e9s do Programa Institucional de Bolsas de Inicia\u00e7\u00e3o Cient\u00edfica, e conta, atualmente, com a colabora\u00e7\u00e3o da Funda\u00e7\u00e3o de Apoio \u00e0 Pesquisa e \u00e0 Extens\u00e3o &#8211; FUNAPE.<\/p>\n<p>O acervo cont\u00e9m documentos textuais, microgr\u00e1ficos, iconogr\u00e1ficos, fonogr\u00e1ficos, audiovisuais e cartogr\u00e1ficos, que tratam de quest\u00f5es administrativas e da produ\u00e7\u00e3o acad\u00eamica dos programas permanentes do NDIHR.<\/p>\n<p>Quanto a arquivos pessoais, o acervo disp\u00f5e de vasta documenta\u00e7\u00e3o do maestro e professor Pedro Santos, que encontra-se em fase final de revis\u00e3o do instrumento de pesquisa, e de um dossi\u00ea do General Bandeira, composto por documentos xerografados doados por seus familiares.<\/p>\n<p>Encontram-se em fase de conclus\u00e3o a digita\u00e7\u00e3o dos instrumentos de pesquisa referentes \u00e0 prospec\u00e7\u00e3o de fontes realizada por linhas ou projetos de pesquisa, a exemplo: Documenta\u00e7\u00e3o Cartorial Paraibana; Ind\u00fastria e Trabalho: Legisla\u00e7\u00e3o; Estrutura de Poder: Recortes de Jornais e Entrevistas.<\/p>\n<p>Al\u00e9m desses instrumentos de pesquisa, em breve estar\u00e3o dispon\u00edveis nesta p\u00e1gina, aqueles j\u00e1 publicados: Cat\u00e1logo dos Relat\u00f3rios dos Presidentes da Prov\u00edncia da Para\u00edba e o Cat\u00e1logo Hemerogr\u00e1fico do NDIHR.<\/p>\n<p>Equipe de Trabalho:<\/p>\n<p>Ana Andrea Vieira de Castro<\/p>\n","protected":false},"excerpt":{"rendered":"<p>Arquivo Permanente do NDIHR O Arquivo Permanente do NDIHR encontra-se em fase de organiza\u00e7\u00e3o. A [&hellip;]<\/p>\n","protected":false},"author":47,"featured_media":0,"parent":0,"menu_order":0,"comment_status":"closed","ping_status":"closed","template":"","meta":{"footnotes":""},"class_list":["post-28","page","type-page","status-publish","hentry"],"_links":{"self":[{"href":"https:\/\/www.ufpb.br\/ndihr\/wp-json\/wp\/v2\/pages\/28","targetHints":{"allow":["GET"]}}],"collection":[{"href":"https:\/\/www.ufpb.br\/ndihr\/wp-json\/wp\/v2\/pages"}],"about":[{"href":"https:\/\/www.ufpb.br\/ndihr\/wp-json\/wp\/v2\/types\/page"}],"author":[{"embeddable":true,"href":"https:\/\/www.ufpb.br\/ndihr\/wp-json\/wp\/v2\/users\/47"}],"replies":[{"embeddable":true,"href":"https:\/\/www.ufpb.br\/ndihr\/wp-json\/wp\/v2\/comments?post=28"}],"version-history":[{"count":2,"href":"https:\/\/www.ufpb.br\/ndihr\/wp-json\/wp\/v2\/pages\/28\/revisions"}],"predecessor-version":[{"id":466,"href":"https:\/\/www.ufpb.br\/ndihr\/wp-json\/wp\/v2\/pages\/28\/revisions\/466"}],"wp:attachment":[{"href":"https:\/\/www.ufpb.br\/ndihr\/wp-json\/wp\/v2\/media?parent=28"}],"curies":[{"name":"wp","href":"https:\/\/api.w.org\/{rel}","templated":true}]}}