{"id":32,"date":"2024-04-04T00:40:48","date_gmt":"2024-04-04T00:40:48","guid":{"rendered":"https:\/\/www.ufpb.br\/ndihr2\/?page_id=32"},"modified":"2026-02-09T15:14:17","modified_gmt":"2026-02-09T18:14:17","slug":"laboratorio-de-arqueologia","status":"publish","type":"page","link":"https:\/\/www.ufpb.br\/ndihr\/laboratorio-de-arqueologia\/","title":{"rendered":"Laborat\u00f3rio de Arqueologia"},"content":{"rendered":"<h2>Projetos Desenvolvidos<\/h2>\n<p><strong>1 &#8211;\u00a0\u00a0Arqueologia Sim\u00e9trica no Semi-\u00c1rido Paraibano:\u00a0Uma proposta te\u00f3rico-metodol\u00f3gica\u00a0 \u00a0 \u00a0 \u00a0 \u00a0 \u00a0 \u00a0 \u00a0 \u00a0 \u00a0 \u00a0 \u00a0 \u00a0 \u00a0 \u00a0 \u00a0 \u00a0 \u00a0 \u00a0\u00a0<\/strong><\/p>\n<p><b>Descri\u00e7\u00e3o<\/b>: Tendo como base te\u00f3rica a Semi\u00f3tica de Peirce (1977), sob uma \u00f3tica culturalista, como foi apresentada por Eco (1980), entende-se que em qualquer produto cultural humano est\u00e1 sempre presente a entidade signo (GEERTZ, 1978) Como Cassirer (1977) coloca, o homem est\u00e1 imerso em um universo simb\u00f3lico que ele construiu, e que extrapola o espa\u00e7o de sua experi\u00eancia imediata. Assim, teoria ator-rede (Latour, 1994) se faz presente nas formas de interpreta\u00e7\u00e3o arqueol\u00f3gica, como uma decorr\u00eancia das cr\u00edticas elaboradas sobre a arqueologia da paisagem p\u00f3s-processual, de acordo com Fleming (2006). Onde considera as diferentes entidades que se apresentam no contexto arqueol\u00f3gico, de forma relacional, procurando minimizar qualquer separa\u00e7\u00e3o ou oposi\u00e7\u00e3o radical entre coisas e indiv\u00edduos, recorrendo a um nivelamento anal\u00edtico destas v\u00e1rias entidades (Witmore, 2005).\u00a0 \u00a0 \u00a0 \u00a0 Deste modo pode-se considerar que:<em>\u00a0A symmetrical archaeology recognizes conventional bifurcations such as data and interpretation, the field and the contexts of knowledge production, the material past and the present loci of fieldwork as the outcomes of relations with particular entities of the world and not the starting point. One-way forward is to briefly suspend our interest in epistemology and recast our taken-for-granted aspects locally<\/em>\u00a0(cf. Witmore 2004a).<em>\u00a0In other words follow closely what we do in relation to the material past<\/em>. (Witmore, 2005) Esta proposi\u00e7\u00e3o n\u00e3o se afasta da preocupa\u00e7\u00e3o com a fidedignidade dos dados e de suas interpreta\u00e7\u00f5es. Antes de mais nada ela procura ampliar o grau de verificabilidade, a partir da rela\u00e7\u00e3o entre o mundo material descortinado pelo arque\u00f3logo e a pr\u00f3pria pr\u00e1tica deste, j\u00e1 que:\u00a0<em>Here, accuracy rests upon the traceability of our movements between the material word and what we say about it, or show concerning it, and not upon the correspondence between language and the material past<\/em>. (Witmore, 2005). Com isto posto, o presente projeto pretende analisar e compreender a dispers\u00e3o.<\/p>\n<p><b>Coordenador:<\/b> Carlos Xavier de Azevedo Netto<br \/><b>Integrantes<\/b>: Adriana Machado Pimentel de Oliveira Kraisch, Patr\u00edcia Duarte, Pablo Gomes de Miranda, Conrad Rodrigues Rosa, Lidiane Gomes da Costa, Marcus Ferreira Soares Junior, Paulo Roberto de Oliveira Rosa<br \/><b>Financiador(es)<\/b>: Conselho Nacional de Desenvolvimento Cient\u00edfico e Tecnol\u00f3gico &#8211; Bolsa.<\/p>\n<p><strong>2-\u00a0\u00a0<\/strong><b>Programa de Informa\u00e7\u00e3o e Patrim\u00f4nio Cultural &#8211;\u00a0<\/b>Preserva\u00e7\u00e3o e conserva\u00e7\u00e3o atrav\u00e9s do registro e dissemina\u00e7\u00e3o<\/p>\n<p><b>Descri\u00e7\u00e3o<\/b>: Implementa\u00e7\u00e3o de programa de a\u00e7\u00f5es de pesquisa para produ\u00e7\u00e3o de conhecimento e registro de informa\u00e7\u00e3o referente ao patrim\u00f4nio material de modo geral, e o arqueol\u00f3gico em particular, junto \u00e0 institui\u00e7\u00f5es p\u00fablicas, privadas ou do terceiro setor, para a preserva\u00e7\u00e3o e conserva\u00e7\u00e3o do patrim\u00f4nio cultural. Fazer o levantamento do patrim\u00f4nio cultural em vias de risco, por a\u00e7\u00f5es antr\u00f3picas ou ambientais, procedendo seu cadastramento, an\u00e1lise, interpreta\u00e7\u00e3o, organiza\u00e7\u00e3o da informa\u00e7\u00e3o e planejamento de estrat\u00e9gias de dissemina\u00e7\u00e3o da informa\u00e7\u00e3o produzida resultante, como sustent\u00e1culo de a\u00e7\u00f5es de educa\u00e7\u00e3o patrimonial. Conta com v\u00e1rios subprojetos pontuais e locais.<br \/><b>Coordenador: <\/b>Carlos Xavier de Azevedo<br \/><b>Integrantes<\/b>: Adriana Machado Pimentel de Oliveira Kraisch, Patr\u00edcia Duarte, Pablo Gomes de Miranda, Conrad Rodrigues Rosa, Lidiane Gomes da Costa, Ilza da Silva Fragoso, Marcus Ferreira Soares Junior, Gracy Kelli Martins Gon\u00e7alves, Francisco de Assis Soares de Matos, Paulo Roberto de Oliveira Rosa, Silvia Regina da Mota Rocha, Tahis Virg\u00ednia Gomes da Silva<br \/><b>Financiador(es):<\/b>\u00a0Habtec Engenharia Sanit\u00e1ria e Ambiental, Instituto Nacional de Coloniza\u00e7\u00e3o e Reforma Agr\u00e1ria &#8211; INCRA (PB),\u00a0 Prefeitura de Manaus &#8211; Funda\u00e7\u00e3o Municipal de Turismo, 20\u00aa Superintend\u00eancia Regional &#8211; IPHAN<\/p>\n<p><b>3 &#8211; Programa Arqueol\u00f3gico do Cariri Paraibano\u00a0 \u00a0<\/b><\/p>\n<p><b>Descri\u00e7\u00e3o<\/b>: Levantamento, documenta\u00e7\u00e3o identifica\u00e7\u00e3o e classifica\u00e7\u00e3o da dispers\u00e3o das unidades estil\u00edsticas de arte rupestre na regi\u00e3o dos Cariris Velhos, PB. Engloba ainda, os processos de dissemina\u00e7\u00e3o da informa\u00e7\u00e3o sobre o patrim\u00f4nio arqueol\u00f3gico existente na regi\u00e3o, junto as comunidades locais, com vista a constru\u00e7\u00e3o da mem\u00f3ria e consolida\u00e7\u00e3o das identidades locais, bem como a comunidade acad\u00eamica acad\u00eamica voltada ao tema.<br \/><b>Coordenador:\u00a0<\/b>Carlos Xavier de Azevedo<b><br \/><\/b><b>Integrantes<\/b>: Adriana Machado Pimentel de Oliveira Kraisch, Patr\u00edcia Duarte, Pablo Gomes de Miranda, Conrad Rodrigues Rosa, Lidiane Gomes da Costa, Marcus Ferreira Soares Junior, Francisco de Assis Soares de Matos<br \/><b>Financiador(es)<\/b>: Conselho Nacional de Desenvolvimento Cient\u00edfico e Tecnol\u00f3gico, Instituto do Patrim\u00f4nio Hist\u00f3rico do Estado da Para\u00edba, N\u00facleo de Documenta\u00e7\u00e3o e Informa\u00e7\u00e3o Hist\u00f3rica Regional<\/p>\n<p><strong>Relat\u00f3rio Final<\/strong><\/p>\n<p><strong>4 &#8211; Arqueologia do Cariri\u00a0 \u00a0 \u00a0 \u00a0 \u00a0 \u00a0 \u00a0 \u00a0 \u00a0 \u00a0 \u00a0 \u00a0 \u00a0 \u00a0 \u00a0 \u00a0 \u00a0 \u00a0 \u00a0 \u00a0 \u00a0 \u00a0 \u00a0 \u00a0 \u00a0 \u00a0 \u00a0 \u00a0 \u00a0 \u00a0 \u00a0 \u00a0 \u00a0 \u00a0 \u00a0 \u00a0 \u00a0 \u00a0 \u00a0 \u00a0 \u00a0 \u00a0 \u00a0 \u00a0 \u00a0 \u00a0 \u00a0 \u00a0 \u00a0 \u00a0 \u00a0 \u00a0 \u00a0 \u00a0 \u00a0 \u00a0 \u00a0 \u00a0 \u00a0 \u00a0 \u00a0 \u00a0 \u00a0 \u00a0 <\/strong><\/p>\n<p><b>Descri\u00e7\u00e3o<\/b>: Levantamento, identifica\u00e7\u00e3o e prospec\u00e7\u00e3o dos s\u00edtios arqueol\u00f3gicos encontrados na Bacia do Rio Tapero\u00e1: Projeto financiado pelo CNPq, no Edital Universal, sendo parte integrante do Programa de Pesquisas Ecol\u00f3gica de Longa Dura\u00e7\u00e3o, Caatinga &#8211; PELD-CAATINGA e ligando ao Programa de P\u00f3s-gradua\u00e7\u00e3o em Desenvolvimento e Meio Ambiente &#8211; PRODEMA, na linha de pesquisa de Gest\u00e3o Ambiental.<br \/><b>Coordenador:\u00a0Carlos Xavier de Azevedo<br \/>Integrantes<\/b>: Adriana Machado Pimentel de Oliveira Kraisch, Patr\u00edcia Duarte, Marcus Ferreira de Souza Junior, Pablo Gomes de Miranda, Conrad Rodrigues Rosa, Lidiane Gomes da Costa<br \/><b>Financiador(es):<\/b> Conselho Nacional de Desenvolvimento Cient\u00edfico e Tecnol\u00f3gico, Programa Regional de P\u00f3s-gradua\u00e7\u00e3o em Desenvolvimento e Meio Ambiente -UFPB, N\u00facleo de Documenta\u00e7\u00e3o e Informa\u00e7\u00e3o Hist\u00f3rica Regional.<\/p>\n<p class=\" \"><b>Arque\u00f3loga:<\/b><\/p>\n<p class=\" \">T\u00e2mara Palmira de Almeida Moraes\u00a0<\/p>\n\n\n<p><\/p>\n","protected":false},"excerpt":{"rendered":"<p>Projetos Desenvolvidos 1 &#8211;\u00a0\u00a0Arqueologia Sim\u00e9trica no Semi-\u00c1rido Paraibano:\u00a0Uma proposta te\u00f3rico-metodol\u00f3gica\u00a0 \u00a0 \u00a0 \u00a0 \u00a0 \u00a0 [&hellip;]<\/p>\n","protected":false},"author":47,"featured_media":0,"parent":0,"menu_order":0,"comment_status":"closed","ping_status":"closed","template":"","meta":{"footnotes":""},"class_list":["post-32","page","type-page","status-publish","hentry"],"_links":{"self":[{"href":"https:\/\/www.ufpb.br\/ndihr\/wp-json\/wp\/v2\/pages\/32","targetHints":{"allow":["GET"]}}],"collection":[{"href":"https:\/\/www.ufpb.br\/ndihr\/wp-json\/wp\/v2\/pages"}],"about":[{"href":"https:\/\/www.ufpb.br\/ndihr\/wp-json\/wp\/v2\/types\/page"}],"author":[{"embeddable":true,"href":"https:\/\/www.ufpb.br\/ndihr\/wp-json\/wp\/v2\/users\/47"}],"replies":[{"embeddable":true,"href":"https:\/\/www.ufpb.br\/ndihr\/wp-json\/wp\/v2\/comments?post=32"}],"version-history":[{"count":3,"href":"https:\/\/www.ufpb.br\/ndihr\/wp-json\/wp\/v2\/pages\/32\/revisions"}],"predecessor-version":[{"id":470,"href":"https:\/\/www.ufpb.br\/ndihr\/wp-json\/wp\/v2\/pages\/32\/revisions\/470"}],"wp:attachment":[{"href":"https:\/\/www.ufpb.br\/ndihr\/wp-json\/wp\/v2\/media?parent=32"}],"curies":[{"name":"wp","href":"https:\/\/api.w.org\/{rel}","templated":true}]}}