{"id":34,"date":"2024-04-04T00:42:37","date_gmt":"2024-04-04T00:42:37","guid":{"rendered":"https:\/\/www.ufpb.br\/ndihr2\/?page_id=34"},"modified":"2024-09-25T10:22:23","modified_gmt":"2024-09-25T13:22:23","slug":"pesquisa","status":"publish","type":"page","link":"https:\/\/www.ufpb.br\/ndihr\/pesquisa\/","title":{"rendered":"Pesquisa"},"content":{"rendered":"<h2><strong>Pesquisas desenvolvidas pelo NDIHR<\/strong><\/h2>\n<p>Constitui-se como um conjunto de Linhas Tem\u00e1ticas abrangentes e essenciais ao registro e compreens\u00e3o da realidade regional, desenvolvidas atrav\u00e9s de projetos espec\u00edficos.<\/p>\n<p>As principais linhas tem\u00e1ticas j\u00e1 trabalhadas pelo NDIHR foram:<\/p>\n<p>&#8211; <a href=\"http:\/\/www.ufpb.br\/ndihr\/wp-content\/uploads\/sites\/79\/sites\/166\/2024\/09\/PesquisasEstruturaDePoder.pdf\">Estrutura de Poder<\/a><\/p>\n<p>&#8211; Ind\u00fastria e Trabalho no Nordeste<\/p>\n<p>&#8211; Educa\u00e7\u00e3o e Sociedade<\/p>\n<p>&#8211; Quest\u00e3o Agr\u00e1ria na Para\u00edba<\/p>\n<p>&#8211; Arqueologia<\/p>\n<p>&#8211; Manifesta\u00e7\u00f5es Culturais na Para\u00edba<\/p>\n<p>&#8211; Sexo\u00a0 e Rela\u00e7\u00f5es de G\u00eanero<\/p>\n<p>&#8211; Rela\u00e7\u00f5es Comerciais da Para\u00edba<\/p>\n<p>&#8211; Forma\u00e7\u00e3o Hist\u00f3rica da Rede Urbana<\/p>\n<p>&#8211; Economia Pesqueira do Nordeste<\/p>\n<p>&#8211; Movimentos Sociais Urbanos<\/p>\n","protected":false},"excerpt":{"rendered":"<p>Pesquisas desenvolvidas pelo NDIHR Constitui-se como um conjunto de Linhas Tem\u00e1ticas abrangentes e essenciais ao [&hellip;]<\/p>\n","protected":false},"author":47,"featured_media":0,"parent":0,"menu_order":0,"comment_status":"closed","ping_status":"closed","template":"","meta":{"footnotes":""},"class_list":["post-34","page","type-page","status-publish","hentry"],"_links":{"self":[{"href":"https:\/\/www.ufpb.br\/ndihr\/wp-json\/wp\/v2\/pages\/34","targetHints":{"allow":["GET"]}}],"collection":[{"href":"https:\/\/www.ufpb.br\/ndihr\/wp-json\/wp\/v2\/pages"}],"about":[{"href":"https:\/\/www.ufpb.br\/ndihr\/wp-json\/wp\/v2\/types\/page"}],"author":[{"embeddable":true,"href":"https:\/\/www.ufpb.br\/ndihr\/wp-json\/wp\/v2\/users\/47"}],"replies":[{"embeddable":true,"href":"https:\/\/www.ufpb.br\/ndihr\/wp-json\/wp\/v2\/comments?post=34"}],"version-history":[{"count":3,"href":"https:\/\/www.ufpb.br\/ndihr\/wp-json\/wp\/v2\/pages\/34\/revisions"}],"predecessor-version":[{"id":127,"href":"https:\/\/www.ufpb.br\/ndihr\/wp-json\/wp\/v2\/pages\/34\/revisions\/127"}],"wp:attachment":[{"href":"https:\/\/www.ufpb.br\/ndihr\/wp-json\/wp\/v2\/media?parent=34"}],"curies":[{"name":"wp","href":"https:\/\/api.w.org\/{rel}","templated":true}]}}