{"id":38,"date":"2024-04-04T00:50:04","date_gmt":"2024-04-04T00:50:04","guid":{"rendered":"https:\/\/www.ufpb.br\/ndihr2\/?page_id=38"},"modified":"2025-02-12T16:18:44","modified_gmt":"2025-02-12T19:18:44","slug":"formularios","status":"publish","type":"page","link":"https:\/\/www.ufpb.br\/ndihr\/formularios\/","title":{"rendered":"Formul\u00e1rios"},"content":{"rendered":"\n<p>1 &#8211; Pesquisadores e pesquisadoras que venham a desenvolver suas pesquisas, projetos ou atividades junto ao NDIHR, devem preencher o formul\u00e1rio de cadastro (digitado ou \u00e0 m\u00e3o) e enviar para ndihr@reitoria.ufpb.br<\/p>\n\n\n\n<div class=\"wp-block-file\"><a id=\"wp-block-file--media-d93567af-136f-47ea-9098-794ba9154658\" href=\"https:\/\/www.ufpb.br\/ndihr2\/wp-content\/uploads\/sites\/79\/sites\/166\/2024\/09\/cadastrodepesquisador_ndihr.docx\">Formul\u00e1rio para Cadastro de Pesquisa .docx<\/a><a href=\"https:\/\/www.ufpb.br\/ndihr2\/wp-content\/uploads\/sites\/79\/sites\/166\/2024\/09\/cadastrodepesquisador_ndihr.docx\" class=\"wp-block-file__button wp-element-button\" download aria-describedby=\"wp-block-file--media-d93567af-136f-47ea-9098-794ba9154658\">Baixar .doc<\/a><\/div>\n\n\n\n<div class=\"wp-block-file\"><a id=\"wp-block-file--media-e868b337-cac1-4ae3-9b60-9eb0b885063c\" href=\"http:\/\/www.ufpb.br\/ndihr2\/wp-content\/uploads\/sites\/79\/sites\/166\/2024\/09\/cadastrodepesquisador_ndihr.pdf\">Formul\u00e1rio para Cadastro de Pesquisa .pdf<\/a><a href=\"http:\/\/www.ufpb.br\/ndihr2\/wp-content\/uploads\/sites\/79\/sites\/166\/2024\/09\/cadastrodepesquisador_ndihr.pdf\" class=\"wp-block-file__button wp-element-button\" download aria-describedby=\"wp-block-file--media-e868b337-cac1-4ae3-9b60-9eb0b885063c\">Baixar.pdf<\/a><\/div>\n\n\n\n<p><\/p>\n\n\n\n<p>2 &#8211; Registro de empr\u00e9stimo de material ao Pesquisador(a)<\/p>\n\n\n\n<div class=\"wp-block-file\"><a id=\"wp-block-file--media-eccb9261-5889-42f5-a124-671dcf915e2e\" href=\"https:\/\/www.ufpb.br\/ndihr\/wp-content\/uploads\/sites\/79\/sites\/166\/2025\/02\/FormularioEmprestimoDeMaterial.docx\">Formul\u00e1rio de Empr\u00e9stimo de Material .docx<\/a><a href=\"https:\/\/www.ufpb.br\/ndihr\/wp-content\/uploads\/sites\/79\/sites\/166\/2025\/02\/FormularioEmprestimoDeMaterial.docx\" class=\"wp-block-file__button wp-element-button\" download aria-describedby=\"wp-block-file--media-eccb9261-5889-42f5-a124-671dcf915e2e\">Baixar<\/a><\/div>\n\n\n\n<p><\/p>\n","protected":false},"excerpt":{"rendered":"<p>1 &#8211; Pesquisadores e pesquisadoras que venham a desenvolver suas pesquisas, projetos ou atividades junto [&hellip;]<\/p>\n","protected":false},"author":47,"featured_media":0,"parent":0,"menu_order":0,"comment_status":"closed","ping_status":"closed","template":"","meta":{"footnotes":""},"class_list":["post-38","page","type-page","status-publish","hentry"],"_links":{"self":[{"href":"https:\/\/www.ufpb.br\/ndihr\/wp-json\/wp\/v2\/pages\/38","targetHints":{"allow":["GET"]}}],"collection":[{"href":"https:\/\/www.ufpb.br\/ndihr\/wp-json\/wp\/v2\/pages"}],"about":[{"href":"https:\/\/www.ufpb.br\/ndihr\/wp-json\/wp\/v2\/types\/page"}],"author":[{"embeddable":true,"href":"https:\/\/www.ufpb.br\/ndihr\/wp-json\/wp\/v2\/users\/47"}],"replies":[{"embeddable":true,"href":"https:\/\/www.ufpb.br\/ndihr\/wp-json\/wp\/v2\/comments?post=38"}],"version-history":[{"count":25,"href":"https:\/\/www.ufpb.br\/ndihr\/wp-json\/wp\/v2\/pages\/38\/revisions"}],"predecessor-version":[{"id":363,"href":"https:\/\/www.ufpb.br\/ndihr\/wp-json\/wp\/v2\/pages\/38\/revisions\/363"}],"wp:attachment":[{"href":"https:\/\/www.ufpb.br\/ndihr\/wp-json\/wp\/v2\/media?parent=38"}],"curies":[{"name":"wp","href":"https:\/\/api.w.org\/{rel}","templated":true}]}}