{"id":11,"date":"2026-02-06T15:01:04","date_gmt":"2026-02-06T18:01:04","guid":{"rendered":"https:\/\/www.ufpb.br\/odan\/?page_id=11"},"modified":"2026-02-11T10:46:04","modified_gmt":"2026-02-11T13:46:04","slug":"parcerias-e-redes","status":"publish","type":"page","link":"https:\/\/www.ufpb.br\/odan\/parcerias-e-redes\/","title":{"rendered":"Parcerias e Redes"},"content":{"rendered":"\n<p>As institui\u00e7\u00f5es parceiras do Observat\u00f3rio est\u00e3o distribu\u00eddas por tr\u00eas das cinco macrorregi\u00f5es do pa\u00eds: Centro Oeste, Sudeste e Nordeste. S\u00e3o elas:<\/p>\n\n\n\n<ul class=\"wp-block-list\">\n<li>Universidade de S\u00e3o Paulo (USP)<\/li>\n\n\n\n<li>Universidade Federal de Bras\u00edlia (UnB)<\/li>\n\n\n\n<li>Universidade Federal de Minas Gerais (UFMG)<\/li>\n\n\n\n<li>Universidade Federal do Rio Grande do Norte (UFRN)<\/li>\n\n\n\n<li>Universidade Federal dos Vales do Jequitinhonha e Mucuri (UFVJM)<\/li>\n<\/ul>\n\n\n\n<h2 class=\"wp-block-heading\"><div class=\"linha-header\">Financiadores<\/div><\/h2>\n\n\n\n<div class=\"wp-block-columns is-layout-flex wp-container-core-columns-is-layout-9d6595d7 wp-block-columns-is-layout-flex\">\n<div class=\"wp-block-column is-layout-flow wp-block-column-is-layout-flow\">\n<figure class=\"wp-block-image size-large is-resized\"><img loading=\"lazy\" decoding=\"async\" width=\"1024\" height=\"315\" src=\"https:\/\/www.ufpb.br\/odan\/wp-content\/uploads\/sites\/79\/sites\/440\/2026\/02\/cnpq-1024x315.png\" alt=\"\" class=\"wp-image-90\" style=\"aspect-ratio:3.2525410476935104;width:187px;height:auto\" srcset=\"https:\/\/www.ufpb.br\/odan\/wp-content\/uploads\/sites\/79\/sites\/440\/2026\/02\/cnpq-1024x315.png 1024w, https:\/\/www.ufpb.br\/odan\/wp-content\/uploads\/sites\/79\/sites\/440\/2026\/02\/cnpq-300x92.png 300w, https:\/\/www.ufpb.br\/odan\/wp-content\/uploads\/sites\/79\/sites\/440\/2026\/02\/cnpq-768x236.png 768w, https:\/\/www.ufpb.br\/odan\/wp-content\/uploads\/sites\/79\/sites\/440\/2026\/02\/cnpq-1536x473.png 1536w, https:\/\/www.ufpb.br\/odan\/wp-content\/uploads\/sites\/79\/sites\/440\/2026\/02\/cnpq-2048x631.png 2048w\" sizes=\"auto, (max-width: 1024px) 100vw, 1024px\" \/><\/figure>\n<\/div>\n\n\n\n<div class=\"wp-block-column is-layout-flow wp-block-column-is-layout-flow\">\n<figure class=\"wp-block-image size-large is-resized\"><img loading=\"lazy\" decoding=\"async\" width=\"511\" height=\"147\" src=\"https:\/\/www.ufpb.br\/odan\/wp-content\/uploads\/sites\/79\/sites\/440\/2026\/02\/Ministerio-da-Saude.png\" alt=\"\" class=\"wp-image-92\" style=\"aspect-ratio:3.477203647416413;width:216px;height:auto\" srcset=\"https:\/\/www.ufpb.br\/odan\/wp-content\/uploads\/sites\/79\/sites\/440\/2026\/02\/Ministerio-da-Saude.png 511w, https:\/\/www.ufpb.br\/odan\/wp-content\/uploads\/sites\/79\/sites\/440\/2026\/02\/Ministerio-da-Saude-300x86.png 300w\" sizes=\"auto, (max-width: 511px) 100vw, 511px\" \/><\/figure>\n<\/div>\n\n\n\n<div class=\"wp-block-column is-layout-flow wp-block-column-is-layout-flow\">\n<figure class=\"wp-block-image size-large is-resized\"><img loading=\"lazy\" decoding=\"async\" width=\"180\" height=\"80\" src=\"https:\/\/www.ufpb.br\/odan\/wp-content\/uploads\/sites\/79\/sites\/440\/2026\/02\/images-1.png\" alt=\"\" class=\"wp-image-113\" style=\"aspect-ratio:2.2509505703422055;width:197px;height:auto\" \/><\/figure>\n<\/div>\n<\/div>\n\n\n\n<div class=\"wp-block-columns is-layout-flex wp-container-core-columns-is-layout-9d6595d7 wp-block-columns-is-layout-flex\">\n<div class=\"wp-block-column is-layout-flow wp-block-column-is-layout-flow\"><\/div>\n\n\n\n<div class=\"wp-block-column is-layout-flow wp-block-column-is-layout-flow\"><\/div>\n\n\n\n<div class=\"wp-block-column is-layout-flow wp-block-column-is-layout-flow\"><\/div>\n<\/div>\n\n\n\n<figure class=\"wp-block-image size-large is-resized\"><img loading=\"lazy\" decoding=\"async\" width=\"1024\" height=\"696\" src=\"https:\/\/www.ufpb.br\/odan\/wp-content\/uploads\/sites\/79\/sites\/440\/2026\/02\/Logo-Programa-Celso-Furtado-1024x696.png\" alt=\"\" class=\"wp-image-183\" style=\"width:205px;height:auto\" srcset=\"https:\/\/www.ufpb.br\/odan\/wp-content\/uploads\/sites\/79\/sites\/440\/2026\/02\/Logo-Programa-Celso-Furtado-1024x696.png 1024w, https:\/\/www.ufpb.br\/odan\/wp-content\/uploads\/sites\/79\/sites\/440\/2026\/02\/Logo-Programa-Celso-Furtado-300x204.png 300w, https:\/\/www.ufpb.br\/odan\/wp-content\/uploads\/sites\/79\/sites\/440\/2026\/02\/Logo-Programa-Celso-Furtado-768x522.png 768w, https:\/\/www.ufpb.br\/odan\/wp-content\/uploads\/sites\/79\/sites\/440\/2026\/02\/Logo-Programa-Celso-Furtado.png 1441w\" sizes=\"auto, (max-width: 1024px) 100vw, 1024px\" \/><\/figure>\n","protected":false},"excerpt":{"rendered":"<p>As institui\u00e7\u00f5es parceiras do Observat\u00f3rio est\u00e3o distribu\u00eddas por tr\u00eas das cinco macrorregi\u00f5es do pa\u00eds: Centro [&hellip;]<\/p>\n","protected":false},"author":47,"featured_media":0,"parent":0,"menu_order":0,"comment_status":"closed","ping_status":"closed","template":"","meta":{"footnotes":""},"class_list":["post-11","page","type-page","status-publish","hentry"],"_links":{"self":[{"href":"https:\/\/www.ufpb.br\/odan\/wp-json\/wp\/v2\/pages\/11","targetHints":{"allow":["GET"]}}],"collection":[{"href":"https:\/\/www.ufpb.br\/odan\/wp-json\/wp\/v2\/pages"}],"about":[{"href":"https:\/\/www.ufpb.br\/odan\/wp-json\/wp\/v2\/types\/page"}],"author":[{"embeddable":true,"href":"https:\/\/www.ufpb.br\/odan\/wp-json\/wp\/v2\/users\/47"}],"replies":[{"embeddable":true,"href":"https:\/\/www.ufpb.br\/odan\/wp-json\/wp\/v2\/comments?post=11"}],"version-history":[{"count":8,"href":"https:\/\/www.ufpb.br\/odan\/wp-json\/wp\/v2\/pages\/11\/revisions"}],"predecessor-version":[{"id":184,"href":"https:\/\/www.ufpb.br\/odan\/wp-json\/wp\/v2\/pages\/11\/revisions\/184"}],"wp:attachment":[{"href":"https:\/\/www.ufpb.br\/odan\/wp-json\/wp\/v2\/media?parent=11"}],"curies":[{"name":"wp","href":"https:\/\/api.w.org\/{rel}","templated":true}]}}