{"id":13,"date":"2026-02-06T15:02:09","date_gmt":"2026-02-06T18:02:09","guid":{"rendered":"https:\/\/www.ufpb.br\/odan\/?page_id=13"},"modified":"2026-02-09T10:00:04","modified_gmt":"2026-02-09T13:00:04","slug":"pesquisa","status":"publish","type":"page","link":"https:\/\/www.ufpb.br\/odan\/pesquisa\/","title":{"rendered":"Pesquisas"},"content":{"rendered":"\n<p><strong><em>Coordenadora: Prof. Mariana Lopes<\/em><\/strong><\/p>\n\n\n\n<div data-wp-context=\"{ &quot;autoclose&quot;: false, &quot;accordionItems&quot;: [] }\" data-wp-interactive=\"core\/accordion\" role=\"group\" class=\"wp-block-accordion is-layout-flow wp-block-accordion-is-layout-flow\">\n<div data-wp-class--is-open=\"state.isOpen\" data-wp-context=\"{ &quot;id&quot;: &quot;accordion-item-1&quot;, &quot;openByDefault&quot;: false }\" data-wp-init=\"callbacks.initAccordionItems\" data-wp-on-window--hashchange=\"callbacks.hashChange\" class=\"wp-block-accordion-item is-layout-flow wp-block-accordion-item-is-layout-flow\">\n<h3 class=\"wp-block-accordion-heading\"><button aria-expanded=\"false\" aria-controls=\"accordion-item-1-panel\" data-wp-bind--aria-expanded=\"state.isOpen\" data-wp-on--click=\"actions.toggle\" data-wp-on--keydown=\"actions.handleKeyDown\" id=\"accordion-item-1\" class=\"wp-block-accordion-heading__toggle\"><span class=\"wp-block-accordion-heading__toggle-title\">2026-Atual: Protocolo de mapeamento dos determinantes sociais e ambientais da inseguran\u00e7a alimentar na capital paraibana: um estudo no Programa Academia da Sa\u00fade                                                                                                            <\/span><span class=\"wp-block-accordion-heading__toggle-icon\" aria-hidden=\"true\">+<\/span><\/button><\/h3>\n\n\n\n<div inert aria-labelledby=\"accordion-item-1\" data-wp-bind--inert=\"!state.isOpen\" id=\"accordion-item-1-panel\" role=\"region\" class=\"wp-block-accordion-panel is-layout-flow wp-block-accordion-panel-is-layout-flow\">\n<p>Este projeto objetiva analisar a rela\u00e7\u00e3o entre discrimina\u00e7\u00e3o racial, consumo alimentar, ambiente alimentar e inseguran\u00e7a alimentar (IA) em participantes do Programa Academia da Sa\u00fade (PAS) de Jo\u00e3o Pessoa-PB, com o prop\u00f3sito de elaborar protocolo de mapeamento da IA que contemple fatores individuais e contextuais. Realizar-se-\u00e1 estudo transversal em todas as unidades do PAS do munic\u00edpio (N=2). Ser\u00e3o entrevistados todos os usu\u00e1rios com 20 anos ou mais e ativos no Programa. A IA ser\u00e1 investigada pela Triagem para Risco de Inseguran\u00e7a Alimentar (TRIA) e a Escala Brasileira de Inseguran\u00e7a Alimentar (EBIA). Ser\u00e3o coletados dados nos dom\u00ednios individual, com entrevistas face-a-face; e contextual, com investiga\u00e7\u00e3o do ambiente alimentar da comunidade e do consumidor. As vari\u00e1veis individuais ser\u00e3o: socioecon\u00f4micas (sexo, ra\u00e7a\/cor de pele autorreferida, endere\u00e7o, idade, estado civil, renda per capita, recebimento de benef\u00edcios governamentais, ocupa\u00e7\u00e3o profissional e escolaridade); discrimina\u00e7\u00e3o racial avaliada pela escala Experiences of Discrimination; sa\u00fade (uso de medicamentos, morbidades autorreferidas, qualidade do sono e percep\u00e7\u00e3o de sa\u00fade); pr\u00e1tica de atividade f\u00edsica; padr\u00e3o alimentar pelo teste Como est\u00e1 sua alimenta\u00e7\u00e3o? e consumo alimentar (NovaQFA); antropometria (peso, altura e circunfer\u00eancia da cintura); e medidas de press\u00e3o arterial e frequ\u00eancia card\u00edaca. No dom\u00ednio contextual ser\u00e1 investigado o ambiente alimentar percebido pelos usu\u00e1rios; e a proximidade, densidade e tipo de lojas de venda de alimentos em buffers contidos em raios de 1.600 metros ao redor das unidades PAS e da resid\u00eancia dos entrevistados. Para investiga\u00e7\u00e3o do ambiente alimentar do consumidor, os estabelecimentos no entorno das unidades do PAS ser\u00e3o auditados utilizando o instrumento AUDIT-NOVA para analisar a disponibilidade, qualidade, variedade, pre\u00e7o e propaganda dos alimentos; e investigadas as caracter\u00edsticas higi\u00eanico-sanit\u00e1rias dos estabelecimentos. Com base nos resultados, ser\u00e1 elaborado Protocolo de Mapeamento da Inseguran\u00e7a Alimentar e seus Determinantes no Programa Academia da Sa\u00fade de Jo\u00e3o Pessoa-PB visando apoiar os gestores a identificar as \u00e1reas em IA e os obst\u00e1culos individuais e contextuais para a promo\u00e7\u00e3o da seguran\u00e7a alimentar e nutricional (SAN). As an\u00e1lises estat\u00edsticas ser\u00e3o realizadas no software Stata, sendo adotado um n\u00edvel de signific\u00e2ncia de 5. A manipula\u00e7\u00e3o dos dados geoprocessados ser\u00e1 realizada no software QGIS. Espera-se que esta pesquisa contribua para ampliar o entendimento sobre a repercuss\u00e3o de experi\u00eancias de discrimina\u00e7\u00e3o racial e de ambientes alimentares n\u00e3o promotores da alimenta\u00e7\u00e3o adequada e saud\u00e1vel sobre a IA de usu\u00e1rios de programa p\u00fablico de sa\u00fade. E assim, propor protocolo de apoio ao enfretamento da IA aplic\u00e1vel ao PAS e a outros programas no munic\u00edpio, contribuindo para o delineamento de estrat\u00e9gias de promo\u00e7\u00e3o da SAN mais assertivas, bem como para o fortalecimento do PAS como servi\u00e7o de sa\u00fade promotor de ambientes e modos de vida saud\u00e1veis.<br>Situa\u00e7\u00e3o: Em andamento; Natureza: Pesquisa.<\/p>\n\n\n\n<p><\/p>\n<\/div>\n<\/div>\n<\/div>\n\n\n\n<p><strong>Financiador(es):<\/strong> Funda\u00e7\u00e3o de Apoio \u00e0 Pesquisa do Estado da Para\u00edba (Edital N\u2070 02\/2025 &#8211; CHAMADA PPSUS &#8211; PROGRAMA PESQUISA PARA O SUS: GEST\u00c3O COMPARTILHADA EM SA\u00daDE)<\/p>\n\n\n\n<div data-wp-context=\"{ &quot;autoclose&quot;: false, &quot;accordionItems&quot;: [] }\" data-wp-interactive=\"core\/accordion\" role=\"group\" class=\"wp-block-accordion is-layout-flow wp-block-accordion-is-layout-flow\">\n<div data-wp-class--is-open=\"state.isOpen\" data-wp-context=\"{ &quot;id&quot;: &quot;accordion-item-2&quot;, &quot;openByDefault&quot;: false }\" data-wp-init=\"callbacks.initAccordionItems\" data-wp-on-window--hashchange=\"callbacks.hashChange\" class=\"wp-block-accordion-item is-layout-flow wp-block-accordion-item-is-layout-flow\">\n<h3 class=\"wp-block-accordion-heading\"><button aria-expanded=\"false\" aria-controls=\"accordion-item-2-panel\" data-wp-bind--aria-expanded=\"state.isOpen\" data-wp-on--click=\"actions.toggle\" data-wp-on--keydown=\"actions.handleKeyDown\" id=\"accordion-item-2\" class=\"wp-block-accordion-heading__toggle\"><span class=\"wp-block-accordion-heading__toggle-title\">2025-Atual: Compreens\u00e3o do ambiente alimentar para promo\u00e7\u00e3o da seguran\u00e7a alimentar e nutricional: uma an\u00e1lise dos equipamentos p\u00fablicos de seguran\u00e7a alimentar e nutricional em Jo\u00e3o Pessoa-PB<\/span><span class=\"wp-block-accordion-heading__toggle-icon\" aria-hidden=\"true\">+<\/span><\/button><\/h3>\n\n\n\n<div inert aria-labelledby=\"accordion-item-2\" data-wp-bind--inert=\"!state.isOpen\" id=\"accordion-item-2-panel\" role=\"region\" class=\"wp-block-accordion-panel is-layout-flow wp-block-accordion-panel-is-layout-flow\">\n<p>Caracterizar o ambiente alimentar comunit\u00e1rio no entorno de \u00e1reas segregadas economicamente com e sem EPSAN em Jo\u00e3o Pessoa, Para\u00edba, Brasil. M\u00e9todos: Prop\u00f5e-se estudo ecol\u00f3gico com dados secund\u00e1rios do Estado da Para\u00edba e do munic\u00edpio de Jo\u00e3o Pessoa-PB. Para as an\u00e1lises do ambiente alimentar da comunidade no entorno de \u00e1reas segregadas com e sem EPSAN ser\u00e3o criados buffers no entorno dos equipamentos identificados na cidade (\u00e1reas segregadas com EPSAN) e no entorno do centroide dos setores censit\u00e1rios sem EPSAN (\u00e1reas segregadas sem EPSAN). A segrega\u00e7\u00e3o ser\u00e1 calculada com dados do \u00faltimo Censo demogr\u00e1fico por meio de estat\u00edstica espacial e a partir da propor\u00e7\u00e3o de pessoas respons\u00e1veis pelos domic\u00edlios com rendimento mensal de at\u00e9 3 sal\u00e1rios m\u00ednimos. Endere\u00e7o completo dos EPSAN (p.e cozinhas comunit\u00e1rias, restaurantes populares e banco de alimentos) ser\u00e3o solicitados \u00e0 Secretaria de Desenvolvimento Social da Prefeitura municipal de Jo\u00e3o Pessoa-PB. Para identifica\u00e7\u00e3o e tipifica\u00e7\u00e3o dos estabelecimentos comerciais de alimentos no entorno dos das \u00e1reas segregadas com e sem EPSAN ser\u00e3o solicitadas bases de dados \u00e0 Secret\u00e1ria do Estado da Fazenda da Para\u00edba. \u00c0 base do Estado ser\u00e3o adicionados os mercados p\u00fablicos e feiras livres do munic\u00edpio, os quais ser\u00e3o solicitados \u00e0 Secretaria de Desenvolvimento e Controle Urbano. Ser\u00e3o inclu\u00eddos na an\u00e1lise todos os estabelecimentos de compra de alimentos para consumo no domic\u00edlio (p.e supermercados, hipermercados, sacol\u00f5es, feiras livres, peixarias, a\u00e7ougues, padarias, mercados locais e municipais, etc.) e para consumo imediato, ou seja, fora do domic\u00edlio (p.e restaurantes, lanchonetes, bares, quiosques etc.) os quais ser\u00e3o classificados segundo ao tipo de alimento predominantemente comercializado: venda predominante de alimentos in natura, ultraprocessados ou mistos (comercializa\u00e7\u00e3o de ambos os tipos de alimentos). Todos os estabelecimentos ser\u00e3o georreferenciados e conferidos por meio de auditoria virtual com ferramenta Google Earth. As an\u00e1lises estat\u00edsticas constar\u00e3o de testes de diferen\u00e7a de m\u00e9dias ou propor\u00e7\u00f5es, e de regress\u00e3o ajustada pela densidade populacional da \u00e1rea. As an\u00e1lises estat\u00edsticas ser\u00e3o realizadas com aux\u00edlio do Data Analysis and Statistical Software (Stata), sendo adotado um n\u00edvel de signific\u00e2ncia de 5. A manipula\u00e7\u00e3o dos dados geoprocessados ser\u00e1 realizada no software QGIS. Resultados Esperados: Espera-se ampliar o entendimento sobre a rela\u00e7\u00e3o entre as desigualdades sociais e o ambiente alimentar, auxiliando na consolida\u00e7\u00e3o do conhecimento cient\u00edfico sobre a tem\u00e1tica e contribuindo para interven\u00e7\u00f5es no munic\u00edpio que possam promover redu\u00e7\u00e3o das desigualdades de acesso a alimentos saud\u00e1veis em \u00e1reas segregadas economicamente da cidade com vistas ao enfretamento da Inseguran\u00e7a Alimentar e ao combate \u00e0 fome em \u00e1reas com maior vulnerabilidade social e econ\u00f4mica. Figurando-se com um passo inovador \u00e0 aplica\u00e7\u00e3o das ideias e estudos de Celso Furtado na capital do Estado da Para\u00edba.<\/p>\n<\/div>\n<\/div>\n<\/div>\n\n\n\n<p><strong>Financiador(es):<\/strong> Funda\u00e7\u00e3o de Apoio \u00e0 Pesquisa do Estado da Para\u00edba (Edital N\u00ba 52\/2024 &#8211; PROCESSO DE SELE\u00c7\u00c3O DE EQUIPES PARA O PROGRAMA CELSO FURTADO DE INOVA\u00c7\u00c3O EDUCACIONAL E DESENVOLVIMENTO REGIONAL)<\/p>\n\n\n\n<div data-wp-context=\"{ &quot;autoclose&quot;: false, &quot;accordionItems&quot;: [] }\" data-wp-interactive=\"core\/accordion\" role=\"group\" class=\"wp-block-accordion is-layout-flow wp-block-accordion-is-layout-flow\">\n<div data-wp-class--is-open=\"state.isOpen\" data-wp-context=\"{ &quot;id&quot;: &quot;accordion-item-3&quot;, &quot;openByDefault&quot;: false }\" data-wp-init=\"callbacks.initAccordionItems\" data-wp-on-window--hashchange=\"callbacks.hashChange\" class=\"wp-block-accordion-item is-layout-flow wp-block-accordion-item-is-layout-flow\">\n<h3 class=\"wp-block-accordion-heading\"><button aria-expanded=\"false\" aria-controls=\"accordion-item-3-panel\" data-wp-bind--aria-expanded=\"state.isOpen\" data-wp-on--click=\"actions.toggle\" data-wp-on--keydown=\"actions.handleKeyDown\" id=\"accordion-item-3\" class=\"wp-block-accordion-heading__toggle\"><span class=\"wp-block-accordion-heading__toggle-title\">2023-Atual: Desigualdades socioecon\u00f4micas e ambiente alimentar em uma capital do nordeste brasileiro<\/span><span class=\"wp-block-accordion-heading__toggle-icon\" aria-hidden=\"true\">+<\/span><\/button><\/h3>\n\n\n\n<div inert aria-labelledby=\"accordion-item-3\" data-wp-bind--inert=\"!state.isOpen\" id=\"accordion-item-3-panel\" role=\"region\" class=\"wp-block-accordion-panel is-layout-flow wp-block-accordion-panel-is-layout-flow\">\n<p>Introdu\u00e7\u00e3o: A segrega\u00e7\u00e3o econ\u00f4mica e a distribui\u00e7\u00e3o desigual de estabelecimentos que comercializam alimentos saud\u00e1veis \u00e9 um dos fatores determinantes das disparidades no consumo alimentar e na seguran\u00e7a alimentar e nutricional. Entretanto, os estudos sobre a repercuss\u00e3o da segrega\u00e7\u00e3o sobre o ambiente alimentar limitam-se a pa\u00edses de elevada renda ou a macrorregi\u00e3o sudeste do Brasil, que possuem caracter\u00edsticas culturais e alimentares diferentes do nordeste brasileiro. Objetivo: Caracterizar o ambiente alimentar da comunidade do munic\u00edpio de Jo\u00e3o Pessoa-PB segundo indicadores sociodemogr\u00e1ficos e de segrega\u00e7\u00e3o econ\u00f4mica. M\u00e9todos: Prop\u00f5e-se estudo ecol\u00f3gico com dados secund\u00e1rios do munic\u00edpio para verificar o tipo e a densidade de estabelecimentos comerciais de alimentos segundo dados sociodemogr\u00e1ficos e de segrega\u00e7\u00e3o econ\u00f4mica, obtidos no \u00faltimo Censo Demogr\u00e1fico. Os dados sociodemogr\u00e1ficos analisados constar\u00e3o de renda, escolaridade, coleta de lixo e saneamento b\u00e1sico; e a segrega\u00e7\u00e3o ser\u00e1 calculada por meio de estat\u00edstica espacial a partir da propor\u00e7\u00e3o de pessoas respons\u00e1veis pelos domic\u00edlios com rendimento mensal de at\u00e9 3 sal\u00e1rios m\u00ednimos. Para identifica\u00e7\u00e3o e tipifica\u00e7\u00e3o dos estabelecimentos comerciais ser\u00e3o utilizadas bases da Prefeitura Municipal e do Estado validadas por auditoria virtual. Ser\u00e3o inclu\u00eddos todos os estabelecimentos de compra de alimentos para consumo imediato e no domicilio, e classificados segundo: venda predominante de alimentos in natura, ultraprocessados ou mistos (comercializa\u00e7\u00e3o de ambos os tipos de alimentos). Para an\u00e1lises das desigualdades do ambiente alimentar ser\u00e3o elaborados mapas e realizadas an\u00e1lises de regress\u00e3o. Resultados Esperados: Espera-se ampliar o entendimento sobre a rela\u00e7\u00e3o entre as desigualdades sociais e o ambiente alimentar, auxiliando na consolida\u00e7\u00e3o do conhecimento cient\u00edfico sobre a tem\u00e1tica e contribuindo para interven\u00e7\u00f5es no munic\u00edpio que possam promover redu\u00e7\u00e3o das desigualdades de acesso a alimentos saud\u00e1veis.<\/p>\n\n\n\n<p><\/p>\n<\/div>\n<\/div>\n<\/div>\n\n\n\n<p><strong>Financiador(es):<\/strong> Conselho Nacional de Desenvolvimento Cient\u00edfico e Tecnol\u00f3gico (Chamada CNPq\/MCTI N\u00ba 10\/2023 &#8211; UNIVERSAL)<\/p>\n\n\n\n<hr class=\"wp-block-separator has-alpha-channel-opacity\" \/>\n\n\n\n<p><\/p>\n\n\n\n<p><strong><em>Coordenador: Prof. S\u00e1vio Gomes<\/em><\/strong><\/p>\n\n\n\n<div data-wp-context=\"{ &quot;autoclose&quot;: false, &quot;accordionItems&quot;: [] }\" data-wp-interactive=\"core\/accordion\" role=\"group\" class=\"wp-block-accordion is-layout-flow wp-block-accordion-is-layout-flow\">\n<div data-wp-class--is-open=\"state.isOpen\" data-wp-context=\"{ &quot;id&quot;: &quot;accordion-item-4&quot;, &quot;openByDefault&quot;: false }\" data-wp-init=\"callbacks.initAccordionItems\" data-wp-on-window--hashchange=\"callbacks.hashChange\" class=\"wp-block-accordion-item is-layout-flow wp-block-accordion-item-is-layout-flow\">\n<h3 class=\"wp-block-accordion-heading\"><button aria-expanded=\"false\" aria-controls=\"accordion-item-4-panel\" data-wp-bind--aria-expanded=\"state.isOpen\" data-wp-on--click=\"actions.toggle\" data-wp-on--keydown=\"actions.handleKeyDown\" id=\"accordion-item-4\" class=\"wp-block-accordion-heading__toggle\"><span class=\"wp-block-accordion-heading__toggle-title\"><strong>2025- Atual: Inseguran\u00e7a Alimentar e suas repercuss\u00f5es na sa\u00fade da popula\u00e7\u00e3o travesti e transexual na Para\u00edba: mapeamento e elabora\u00e7\u00e3o de protocolo para identifica\u00e7\u00e3o, manejo e organiza\u00e7\u00e3o intersetorial para garantia da equidade em sa\u00fade<\/strong><\/span><span class=\"wp-block-accordion-heading__toggle-icon\" aria-hidden=\"true\">+<\/span><\/button><\/h3>\n\n\n\n<div inert aria-labelledby=\"accordion-item-4\" data-wp-bind--inert=\"!state.isOpen\" id=\"accordion-item-4-panel\" role=\"region\" class=\"wp-block-accordion-panel is-layout-flow wp-block-accordion-panel-is-layout-flow\">\n<p>Este projeto tem o prop\u00f3sito de enfrentar as lacunas existentes na abordagem da inseguran\u00e7a alimentar (IA) na popula\u00e7\u00e3o trans (travesti e transexual) na Para\u00edba, propondo solu\u00e7\u00f5es para fortalecer o SUS e ampliar sua capacidade de oferecer cuidado integral e equitativo. O objetivo central \u00e9 desenvolver um protocolo para a identifica\u00e7\u00e3o, manejo e organiza\u00e7\u00e3o intersetorial entre sa\u00fade e assist\u00eancia social, garantindo o acesso \u00e0 sa\u00fade e \u00e0s pol\u00edticas de combate \u00e0 inseguran\u00e7a alimentar. Para isso, utilizaremos m\u00e9todos quantitativos e qualitativos, combinando um inqu\u00e9rito epidemiol\u00f3gico, um estudo qualitativo e a valida\u00e7\u00e3o do instrumento de Triagem de Domic\u00edlios em Risco de Inseguran\u00e7a Alimentar (TRIA) para a popula\u00e7\u00e3o trans. O estudo ser\u00e1 realizado em dois ambulat\u00f3rios especializados na Para\u00edba, atendendo a uma amostra intencional de aproximadamente 1.300 indiv\u00edduos. A coleta de dados envolver\u00e1 a aplica\u00e7\u00e3o da Escala Brasileira de Inseguran\u00e7a Alimentar (EBIA) e outras avalia\u00e7\u00f5es de sa\u00fade, al\u00e9m de entrevistas em profundidade e participa\u00e7\u00e3o direta nas rotinas dos servi\u00e7os. Os resultados esperados incluem a produ\u00e7\u00e3o de dados in\u00e9ditos que fundamentar\u00e3o a formula\u00e7\u00e3o de pol\u00edticas p\u00fablicas inclusivas e a valida\u00e7\u00e3o da TRIA, adaptada especificamente para a popula\u00e7\u00e3o trans, a qual ir\u00e1 compor um protocolo de identifica\u00e7\u00e3o e manejo da IA e suas repercuss\u00f5es. Ainda, os resultados ir\u00e3o subsidiar a formula\u00e7\u00e3o de uma capacita\u00e7\u00e3o para profissionais da sa\u00fade por meio de um curso autoinstrutivo, o qual vira promover atendimentos mais sens\u00edveis e eficazes, ampliando a capacidade dos servi\u00e7os do SUS de abordar inseguran\u00e7a alimentar em minorias sexuais e de g\u00eanero.<\/p>\n<\/div>\n<\/div>\n<\/div>\n\n\n\n<p><strong>Financiador(es):<\/strong> Funda\u00e7\u00e3o de Apoio \u00e0 Pesquisa do Estado da Para\u00edba (Edital N\u2070 02\/2025 &#8211; CHAMADA PPSUS &#8211; PROGRAMA PESQUISA PARA O SUS: GEST\u00c3O COMPARTILHADA EM SA\u00daDE)<\/p>\n","protected":false},"excerpt":{"rendered":"<p>Coordenadora: Prof. Mariana Lopes Financiador(es): Funda\u00e7\u00e3o de Apoio \u00e0 Pesquisa do Estado da Para\u00edba (Edital [&hellip;]<\/p>\n","protected":false},"author":47,"featured_media":0,"parent":0,"menu_order":0,"comment_status":"closed","ping_status":"closed","template":"","meta":{"footnotes":""},"class_list":["post-13","page","type-page","status-publish","hentry"],"_links":{"self":[{"href":"https:\/\/www.ufpb.br\/odan\/wp-json\/wp\/v2\/pages\/13","targetHints":{"allow":["GET"]}}],"collection":[{"href":"https:\/\/www.ufpb.br\/odan\/wp-json\/wp\/v2\/pages"}],"about":[{"href":"https:\/\/www.ufpb.br\/odan\/wp-json\/wp\/v2\/types\/page"}],"author":[{"embeddable":true,"href":"https:\/\/www.ufpb.br\/odan\/wp-json\/wp\/v2\/users\/47"}],"replies":[{"embeddable":true,"href":"https:\/\/www.ufpb.br\/odan\/wp-json\/wp\/v2\/comments?post=13"}],"version-history":[{"count":13,"href":"https:\/\/www.ufpb.br\/odan\/wp-json\/wp\/v2\/pages\/13\/revisions"}],"predecessor-version":[{"id":162,"href":"https:\/\/www.ufpb.br\/odan\/wp-json\/wp\/v2\/pages\/13\/revisions\/162"}],"wp:attachment":[{"href":"https:\/\/www.ufpb.br\/odan\/wp-json\/wp\/v2\/media?parent=13"}],"curies":[{"name":"wp","href":"https:\/\/api.w.org\/{rel}","templated":true}]}}