{"id":19,"date":"2026-02-06T15:02:36","date_gmt":"2026-02-06T18:02:36","guid":{"rendered":"https:\/\/www.ufpb.br\/odan\/?page_id=19"},"modified":"2026-03-19T17:44:15","modified_gmt":"2026-03-19T20:44:15","slug":"artigos-cientificos","status":"publish","type":"page","link":"https:\/\/www.ufpb.br\/odan\/artigos-cientificos\/","title":{"rendered":"Artigos Cient\u00edficos"},"content":{"rendered":"\n<p><strong>2026<\/strong><\/p>\n\n\n\n<div class=\"wp-block-media-text is-stacked-on-mobile is-vertically-aligned-center\" style=\"grid-template-columns:36% auto\"><figure class=\"wp-block-media-text__media\"><img loading=\"lazy\" decoding=\"async\" width=\"817\" height=\"1024\" src=\"https:\/\/www.ufpb.br\/odan\/wp-content\/uploads\/sites\/79\/sites\/440\/2026\/03\/Gemini_Generated_Image_9p5ux29p5ux29p5u-817x1024.png\" alt=\"\" class=\"wp-image-301 size-full\" srcset=\"https:\/\/www.ufpb.br\/odan\/wp-content\/uploads\/sites\/79\/sites\/440\/2026\/03\/Gemini_Generated_Image_9p5ux29p5ux29p5u-817x1024.png 817w, https:\/\/www.ufpb.br\/odan\/wp-content\/uploads\/sites\/79\/sites\/440\/2026\/03\/Gemini_Generated_Image_9p5ux29p5ux29p5u-239x300.png 239w, https:\/\/www.ufpb.br\/odan\/wp-content\/uploads\/sites\/79\/sites\/440\/2026\/03\/Gemini_Generated_Image_9p5ux29p5ux29p5u-768x963.png 768w, https:\/\/www.ufpb.br\/odan\/wp-content\/uploads\/sites\/79\/sites\/440\/2026\/03\/Gemini_Generated_Image_9p5ux29p5ux29p5u-1225x1536.png 1225w, https:\/\/www.ufpb.br\/odan\/wp-content\/uploads\/sites\/79\/sites\/440\/2026\/03\/Gemini_Generated_Image_9p5ux29p5ux29p5u-1634x2048.png 1634w, https:\/\/www.ufpb.br\/odan\/wp-content\/uploads\/sites\/79\/sites\/440\/2026\/03\/Gemini_Generated_Image_9p5ux29p5ux29p5u.png 1838w\" sizes=\"auto, (max-width: 817px) 100vw, 817px\" \/><\/figure><div class=\"wp-block-media-text__content\">\n<p><strong><a href=\"https:\/\/link.springer.com\/article\/10.1186\/s40795-026-01285-5\">Beyond the binary: disparities in food consumption and alcohol intake among Brazilian sexual minorities<\/a><\/strong><\/p>\n\n\n\n<p><strong>A orienta\u00e7\u00e3o sexual foi associada a padr\u00f5es alimentares menos saud\u00e1veis \u200b\u200be maior consumo de \u00e1lcool, particularmente entre mulheres bissexuais e l\u00e9sbicas. <\/strong><\/p>\n\n\n\n<p><em>Paulo Gustavo Costa e Silva Cruz,\u00a0Danielly das Chagas Rocha,\u00a0<br>Aline Martins Carvalho,\u00a0Carla Djaine Teixeira,\u00a0 Gabrielle Gomes Maciel,\u00a0 Mariana Souza Lopes,\u00a0Michelle Cristine Medeiros Jacob, S\u00e1vio Marcelino Gomes<\/em><\/p>\n<\/div><\/div>\n\n\n\n<p><strong>2025<\/strong><\/p>\n\n\n\n<div class=\"wp-block-media-text is-stacked-on-mobile is-vertically-aligned-center\" style=\"grid-template-columns:36% auto\"><figure class=\"wp-block-media-text__media\"><img loading=\"lazy\" decoding=\"async\" width=\"364\" height=\"428\" src=\"https:\/\/www.ufpb.br\/odan\/wp-content\/uploads\/sites\/79\/sites\/440\/2026\/02\/image.png\" alt=\"\" class=\"wp-image-170 size-full\" srcset=\"https:\/\/www.ufpb.br\/odan\/wp-content\/uploads\/sites\/79\/sites\/440\/2026\/02\/image.png 364w, https:\/\/www.ufpb.br\/odan\/wp-content\/uploads\/sites\/79\/sites\/440\/2026\/02\/image-255x300.png 255w\" sizes=\"auto, (max-width: 364px) 100vw, 364px\" \/><\/figure><div class=\"wp-block-media-text__content\">\n<p><strong><a href=\"https:\/\/www.scielo.br\/j\/ress\/a\/hrVdccQMg9MRx7MNND5FW3x\/?format=pdf&amp;lang=pt\">Disparidade no consumo de carne, um obst\u00e1culo para alcance da regra de ouro do Guia Alimentar para a Popula\u00e7\u00e3o Brasileira?<\/a><\/strong><\/p>\n\n\n\n<p><strong>O consumo de carne \u00e9 desigual entre os brasileiros e pode repercutir sobre o consumo de alimentos in natura, como as frutas.<\/strong><\/p>\n\n\n\n<p><em>Mariana Souza Lopes, Paulo Gustavo Costa e Silva Cruz, Joerika Batista Ciqueira, Cec\u00edlia Furtado Craveiro, Izabele da Silva Rocha, Savio Marcelino Gomes<\/em><\/p>\n<\/div><\/div>\n","protected":false},"excerpt":{"rendered":"<p>2026 Beyond the binary: disparities in food consumption and alcohol intake among Brazilian sexual minorities [&hellip;]<\/p>\n","protected":false},"author":47,"featured_media":0,"parent":0,"menu_order":0,"comment_status":"closed","ping_status":"closed","template":"","meta":{"footnotes":""},"class_list":["post-19","page","type-page","status-publish","hentry"],"_links":{"self":[{"href":"https:\/\/www.ufpb.br\/odan\/wp-json\/wp\/v2\/pages\/19","targetHints":{"allow":["GET"]}}],"collection":[{"href":"https:\/\/www.ufpb.br\/odan\/wp-json\/wp\/v2\/pages"}],"about":[{"href":"https:\/\/www.ufpb.br\/odan\/wp-json\/wp\/v2\/types\/page"}],"author":[{"embeddable":true,"href":"https:\/\/www.ufpb.br\/odan\/wp-json\/wp\/v2\/users\/47"}],"replies":[{"embeddable":true,"href":"https:\/\/www.ufpb.br\/odan\/wp-json\/wp\/v2\/comments?post=19"}],"version-history":[{"count":7,"href":"https:\/\/www.ufpb.br\/odan\/wp-json\/wp\/v2\/pages\/19\/revisions"}],"predecessor-version":[{"id":302,"href":"https:\/\/www.ufpb.br\/odan\/wp-json\/wp\/v2\/pages\/19\/revisions\/302"}],"wp:attachment":[{"href":"https:\/\/www.ufpb.br\/odan\/wp-json\/wp\/v2\/media?parent=19"}],"curies":[{"name":"wp","href":"https:\/\/api.w.org\/{rel}","templated":true}]}}