{"id":27,"date":"2026-02-06T15:04:01","date_gmt":"2026-02-06T18:04:01","guid":{"rendered":"https:\/\/www.ufpb.br\/odan\/?page_id=27"},"modified":"2026-04-13T09:15:19","modified_gmt":"2026-04-13T12:15:19","slug":"outras-publicacoes","status":"publish","type":"page","link":"https:\/\/www.ufpb.br\/odan\/outras-publicacoes\/","title":{"rendered":"Outras Publica\u00e7\u00f5es"},"content":{"rendered":"\n<p class=\"has-medium-font-size\"><strong>Trabalhos de Conclus\u00e3o de Curso<\/strong><\/p>\n\n\n\n<p>Os trabalhos de conclus\u00e3o de curso (TCC) vinculados ao ODAN\/UFPB-CNPq s\u00e3o apresentados a seguir, organizados em ordem cronol\u00f3gica de defesa, do mais antigo ao mais recente, e tamb\u00e9m por orientador(a) principal. Os textos completos est\u00e3o dispon\u00edveis no <a href=\"https:\/\/repositorio.ufpb.br\/\">Reposit\u00f3rio Institucional da UFPB<\/a>.<\/p>\n\n\n\n<details class=\"wp-block-details is-layout-flow wp-block-details-is-layout-flow\"><summary><strong>2026<\/strong><\/summary>\n<p>Wellington Mateus Rodrigues Pinheiro. O ambiente alimentar e a disponibilidade de equipamentos de seguran\u00e7a alimentar e nutricional em uma metr\u00f3pole brasileira. 2026. Trabalho de Conclus\u00e3o de Curso. (Gradua\u00e7\u00e3o em Nutri\u00e7\u00e3o) &#8211; Universidade Federal da Para\u00edba. Orientador: Mariana Souza Lopes.<\/p>\n<\/details>\n\n\n\n<details class=\"wp-block-details is-layout-flow wp-block-details-is-layout-flow\"><summary><strong>2025<\/strong><\/summary>\n<p>Ant\u00f4nia Wilyane Pereira Santos. Inseguran\u00e7a alimentar e desigualdades no acesso \u00e0 educa\u00e7\u00e3o formal: estudo de caso em um assentamento urbano em Jo\u00e3o Pessoa, Para\u00edba. 2025. Trabalho de Conclus\u00e3o de Curso. (Gradua\u00e7\u00e3o em Nutri\u00e7\u00e3o) &#8211; Universidade Federal da Para\u00edba. Orientador: S\u00e1vio Marcelino Gomes.<\/p>\n\n\n\n<p>Vit\u00f3ria Rayane Laurentino dos Santos. Constru\u00e7\u00e3o do I Plano Municipal de Seguran\u00e7a Alimentar e Nutricional de Jo\u00e3o Pessoa, Para\u00edba. 2025. Trabalho de Conclus\u00e3o de Curso. (Gradua\u00e7\u00e3o em Nutri\u00e7\u00e3o) &#8211; Universidade Federal da Para\u00edba. Orientador: S\u00e1vio Marcelino Gomes.<\/p>\n\n\n\n<p>Caio Pinheiro Lima. Ambiente alimentar do entorno de unidades de sa\u00fade da fam\u00edlia de Jo\u00e3o Pessoa-PB: oportunidade ou desafio para a promo\u00e7\u00e3o da alimenta\u00e7\u00e3o adequada e saud\u00e1vel?. 2025. Trabalho de Conclus\u00e3o de Curso. (Gradua\u00e7\u00e3o em Nutri\u00e7\u00e3o) &#8211; Universidade Federal da Para\u00edba, Conselho Nacional de Desenvolvimento Cient\u00edfico e Tecnol\u00f3gico. Orientador: Mariana Souza Lopes.<\/p>\n\n\n\n<p>Danielly das Chagas Rocha. Disparidades de g\u00eanero e orienta\u00e7\u00e3o sexual na preval\u00eancia de sobrepeso e obesidade no Brasil: Pesquisa Nacional de Sa\u00fade 2019. 2025. (Gradua\u00e7\u00e3o em Nutri\u00e7\u00e3o) &#8211; Universidade Federal da Para\u00edba. Orientador: S\u00e1vio Marcelino Gomes.<\/p>\n<\/details>\n\n\n\n<details class=\"wp-block-details is-layout-flow wp-block-details-is-layout-flow\"><summary><strong>2024<\/strong><\/summary>\n<p>Maria Lais Soares Monteiro. Disparidades de g\u00eanero e orienta\u00e7\u00e3o sexual na preval\u00eancia de sobrepeso e obesidade entre adultos brasileiros. 2024. (Gradua\u00e7\u00e3o em Nutri\u00e7\u00e3o) &#8211; Universidade Federal da Para\u00edba. Orientador: S\u00e1vio Marcelino Gomes.<\/p>\n\n\n\n<p>Paulo Gustavo Costa e Silva Cruz. Disparidades de g\u00eanero e orienta\u00e7\u00e3o sexual no consumo alimentar sustent\u00e1vel entre adultos brasileiros. 2024. (Gradua\u00e7\u00e3o em Nutri\u00e7\u00e3o) &#8211; Universidade Federal da Para\u00edba, Universidade Federal da Para\u00edba. Orientador: S\u00e1vio Marcelino Gomes.<\/p>\n<\/details>\n\n\n\n<p><\/p>\n\n\n\n<p class=\"has-medium-font-size\"><strong>Relat\u00f3rios de Pesquisa<\/strong><\/p>\n\n\n\n<div class=\"wp-block-file\"><a id=\"wp-block-file--media-21e44a52-fd32-4fd7-ab49-c769d93d5f8f\" href=\"https:\/\/www.ufpb.br\/odan\/wp-content\/uploads\/sites\/79\/sites\/440\/2026\/04\/RELATORIO_FINAL_PROJETO_CELSO_FURTADO_20.03.26_msl_assinado_assinado.pdf\"> Edital N\u00ba 52\/2024\/FAPESQ &#8211; <strong>Programa Celso Furtado de Inova\u00e7\u00e3o Educacional e Desenvolvimento Regional<\/strong>: Relat\u00f3rio final de bolsa (Mariana Lopes)<\/a><a href=\"https:\/\/www.ufpb.br\/odan\/wp-content\/uploads\/sites\/79\/sites\/440\/2026\/04\/RELATORIO_FINAL_PROJETO_CELSO_FURTADO_20.03.26_msl_assinado_assinado.pdf\" class=\"wp-block-file__button wp-element-button\" download aria-describedby=\"wp-block-file--media-21e44a52-fd32-4fd7-ab49-c769d93d5f8f\">Baixar<\/a><\/div>\n\n\n\n<div class=\"wp-block-file\"><a id=\"wp-block-file--media-3448e9b7-11d7-4d30-90b3-9268588a60d5\" href=\"https:\/\/www.ufpb.br\/odan\/wp-content\/uploads\/sites\/79\/sites\/440\/2026\/04\/RELATORIO_FINAL_PROJETO_CELSO_FURTADO_20.03.26_Welligton_assinado_assinado.pdf\">Edital N\u00ba 52\/2024\/FAPESQ &#8211; <strong>Programa Celso Furtado de Inova\u00e7\u00e3o Educacional e Desenvolvimento Regional<\/strong>: Relat\u00f3rio final de bolsa (<strong>Wellington Pinheiro<\/strong>)<\/a><a href=\"https:\/\/www.ufpb.br\/odan\/wp-content\/uploads\/sites\/79\/sites\/440\/2026\/04\/RELATORIO_FINAL_PROJETO_CELSO_FURTADO_20.03.26_Welligton_assinado_assinado.pdf\" class=\"wp-block-file__button wp-element-button\" download aria-describedby=\"wp-block-file--media-3448e9b7-11d7-4d30-90b3-9268588a60d5\">Baixar<\/a><\/div>\n\n\n\n<p><\/p>\n\n\n\n<p class=\"has-medium-font-size\"><strong>Produtos decorrentes de colabora\u00e7\u00f5es T\u00e9cnico Cient\u00edfico<\/strong><\/p>\n\n\n\n<p class=\"has-medium-font-size\"><strong>2026<\/strong><\/p>\n\n\n\n<figure class=\"wp-block-image size-large is-resized\"><a href=\"https:\/\/www.ufpb.br\/odan\/wp-content\/uploads\/sites\/79\/sites\/440\/2026\/03\/PLANSAN-Joao-Pessoa-4-1.pdf\"><img loading=\"lazy\" decoding=\"async\" width=\"722\" height=\"1024\" src=\"https:\/\/www.ufpb.br\/odan\/wp-content\/uploads\/sites\/79\/sites\/440\/2026\/04\/PLANSAN-Joao-Pessoa-4-1_page-0001-722x1024.jpg\" alt=\"\" class=\"wp-image-338\" style=\"aspect-ratio:0.7050895801764863;width:231px;height:auto\" srcset=\"https:\/\/www.ufpb.br\/odan\/wp-content\/uploads\/sites\/79\/sites\/440\/2026\/04\/PLANSAN-Joao-Pessoa-4-1_page-0001-722x1024.jpg 722w, https:\/\/www.ufpb.br\/odan\/wp-content\/uploads\/sites\/79\/sites\/440\/2026\/04\/PLANSAN-Joao-Pessoa-4-1_page-0001-212x300.jpg 212w, https:\/\/www.ufpb.br\/odan\/wp-content\/uploads\/sites\/79\/sites\/440\/2026\/04\/PLANSAN-Joao-Pessoa-4-1_page-0001-768x1089.jpg 768w, https:\/\/www.ufpb.br\/odan\/wp-content\/uploads\/sites\/79\/sites\/440\/2026\/04\/PLANSAN-Joao-Pessoa-4-1_page-0001.jpg 875w\" sizes=\"auto, (max-width: 722px) 100vw, 722px\" \/><\/a><\/figure>\n\n\n\n<p><\/p>\n\n\n\n<p class=\"has-medium-font-size\"><strong>2024<\/strong><\/p>\n\n\n\n<div class=\"wp-block-columns is-layout-flex wp-container-core-columns-is-layout-9d6595d7 wp-block-columns-is-layout-flex\">\n<div class=\"wp-block-column is-layout-flow wp-block-column-is-layout-flow\">\n<figure class=\"wp-block-image size-large is-resized\"><a href=\"https:\/\/c501ea3a-6dd6-44e1-8c27-217077e147d7.usrfiles.com\/ugd\/c501ea_e799342b20fb499cb2fd9d45e225a021.pdf\"><img loading=\"lazy\" decoding=\"async\" width=\"725\" height=\"1024\" src=\"https:\/\/www.ufpb.br\/odan\/wp-content\/uploads\/sites\/79\/sites\/440\/2026\/04\/c501ea_e799342b20fb499cb2fd9d45e225a021_page-0001-725x1024.jpg\" alt=\"\" class=\"wp-image-343\" style=\"aspect-ratio:0.7080269030108743;width:233px;height:auto\" srcset=\"https:\/\/www.ufpb.br\/odan\/wp-content\/uploads\/sites\/79\/sites\/440\/2026\/04\/c501ea_e799342b20fb499cb2fd9d45e225a021_page-0001-725x1024.jpg 725w, https:\/\/www.ufpb.br\/odan\/wp-content\/uploads\/sites\/79\/sites\/440\/2026\/04\/c501ea_e799342b20fb499cb2fd9d45e225a021_page-0001-212x300.jpg 212w, https:\/\/www.ufpb.br\/odan\/wp-content\/uploads\/sites\/79\/sites\/440\/2026\/04\/c501ea_e799342b20fb499cb2fd9d45e225a021_page-0001-768x1085.jpg 768w, https:\/\/www.ufpb.br\/odan\/wp-content\/uploads\/sites\/79\/sites\/440\/2026\/04\/c501ea_e799342b20fb499cb2fd9d45e225a021_page-0001-1087x1536.jpg 1087w, https:\/\/www.ufpb.br\/odan\/wp-content\/uploads\/sites\/79\/sites\/440\/2026\/04\/c501ea_e799342b20fb499cb2fd9d45e225a021_page-0001.jpg 1241w\" sizes=\"auto, (max-width: 725px) 100vw, 725px\" \/><\/a><\/figure>\n<\/div>\n\n\n\n<div class=\"wp-block-column is-layout-flow wp-block-column-is-layout-flow\">\n<figure class=\"wp-block-image size-large is-resized\"><a href=\"https:\/\/c501ea3a-6dd6-44e1-8c27-217077e147d7.usrfiles.com\/ugd\/c501ea_1998f6afb61a4d60b3e67229799f3494.pdf\"><img loading=\"lazy\" decoding=\"async\" width=\"725\" height=\"1024\" src=\"https:\/\/www.ufpb.br\/odan\/wp-content\/uploads\/sites\/79\/sites\/440\/2026\/04\/c501ea_1998f6afb61a4d60b3e67229799f3494_page-0001-2-725x1024.jpg\" alt=\"\" class=\"wp-image-344\" style=\"aspect-ratio:0.7080269030108743;width:234px;height:auto\" srcset=\"https:\/\/www.ufpb.br\/odan\/wp-content\/uploads\/sites\/79\/sites\/440\/2026\/04\/c501ea_1998f6afb61a4d60b3e67229799f3494_page-0001-2-725x1024.jpg 725w, https:\/\/www.ufpb.br\/odan\/wp-content\/uploads\/sites\/79\/sites\/440\/2026\/04\/c501ea_1998f6afb61a4d60b3e67229799f3494_page-0001-2-212x300.jpg 212w, https:\/\/www.ufpb.br\/odan\/wp-content\/uploads\/sites\/79\/sites\/440\/2026\/04\/c501ea_1998f6afb61a4d60b3e67229799f3494_page-0001-2-768x1085.jpg 768w, https:\/\/www.ufpb.br\/odan\/wp-content\/uploads\/sites\/79\/sites\/440\/2026\/04\/c501ea_1998f6afb61a4d60b3e67229799f3494_page-0001-2-1087x1536.jpg 1087w, https:\/\/www.ufpb.br\/odan\/wp-content\/uploads\/sites\/79\/sites\/440\/2026\/04\/c501ea_1998f6afb61a4d60b3e67229799f3494_page-0001-2.jpg 1241w\" sizes=\"auto, (max-width: 725px) 100vw, 725px\" \/><\/a><\/figure>\n<\/div>\n<\/div>\n\n\n\n<p><\/p>\n","protected":false},"excerpt":{"rendered":"<p>Trabalhos de Conclus\u00e3o de Curso Os trabalhos de conclus\u00e3o de curso (TCC) vinculados ao ODAN\/UFPB-CNPq [&hellip;]<\/p>\n","protected":false},"author":47,"featured_media":0,"parent":0,"menu_order":0,"comment_status":"closed","ping_status":"closed","template":"","meta":{"footnotes":""},"class_list":["post-27","page","type-page","status-publish","hentry"],"_links":{"self":[{"href":"https:\/\/www.ufpb.br\/odan\/wp-json\/wp\/v2\/pages\/27","targetHints":{"allow":["GET"]}}],"collection":[{"href":"https:\/\/www.ufpb.br\/odan\/wp-json\/wp\/v2\/pages"}],"about":[{"href":"https:\/\/www.ufpb.br\/odan\/wp-json\/wp\/v2\/types\/page"}],"author":[{"embeddable":true,"href":"https:\/\/www.ufpb.br\/odan\/wp-json\/wp\/v2\/users\/47"}],"replies":[{"embeddable":true,"href":"https:\/\/www.ufpb.br\/odan\/wp-json\/wp\/v2\/comments?post=27"}],"version-history":[{"count":10,"href":"https:\/\/www.ufpb.br\/odan\/wp-json\/wp\/v2\/pages\/27\/revisions"}],"predecessor-version":[{"id":352,"href":"https:\/\/www.ufpb.br\/odan\/wp-json\/wp\/v2\/pages\/27\/revisions\/352"}],"wp:attachment":[{"href":"https:\/\/www.ufpb.br\/odan\/wp-json\/wp\/v2\/media?parent=27"}],"curies":[{"name":"wp","href":"https:\/\/api.w.org\/{rel}","templated":true}]}}