{"id":29,"date":"2026-02-06T15:04:12","date_gmt":"2026-02-06T18:04:12","guid":{"rendered":"https:\/\/www.ufpb.br\/odan\/?page_id=29"},"modified":"2026-02-13T08:31:06","modified_gmt":"2026-02-13T11:31:06","slug":"noticias","status":"publish","type":"page","link":"https:\/\/www.ufpb.br\/odan\/noticias\/","title":{"rendered":"Not\u00edcias"},"content":{"rendered":"\n<div class=\"wp-block-media-text is-stacked-on-mobile\"><figure class=\"wp-block-media-text__media\"><img loading=\"lazy\" decoding=\"async\" width=\"691\" height=\"386\" src=\"https:\/\/www.ufpb.br\/odan\/wp-content\/uploads\/sites\/79\/sites\/440\/2026\/02\/JP_REPORTAGEM-mariana.png\" alt=\"\" class=\"wp-image-142 size-full\" srcset=\"https:\/\/www.ufpb.br\/odan\/wp-content\/uploads\/sites\/79\/sites\/440\/2026\/02\/JP_REPORTAGEM-mariana.png 691w, https:\/\/www.ufpb.br\/odan\/wp-content\/uploads\/sites\/79\/sites\/440\/2026\/02\/JP_REPORTAGEM-mariana-300x168.png 300w\" sizes=\"auto, (max-width: 691px) 100vw, 691px\" \/><\/figure><div class=\"wp-block-media-text__content\">\n<p><a href=\"https:\/\/globoplay.globo.com\/v\/13889472\/?s=0s\">Bom Dia Para\u00edba<\/a><\/p>\n\n\n\n<p><strong>Mais de 37% dos paraibanos vivem sem seguran\u00e7a alimentar<\/strong><\/p>\n\n\n\n<p>IBGE aponta que parcela da popula\u00e7\u00e3o n\u00e3o tem acesso a alimentos essenciais.<\/p>\n<\/div><\/div>\n\n\n\n<div class=\"wp-block-media-text has-media-on-the-right is-stacked-on-mobile\"><div class=\"wp-block-media-text__content\">\n<p><a href=\"https:\/\/globoplay.globo.com\/v\/14166846\/\">JPB1<\/a><\/p>\n\n\n\n<p><strong>Inseguran\u00e7a alimentar atinge 1,4 milh\u00e3o de paraibanos<\/strong><\/p>\n\n\n\n<p>Iniciativas em Jo\u00e3o Pessoa ajudam fam\u00edlias com doa\u00e7\u00e3o de alimentos toda semana.<\/p>\n<\/div><figure class=\"wp-block-media-text__media\"><img loading=\"lazy\" decoding=\"async\" width=\"695\" height=\"387\" src=\"http:\/\/www.ufpb.br\/odan\/wp-content\/uploads\/sites\/79\/sites\/440\/2026\/02\/reprotagem_savio.jpg\" alt=\"\" class=\"wp-image-148 size-full\" srcset=\"https:\/\/www.ufpb.br\/odan\/wp-content\/uploads\/sites\/79\/sites\/440\/2026\/02\/reprotagem_savio.jpg 695w, https:\/\/www.ufpb.br\/odan\/wp-content\/uploads\/sites\/79\/sites\/440\/2026\/02\/reprotagem_savio-300x167.jpg 300w\" sizes=\"auto, (max-width: 695px) 100vw, 695px\" \/><\/figure><\/div>\n","protected":false},"excerpt":{"rendered":"<p>Bom Dia Para\u00edba Mais de 37% dos paraibanos vivem sem seguran\u00e7a alimentar IBGE aponta que [&hellip;]<\/p>\n","protected":false},"author":47,"featured_media":0,"parent":0,"menu_order":0,"comment_status":"closed","ping_status":"closed","template":"","meta":{"footnotes":""},"class_list":["post-29","page","type-page","status-publish","hentry"],"_links":{"self":[{"href":"https:\/\/www.ufpb.br\/odan\/wp-json\/wp\/v2\/pages\/29","targetHints":{"allow":["GET"]}}],"collection":[{"href":"https:\/\/www.ufpb.br\/odan\/wp-json\/wp\/v2\/pages"}],"about":[{"href":"https:\/\/www.ufpb.br\/odan\/wp-json\/wp\/v2\/types\/page"}],"author":[{"embeddable":true,"href":"https:\/\/www.ufpb.br\/odan\/wp-json\/wp\/v2\/users\/47"}],"replies":[{"embeddable":true,"href":"https:\/\/www.ufpb.br\/odan\/wp-json\/wp\/v2\/comments?post=29"}],"version-history":[{"count":5,"href":"https:\/\/www.ufpb.br\/odan\/wp-json\/wp\/v2\/pages\/29\/revisions"}],"predecessor-version":[{"id":167,"href":"https:\/\/www.ufpb.br\/odan\/wp-json\/wp\/v2\/pages\/29\/revisions\/167"}],"wp:attachment":[{"href":"https:\/\/www.ufpb.br\/odan\/wp-json\/wp\/v2\/media?parent=29"}],"curies":[{"name":"wp","href":"https:\/\/api.w.org\/{rel}","templated":true}]}}