{"id":7,"date":"2026-02-06T15:00:45","date_gmt":"2026-02-06T18:00:45","guid":{"rendered":"https:\/\/www.ufpb.br\/odan\/?page_id=7"},"modified":"2026-02-08T12:14:14","modified_gmt":"2026-02-08T15:14:14","slug":"o-observatorio","status":"publish","type":"page","link":"https:\/\/www.ufpb.br\/odan\/o-observatorio\/","title":{"rendered":"O Observat\u00f3rio"},"content":{"rendered":"\n<p>O Observat\u00f3rio das Desigualdades em Alimenta\u00e7\u00e3o e Nutri\u00e7\u00e3o: promovendo justi\u00e7a social nos sistemas alimentares  da Universidade Federal da Para\u00edba (ODAN\/UFPB-CNPq) oferece subs\u00eddios para o monitoramento de tend\u00eancias das desigualdades no Brasil, com enfoque especial na regi\u00e3o nordeste e no estado Para\u00edba, por meio de indicadores relacionados as desigualdades, \u00e0 situa\u00e7\u00e3o de sa\u00fade, alimenta\u00e7\u00e3o e nutri\u00e7\u00e3o e \u00e0 aten\u00e7\u00e3o nutricional. Suas pesquisas se concentram na interse\u00e7\u00e3o de &#8220;lugar, indiv\u00edduo e sa\u00fade&#8221; e examina o efeito de estressores sociais, tais como o papel do g\u00eanero, segrega\u00e7\u00e3o econ\u00f4mica, discrimina\u00e7\u00e3o racial e outras vari\u00e1veis individuais e contextuais na forma\u00e7\u00e3o das desigualdades e iniquidades de sa\u00fade. Nosso trabalho \u00e9 baseado em teorias interdisciplinares e emprega v\u00e1rias t\u00e9cnicas metodol\u00f3gicas quantitativas, incluindo modelagem multin\u00edvel e an\u00e1lises longitudinais de dados, bem como abordagem qualitativa atrav\u00e9s de t\u00e9cnicas etnogr\u00e1ficas. <\/p>\n\n\n\n<h2 class=\"wp-block-heading\"><div class=\"linha-header\">Justificativa hist\u00f3rica e te\u00f3rica para forma\u00e7\u00e3o do grupo<\/div><\/h2>\n\n\n\n<p>A cria\u00e7\u00e3o do Observat\u00f3rio est\u00e1 fundamentado na necessidade crescente de compreender como diferentes aspectos socioculturais impactam a alimenta\u00e7\u00e3o humana e, por sua vez, como essa alimenta\u00e7\u00e3o impacta o meio ambiente. Assim, a justificativa de sua cria\u00e7\u00e3o \u00e9 baseada em tr\u00eas argumentos: <\/p>\n\n\n\n<ul class=\"wp-block-list\">\n<li>Sistemas alimentares modernos e desigualdades socioecon\u00f4micas t\u00eam impactos negativos na sa\u00fade, alimenta\u00e7\u00e3o e nutri\u00e7\u00e3o humana, especialmente em popula\u00e7\u00f5es em vulnerabilidades sociais; <\/li>\n\n\n\n<li>O sistema alimentar brasileiro est\u00e1 migrando em dire\u00e7\u00e3o a um sistema alimentar considerado moderno e suas desigualdades socias se aprofundando;<\/li>\n\n\n\n<li> H\u00e1 uma preocupa\u00e7\u00e3o pol\u00edtica nacional sobre como reduzir as desigualdades e mitigar os impactos dos sistemas alimentares modernos sob popula\u00e7\u00f5es historicamente vulner\u00e1veis e a universidade tem um papel fundamental nisso.<\/li>\n<\/ul>\n\n\n\n<p><\/p>\n\n\n\n<h2 class=\"wp-block-heading\"><div class=\"linha-header\">Miss\u00e3o<\/div><\/h2>\n\n\n\n<p>Produzir conhecimentos sobre desigualdades em alimenta\u00e7\u00e3o e nutri\u00e7\u00e3o e seus determinantes para subsidiar pol\u00edticas p\u00fablicas, qualificar profissionais para atuar na \u00e1rea com vistas a promo\u00e7\u00e3o da justi\u00e7a social nos Sistemas Alimentares.<\/p>\n\n\n\n<h2 class=\"wp-block-heading\"><div class=\"linha-header\">Eixos<\/div><\/h2>\n\n\n\n<ul class=\"wp-block-list\">\n<li>Indiv\u00edduo: Sa\u00fade; Consumo alimentar; Obesidade; Seguran\u00e7a Alimentar; Literacia Alimentar.<\/li>\n\n\n\n<li>Contexto: Sistemas Alimentares; Ambiente Alimentar; Segrega\u00e7\u00e3o Econ\u00f4mico Residencial; Aten\u00e7\u00e3o Prim\u00e1ria \u00e0 Sa\u00fade; Sistemas de g\u00eanero.<\/li>\n\n\n\n<li>Interven\u00e7\u00f5es: Pol\u00edticas P\u00fablicas; Educa\u00e7\u00e3o Permanente; Educa\u00e7\u00e3o Alimentar e Nutricional.<\/li>\n<\/ul>\n\n\n\n<p><\/p>\n\n\n\n<h2 class=\"wp-block-heading\"><div class=\"linha-header\">Linhas de Pesquisa<\/div><\/h2>\n\n\n\n<ul class=\"wp-block-list\">\n<li>Epidemiologia Nutricional;<\/li>\n\n\n\n<li>Interven\u00e7\u00f5es Nutricionais Coletivas e Individuais;<\/li>\n\n\n\n<li>Etnonutri\u00e7\u00e3o e sistemas alimentares locais.<\/li>\n<\/ul>\n\n\n\n<div class=\"wp-block-buttons is-layout-flex wp-block-buttons-is-layout-flex\">\n<div class=\"wp-block-button\"><a class=\"wp-block-button__link wp-element-button\" href=\"http:\/\/dgp.cnpq.br\/dgp\/espelhogrupo\/1778391425160877\">Saiba mais<\/a><\/div>\n<\/div>\n","protected":false},"excerpt":{"rendered":"<p>O Observat\u00f3rio das Desigualdades em Alimenta\u00e7\u00e3o e Nutri\u00e7\u00e3o: promovendo justi\u00e7a social nos sistemas alimentares da [&hellip;]<\/p>\n","protected":false},"author":47,"featured_media":0,"parent":0,"menu_order":0,"comment_status":"closed","ping_status":"closed","template":"","meta":{"footnotes":""},"class_list":["post-7","page","type-page","status-publish","hentry"],"_links":{"self":[{"href":"https:\/\/www.ufpb.br\/odan\/wp-json\/wp\/v2\/pages\/7","targetHints":{"allow":["GET"]}}],"collection":[{"href":"https:\/\/www.ufpb.br\/odan\/wp-json\/wp\/v2\/pages"}],"about":[{"href":"https:\/\/www.ufpb.br\/odan\/wp-json\/wp\/v2\/types\/page"}],"author":[{"embeddable":true,"href":"https:\/\/www.ufpb.br\/odan\/wp-json\/wp\/v2\/users\/47"}],"replies":[{"embeddable":true,"href":"https:\/\/www.ufpb.br\/odan\/wp-json\/wp\/v2\/comments?post=7"}],"version-history":[{"count":10,"href":"https:\/\/www.ufpb.br\/odan\/wp-json\/wp\/v2\/pages\/7\/revisions"}],"predecessor-version":[{"id":121,"href":"https:\/\/www.ufpb.br\/odan\/wp-json\/wp\/v2\/pages\/7\/revisions\/121"}],"wp:attachment":[{"href":"https:\/\/www.ufpb.br\/odan\/wp-json\/wp\/v2\/media?parent=7"}],"curies":[{"name":"wp","href":"https:\/\/api.w.org\/{rel}","templated":true}]}}