{"id":14,"date":"2024-07-05T12:37:39","date_gmt":"2024-07-05T12:37:39","guid":{"rendered":"https:\/\/www.ufpb.br\/ouvidoria2\/?page_id=14"},"modified":"2025-03-19T16:40:09","modified_gmt":"2025-03-19T19:40:09","slug":"guia-lilas-combate-ao-assedio","status":"publish","type":"page","link":"https:\/\/www.ufpb.br\/ouvidoria\/guia-lilas-combate-ao-assedio\/","title":{"rendered":"Guia Lil\u00e1s: combate ao ass\u00e9dio"},"content":{"rendered":"<p>O Guia Lil\u00e1s traz orienta\u00e7\u00f5es sobre o uso adequado e efetivo dos canais de den\u00fancia de atos de ass\u00e9dio e discrimina\u00e7\u00e3o na administra\u00e7\u00e3o p\u00fablica federal, bem como orienta sobre o tratamento das den\u00fancias por parte dos agentes p\u00fablicos. O guia traz ainda um protocolo espec\u00edfico, destinado \u00e0s v\u00edtimas, que esclarece como proceder em casos de ass\u00e9dio moral, sexual ou discrimina\u00e7\u00e3o.<\/p>\n<p>O documento serve de refer\u00eancia \u00fatil \u00e0s ouvidorias do Sistema de Ouvidorias do Poder Executivo Federal (SisOuv) e integra a Pol\u00edtica de Enfrentamento ao Ass\u00e9dio Moral e Sexual e a\u0300 Discrimina\u00e7\u00e3o no Poder Executivo Federal, coordenada pelo Minist\u00e9rio da Gest\u00e3o e da Inova\u00e7\u00e3o em Servi\u00e7os P\u00fablicos.<\/p>\n<p><strong><a href=\"https:\/\/drive.ufpb.br\/s\/rsTP6kgTbzL4kxo\">Clique aqui para acessar o Guia Lil\u00e1s.<\/a><\/strong><\/p>\n\n\n<div data-wp-interactive=\"core\/file\" class=\"wp-block-file\"><object data-wp-bind--hidden=\"!state.hasPdfPreview\" hidden class=\"wp-block-file__embed\" data=\"http:\/\/www.ufpb.br\/ouvidoria\/wp-content\/uploads\/sites\/79\/sites\/195\/2025\/03\/22nov24-vfinal_cgu-guialilas2024.pdf\" type=\"application\/pdf\" style=\"width:100%;height:600px\" aria-label=\"Incorporado de 22nov24-vfinal_cgu-guialilas2024.\"><\/object><a id=\"wp-block-file--media-9db2edc8-b2ac-42d6-87dd-f189322ce569\" href=\"http:\/\/www.ufpb.br\/ouvidoria\/wp-content\/uploads\/sites\/79\/sites\/195\/2025\/03\/22nov24-vfinal_cgu-guialilas2024.pdf\" target=\"_blank\" rel=\"noreferrer noopener\">22nov24-vfinal_cgu-guialilas2024<\/a><\/div>\n\n\n\n<p><\/p>\n","protected":false},"excerpt":{"rendered":"<p>O Guia Lil\u00e1s traz orienta\u00e7\u00f5es sobre o uso adequado e efetivo dos canais de den\u00fancia [&hellip;]<\/p>\n","protected":false},"author":47,"featured_media":0,"parent":0,"menu_order":0,"comment_status":"closed","ping_status":"closed","template":"","meta":{"footnotes":""},"class_list":["post-14","page","type-page","status-publish","hentry"],"_links":{"self":[{"href":"https:\/\/www.ufpb.br\/ouvidoria\/wp-json\/wp\/v2\/pages\/14","targetHints":{"allow":["GET"]}}],"collection":[{"href":"https:\/\/www.ufpb.br\/ouvidoria\/wp-json\/wp\/v2\/pages"}],"about":[{"href":"https:\/\/www.ufpb.br\/ouvidoria\/wp-json\/wp\/v2\/types\/page"}],"author":[{"embeddable":true,"href":"https:\/\/www.ufpb.br\/ouvidoria\/wp-json\/wp\/v2\/users\/47"}],"replies":[{"embeddable":true,"href":"https:\/\/www.ufpb.br\/ouvidoria\/wp-json\/wp\/v2\/comments?post=14"}],"version-history":[{"count":7,"href":"https:\/\/www.ufpb.br\/ouvidoria\/wp-json\/wp\/v2\/pages\/14\/revisions"}],"predecessor-version":[{"id":410,"href":"https:\/\/www.ufpb.br\/ouvidoria\/wp-json\/wp\/v2\/pages\/14\/revisions\/410"}],"wp:attachment":[{"href":"https:\/\/www.ufpb.br\/ouvidoria\/wp-json\/wp\/v2\/media?parent=14"}],"curies":[{"name":"wp","href":"https:\/\/api.w.org\/{rel}","templated":true}]}}