{"id":217,"date":"2024-07-12T15:02:32","date_gmt":"2024-07-12T18:02:32","guid":{"rendered":"https:\/\/www.ufpb.br\/ouvidoria2\/?page_id=217"},"modified":"2024-08-28T09:49:12","modified_gmt":"2024-08-28T12:49:12","slug":"legislacao-2","status":"publish","type":"page","link":"https:\/\/www.ufpb.br\/ouvidoria\/legislacao-2\/","title":{"rendered":"Legisla\u00e7\u00e3o"},"content":{"rendered":"<p><a href=\"https:\/\/sig-arq.ufpb.br\/arquivos\/2020148154ccb82360870c3d0cf34d8ff\/Res_06.2020_Consuni.pdf\">Regimento da Ouvidoria-Geral da UFPB (Resolu\u00e7\u00e3o Consuni n\u00ba 06\/2020)<\/a><\/p>\n<p><a href=\"https:\/\/www.gov.br\/ouvidorias\/pt-br\/central-de-conteudos\/legislacao\">Legisla\u00e7\u00e3o federal aplicada \u00e0 Ouvidoria<\/a><\/p>\n<p><a href=\"https:\/\/www.planalto.gov.br\/ccivil_03\/decreto\/d1171.htm\">C\u00f3digo de \u00c9tica Profissional do Servidor P\u00fablico Civil do Poder Executivo Federal<\/a><\/p>\n\n\n<p><\/p>\n\n\n\n<p><\/p>\n","protected":false},"excerpt":{"rendered":"<p>Regimento da Ouvidoria-Geral da UFPB (Resolu\u00e7\u00e3o Consuni n\u00ba 06\/2020) Legisla\u00e7\u00e3o federal aplicada \u00e0 Ouvidoria C\u00f3digo [&hellip;]<\/p>\n","protected":false},"author":126,"featured_media":0,"parent":0,"menu_order":0,"comment_status":"closed","ping_status":"closed","template":"","meta":{"footnotes":""},"class_list":["post-217","page","type-page","status-publish","hentry"],"_links":{"self":[{"href":"https:\/\/www.ufpb.br\/ouvidoria\/wp-json\/wp\/v2\/pages\/217","targetHints":{"allow":["GET"]}}],"collection":[{"href":"https:\/\/www.ufpb.br\/ouvidoria\/wp-json\/wp\/v2\/pages"}],"about":[{"href":"https:\/\/www.ufpb.br\/ouvidoria\/wp-json\/wp\/v2\/types\/page"}],"author":[{"embeddable":true,"href":"https:\/\/www.ufpb.br\/ouvidoria\/wp-json\/wp\/v2\/users\/126"}],"replies":[{"embeddable":true,"href":"https:\/\/www.ufpb.br\/ouvidoria\/wp-json\/wp\/v2\/comments?post=217"}],"version-history":[{"count":2,"href":"https:\/\/www.ufpb.br\/ouvidoria\/wp-json\/wp\/v2\/pages\/217\/revisions"}],"predecessor-version":[{"id":367,"href":"https:\/\/www.ufpb.br\/ouvidoria\/wp-json\/wp\/v2\/pages\/217\/revisions\/367"}],"wp:attachment":[{"href":"https:\/\/www.ufpb.br\/ouvidoria\/wp-json\/wp\/v2\/media?parent=217"}],"curies":[{"name":"wp","href":"https:\/\/api.w.org\/{rel}","templated":true}]}}