{"id":43,"date":"2024-07-05T16:35:54","date_gmt":"2024-07-05T16:35:54","guid":{"rendered":"https:\/\/www.ufpb.br\/ouvidoria2\/?page_id=43"},"modified":"2026-03-26T21:31:07","modified_gmt":"2026-03-27T00:31:07","slug":"relatorio-de-atividades","status":"publish","type":"page","link":"https:\/\/www.ufpb.br\/ouvidoria\/relatorio-de-atividades\/","title":{"rendered":"Relat\u00f3rio de atividades"},"content":{"rendered":"\n<p>Nessa p\u00e1gina ser\u00e3o disponibilizados os \u00faltimos Relat\u00f3rios de Atividades da Ouvidoria Geral da UFPB.<\/p>\n\n\n\n<ul class=\"wp-block-list\">\n<li><a href=\"http:\/\/www.ufpb.br\/ouvidoria\/wp-content\/uploads\/sites\/79\/sites\/195\/2026\/03\/RELATORIO-OUVIDORIA-2025-PORTARIA-CGU-116-2024.pdf\">Relat\u00f3rio de Atividades da Ouvidoria &#8211; 2025<\/a><\/li>\n\n\n\n<li><a href=\"https:\/\/drive.ufpb.br\/s\/jwwX29Z4WXTco6n\">Relat\u00f3rio de Atividades da Ouvidoria &#8211; 2024<\/a><\/li>\n\n\n\n<li><a href=\"https:\/\/drive.ufpb.br\/s\/b4L9PCGdWqcjFmD\" target=\"_blank\" rel=\"noreferrer noopener\">Relat\u00f3rio de Atividades da Ouvidoria &#8211; 2023<\/a><\/li>\n\n\n\n<li><a href=\"https:\/\/drive.ufpb.br\/s\/Kb9WTc59LsqQYPJ\" target=\"_blank\" rel=\"noreferrer noopener\">Relat\u00f3rio de Atividades da Ouvidoria &#8211; 2022<\/a><\/li>\n\n\n\n<li><a href=\"https:\/\/www.ufpb.br\/ouvidoria\/relatorio_de_gestao_ouvidoria_2021_final.pdf\/view\">Relat\u00f3rio de Atividades da Ouvidoria &#8211; 2021<\/a><\/li>\n\n\n\n<li><a href=\"https:\/\/www.ufpb.br\/ouvidoria\/contents\/documentos\/relatorio-de-atividades\/relatorio-2020_.pdf\">Relat\u00f3rio de Atividades da Ouvidoria &#8211;&nbsp;2020<\/a><\/li>\n\n\n\n<li><a href=\"https:\/\/drive.ufpb.br\/s\/2FXp8gyZ5zb7gRs#pdfviewer\" target=\"_blank\" rel=\"noreferrer noopener\">Relat\u00f3rio de Atividades da Ouvidoria &#8211; 2019<\/a>&nbsp;(Relat\u00f3rio de Gest\u00e3o 2019, p. 23)<\/li>\n\n\n\n<li><a href=\"https:\/\/drive.ufpb.br\/s\/t3XKdyTzDiYt2Bf#pdfviewer\" target=\"_blank\" rel=\"noreferrer noopener\">Relat\u00f3rio de Atividades da Ouvidoria &#8211; 2018<\/a>&nbsp;(Relat\u00f3rio de Gest\u00e3o 2018, p. 18-19)<\/li>\n\n\n\n<li><a href=\"https:\/\/www.ufpb.br\/ouvidoria\/contents\/menu\/resolveuid\/0d7c300d37244a6cabce383ece992bd3\">Relat\u00f3rio de Atividades da Ouvidoria &#8211; 2017<\/a>&nbsp;(Relat\u00f3rio de Gest\u00e3o 2017, p. 273-275).<\/li>\n<\/ul>\n","protected":false},"excerpt":{"rendered":"<p>Nessa p\u00e1gina ser\u00e3o disponibilizados os \u00faltimos Relat\u00f3rios de Atividades da Ouvidoria Geral da UFPB.<\/p>\n","protected":false},"author":47,"featured_media":0,"parent":0,"menu_order":0,"comment_status":"closed","ping_status":"closed","template":"","meta":{"footnotes":""},"class_list":["post-43","page","type-page","status-publish","hentry"],"_links":{"self":[{"href":"https:\/\/www.ufpb.br\/ouvidoria\/wp-json\/wp\/v2\/pages\/43","targetHints":{"allow":["GET"]}}],"collection":[{"href":"https:\/\/www.ufpb.br\/ouvidoria\/wp-json\/wp\/v2\/pages"}],"about":[{"href":"https:\/\/www.ufpb.br\/ouvidoria\/wp-json\/wp\/v2\/types\/page"}],"author":[{"embeddable":true,"href":"https:\/\/www.ufpb.br\/ouvidoria\/wp-json\/wp\/v2\/users\/47"}],"replies":[{"embeddable":true,"href":"https:\/\/www.ufpb.br\/ouvidoria\/wp-json\/wp\/v2\/comments?post=43"}],"version-history":[{"count":6,"href":"https:\/\/www.ufpb.br\/ouvidoria\/wp-json\/wp\/v2\/pages\/43\/revisions"}],"predecessor-version":[{"id":562,"href":"https:\/\/www.ufpb.br\/ouvidoria\/wp-json\/wp\/v2\/pages\/43\/revisions\/562"}],"wp:attachment":[{"href":"https:\/\/www.ufpb.br\/ouvidoria\/wp-json\/wp\/v2\/media?parent=43"}],"curies":[{"name":"wp","href":"https:\/\/api.w.org\/{rel}","templated":true}]}}