{"id":50,"date":"2026-01-21T11:45:02","date_gmt":"2026-01-21T14:45:02","guid":{"rendered":"https:\/\/www.ufpb.br\/ouvidoria2\/?page_id=50"},"modified":"2026-02-26T19:32:25","modified_gmt":"2026-02-26T22:32:25","slug":"fluxos","status":"publish","type":"page","link":"https:\/\/www.ufpb.br\/ouvidoria\/fluxos\/","title":{"rendered":"Fluxos processuais"},"content":{"rendered":"\n<p class=\"has-small-font-size\"><a href=\"https:\/\/framelli.github.io\/Ouvidoria-UFPB\/#diagram\/df1aa41c-e357-4bc7-92b8-c737ee2920b3\">Den\u00fancia<\/a><\/p>\n\n\n\n<p class=\"has-small-font-size\"><a href=\"https:\/\/framelli.github.io\/Ouvidoria-UFPB\/#diagram\/cdc73ec4-a773-4e3d-a846-7dd02566d766\">Den\u00fancia &#8211; Viol\u00eancia contra a mulher<\/a><\/p>\n\n\n\n<p class=\"has-small-font-size\"><a href=\"http:\/\/www.ufpb.br\/ouvidoria\/wp-content\/uploads\/sites\/79\/sites\/195\/2024\/07\/fluxo_reclamacao.pdf\">Reclama\u00e7\u00e3o<\/a><\/p>\n\n\n\n<p class=\"has-small-font-size\"><a href=\"http:\/\/www.ufpb.br\/ouvidoria\/wp-content\/uploads\/sites\/79\/sites\/195\/2024\/07\/fluxo_sugestao-1.pdf\">Sugest\u00e3o<\/a><\/p>\n\n\n\n<p class=\"has-small-font-size\"><a href=\"http:\/\/www.ufpb.br\/ouvidoria\/wp-content\/uploads\/sites\/79\/sites\/195\/2025\/04\/FLUXO-SIC.pdf\">Acesso \u00e0 Informa\u00e7\u00e3o<\/a><\/p>\n","protected":false},"excerpt":{"rendered":"<p>Den\u00fancia Den\u00fancia &#8211; Viol\u00eancia contra a mulher Reclama\u00e7\u00e3o Sugest\u00e3o Acesso \u00e0 Informa\u00e7\u00e3o<\/p>\n","protected":false},"author":47,"featured_media":0,"parent":0,"menu_order":0,"comment_status":"closed","ping_status":"closed","template":"","meta":{"footnotes":""},"class_list":["post-50","page","type-page","status-publish","hentry"],"_links":{"self":[{"href":"https:\/\/www.ufpb.br\/ouvidoria\/wp-json\/wp\/v2\/pages\/50","targetHints":{"allow":["GET"]}}],"collection":[{"href":"https:\/\/www.ufpb.br\/ouvidoria\/wp-json\/wp\/v2\/pages"}],"about":[{"href":"https:\/\/www.ufpb.br\/ouvidoria\/wp-json\/wp\/v2\/types\/page"}],"author":[{"embeddable":true,"href":"https:\/\/www.ufpb.br\/ouvidoria\/wp-json\/wp\/v2\/users\/47"}],"replies":[{"embeddable":true,"href":"https:\/\/www.ufpb.br\/ouvidoria\/wp-json\/wp\/v2\/comments?post=50"}],"version-history":[{"count":19,"href":"https:\/\/www.ufpb.br\/ouvidoria\/wp-json\/wp\/v2\/pages\/50\/revisions"}],"predecessor-version":[{"id":514,"href":"https:\/\/www.ufpb.br\/ouvidoria\/wp-json\/wp\/v2\/pages\/50\/revisions\/514"}],"wp:attachment":[{"href":"https:\/\/www.ufpb.br\/ouvidoria\/wp-json\/wp\/v2\/media?parent=50"}],"curies":[{"name":"wp","href":"https:\/\/api.w.org\/{rel}","templated":true}]}}