{"id":505,"date":"2026-02-26T14:06:05","date_gmt":"2026-02-26T17:06:05","guid":{"rendered":"https:\/\/www.ufpb.br\/ouvidoria\/?page_id=505"},"modified":"2026-02-26T14:07:38","modified_gmt":"2026-02-26T17:07:38","slug":"acesso-a-informacao","status":"publish","type":"page","link":"https:\/\/www.ufpb.br\/ouvidoria\/acesso-a-informacao\/","title":{"rendered":"Acesso \u00e0 informa\u00e7\u00e3o"},"content":{"rendered":"\n<p><a href=\"https:\/\/www.ufpb.br\/acessoainformacao\">Portal de Acesso \u00e0 Informa\u00e7\u00e3o da UFPB<\/a> &#8211; <a href=\"https:\/\/www.ufpb.br\/acessoainformacao\">Transpar\u00eancia ativa<\/a><\/p>\n\n\n\n<p>No Portal de Acesso \u00e0 Informa\u00e7\u00e3o, voc\u00ea pode acessar informa\u00e7\u00f5es de interesse p\u00fablico sobre a UFPB, de forma estrutura e organizada em categorias, conforme estabelecido na <a href=\"http:\/\/www.planalto.gov.br\/ccivil_03\/_ato2011-2014\/2011\/lei\/l12527.htm\" target=\"_blank\" rel=\"noreferrer noopener\">Lei\u00a0n\u00ba 12.527, de 18 de novembro de 2011<\/a> \u2013 Lei de Acesso \u00e0 Informa\u00e7\u00e3o (LAI).<\/p>\n\n\n\n<p><\/p>\n\n\n\n<p><\/p>\n\n\n\n<p><a href=\"https:\/\/falabr.cgu.gov.br\/web\/home\">Servi\u00e7o de Informa\u00e7\u00e3o ao Cidad\u00e3o da UFPB (SIC) &#8211; Transpar\u00eancia passiva<\/a><\/p>\n\n\n\n<p>Caso as informa\u00e7\u00f5es que voc\u00ea deseje n\u00e3o estejam dispon\u00edveis no Portal de Acesso \u00e0 Informa\u00e7\u00e3o, voc\u00ea pode cadastrar um pedido de ACESSO \u00c0 INFORMA\u00c7\u00c3O na <a href=\"https:\/\/falabr.cgu.gov.br\/web\/home\">Plataforma FalaBR<\/a>. A equipe do SIC analisar\u00e1 a demanda e enviar\u00e1 uma resposta em at\u00e9 20 dias, conforme a Lei de Acesso \u00e0 Informa\u00e7\u00e3o.<\/p>\n\n\n\n<p><\/p>\n","protected":false},"excerpt":{"rendered":"<p>Portal de Acesso \u00e0 Informa\u00e7\u00e3o da UFPB &#8211; Transpar\u00eancia ativa No Portal de Acesso \u00e0 [&hellip;]<\/p>\n","protected":false},"author":126,"featured_media":0,"parent":0,"menu_order":0,"comment_status":"closed","ping_status":"closed","template":"","meta":{"footnotes":""},"class_list":["post-505","page","type-page","status-publish","hentry"],"_links":{"self":[{"href":"https:\/\/www.ufpb.br\/ouvidoria\/wp-json\/wp\/v2\/pages\/505","targetHints":{"allow":["GET"]}}],"collection":[{"href":"https:\/\/www.ufpb.br\/ouvidoria\/wp-json\/wp\/v2\/pages"}],"about":[{"href":"https:\/\/www.ufpb.br\/ouvidoria\/wp-json\/wp\/v2\/types\/page"}],"author":[{"embeddable":true,"href":"https:\/\/www.ufpb.br\/ouvidoria\/wp-json\/wp\/v2\/users\/126"}],"replies":[{"embeddable":true,"href":"https:\/\/www.ufpb.br\/ouvidoria\/wp-json\/wp\/v2\/comments?post=505"}],"version-history":[{"count":3,"href":"https:\/\/www.ufpb.br\/ouvidoria\/wp-json\/wp\/v2\/pages\/505\/revisions"}],"predecessor-version":[{"id":508,"href":"https:\/\/www.ufpb.br\/ouvidoria\/wp-json\/wp\/v2\/pages\/505\/revisions\/508"}],"wp:attachment":[{"href":"https:\/\/www.ufpb.br\/ouvidoria\/wp-json\/wp\/v2\/media?parent=505"}],"curies":[{"name":"wp","href":"https:\/\/api.w.org\/{rel}","templated":true}]}}