{"id":510,"date":"2026-02-26T15:20:02","date_gmt":"2026-02-26T18:20:02","guid":{"rendered":"https:\/\/www.ufpb.br\/ouvidoria\/?page_id=510"},"modified":"2026-02-26T15:21:50","modified_gmt":"2026-02-26T18:21:50","slug":"agende-seu-atendimento-com-a-ouvidoria","status":"publish","type":"page","link":"https:\/\/www.ufpb.br\/ouvidoria\/agende-seu-atendimento-com-a-ouvidoria\/","title":{"rendered":"Agende seu atendimento com a Ouvidoria"},"content":{"rendered":"\n<p>As manifesta\u00e7\u00f5es e pedidos de informa\u00e7\u00e3o s\u00e3o cadastrados na<a href=\"http:\/\/falabr.cgu.gov.br\" data-type=\"link\" data-id=\"falabr.cgu.gov.br\"> Plataforma Fala.BR.<\/a> Mas, caso necessite de atendimento para tirar d\u00favidas ou conhecer melhor o trabalho da Ouvidoria, voc\u00ea pode solicitar atendimento presencial ou remoto com a equipe por meio do formul\u00e1rio abaixo.<\/p>\n\n\n\n<p><a href=\"https:\/\/forms.gle\/eWGbqxLUU9mxHrKe6\">Solicita\u00e7\u00e3o de <\/a><a href=\"https:\/\/forms.gle\/eWGbqxLUU9mxHrKe6\" target=\"_blank\" rel=\"noreferrer noopener\">atendimento <\/a><a href=\"https:\/\/forms.gle\/eWGbqxLUU9mxHrKe6\">com a Ouvidoria<\/a><\/p>\n\n\n\n<p><\/p>\n","protected":false},"excerpt":{"rendered":"<p>As manifesta\u00e7\u00f5es e pedidos de informa\u00e7\u00e3o s\u00e3o cadastrados na Plataforma Fala.BR. Mas, caso necessite de [&hellip;]<\/p>\n","protected":false},"author":126,"featured_media":0,"parent":0,"menu_order":0,"comment_status":"closed","ping_status":"closed","template":"","meta":{"footnotes":""},"class_list":["post-510","page","type-page","status-publish","hentry"],"_links":{"self":[{"href":"https:\/\/www.ufpb.br\/ouvidoria\/wp-json\/wp\/v2\/pages\/510","targetHints":{"allow":["GET"]}}],"collection":[{"href":"https:\/\/www.ufpb.br\/ouvidoria\/wp-json\/wp\/v2\/pages"}],"about":[{"href":"https:\/\/www.ufpb.br\/ouvidoria\/wp-json\/wp\/v2\/types\/page"}],"author":[{"embeddable":true,"href":"https:\/\/www.ufpb.br\/ouvidoria\/wp-json\/wp\/v2\/users\/126"}],"replies":[{"embeddable":true,"href":"https:\/\/www.ufpb.br\/ouvidoria\/wp-json\/wp\/v2\/comments?post=510"}],"version-history":[{"count":2,"href":"https:\/\/www.ufpb.br\/ouvidoria\/wp-json\/wp\/v2\/pages\/510\/revisions"}],"predecessor-version":[{"id":512,"href":"https:\/\/www.ufpb.br\/ouvidoria\/wp-json\/wp\/v2\/pages\/510\/revisions\/512"}],"wp:attachment":[{"href":"https:\/\/www.ufpb.br\/ouvidoria\/wp-json\/wp\/v2\/media?parent=510"}],"curies":[{"name":"wp","href":"https:\/\/api.w.org\/{rel}","templated":true}]}}