{"id":565,"date":"2026-04-23T20:22:54","date_gmt":"2026-04-23T23:22:54","guid":{"rendered":"https:\/\/www.ufpb.br\/ouvidoria\/?page_id=565"},"modified":"2026-04-28T16:08:08","modified_gmt":"2026-04-28T19:08:08","slug":"protecao_denunciante","status":"publish","type":"page","link":"https:\/\/www.ufpb.br\/ouvidoria\/protecao_denunciante\/","title":{"rendered":""},"content":{"rendered":"\n<figure class=\"wp-block-image size-full\"><img loading=\"lazy\" decoding=\"async\" width=\"728\" height=\"90\" src=\"http:\/\/www.ufpb.br\/ouvidoria\/wp-content\/uploads\/sites\/79\/sites\/195\/2026\/04\/Protecao-ao-denunciante.jpg\" alt=\"\" class=\"wp-image-569\" srcset=\"https:\/\/www.ufpb.br\/ouvidoria\/wp-content\/uploads\/sites\/79\/sites\/195\/2026\/04\/Protecao-ao-denunciante.jpg 728w, https:\/\/www.ufpb.br\/ouvidoria\/wp-content\/uploads\/sites\/79\/sites\/195\/2026\/04\/Protecao-ao-denunciante-300x37.jpg 300w\" sizes=\"auto, (max-width: 728px) 100vw, 728px\" \/><\/figure>\n\n\n\n<p>A Ouvidoria-Geral da UFPB atua como canal institucional seguro para o recebimento de den\u00fancias, assegurando a prote\u00e7\u00e3o da identidade do denunciante de boa-f\u00e9, que busca proteger o interesse p\u00fablico e a integridade da Universidade.<\/p>\n\n\n\n<p>Para isso, a equipe da Ouvidoria segue as diretrizes estabelecidas pelo Decreto n\u00ba 10.153\/2019 e utiliza a <a href=\"http:\/\/falabr.cgu.gov.br\">Plataforma Fala.BR<\/a>, que tem funcionalidades espec\u00edficas para garantir o sigilo.<\/p>\n\n\n\n<p>Veja a seguir algumas orienta\u00e7\u00f5es importantes relacionadas \u00e0 identifica\u00e7\u00e3o do denunciante e os procedimentos utilizados pela Ouvidoria para preservar o sigilo das den\u00fancias.<\/p>\n\n\n\n<p><strong>1. Preciso me identificar ao cadastrar a den\u00fancia no Fala.BR?<\/strong><\/p>\n\n\n\n<p>As den\u00fancias podem ser registradas com identifica\u00e7\u00e3o do manifestante ou de forma an\u00f4nima. No caso do anonimato, n\u00e3o \u00e9 gerado n\u00famero de protocolo, nem h\u00e1 envio de resposta pela Ouvidoria. Dessa forma, o denunciante n\u00e3o poder\u00e1 acompanhar o andamento da manifesta\u00e7\u00e3o nem saber se ela foi habilitada ou arquivada.<\/p>\n\n\n\n<p>Al\u00e9m disso, o anonimato impede que a Ouvidoria solicite informa\u00e7\u00f5es complementares, quando necess\u00e1rias ao adequado tratamento da demanda. Por essa raz\u00e3o, aumentam as chances de arquivamento, j\u00e1 que o encaminhamento para apura\u00e7\u00e3o exige a presen\u00e7a de elementos m\u00ednimos. Nesses casos, as manifesta\u00e7\u00f5es s\u00e3o tratadas como comunica\u00e7\u00e3o de irregularidade, nos termos do Decreto n\u00ba 9.492\/2018.<\/p>\n\n\n\n<p>Os registros de manifesta\u00e7\u00e3o de forma an\u00f4nima s\u00e3o tratados como comunica\u00e7\u00e3o de irregularidade, nos termos do Decreto n\u00ba 9.492\/2018. Outras manifesta\u00e7\u00f5es do tipo Reclama\u00e7\u00e3o, Simplifique, Sugest\u00e3o Elogio, Solicita\u00e7\u00e3o e Pedido de Acesso necessitam necessariamente da realiza\u00e7\u00e3o de cadastro no sistema.<\/p>\n\n\n\n<p><strong>2. Como o sistema identifica foi cadastrada de forma an\u00f4nima ou identificada?<\/strong><\/p>\n\n\n\n<p>Ap\u00f3s redigir o seu relato e seguir os passos indicados na Plataforma Fala.BR, na etapa de Revis\u00e3o, voc\u00ea ser\u00e1 informado que, na sequ\u00eancia, voc\u00ea poder\u00e1 autenticar sua conta Gov.BR ou escolher prosseguir de forma an\u00f4nima. Ent\u00e3o, surgir\u00e1 a seguinte tela:<\/p>\n\n\n\n<figure class=\"wp-block-image size-large\"><img loading=\"lazy\" decoding=\"async\" width=\"1024\" height=\"188\" src=\"http:\/\/www.ufpb.br\/ouvidoria\/wp-content\/uploads\/sites\/79\/sites\/195\/2026\/04\/print_falabr1-1024x188.jpg\" alt=\"\" class=\"wp-image-566\" srcset=\"https:\/\/www.ufpb.br\/ouvidoria\/wp-content\/uploads\/sites\/79\/sites\/195\/2026\/04\/print_falabr1-1024x188.jpg 1024w, https:\/\/www.ufpb.br\/ouvidoria\/wp-content\/uploads\/sites\/79\/sites\/195\/2026\/04\/print_falabr1-300x55.jpg 300w, https:\/\/www.ufpb.br\/ouvidoria\/wp-content\/uploads\/sites\/79\/sites\/195\/2026\/04\/print_falabr1-768x141.jpg 768w, https:\/\/www.ufpb.br\/ouvidoria\/wp-content\/uploads\/sites\/79\/sites\/195\/2026\/04\/print_falabr1-1536x282.jpg 1536w, https:\/\/www.ufpb.br\/ouvidoria\/wp-content\/uploads\/sites\/79\/sites\/195\/2026\/04\/print_falabr1.jpg 1866w\" sizes=\"auto, (max-width: 1024px) 100vw, 1024px\" \/><\/figure>\n\n\n\n<p>Nessa etapa, voc\u00ea escolher\u00e1 se a den\u00fancia ser\u00e1 cadastrada de forma an\u00f4nima ou por meio do seu login de pessoa f\u00edsica integrado com o GOV.BR.<\/p>\n\n\n\n<p><strong>3. Se eu escolher me identificar na den\u00fancia, como a Ouvidoria atua para preservar minha identidade ?<\/strong><\/p>\n\n\n\n<p>No tratamento das den\u00fancias, a equipe da Ouvidoria-Geral da UFPB adota os procedimentos estabelecidos pelo Decreto n\u00ba 10.153\/2019, que trata das salvaguardas de prote\u00e7\u00e3o \u00e0 identidade dos denunciantes de il\u00edcitos e de irregularidades praticados contra a administra\u00e7\u00e3o p\u00fablica federal direta e indireta.<\/p>\n\n\n\n<p>Na pr\u00e1tica, a Ouvidoria tramitar\u00e1 a den\u00fancia sem os elementos que possibilitem a identifica\u00e7\u00e3o da pessoa denunciante. Para isso, a equipe cria um extrato do texto da den\u00fancia, no qual esses elementos de identifica\u00e7\u00e3o s\u00e3o suprimidos. Tamb\u00e9m s\u00e3o analisados os anexos e, se necess\u00e1rio, \u00e9 realizado o tarjamento das informa\u00e7\u00f5es pessoais nesses documentos.<\/p>\n\n\n\n<p>\u00c9 importante ressaltar que a legisla\u00e7\u00e3o assegura a prote\u00e7\u00e3o da identidade do denunciante como regra, mas essa prote\u00e7\u00e3o n\u00e3o \u00e9 absoluta. Se ficar caracterizado que a den\u00fancia foi feita de forma deliberadamente falsa, com intuito de prejudicar terceiros ou abusar do direito de denunciar, a preserva\u00e7\u00e3o da identidade pode ser afastada, especialmente para viabilizar a responsabiliza\u00e7\u00e3o do denunciante. Por isso, a prote\u00e7\u00e3o existe para quem atua de boa-f\u00e9, n\u00e3o sendo aplic\u00e1vel a condutas abusivas ou fraudulentas.<\/p>\n\n\n\n<p><strong>4. \u00c9 poss\u00edvel que a minha identidade seja conhecida em algum momento da apura\u00e7\u00e3o?<\/strong><\/p>\n\n\n\n<p>Sim. O Art. 7\u00ba do Decreto n\u00ba 10.153\/2019 prev\u00ea que o setor de apura\u00e7\u00e3o pode solicitar \u00e0 Ouvidoria a identidade da pessoa denunciante quando considerar que essa informa\u00e7\u00e3o \u00e9 indispens\u00e1vel para a an\u00e1lise dos fatos.<\/p>\n\n\n\n<p>\u00c9 importante destacar que, em casos de ass\u00e9dio moral, ass\u00e9dio sexual ou discrimina\u00e7\u00e3o, \u00e9 prov\u00e1vel que a unidade de apura\u00e7\u00e3o necessite conhecer a identidade da v\u00edtima, especialmente quando ela tamb\u00e9m for a denunciante. Isso ocorre porque o depoimento da pr\u00f3pria v\u00edtima costuma ser um dos principais elementos de prova.<\/p>\n\n\n\n<p><\/p>\n\n\n\n<figure class=\"wp-block-embed is-type-video is-provider-youtube wp-block-embed-youtube wp-embed-aspect-16-9 wp-has-aspect-ratio\"><div class=\"wp-block-embed__wrapper\">\n<iframe loading=\"lazy\" title=\"Bate Papo de Ouvidoria \u2013 Epis\u00f3dio 2 (Prote\u00e7\u00e3o e garantias aos denunciantes no Brasil - Valmir Dias)\" width=\"500\" height=\"281\" src=\"https:\/\/www.youtube.com\/embed\/mDkaP4WDSCA?feature=oembed\" frameborder=\"0\" allow=\"accelerometer; autoplay; clipboard-write; encrypted-media; gyroscope; picture-in-picture; web-share\" referrerpolicy=\"strict-origin-when-cross-origin\" allowfullscreen><\/iframe>\n<\/div><\/figure>\n","protected":false},"excerpt":{"rendered":"<p>A Ouvidoria-Geral da UFPB atua como canal institucional seguro para o recebimento de den\u00fancias, assegurando [&hellip;]<\/p>\n","protected":false},"author":126,"featured_media":0,"parent":0,"menu_order":0,"comment_status":"closed","ping_status":"closed","template":"","meta":{"footnotes":""},"class_list":["post-565","page","type-page","status-publish","hentry"],"_links":{"self":[{"href":"https:\/\/www.ufpb.br\/ouvidoria\/wp-json\/wp\/v2\/pages\/565","targetHints":{"allow":["GET"]}}],"collection":[{"href":"https:\/\/www.ufpb.br\/ouvidoria\/wp-json\/wp\/v2\/pages"}],"about":[{"href":"https:\/\/www.ufpb.br\/ouvidoria\/wp-json\/wp\/v2\/types\/page"}],"author":[{"embeddable":true,"href":"https:\/\/www.ufpb.br\/ouvidoria\/wp-json\/wp\/v2\/users\/126"}],"replies":[{"embeddable":true,"href":"https:\/\/www.ufpb.br\/ouvidoria\/wp-json\/wp\/v2\/comments?post=565"}],"version-history":[{"count":5,"href":"https:\/\/www.ufpb.br\/ouvidoria\/wp-json\/wp\/v2\/pages\/565\/revisions"}],"predecessor-version":[{"id":576,"href":"https:\/\/www.ufpb.br\/ouvidoria\/wp-json\/wp\/v2\/pages\/565\/revisions\/576"}],"wp:attachment":[{"href":"https:\/\/www.ufpb.br\/ouvidoria\/wp-json\/wp\/v2\/media?parent=565"}],"curies":[{"name":"wp","href":"https:\/\/api.w.org\/{rel}","templated":true}]}}